{"id":1960546,"date":"2025-06-17T10:24:35","date_gmt":"2025-06-17T08:24:35","guid":{"rendered":"https:\/\/www.dfh-ufa.org\/fr\/?page_id=1960546"},"modified":"2025-06-17T10:31:06","modified_gmt":"2025-06-17T08:31:06","slug":"curriculum-vitae-vice-president","status":"publish","type":"page","link":"https:\/\/www.dfh-ufa.org\/fr\/lufa\/lequipe-de-lufa\/direction\/curriculum-vitae-vice-president","title":{"rendered":"Curriculum vitae \u2013 Vice-Pr\u00e9sident"},"content":{"rendered":"<h2><strong>Philippe Gr\u00e9ciano<\/strong><\/h2>\n<p>est vice-pr\u00e9sident de l\u2019Universit\u00e9 franco-allemande (UFA) depuis janvier 2024 apr\u00e8s avoir exerc\u00e9 les fonctions de pr\u00e9sident de l\u2019Universit\u00e9 franco-allemande et de pr\u00e9sident du Forum Franco-Allemand. Il est professeur \u00e0 l\u2019Universit\u00e9 Grenoble Alpes (UGA) et titulaire de la Chaire Jean Monnet sur les Relations franco-allemandes, l\u2019int\u00e9gration europ\u00e9enne et la mondialisation. Il conna\u00eet le fonctionnement de l&rsquo;UFA depuis plusieurs ann\u00e9es. Dans le cadre de ses fonctions \u00e0 la pr\u00e9sidence de l&rsquo;Universit\u00e9 Franco-Allemande, il s&rsquo;engage tout particuli\u00e8rement en faveur des alliances d&rsquo;universit\u00e9s europ\u00e9ennes, de la recherche (r\u00e9unions d&rsquo;experts) et pour la cr\u00e9ation de plusieurs nouveaux tutorats et chaires franco-allemandes. Philippe Gr\u00e9ciano a enseign\u00e9 dans les universit\u00e9s de Berlin, Francfort\/Oder, Salzbourg et Vienne. Par le pass\u00e9, il a \u00e9galement dirig\u00e9 le Groupe de recherche sur l\u2019Histoire de la justice internationale (GREHJI) au sein du Centre d\u2019\u00e9tudes sur la s\u00e9curit\u00e9 internationale et les coop\u00e9rations europ\u00e9ennes (CESICE) de Grenoble. Il a aussi \u00e9t\u00e9 expert de la Commission europ\u00e9enne et aupr\u00e8s des Nations Unies. Il est l\u2019auteur de nombreux ouvrages et articles consacr\u00e9s aux questions internationales et europ\u00e9ennes.<\/p>\n","protected":false},"excerpt":{"rendered":"<p>Philippe Gr\u00e9ciano est vice-pr\u00e9sident de l\u2019Universit\u00e9 franco-allemande (UFA) depuis janvier 2024 apr\u00e8s avoir exerc\u00e9 les fonctions de pr\u00e9sident de l\u2019Universit\u00e9 franco-allemande et de pr\u00e9sident du Forum Franco-Allemand. Il est professeur \u00e0 l\u2019Universit\u00e9 Grenoble Alpes (UGA) et titulaire de la Chaire Jean Monnet sur les Relations franco-allemandes, l\u2019int\u00e9gration europ\u00e9enne et la mondialisation. Il conna\u00eet le fonctionnement [&hellip;]<\/p>\n","protected":false},"author":2,"featured_media":0,"parent":803,"menu_order":3,"comment_status":"closed","ping_status":"closed","template":"","meta":{"_bbp_topic_count":0,"_bbp_reply_count":0,"_bbp_total_topic_count":0,"_bbp_total_reply_count":0,"_bbp_voice_count":0,"_bbp_anonymous_reply_count":0,"_bbp_topic_count_hidden":0,"_bbp_reply_count_hidden":0,"_bbp_forum_subforum_count":0,"inline_featured_image":false},"acf":[],"_links":{"self":[{"href":"https:\/\/www.dfh-ufa.org\/fr\/wp-json\/wp\/v2\/pages\/1960546"}],"collection":[{"href":"https:\/\/www.dfh-ufa.org\/fr\/wp-json\/wp\/v2\/pages"}],"about":[{"href":"https:\/\/www.dfh-ufa.org\/fr\/wp-json\/wp\/v2\/types\/page"}],"author":[{"embeddable":true,"href":"https:\/\/www.dfh-ufa.org\/fr\/wp-json\/wp\/v2\/users\/2"}],"replies":[{"embeddable":true,"href":"https:\/\/www.dfh-ufa.org\/fr\/wp-json\/wp\/v2\/comments?post=1960546"}],"version-history":[{"count":2,"href":"https:\/\/www.dfh-ufa.org\/fr\/wp-json\/wp\/v2\/pages\/1960546\/revisions"}],"predecessor-version":[{"id":1960548,"href":"https:\/\/www.dfh-ufa.org\/fr\/wp-json\/wp\/v2\/pages\/1960546\/revisions\/1960548"}],"up":[{"embeddable":true,"href":"https:\/\/www.dfh-ufa.org\/fr\/wp-json\/wp\/v2\/pages\/803"}],"wp:attachment":[{"href":"https:\/\/www.dfh-ufa.org\/fr\/wp-json\/wp\/v2\/media?parent=1960546"}],"curies":[{"name":"wp","href":"https:\/\/api.w.org\/{rel}","templated":true}]}}