{"id":1960646,"date":"2025-06-30T10:01:46","date_gmt":"2025-06-30T08:01:46","guid":{"rendered":"https:\/\/www.dfh-ufa.org\/fr\/?page_id=1960646"},"modified":"2025-07-16T12:50:13","modified_gmt":"2025-07-16T10:50:13","slug":"zukunftsmesse-nord","status":"publish","type":"page","link":"https:\/\/www.dfh-ufa.org\/fr\/actualites\/news\/zukunftsmesse-nord","title":{"rendered":"Salon \u00ab Zukunftsmesse Nord \u00bb"},"content":{"rendered":"<p><strong>Quand ?<\/strong><br \/>\n01.10. \u2013 02.10.2025<br \/>\n09h30 \u2013 15h30<\/p>\n<p><strong>O\u00f9 ?<br \/>\n<\/strong>Universit\u00e9 de Br\u00eame, b\u00e2timent GW2, niveau 2<br \/>\nUniversit\u00e4tsallee 13<br \/>\n28359 Br\u00eame<\/p>\n<p><strong>De quoi s\u2019agit-il ?<br \/>\n<\/strong>Stands d\u2019informations et pr\u00e9sentations autour des th\u00e8mes : <em>\u00c9tudes, \u00e9tudes en alternance, formations, monde du travail et secteurs professionnels concrets, stages (d\u2019orientation), ann\u00e9e sabbatique, s\u00e9jours \u00e0 l\u2019\u00e9tranger, bourses d\u2019\u00e9tudes \u00e0 l\u2019\u00e9tranger.<\/em><\/p>\n<p><strong>Pour qui ?<\/strong><br \/>\n\u00c9l\u00e8ves de la 9<sup>\u00e8me<\/sup> classe jusqu\u2019au baccalaur\u00e9at, \u00e9l\u00e8ves des lyc\u00e9es professionnelles, \u00e9tudaint*es des universit\u00e9s et grandes \u00e9coles.<strong><br \/>\n<\/strong><\/p>\n<p><a href=\"https:\/\/www.dfh-ufa.org\/app\/uploads\/2025\/06\/Institutions_Entreprises_Zukunftsmesse_Nord_2025.pdf\" target=\"_blank\" rel=\"noopener\">Plus d\u2019informations<\/a><\/p>\n<hr \/>\n<h3>S\u2019inscrire !<\/h3>\n<p><strong>Inscription pour les exposants (GRATUIT)<br \/>\n<\/strong>Veuillez retourner la <a href=\"https:\/\/www.dfh-ufa.org\/app\/uploads\/2025\/06\/fiche_inscription_Zukunftsmesse_Nord_2025.pdf\" target=\"_blank\" rel=\"noopener\">fiche d\u2019inscription<\/a> compl\u00e9t\u00e9e \u00e0<strong>\u00a0<a href=\"mailto:Zukunftsmesse_Nord@web.de\">Zukunftsmesse_Nord[at]web.de<\/a> avant le 31.07.2025.<\/strong><\/p>\n<hr \/>\n<p><strong>Organisateurs<\/strong><\/p>\n<p>F\u00e9d\u00e9ration Allemande des Professeurs de Fran\u00e7ais (VdF)<br \/>\nCampus Nord pour la France &amp; la Francophonie (CaNoFF)<br \/>\nUniversit\u00e9 Franco-Allemande (UFA)<br \/>\nInstitut fran\u00e7ais Allemagne \/ Ambassade de France \u00e0 Berlin<br \/>\nVereinigung der Deutsch-Franz\u00f6sischen Gesellschaften e. V. (VDFG)<\/p>\n<p>&nbsp;<\/p>\n<p><a href=\"https:\/\/www.dfh-ufa.org\/app\/uploads\/2025\/06\/Logobanner.png\"><img decoding=\"async\" loading=\"lazy\" class=\"aligncenter wp-image-2013611 size-full\" title=\"Logobanner\" src=\"https:\/\/www.dfh-ufa.org\/app\/uploads\/2025\/06\/Logobanner.png\" alt=\"\" width=\"869\" height=\"129\" \/><\/a><\/p>\n<p>\u00c9galement avec le soutien de<\/p>\n<p><a href=\"https:\/\/www.dfh-ufa.org\/app\/uploads\/2025\/06\/Unterstuetzer.png\"><img decoding=\"async\" loading=\"lazy\" class=\"aligncenter wp-image-2013619 size-full\" title=\"Unterst\u00fctzer\" src=\"https:\/\/www.dfh-ufa.org\/app\/uploads\/2025\/06\/Unterstuetzer.png\" alt=\"\" width=\"820\" height=\"179\" \/><\/a><\/p>\n","protected":false},"excerpt":{"rendered":"<p>Quand ? 01.10. \u2013 02.10.2025 09h30 \u2013 15h30 O\u00f9 ? Universit\u00e9 de Br\u00eame, b\u00e2timent GW2, niveau 2 Universit\u00e4tsallee 13 28359 Br\u00eame De quoi s\u2019agit-il ? Stands d\u2019informations et pr\u00e9sentations autour des th\u00e8mes : \u00c9tudes, \u00e9tudes en alternance, formations, monde du travail et secteurs professionnels concrets, stages (d\u2019orientation), ann\u00e9e sabbatique, s\u00e9jours \u00e0 l\u2019\u00e9tranger, bourses d\u2019\u00e9tudes \u00e0 [&hellip;]<\/p>\n","protected":false},"author":21,"featured_media":0,"parent":869,"menu_order":3,"comment_status":"closed","ping_status":"closed","template":"","meta":{"_bbp_topic_count":0,"_bbp_reply_count":0,"_bbp_total_topic_count":0,"_bbp_total_reply_count":0,"_bbp_voice_count":0,"_bbp_anonymous_reply_count":0,"_bbp_topic_count_hidden":0,"_bbp_reply_count_hidden":0,"_bbp_forum_subforum_count":0,"inline_featured_image":false},"acf":[],"_links":{"self":[{"href":"https:\/\/www.dfh-ufa.org\/fr\/wp-json\/wp\/v2\/pages\/1960646"}],"collection":[{"href":"https:\/\/www.dfh-ufa.org\/fr\/wp-json\/wp\/v2\/pages"}],"about":[{"href":"https:\/\/www.dfh-ufa.org\/fr\/wp-json\/wp\/v2\/types\/page"}],"author":[{"embeddable":true,"href":"https:\/\/www.dfh-ufa.org\/fr\/wp-json\/wp\/v2\/users\/21"}],"replies":[{"embeddable":true,"href":"https:\/\/www.dfh-ufa.org\/fr\/wp-json\/wp\/v2\/comments?post=1960646"}],"version-history":[{"count":6,"href":"https:\/\/www.dfh-ufa.org\/fr\/wp-json\/wp\/v2\/pages\/1960646\/revisions"}],"predecessor-version":[{"id":1960692,"href":"https:\/\/www.dfh-ufa.org\/fr\/wp-json\/wp\/v2\/pages\/1960646\/revisions\/1960692"}],"up":[{"embeddable":true,"href":"https:\/\/www.dfh-ufa.org\/fr\/wp-json\/wp\/v2\/pages\/869"}],"wp:attachment":[{"href":"https:\/\/www.dfh-ufa.org\/fr\/wp-json\/wp\/v2\/media?parent=1960646"}],"curies":[{"name":"wp","href":"https:\/\/api.w.org\/{rel}","templated":true}]}}