{"id":1960811,"date":"2025-07-16T10:22:04","date_gmt":"2025-07-16T08:22:04","guid":{"rendered":"https:\/\/www.dfh-ufa.org\/fr\/?page_id=1960811"},"modified":"2025-10-28T09:48:57","modified_gmt":"2025-10-28T08:48:57","slug":"commander-des-brochures","status":"publish","type":"page","link":"https:\/\/www.dfh-ufa.org\/fr\/vous-etes\/professeur\/commander-des-brochures","title":{"rendered":"Commander des brochures"},"content":{"rendered":"<script type=\"text\/javascript\">var gform;gform||(document.addEventListener(\"gform_main_scripts_loaded\",function(){gform.scriptsLoaded=!0}),window.addEventListener(\"DOMContentLoaded\",function(){gform.domLoaded=!0}),gform={domLoaded:!1,scriptsLoaded:!1,initializeOnLoaded:function(o){gform.domLoaded&&gform.scriptsLoaded?o():!gform.domLoaded&&gform.scriptsLoaded?window.addEventListener(\"DOMContentLoaded\",o):document.addEventListener(\"gform_main_scripts_loaded\",o)},hooks:{action:{},filter:{}},addAction:function(o,n,r,t){gform.addHook(\"action\",o,n,r,t)},addFilter:function(o,n,r,t){gform.addHook(\"filter\",o,n,r,t)},doAction:function(o){gform.doHook(\"action\",o,arguments)},applyFilters:function(o){return gform.doHook(\"filter\",o,arguments)},removeAction:function(o,n){gform.removeHook(\"action\",o,n)},removeFilter:function(o,n,r){gform.removeHook(\"filter\",o,n,r)},addHook:function(o,n,r,t,i){null==gform.hooks[o][n]&&(gform.hooks[o][n]=[]);var e=gform.hooks[o][n];null==i&&(i=n+\"_\"+e.length),gform.hooks[o][n].push({tag:i,callable:r,priority:t=null==t?10:t})},doHook:function(n,o,r){var t;if(r=Array.prototype.slice.call(r,1),null!=gform.hooks[n][o]&&((o=gform.hooks[n][o]).sort(function(o,n){return o.priority-n.priority}),o.forEach(function(o){\"function\"!=typeof(t=o.callable)&&(t=window[t]),\"action\"==n?t.apply(null,r):r[0]=t.apply(null,r)})),\"filter\"==n)return r[0]},removeHook:function(o,n,t,i){var r;null!=gform.hooks[o][n]&&(r=(r=gform.hooks[o][n]).filter(function(o,n,r){return!!(null!=i&&i!=o.tag||null!=t&&t!=o.priority)}),gform.hooks[o][n]=r)}});<\/script>\n                <div class='gf_browser_gecko gform_wrapper gform_legacy_markup_wrapper' id='gform_wrapper_93' ><form method='post' enctype='multipart\/form-data'  id='gform_93'  action='\/fr\/wp-json\/wp\/v2\/pages\/1960811' novalidate>\n                        <div class='gform_body gform-body'><ul id='gform_fields_93' class='gform_fields top_label form_sublabel_below description_above'><li id=\"field_93_10\"  class=\"gfield gsection field_sublabel_below field_description_above gfield_visibility_visible\"  data-js-reload=\"field_93_10\"><h2 class=\"gsection_title\">Adresse postale<\/h2><\/li><li id=\"field_93_31\"  class=\"gfield gfield--width-full field_sublabel_below field_description_above gfield_visibility_visible\"  data-js-reload=\"field_93_31\"><label class='gfield_label' for='input_93_31' >Nom de votre \u00e9cole<\/label><div class='ginput_container ginput_container_text'><input name='input_31' id='input_93_31' type='text' value='' class='medium'      aria-invalid=\"false\"   \/> <\/div><\/li><li id=\"field_93_117\"  class=\"gfield gfield--width-full gfield_html gfield_html_formatted gfield_no_follows_desc field_sublabel_below field_description_above gfield_visibility_visible\"  data-js-reload=\"field_93_117\"><br><\/li><li id=\"field_93_116\"  class=\"gfield gfield--width-full field_sublabel_below field_description_above gfield_visibility_visible\"  data-js-reload=\"field_93_116\"><label class='gfield_label' for='input_93_116' >Le cas \u00e9ch\u00e9ant, compl\u00e9ment d&#039;adresse<\/label><div class='gfield_description' id='gfield_description_93_116'> <\/div><div class='ginput_container ginput_container_text'><input name='input_116' id='input_93_116' type='text' value=' Par exemple : secr\u00e9tariat' class='medium'  aria-describedby=\"gfield_description_93_116\"    aria-invalid=\"false\"   \/> <\/div><\/li><li id=\"field_93_118\"  class=\"gfield gfield--width-full gfield_html gfield_html_formatted field_sublabel_below field_description_above gfield_visibility_visible\"  data-js-reload=\"field_93_118\"><br><\/li><li id=\"field_93_6\"  class=\"gfield gfield_contains_required field_sublabel_below field_description_above gfield_visibility_visible\"  data-js-reload=\"field_93_6\"><label class='gfield_label'  >Madame \/ Monsieur<span class=\"gfield_required\"><span class=\"gfield_required gfield_required_asterisk\">*<\/span><\/span><\/label><div class='ginput_container ginput_container_radio'><ul class='gfield_radio' id='input_93_6'>\n\t\t\t<li class='gchoice gchoice_93_6_0'>\n\t\t\t\t<input name='input_6' type='radio' value='M.'  id='choice_93_6_0'    \/>\n\t\t\t\t<label for='choice_93_6_0' id='label_93_6_0'>M.<\/label>\n\t\t\t<\/li>\n\t\t\t<li class='gchoice gchoice_93_6_1'>\n\t\t\t\t<input name='input_6' type='radio' value='Mme'  id='choice_93_6_1'    \/>\n\t\t\t\t<label for='choice_93_6_1' id='label_93_6_1'>Mme<\/label>\n\t\t\t<\/li>\n\t\t\t<li class='gchoice gchoice_93_6_2'>\n\t\t\t\t<input name='input_6' type='radio' value='-'  id='choice_93_6_2'    \/>\n\t\t\t\t<label for='choice_93_6_2' id='label_93_6_2'>-<\/label>\n\t\t\t<\/li><\/ul><\/div><\/li><li id=\"field_93_9\"  class=\"gfield gfield_contains_required field_sublabel_above field_description_above gfield_visibility_visible\"  data-js-reload=\"field_93_9\"><label class='gfield_label gfield_label_before_complex'  >Votre nom<span class=\"gfield_required\"><span class=\"gfield_required gfield_required_asterisk\">*<\/span><\/span><\/label><div class='ginput_complex ginput_container no_prefix has_first_name no_middle_name has_last_name no_suffix gf_name_has_2 ginput_container_name' id='input_93_9'>\n                            \n                            <span id='input_93_9_3_container' class='name_first' >\n                                                    <label for='input_93_9_3' >Pr\u00e9nom<\/label>\n                                                    <input type='text' name='input_9.3' id='input_93_9_3' value=''   aria-required='true'     \/>\n                                                <\/span>\n                            \n                            <span id='input_93_9_6_container' class='name_last' >\n                                                            <label for='input_93_9_6' >Nom<\/label>\n                                                            <input type='text' name='input_9.6' id='input_93_9_6' value=''   aria-required='true'     \/>\n                                                        <\/span>\n                            \n                        <\/div><\/li><li id=\"field_93_5\"  class=\"gfield gfield_contains_required field_sublabel_below field_description_above gfield_visibility_visible\"  data-js-reload=\"field_93_5\"><label class='gfield_label' for='input_93_5' >Votre courriel<span class=\"gfield_required\"><span class=\"gfield_required gfield_required_asterisk\">*<\/span><\/span><\/label><div class='ginput_container ginput_container_email'>\n                            <input name='input_5' id='input_93_5' type='email' value='' class='medium'    aria-required=\"true\" aria-invalid=\"false\"  \/>\n                        <\/div><\/li><li id=\"field_93_123\"  class=\"gfield gfield--width-full gfield_html gfield_html_formatted gfield_no_follows_desc field_sublabel_below field_description_above gfield_visibility_visible\"  data-js-reload=\"field_93_123\"><br><\/li><li id=\"field_93_37\"  class=\"gfield gfield_contains_required field_sublabel_below field_description_above gfield_visibility_visible\"  data-js-reload=\"field_93_37\"><label class='gfield_label' for='input_93_37' >Num\u00e9ro et nom de rue de votre \u00e9cole<span class=\"gfield_required\"><span class=\"gfield_required gfield_required_asterisk\">*<\/span><\/span><\/label><div class='ginput_container ginput_container_text'><input name='input_37' id='input_93_37' type='text' value='' class='medium'     aria-required=\"true\" aria-invalid=\"false\"   \/> <\/div><\/li><li id=\"field_93_38\"  class=\"gfield gfield_contains_required field_sublabel_below field_description_above gfield_visibility_visible\"  data-js-reload=\"field_93_38\"><label class='gfield_label gfield_label_before_complex'  >Ville de votre \u00e9cole<span class=\"gfield_required\"><span class=\"gfield_required gfield_required_asterisk\">*<\/span><\/span><\/label><div class='ginput_complex ginput_container no_prefix has_first_name no_middle_name has_last_name no_suffix gf_name_has_2 ginput_container_name' id='input_93_38'>\n                            \n                            <span id='input_93_38_3_container' class='name_first' >\n                                                    <input type='text' name='input_38.3' id='input_93_38_3' value=''   aria-required='true'     \/>\n                                                    <label for='input_93_38_3' >Code postal<\/label>\n                                                <\/span>\n                            \n                            <span id='input_93_38_6_container' class='name_last' >\n                                                    <input type='text' name='input_38.6' id='input_93_38_6' value=''   aria-required='true'     \/>\n                                                    <label for='input_93_38_6' >Ville<\/label>\n                                                <\/span>\n                            \n                        <\/div><\/li><li id=\"field_93_121\"  class=\"gfield gsection field_sublabel_below field_description_above gfield_visibility_visible\"  data-js-reload=\"field_93_121\"><h2 class=\"gsection_title\">Votre commande<\/h2><\/li><li id=\"field_93_106\"  class=\"gfield gfield--width-full field_sublabel_below field_description_above gfield_visibility_visible\"  data-js-reload=\"field_93_106\"><label class='gfield_label' for='input_93_106' >Date de livraison souhait\u00e9e :<\/label><div class='ginput_container ginput_container_date'>\n                            <input name='input_106' id='input_93_106' type='text' value='' class='datepicker dmy datepicker_no_icon gdatepicker-no-icon'   placeholder='jj\/mm\/aaaa' aria-describedby=\"input_93_106_date_format\" aria-invalid=\"false\" \/>\n                            <span id='input_93_106_date_format' class='screen-reader-text'>JJ slash MM slash AAAA<\/span>\n                        <\/div>\n                        <input type='hidden' id='gforms_calendar_icon_input_93_106' class='gform_hidden' value='https:\/\/www.dfh-ufa.org\/app\/plugins\/gravityforms\/images\/datepicker\/datepicker.svg'\/><\/li><li id=\"field_93_124\"  class=\"gfield gfield--width-full gfield_html gfield_html_formatted gfield_no_follows_desc field_sublabel_below field_description_above gfield_visibility_visible\"  data-js-reload=\"field_93_124\"><br><\/li><li id=\"field_93_122\"  class=\"gfield gfield--width-full gfield_contains_required field_sublabel_below field_description_above gfield_visibility_visible\"  data-js-reload=\"field_93_122\"><label class='gfield_label'  >Je souhaite commander gratuitement<span class=\"gfield_required\"><span class=\"gfield_required gfield_required_asterisk\">*<\/span><\/span><\/label><div class='ginput_container ginput_container_radio'><ul class='gfield_radio' id='input_93_122'>\n\t\t\t<li class='gchoice gchoice_93_122_0'>\n\t\t\t\t<input name='input_122' type='radio' value='1 pack information'  id='choice_93_122_0'    \/>\n\t\t\t\t<label for='choice_93_122_0' id='label_93_122_0'>1 pack information<\/label>\n\t\t\t<\/li>\n\t\t\t<li class='gchoice gchoice_93_122_1'>\n\t\t\t\t<input name='input_122' type='radio' value='2 packs information'  id='choice_93_122_1'    \/>\n\t\t\t\t<label for='choice_93_122_1' id='label_93_122_1'>2 packs information<\/label>\n\t\t\t<\/li><\/ul><\/div><\/li><li id=\"field_93_74\"  class=\"gfield gfield--width-full gfield_html gfield_html_formatted gfield_no_follows_desc field_sublabel_below field_description_above gfield_visibility_visible\"  data-js-reload=\"field_93_74\">Chaque pack information contient<br><a href=\"https:\/\/www.dfh-ufa.org\/app\/uploads\/2025\/06\/UFA_Flyer_25-06.pdf\" target=\"_blank\" rel=\"noopener\">50 flyers sur les avantages et le fonctionnement des cursus franco-allemands <\/a><br>\n<a href=\"https:\/\/www.dfh-ufa.org\/app\/uploads\/2025\/08\/Uebersicht_studiengaenge_2025_A4_web.pdf\" target=\"_blank\" rel=\"noopener\">30 brochures avec une liste de tous les 199 cursus UFA <\/a><br>\n<a href=\"https:\/\/www.dfh-ufa.org\/app\/uploads\/2025\/07\/Flyer_Forum_116_25_DFF_Flyer_180x100mm_RZ-WEB.pdf\" target=\"_blank\" rel=\"noopener\">5 flyers du Forum Franco-Allemand <\/a><br>\n<a href=\"https:\/\/www.dfh-ufa.org\/app\/uploads\/2025\/08\/DFH-UFA-Plakat_A1_2025_web.pdf \" target=\"_blank\" rel=\"noopener\">3 affiches pour la salle de classe avec toutes les 135 villes du r\u00e9seau de l\u2019UFA <\/a><br>\n<a href=\"https:\/\/www.goethe.de\/resources\/files\/pdf341\/241017-gi-brochure-allemand-planches-web.pdf\" target=\"_blank\" rel=\"noopener\">3 brochures \u201eL\u2019allemand t\u2018attend !\u201c sur les avantages de l\u2019apprentissage de l\u2019allemand<\/a><br>\n<a href=\"https:\/\/www.dfh-ufa.org\/app\/uploads\/2025\/08\/UFA_CAL_A4_2026_e05_web.pdf \" target=\"_blank\" rel=\"noopener\">3 calendriers franco-allemands pour 2026<\/a><br>\n<a href=\"https:\/\/www.dfh-ufa.org\/app\/uploads\/2025\/09\/QR-Code-Lehrer_F.pdf\" target=\"_blank\" rel=\"noopener\">2 fiches d\u2019information avec un QR code vers notre mat\u00e9riel exclusif pour vos cours<\/a><br>\n<a href=\"https:\/\/www.dfh-ufa.org\/app\/uploads\/2025\/09\/QR-Code_Studieninteressierte-F.pdf\" target=\"_blank\" rel=\"noopener\">4 fiches d\u2019information avec un QR code pour vos \u00e9l\u00e8ves menant vers les infos cl\u00e9s sur l\u2019UFA <\/a><br>\n<a href=\"https:\/\/www.dfh-ufa.org\/app\/uploads\/2025\/09\/Triff-Lea_F.pdf\" target=\"_blank\" rel=\"noopener\">2 fiches d\u2019information \u00ab Comment inviter un*e \u00e9tudiant*e UFA pour une pr\u00e9sentation dans votre cours \u00bb <\/a><br>\n<a href=\"https:\/\/www.dfh-ufa.org\/app\/uploads\/2025\/09\/Steckbrief-DFH-Studi-F.pdf\" target=\"_blank\" rel=\"noopener\">2 portraits humoristiques sur les \u00e9tudiant*es de l\u2019UFA <\/a><br>\n<a href=\"https:\/\/www.dfh-ufa.org\/app\/uploads\/2025\/09\/Bestellbogen_2025.pdf\" target=\"_blank\" rel=\"noopener\">2 bons de commande pour recevoir davantage de brochures<\/a><br>\n2 crayons<br>\n2 blocs-notes<\/li><li id=\"field_93_28\"  class=\"gfield field_sublabel_below field_description_above gfield_visibility_visible\"  data-js-reload=\"field_93_28\"><label class='gfield_label' for='input_93_28' >Commentaires<\/label><div class='ginput_container ginput_container_textarea'><textarea name='input_28' id='input_93_28' class='textarea medium'      aria-invalid=\"false\"   rows='10' cols='50'><\/textarea><\/div><\/li><li id=\"field_93_98\"  class=\"gfield gsection field_sublabel_below field_description_above gfield_visibility_visible\"  data-js-reload=\"field_93_98\"><h2 class=\"gsection_title\"><\/h2><\/li><li id=\"field_93_33\"  class=\"gfield gsection field_sublabel_below field_description_above gfield_visibility_visible\"  data-js-reload=\"field_93_33\"><h2 class=\"gsection_title\">Traitement des donn\u00e9es<\/h2><\/li><li id=\"field_93_32\"  class=\"gfield gfield_contains_required field_sublabel_below field_description_above gfield_visibility_visible\"  data-js-reload=\"field_93_32\"><label class='gfield_label gfield_label_before_complex'  >Consentement pour le traitement des donn\u00e9es<span class=\"gfield_required\"><span class=\"gfield_required gfield_required_asterisk\">*<\/span><\/span><\/label><div class='ginput_container ginput_container_checkbox'><ul class='gfield_checkbox' id='input_93_32'><li class='gchoice gchoice_93_32_1'>\n\t\t\t\t\t\t\t\t<input class='gfield-choice-input' name='input_32.1' type='checkbox'  value='J&#039;accepte que mes donn\u00e9es soient utilis\u00e9es pour le traitement et l&#039;envoi de ma commande.'  id='choice_93_32_1'   \/>\n\t\t\t\t\t\t\t\t<label for='choice_93_32_1' id='label_93_32_1'>J'accepte que mes donn\u00e9es soient utilis\u00e9es pour le traitement et l'envoi de ma commande.<\/label>\n\t\t\t\t\t\t\t<\/li><\/ul><\/div><\/li><li id=\"field_93_125\"  class=\"gfield gfield--width-full field_sublabel_below field_description_above gfield_visibility_visible\"  data-js-reload=\"field_93_125\"><label class='gfield_label gfield_label_before_complex'  >Accord pour recevoir des informations<\/label><div class='ginput_container ginput_container_checkbox'><ul class='gfield_checkbox' id='input_93_125'><li class='gchoice gchoice_93_125_1'>\n\t\t\t\t\t\t\t\t<input class='gfield-choice-input' name='input_125.1' type='checkbox'  value='Je souhaite \u00eatre contact\u00e9*e par l&#039;UFA \u00e0 l&#039;avenir pour recevoir des informations facilitant l&#039;orientation de mes \u00e9l\u00e8ves.'  id='choice_93_125_1'   \/>\n\t\t\t\t\t\t\t\t<label for='choice_93_125_1' id='label_93_125_1'>Je souhaite \u00eatre contact\u00e9*e par l'UFA \u00e0 l'avenir pour recevoir des informations facilitant l'orientation de mes \u00e9l\u00e8ves.<\/label>\n\t\t\t\t\t\t\t<\/li><\/ul><\/div><\/li><li id=\"field_93_70\"  class=\"gfield gsection field_sublabel_below field_description_above gfield_visibility_visible\"  data-js-reload=\"field_93_70\"><h2 class=\"gsection_title\"><\/h2><\/li><li id=\"field_93_71\"  class=\"gfield gfield--width-full field_sublabel_below field_description_above gfield_visibility_visible\"  data-js-reload=\"field_93_71\"><label class='gfield_label' for='input_93_71' >CAPTCHA<\/label><div id='input_93_71' class='ginput_container ginput_recaptcha' data-sitekey='6Le5vW4UAAAAALGi--wWGSdYxSDQdHiZGwp5vcpH'  data-theme='light' data-tabindex='0'  data-badge=''><\/div><\/li><\/ul><\/div>\n        <div class='gform_footer top_label'> <input type='submit' id='gform_submit_button_93' class='gform_button button' value='Envoyer'  onclick='if(window[\"gf_submitting_93\"]){return false;}  if( !jQuery(\"#gform_93\")[0].checkValidity || jQuery(\"#gform_93\")[0].checkValidity()){window[\"gf_submitting_93\"]=true;}  ' onkeypress='if( event.keyCode == 13 ){ if(window[\"gf_submitting_93\"]){return false;} if( !jQuery(\"#gform_93\")[0].checkValidity || jQuery(\"#gform_93\")[0].checkValidity()){window[\"gf_submitting_93\"]=true;}  jQuery(\"#gform_93\").trigger(\"submit\",[true]); }' \/> \n            <input type='hidden' class='gform_hidden' name='is_submit_93' value='1' \/>\n            <input type='hidden' class='gform_hidden' name='gform_submit' value='93' \/>\n            \n            <input type='hidden' class='gform_hidden' name='gform_unique_id' value='' \/>\n            <input type='hidden' class='gform_hidden' name='state_93' value='WyJ7XCIxMjJcIjpbXCJhZGJhYWQzZjY3NmVjMzMyZDQ3ZDU2N2ZiYzE2MDlhZlwiLFwiNmMwMTcxMDEyYjYzYTZhMzE0NmJkZTYwNzE2ZjlkOWNcIl19IiwiYjgwOGJhOTc0NjY4OGIzNzllZmQ5OThjYTYyZmI3ODIiXQ==' \/>\n            <input type='hidden' class='gform_hidden' name='gform_target_page_number_93' id='gform_target_page_number_93' value='0' \/>\n            <input type='hidden' class='gform_hidden' name='gform_source_page_number_93' id='gform_source_page_number_93' value='1' \/>\n            <input type='hidden' name='gform_field_values' value='' \/>\n            \n        <\/div>\n                        <\/form>\n                        <\/div>\n","protected":false},"excerpt":{"rendered":"","protected":false},"author":21,"featured_media":0,"parent":1482418,"menu_order":16,"comment_status":"closed","ping_status":"closed","template":"","meta":{"_bbp_topic_count":0,"_bbp_reply_count":0,"_bbp_total_topic_count":0,"_bbp_total_reply_count":0,"_bbp_voice_count":0,"_bbp_anonymous_reply_count":0,"_bbp_topic_count_hidden":0,"_bbp_reply_count_hidden":0,"_bbp_forum_subforum_count":0,"inline_featured_image":false},"acf":[],"_links":{"self":[{"href":"https:\/\/www.dfh-ufa.org\/fr\/wp-json\/wp\/v2\/pages\/1960811"}],"collection":[{"href":"https:\/\/www.dfh-ufa.org\/fr\/wp-json\/wp\/v2\/pages"}],"about":[{"href":"https:\/\/www.dfh-ufa.org\/fr\/wp-json\/wp\/v2\/types\/page"}],"author":[{"embeddable":true,"href":"https:\/\/www.dfh-ufa.org\/fr\/wp-json\/wp\/v2\/users\/21"}],"replies":[{"embeddable":true,"href":"https:\/\/www.dfh-ufa.org\/fr\/wp-json\/wp\/v2\/comments?post=1960811"}],"version-history":[{"count":1,"href":"https:\/\/www.dfh-ufa.org\/fr\/wp-json\/wp\/v2\/pages\/1960811\/revisions"}],"predecessor-version":[{"id":1960812,"href":"https:\/\/www.dfh-ufa.org\/fr\/wp-json\/wp\/v2\/pages\/1960811\/revisions\/1960812"}],"up":[{"embeddable":true,"href":"https:\/\/www.dfh-ufa.org\/fr\/wp-json\/wp\/v2\/pages\/1482418"}],"wp:attachment":[{"href":"https:\/\/www.dfh-ufa.org\/fr\/wp-json\/wp\/v2\/media?parent=1960811"}],"curies":[{"name":"wp","href":"https:\/\/api.w.org\/{rel}","templated":true}]}}