{"id":19610,"date":"2019-11-27T11:13:58","date_gmt":"2019-11-27T10:13:58","guid":{"rendered":"https:\/\/www.dfh-ufa.org\/fr\/?page_id=19610"},"modified":"2020-05-20T16:10:48","modified_gmt":"2020-05-20T14:10:48","slug":"a-les-criteres-de-qualite-des-programmes-de-lufa-2","status":"publish","type":"page","link":"https:\/\/www.dfh-ufa.org\/fr\/vous-etes\/etablissements\/evaluation\/charte-devaluation-et-dassurance-qualite-des-programmes-detudes-et-programmes-de-soutien-aux-jeunes-chercheurs\/a-les-criteres-de-qualite-des-programmes-de-lufa-2","title":{"rendered":"A. LES CRIT\u00c8RES DE QUALIT\u00c9 DES PROGRAMMES DE L\u2019UFA"},"content":{"rendered":"<h2><a href=\"https:\/\/www.dfh-ufa.org\/fr\/vous-etes\/etablissements\/evaluation\/charte-devaluation-et-dassurance-qualite-des-programmes-detudes-et-programmes-de-soutien-aux-jeunes-chercheurs\/a-les-criteres-de-qualite-des-programmes-de-lufa-2\/a-les-criteres-de-qualite-des-programmes-de-lufa\/\">A.I. Crit\u00e8res et principes g\u00e9n\u00e9raux guidant les actions de l\u2019Universit\u00e9 franco-allemande<\/a><\/h2>\n<h2><a href=\"https:\/\/www.dfh-ufa.org\/fr\/vous-etes\/etablissements\/evaluation\/charte-devaluation-et-dassurance-qualite-des-programmes-detudes-et-programmes-de-soutien-aux-jeunes-chercheurs\/a-les-criteres-de-qualite-des-programmes-de-lufa-2\/a-ii-criteres-de-qualite-propres-aux-programmes-detudes\/\">A.II. Crit\u00e8res de qualit\u00e9 propres aux programmes d\u2019\u00e9tudes<\/a><\/h2>\n<h2><a href=\"https:\/\/www.dfh-ufa.org\/fr\/vous-etes\/etablissements\/evaluation\/charte-devaluation-et-dassurance-qualite-des-programmes-detudes-et-programmes-de-soutien-aux-jeunes-chercheurs\/a-les-criteres-de-qualite-des-programmes-de-lufa-2\/a-iii-criteres-specifiques-des-programmes-de-soutien-aux-jeunes-chercheurs\/\">A.III. Crit\u00e8res sp\u00e9cifiques des programmes de soutien aux jeunes chercheurs<\/a><\/h2>\n","protected":false},"excerpt":{"rendered":"<p>A.I. Crit\u00e8res et principes g\u00e9n\u00e9raux guidant les actions de l\u2019Universit\u00e9 franco-allemande A.II. Crit\u00e8res de qualit\u00e9 propres aux programmes d\u2019\u00e9tudes A.III. Crit\u00e8res sp\u00e9cifiques des programmes de soutien aux jeunes chercheurs<\/p>\n","protected":false},"author":3,"featured_media":0,"parent":19576,"menu_order":1276,"comment_status":"closed","ping_status":"closed","template":"","meta":{"_bbp_topic_count":0,"_bbp_reply_count":0,"_bbp_total_topic_count":0,"_bbp_total_reply_count":0,"_bbp_voice_count":0,"_bbp_anonymous_reply_count":0,"_bbp_topic_count_hidden":0,"_bbp_reply_count_hidden":0,"_bbp_forum_subforum_count":0,"inline_featured_image":false},"acf":[],"_links":{"self":[{"href":"https:\/\/www.dfh-ufa.org\/fr\/wp-json\/wp\/v2\/pages\/19610"}],"collection":[{"href":"https:\/\/www.dfh-ufa.org\/fr\/wp-json\/wp\/v2\/pages"}],"about":[{"href":"https:\/\/www.dfh-ufa.org\/fr\/wp-json\/wp\/v2\/types\/page"}],"author":[{"embeddable":true,"href":"https:\/\/www.dfh-ufa.org\/fr\/wp-json\/wp\/v2\/users\/3"}],"replies":[{"embeddable":true,"href":"https:\/\/www.dfh-ufa.org\/fr\/wp-json\/wp\/v2\/comments?post=19610"}],"version-history":[{"count":2,"href":"https:\/\/www.dfh-ufa.org\/fr\/wp-json\/wp\/v2\/pages\/19610\/revisions"}],"predecessor-version":[{"id":19613,"href":"https:\/\/www.dfh-ufa.org\/fr\/wp-json\/wp\/v2\/pages\/19610\/revisions\/19613"}],"up":[{"embeddable":true,"href":"https:\/\/www.dfh-ufa.org\/fr\/wp-json\/wp\/v2\/pages\/19576"}],"wp:attachment":[{"href":"https:\/\/www.dfh-ufa.org\/fr\/wp-json\/wp\/v2\/media?parent=19610"}],"curies":[{"name":"wp","href":"https:\/\/api.w.org\/{rel}","templated":true}]}}