{"id":1961223,"date":"2025-09-01T17:10:45","date_gmt":"2025-09-01T15:10:45","guid":{"rendered":"https:\/\/www.dfh-ufa.org\/fr\/?page_id=1961223"},"modified":"2025-12-17T12:10:27","modified_gmt":"2025-12-17T11:10:27","slug":"declaration-des-delegue%c2%b7e%c2%b7s-de-cursus-2026-27","status":"publish","type":"page","link":"https:\/\/www.dfh-ufa.org\/fr\/lufa\/lufa-en-bref\/organisation\/les-instances-consultatives\/les-representants-des-etudiants\/declaration-des-delegue%c2%b7e%c2%b7s-de-cursus-2026-27","title":{"rendered":"D\u00e9claration des d\u00e9l\u00e9gu\u00e9\u00b7e\u00b7s de cursus 2025\/2026"},"content":{"rendered":"<script type=\"text\/javascript\">var gform;gform||(document.addEventListener(\"gform_main_scripts_loaded\",function(){gform.scriptsLoaded=!0}),window.addEventListener(\"DOMContentLoaded\",function(){gform.domLoaded=!0}),gform={domLoaded:!1,scriptsLoaded:!1,initializeOnLoaded:function(o){gform.domLoaded&&gform.scriptsLoaded?o():!gform.domLoaded&&gform.scriptsLoaded?window.addEventListener(\"DOMContentLoaded\",o):document.addEventListener(\"gform_main_scripts_loaded\",o)},hooks:{action:{},filter:{}},addAction:function(o,n,r,t){gform.addHook(\"action\",o,n,r,t)},addFilter:function(o,n,r,t){gform.addHook(\"filter\",o,n,r,t)},doAction:function(o){gform.doHook(\"action\",o,arguments)},applyFilters:function(o){return gform.doHook(\"filter\",o,arguments)},removeAction:function(o,n){gform.removeHook(\"action\",o,n)},removeFilter:function(o,n,r){gform.removeHook(\"filter\",o,n,r)},addHook:function(o,n,r,t,i){null==gform.hooks[o][n]&&(gform.hooks[o][n]=[]);var e=gform.hooks[o][n];null==i&&(i=n+\"_\"+e.length),gform.hooks[o][n].push({tag:i,callable:r,priority:t=null==t?10:t})},doHook:function(n,o,r){var t;if(r=Array.prototype.slice.call(r,1),null!=gform.hooks[n][o]&&((o=gform.hooks[n][o]).sort(function(o,n){return o.priority-n.priority}),o.forEach(function(o){\"function\"!=typeof(t=o.callable)&&(t=window[t]),\"action\"==n?t.apply(null,r):r[0]=t.apply(null,r)})),\"filter\"==n)return r[0]},removeHook:function(o,n,t,i){var r;null!=gform.hooks[o][n]&&(r=(r=gform.hooks[o][n]).filter(function(o,n,r){return!!(null!=i&&i!=o.tag||null!=t&&t!=o.priority)}),gform.hooks[o][n]=r)}});<\/script>\n                <div class='gf_browser_gecko gform_wrapper gform_legacy_markup_wrapper' id='gform_wrapper_96' style='display:none'><div id='gf_96' class='gform_anchor' tabindex='-1'><\/div><form method='post' enctype='multipart\/form-data'  id='gform_96'  action='\/fr\/wp-json\/wp\/v2\/pages\/1961223#gf_96' novalidate>\n        <div id='gf_progressbar_wrapper_96' class='gf_progressbar_wrapper'>\n        \t<h3 class=\"gf_progressbar_title\">\u00c9tape <span class='gf_step_current_page'>1<\/span> sur <span class='gf_step_page_count'>2<\/span>\n        \t<\/h3>\n            <div class='gf_progressbar gf_progressbar_blue' aria-hidden='true'>\n                <div class='gf_progressbar_percentage percentbar_blue percentbar_50' style='width:50%;'><span>50%<\/span><\/div>\n            <\/div><\/div>\n                        <div class='gform_body gform-body'><div id='gform_page_96_1' class='gform_page' >\n                                    <div class='gform_page_fields'><ul id='gform_fields_96' class='gform_fields top_label form_sublabel_below description_below'><li id=\"field_96_2\"  class=\"gfield gfield_html gfield_html_formatted gfield_no_follows_desc field_sublabel_below field_description_below gfield_visibility_visible\"  data-js-reload=\"field_96_2\"><p>Chaque cursus a la possibilit\u00e9 de d\u00e9signer deux d\u00e9l\u00e9gu\u00e9\u00b7e\u00b7s, l'un\u00b7e pour le c\u00f4t\u00e9 fran\u00e7ais et l'autre pour le c\u00f4t\u00e9 allemand, qui repr\u00e9sentent les int\u00e9r\u00eats de leur cursus vis-\u00e0-vis de l'\u00e9tablissement, du ou de la responsable de programme et de l\u2019UFA. Les d\u00e9l\u00e9gu\u00e9\u00b7e\u00b7s de cursus peuvent \u00e9galement \u00e9lire les membres de la repr\u00e9sentation \u00e9tudiante de l'UFA ou se porter candidat \u00e0 l'\u00e9lection de cette derni\u00e8re.<\/p>\n\n<p>Nous vous invitons \u00e0 nous communiquer ci-dessous le nom du ou de la d\u00e9l\u00e9gu\u00e9\u00b7e repr\u00e9sentant la cohorte fran\u00e7aise de votre cursus d'ici le <strong>28 f\u00e9vrier 2026<\/strong>. Si vous connaissez le nom du\u00b7de la d\u00e9l\u00e9gu\u00e9\u00b7e de cursus du c\u00f4t\u00e9 allemand, vous pouvez \u00e9galement l'indiquer ci-dessous.<\/p>\n\n<p>Si vous \u00eates responsable de plusieurs cursus b\u00e9n\u00e9ficiant du soutien de l'UFA, nous vous prions de bien vouloir remplir un formulaire pour chacun des cursus concern\u00e9s.<\/p>\n\n<p>Veuillez noter que <strong>seul\u00b7e un\u00b7e d\u00e9l\u00e9gu\u00e9\u00b7e par cursus<\/strong> peut \u00eatre communiqu\u00e9\u00b7e \u00e0 l'UFA, <strong>toutes promotions confondues<\/strong>.<\/p>\n\n<p>Pour tout compl\u00e9ment d'information, veuillez vous r\u00e9f\u00e9rer au m\u00e9mento ci-dessous ou vous adresser \u00e0 Mme Madeleine Lagerin : <a href=\"mailto:lagerin@dfh-ufa.org\">lagerin@dfh-ufa.org<\/a>.<\/p><\/li><li id=\"field_96_17\"  class=\"gfield gsection field_sublabel_below field_description_below gfield_visibility_visible\"  data-js-reload=\"field_96_17\"><h2 class=\"gsection_title\"><\/h2><\/li><li id=\"field_96_23\"  class=\"gfield gfield_html gfield_html_formatted gfield_no_follows_desc field_sublabel_below field_description_below gfield_visibility_visible\"  data-js-reload=\"field_96_23\"><a href=\"https:\/\/www.dfh-ufa.org\/app\/uploads\/2024\/12\/UFA_Memento.pdf\">M\u00e9mento<\/a><\/li><li id=\"field_96_24\"  class=\"gfield gsection field_sublabel_below field_description_below gfield_visibility_visible\"  data-js-reload=\"field_96_24\"><h2 class=\"gsection_title\"><\/h2><\/li><li id=\"field_96_1\"  class=\"gfield gfield_contains_required field_sublabel_below field_description_below gfield_visibility_visible\"  data-js-reload=\"field_96_1\"><label class='gfield_label' for='input_96_1' >Nom du cursus<span class=\"gfield_required\"><span class=\"gfield_required gfield_required_asterisk\">*<\/span><\/span><\/label><div class='ginput_container ginput_container_text'><input name='input_1' id='input_96_1' type='text' value='' class='medium'     aria-required=\"true\" aria-invalid=\"false\"   \/> <\/div><\/li><li id=\"field_96_7\"  class=\"gfield gfield_contains_required field_sublabel_below field_description_below gfield_visibility_visible\"  data-js-reload=\"field_96_7\"><label class='gfield_label' for='input_96_7' >Num\u00e9ro UFA du cursus<span class=\"gfield_required\"><span class=\"gfield_required gfield_required_asterisk\">*<\/span><\/span><\/label><div class='ginput_container ginput_container_text'><input name='input_7' id='input_96_7' type='text' value='' class='medium'  aria-describedby=\"gfield_description_96_7\"   aria-required=\"true\" aria-invalid=\"false\"   \/> <\/div><div class='gfield_description' id='gfield_description_96_7'>(commen\u00e7ant par A, D, N, S ou W)<\/div><\/li><li id=\"field_96_5\"  class=\"gfield gfield_contains_required field_sublabel_below field_description_below gfield_visibility_visible\"  data-js-reload=\"field_96_5\"><label class='gfield_label gfield_label_before_complex'  >Responsable de programme ou coordinateur\u00b7trice c\u00f4t\u00e9 fran\u00e7ais<span class=\"gfield_required\"><span class=\"gfield_required gfield_required_asterisk\">*<\/span><\/span><\/label><div class='ginput_complex ginput_container no_prefix has_first_name no_middle_name has_last_name no_suffix gf_name_has_2 ginput_container_name' id='input_96_5'>\n                            \n                            <span id='input_96_5_3_container' class='name_first' >\n                                                    <input type='text' name='input_5.3' id='input_96_5_3' value=''   aria-required='true'     \/>\n                                                    <label for='input_96_5_3' >Pr\u00e9nom<\/label>\n                                                <\/span>\n                            \n                            <span id='input_96_5_6_container' class='name_last' >\n                                                    <input type='text' name='input_5.6' id='input_96_5_6' value=''   aria-required='true'     \/>\n                                                    <label for='input_96_5_6' >Nom<\/label>\n                                                <\/span>\n                            \n                        <\/div><\/li><li id=\"field_96_6\"  class=\"gfield gfield_contains_required field_sublabel_below field_description_below gfield_visibility_visible\"  data-js-reload=\"field_96_6\"><label class='gfield_label' for='input_96_6' >Adresse e-mail du\u00b7de la responsable de programme ou du\u00b7de la coordinateur\u00b7trice c\u00f4t\u00e9 fran\u00e7ais<span class=\"gfield_required\"><span class=\"gfield_required gfield_required_asterisk\">*<\/span><\/span><\/label><div class='ginput_container ginput_container_email'>\n                            <input name='input_6' id='input_96_6' type='email' value='' class='medium'    aria-required=\"true\" aria-invalid=\"false\"  \/>\n                        <\/div><\/li><li id=\"field_96_8\"  class=\"gfield gfield_contains_required field_sublabel_below field_description_below gfield_visibility_visible\"  data-js-reload=\"field_96_8\"><label class='gfield_label' for='input_96_8' >Nom de votre universit\u00e9<span class=\"gfield_required\"><span class=\"gfield_required gfield_required_asterisk\">*<\/span><\/span><\/label><div class='ginput_container ginput_container_text'><input name='input_8' id='input_96_8' type='text' value='' class='medium'     aria-required=\"true\" aria-invalid=\"false\"   \/> <\/div><\/li><li id=\"field_96_18\"  class=\"gfield gfield_contains_required field_sublabel_below field_description_below gfield_visibility_visible\"  data-js-reload=\"field_96_18\"><label class='gfield_label' for='input_96_18' >Nom de votre universit\u00e9 partenaire en Allemagne<span class=\"gfield_required\"><span class=\"gfield_required gfield_required_asterisk\">*<\/span><\/span><\/label><div class='ginput_container ginput_container_text'><input name='input_18' id='input_96_18' type='text' value='' class='medium'     aria-required=\"true\" aria-invalid=\"false\"   \/> <\/div><\/li><li id=\"field_96_15\"  class=\"gfield field_sublabel_below field_description_below gfield_visibility_visible\"  data-js-reload=\"field_96_15\"><label class='gfield_label' for='input_96_15' >Le cas \u00e9ch\u00e9ant, autre universit\u00e9 partenaire (pays tiers)<\/label><div class='ginput_container ginput_container_text'><input name='input_15' id='input_96_15' type='text' value='' class='medium'      aria-invalid=\"false\"   \/> <\/div><\/li><li id=\"field_96_28\"  class=\"gfield gsection field_sublabel_below field_description_below gfield_visibility_visible\"  data-js-reload=\"field_96_28\"><h2 class=\"gsection_title\">D\u00e9l\u00e9gu\u00e9\u00b7e de cursus 2025\/2026<\/h2><\/li><li id=\"field_96_3\"  class=\"gfield gfield_contains_required field_sublabel_below field_description_below gfield_visibility_visible\"  data-js-reload=\"field_96_3\"><label class='gfield_label gfield_label_before_complex'  >D\u00e9l\u00e9gu\u00e9\u00b7e du cursus c\u00f4t\u00e9 fran\u00e7ais pour l\u2019ann\u00e9e universitaire 2025\/2026<span class=\"gfield_required\"><span class=\"gfield_required gfield_required_asterisk\">*<\/span><\/span><\/label><div class='ginput_complex ginput_container no_prefix has_first_name no_middle_name has_last_name no_suffix gf_name_has_2 ginput_container_name' id='input_96_3'>\n                            \n                            <span id='input_96_3_3_container' class='name_first' >\n                                                    <input type='text' name='input_3.3' id='input_96_3_3' value=''   aria-required='true'     \/>\n                                                    <label for='input_96_3_3' >Pr\u00e9nom<\/label>\n                                                <\/span>\n                            \n                            <span id='input_96_3_6_container' class='name_last' >\n                                                    <input type='text' name='input_3.6' id='input_96_3_6' value=''   aria-required='true'     \/>\n                                                    <label for='input_96_3_6' >Nom<\/label>\n                                                <\/span>\n                            \n                        <\/div><\/li><li id=\"field_96_4\"  class=\"gfield gfield_contains_required field_sublabel_below field_description_below gfield_visibility_visible\"  data-js-reload=\"field_96_4\"><label class='gfield_label' for='input_96_4' >Adresse e-mail du\u00b7de la d\u00e9l\u00e9gu\u00e9\u00b7e du cursus c\u00f4t\u00e9 fran\u00e7ais<span class=\"gfield_required\"><span class=\"gfield_required gfield_required_asterisk\">*<\/span><\/span><\/label><div class='ginput_container ginput_container_email'>\n                            <input name='input_4' id='input_96_4' type='email' value='' class='medium'    aria-required=\"true\" aria-invalid=\"false\"  \/>\n                        <\/div><\/li><li id=\"field_96_31\"  class=\"gfield field_sublabel_below field_description_below gfield_visibility_visible\"  data-js-reload=\"field_96_31\"><label class='gfield_label screen-reader-text gfield_label_before_complex'  ><\/label><div class='ginput_container ginput_container_checkbox'><ul class='gfield_checkbox' id='input_96_31'><li class='gchoice gchoice_96_31_1'>\n\t\t\t\t\t\t\t\t<input class='gfield-choice-input' name='input_31.1' type='checkbox'  value='Le\u00b7la d\u00e9l\u00e9gu\u00e9\u00b7e allemand\u00b7e n&#039;est pas connu\u00b7e.'  id='choice_96_31_1'   \/>\n\t\t\t\t\t\t\t\t<label for='choice_96_31_1' id='label_96_31_1'>Le\u00b7la d\u00e9l\u00e9gu\u00e9\u00b7e allemand\u00b7e n'est pas connu\u00b7e.<\/label>\n\t\t\t\t\t\t\t<\/li><\/ul><\/div><\/li><li id=\"field_96_30\"  class=\"gfield gsection field_sublabel_below field_description_below gfield_visibility_visible\"  data-js-reload=\"field_96_30\"><h2 class=\"gsection_title\"><\/h2><\/li><li id=\"field_96_13\"  class=\"gfield field_sublabel_below field_description_below gfield_visibility_visible\"  data-js-reload=\"field_96_13\"><label class='gfield_label gfield_label_before_complex'  >Si connu : D\u00e9l\u00e9gu\u00e9\u00b7e du cursus c\u00f4t\u00e9 allemand pour l&#039;ann\u00e9e universitaire 2025\/2026<\/label><div class='ginput_complex ginput_container no_prefix has_first_name no_middle_name has_last_name no_suffix gf_name_has_2 ginput_container_name' id='input_96_13'>\n                            \n                            <span id='input_96_13_3_container' class='name_first' >\n                                                    <input type='text' name='input_13.3' id='input_96_13_3' value=''   aria-required='false'     \/>\n                                                    <label for='input_96_13_3' >Pr\u00e9nom<\/label>\n                                                <\/span>\n                            \n                            <span id='input_96_13_6_container' class='name_last' >\n                                                    <input type='text' name='input_13.6' id='input_96_13_6' value=''   aria-required='false'     \/>\n                                                    <label for='input_96_13_6' >Nom<\/label>\n                                                <\/span>\n                            \n                        <\/div><\/li><li id=\"field_96_16\"  class=\"gfield field_sublabel_below field_description_below gfield_visibility_visible\"  data-js-reload=\"field_96_16\"><label class='gfield_label' for='input_96_16' >Adresse e-mail du\u00b7de la d\u00e9l\u00e9gu\u00e9\u00b7e du cursus c\u00f4t\u00e9 allemand<\/label><div class='ginput_container ginput_container_email'>\n                            <input name='input_16' id='input_96_16' type='email' value='' class='medium'     aria-invalid=\"false\"  \/>\n                        <\/div><\/li><li id=\"field_96_22\"  class=\"gfield gsection field_sublabel_below field_description_below gfield_visibility_visible\"  data-js-reload=\"field_96_22\"><h2 class=\"gsection_title\"><\/h2><\/li><li id=\"field_96_10\"  class=\"gfield field_sublabel_below field_description_below gfield_visibility_visible\"  data-js-reload=\"field_96_10\"><label class='gfield_label' for='input_96_10' >Remarque \u00e9ventuelle<\/label><div class='ginput_container ginput_container_textarea'><textarea name='input_10' id='input_96_10' class='textarea medium'      aria-invalid=\"false\"   rows='10' cols='50'><\/textarea><\/div><\/li><li id=\"field_96_29\"  class=\"gfield gfield_html gfield_html_formatted gfield_no_follows_desc field_sublabel_below field_description_below gfield_visibility_visible\"  data-js-reload=\"field_96_29\"><p>Les actuel\u00b7le\u00b7s d\u00e9l\u00e9gu\u00e9\u00b7e\u00b7s du cursus donnent leur <strong>accord \u00e0 l\u2019utilisation de leurs coordonn\u00e9es<\/strong> par le secr\u00e9tariat de l\u2019UFA et par l'actuelle repr\u00e9sentation \u00e9tudiante dans le but de les contacter entre autre, dans le cadre de la proc\u00e9dure relative \u00e0 l'\u00e9lection de la future repr\u00e9sentation \u00e9tudiante. Si tel n'\u00e9tait pas le cas, nous ne serions pas autoris\u00e9s \u00e0 sauvegarder les donn\u00e9es que vous avez indiqu\u00e9es ci-dessus et devrions alors vous prier de nous contacter sous : <a href=\"mailto:lagerin@dfh-ufa.org\">lagerin@dfh-ufa.org<\/a> ou <a href=\"mailto:hsl-secretariat@dfh-ufa.org\">hsl-secretariat@dfh-ufa.org<\/a><\/p><\/li><li id=\"field_96_12\"  class=\"gfield field_sublabel_below field_description_below gfield_visibility_visible\"  data-js-reload=\"field_96_12\"><label class='gfield_label'  >Accord \u00e0 l&#039;utilisation des coordonn\u00e9es mentionn\u00e9es ci-dessus :<\/label><div class='ginput_container ginput_container_radio'><ul class='gfield_radio' id='input_96_12'>\n\t\t\t<li class='gchoice gchoice_96_12_0'>\n\t\t\t\t<input name='input_12' type='radio' value='Oui'  id='choice_96_12_0'    \/>\n\t\t\t\t<label for='choice_96_12_0' id='label_96_12_0'>Oui<\/label>\n\t\t\t<\/li>\n\t\t\t<li class='gchoice gchoice_96_12_1'>\n\t\t\t\t<input name='input_12' type='radio' value='Non'  id='choice_96_12_1'    \/>\n\t\t\t\t<label for='choice_96_12_1' id='label_96_12_1'>Non<\/label>\n\t\t\t<\/li><\/ul><\/div><\/li><\/ul>\n                    <\/div>\n                    <div class='gform_page_footer top_label'>\n                         <input type='button' id='gform_next_button_96_25' class='gform_next_button button' value='Suivant'  onclick='jQuery(\"#gform_target_page_number_96\").val(\"2\");  jQuery(\"#gform_96\").trigger(\"submit\",[true]); ' onkeypress='if( event.keyCode == 13 ){ jQuery(\"#gform_target_page_number_96\").val(\"2\");  jQuery(\"#gform_96\").trigger(\"submit\",[true]); } ' \/> \n                    <\/div>\n                <\/div>\n                <div id='gform_page_96_2' class='gform_page' style='display:none;'>\n                    <div class='gform_page_fields'>\n                        <ul id='gform_fields_96_2' class='gform_fields top_label form_sublabel_below description_below'><li id=\"field_96_26\"  class=\"gfield gfield_html gfield_html_formatted gfield_no_follows_desc field_sublabel_below field_description_below gfield_visibility_visible\"  data-js-reload=\"field_96_26\">{all_fields}<\/li><li id=\"field_96_32\"  class=\"gfield gfield--width-full field_sublabel_below field_description_below gfield_visibility_visible\"  data-js-reload=\"field_96_32\"><label class='gfield_label' for='input_96_32' >CAPTCHA<\/label><div id='input_96_32' class='ginput_container ginput_recaptcha' data-sitekey='6Le5vW4UAAAAALGi--wWGSdYxSDQdHiZGwp5vcpH'  data-theme='light' data-tabindex='0'  data-badge=''><\/div><\/li><\/ul><\/div>\n        <div class='gform_page_footer top_label'><input type='submit' id='gform_previous_button_96' class='gform_previous_button button' value='Pr\u00e9c\u00e9dent'  onclick='if(window[\"gf_submitting_96\"]){return false;}  if( !jQuery(\"#gform_96\")[0].checkValidity || jQuery(\"#gform_96\")[0].checkValidity()){window[\"gf_submitting_96\"]=true;}  ' onkeypress='if( event.keyCode == 13 ){ if(window[\"gf_submitting_96\"]){return false;} if( !jQuery(\"#gform_96\")[0].checkValidity || jQuery(\"#gform_96\")[0].checkValidity()){window[\"gf_submitting_96\"]=true;}  jQuery(\"#gform_96\").trigger(\"submit\",[true]); }' \/> <input type='submit' id='gform_submit_button_96' class='gform_button button' value='Envoyer'  onclick='if(window[\"gf_submitting_96\"]){return false;}  if( !jQuery(\"#gform_96\")[0].checkValidity || jQuery(\"#gform_96\")[0].checkValidity()){window[\"gf_submitting_96\"]=true;}  ' onkeypress='if( event.keyCode == 13 ){ if(window[\"gf_submitting_96\"]){return false;} if( !jQuery(\"#gform_96\")[0].checkValidity || jQuery(\"#gform_96\")[0].checkValidity()){window[\"gf_submitting_96\"]=true;}  jQuery(\"#gform_96\").trigger(\"submit\",[true]); }' \/> \n            <input type='hidden' class='gform_hidden' name='is_submit_96' value='1' \/>\n            <input type='hidden' class='gform_hidden' name='gform_submit' value='96' \/>\n            \n            <input type='hidden' class='gform_hidden' name='gform_unique_id' value='' \/>\n            <input type='hidden' class='gform_hidden' name='state_96' value='WyJbXSIsIjAwYmQ1ZTQ3NWM2ZjliNjBhNGE1ZWJkNWNkYWI1YmNjIl0=' \/>\n            <input type='hidden' class='gform_hidden' name='gform_target_page_number_96' id='gform_target_page_number_96' value='2' \/>\n            <input type='hidden' class='gform_hidden' name='gform_source_page_number_96' id='gform_source_page_number_96' value='1' \/>\n            <input type='hidden' name='gform_field_values' value='' \/>\n            \n        <\/div>\n                        <\/div><\/div>\n                        <\/form>\n                        <\/div>\n","protected":false},"excerpt":{"rendered":"","protected":false},"author":404,"featured_media":0,"parent":5634,"menu_order":120,"comment_status":"closed","ping_status":"closed","template":"","meta":{"_bbp_topic_count":0,"_bbp_reply_count":0,"_bbp_total_topic_count":0,"_bbp_total_reply_count":0,"_bbp_voice_count":0,"_bbp_anonymous_reply_count":0,"_bbp_topic_count_hidden":0,"_bbp_reply_count_hidden":0,"_bbp_forum_subforum_count":0,"inline_featured_image":false},"acf":[],"_links":{"self":[{"href":"https:\/\/www.dfh-ufa.org\/fr\/wp-json\/wp\/v2\/pages\/1961223"}],"collection":[{"href":"https:\/\/www.dfh-ufa.org\/fr\/wp-json\/wp\/v2\/pages"}],"about":[{"href":"https:\/\/www.dfh-ufa.org\/fr\/wp-json\/wp\/v2\/types\/page"}],"author":[{"embeddable":true,"href":"https:\/\/www.dfh-ufa.org\/fr\/wp-json\/wp\/v2\/users\/404"}],"replies":[{"embeddable":true,"href":"https:\/\/www.dfh-ufa.org\/fr\/wp-json\/wp\/v2\/comments?post=1961223"}],"version-history":[{"count":6,"href":"https:\/\/www.dfh-ufa.org\/fr\/wp-json\/wp\/v2\/pages\/1961223\/revisions"}],"predecessor-version":[{"id":1962390,"href":"https:\/\/www.dfh-ufa.org\/fr\/wp-json\/wp\/v2\/pages\/1961223\/revisions\/1962390"}],"up":[{"embeddable":true,"href":"https:\/\/www.dfh-ufa.org\/fr\/wp-json\/wp\/v2\/pages\/5634"}],"wp:attachment":[{"href":"https:\/\/www.dfh-ufa.org\/fr\/wp-json\/wp\/v2\/media?parent=1961223"}],"curies":[{"name":"wp","href":"https:\/\/api.w.org\/{rel}","templated":true}]}}