{"id":19616,"date":"2019-11-27T11:19:41","date_gmt":"2019-11-27T10:19:41","guid":{"rendered":"https:\/\/www.dfh-ufa.org\/fr\/?page_id=19616"},"modified":"2020-08-19T14:00:26","modified_gmt":"2020-08-19T12:00:26","slug":"b-i-objectifs-generaux-des-programmes","status":"publish","type":"page","link":"https:\/\/www.dfh-ufa.org\/fr\/vous-etes\/etablissements\/evaluation\/charte-devaluation-et-dassurance-qualite-des-programmes-detudes-et-programmes-de-soutien-aux-jeunes-chercheurs\/b-les-programmes-de-lufa\/b-i-objectifs-generaux-des-programmes","title":{"rendered":"B.I. Objectifs g\u00e9n\u00e9raux des programmes"},"content":{"rendered":"<p>L\u2019Universit\u00e9 franco-allemande (UFA), un r\u00e9seau d\u2019\u00e9tablissements d\u2019enseignement sup\u00e9rieur fran\u00e7ais, allemands, voire d\u2019autres pays (dans le cas de cursus trinationaux) soutient, depuis 1999, la coop\u00e9ration franco-allemande dans l\u2019enseignement sup\u00e9rieur et le soutien \u00e0 la mobilit\u00e9 des jeunes chercheurs.<\/p>\n<h2>L\u2019UFA promeut et soutient deux types de programmes :<\/h2>\n<ul>\n<li>les cursus int\u00e9gr\u00e9s : il s\u2019agit ici de promouvoir et d\u2019accompagner la mise en place de cursus int\u00e9gr\u00e9s et (de fa\u00e7on plus exceptionnelle) de cursus \u00e0 reconnaissance mutuelle binationaux et trinationaux ainsi que de doubles dipl\u00f4mes dans toutes les disciplines et \u00e0 tous les niveaux de la licence au master. La diff\u00e9renciation entre ces deux types de cursus est pr\u00e9cis\u00e9e dans la fiche B.II.<\/li>\n<li>le soutien aux jeunes chercheurs : il s\u2019agit ici de d\u00e9velopper des programmes de \u00ab\u00a0PhD-Track\u00a0\u00bb, associant des cursus d\u2019\u00e9tudes de niveau master et des \u00e9tudes doctorales, des Cotutelles de th\u00e8se et des Coll\u00e8ges doctoraux franco-allemands, ainsi que des manifestations scientifiques.<\/li>\n<\/ul>\n<p>&nbsp;<\/p>\n<p>L\u2019UFA compte et accepte des programmes de soutien dans tous les domaines disciplinaires universitaires.<\/p>\n<p>Tous les \u00e9tablissements d\u2019enseignement sup\u00e9rieur et de recherche des deux pays peuvent pr\u00e9tendre s\u2019inscrire dans les actions de l\u2019UFA et en demander le soutien, en l\u2019occurrence\u00a0:<\/p>\n<ul>\n<li>en France\u00a0:\n<ul>\n<li>les Universit\u00e9s<\/li>\n<li>les Grandes \u00c9coles et Ecoles sup\u00e9rieures<\/li>\n<li>les Instituts d\u2019\u00c9tudes Politiques (IEP)<\/li>\n<li>et tous les \u00e9tablissements d\u2019enseignement sup\u00e9rieur et de recherche accr\u00e9dit\u00e9s et reconnus par l\u2019Etat.<\/li>\n<\/ul>\n<\/li>\n<li>en Allemagne\u00a0:\n<ul>\n<li>les Universit\u00e9s, les \u00ab\u00a0Technische Universit\u00e4ten\u00a0\u00bb et \u00ab\u00a0P\u00e4dagogische Hochschulen\u00a0\u00bb<\/li>\n<li>les \u00ab\u00a0Fachhochschulen\u00a0\u00bb<\/li>\n<li>les \u00ab\u00a0Duale Hochschulen\u00a0\u00bb<\/li>\n<li>Les Instituts et Centres de recherche et tous les autres \u00e9tablissements publics ou accr\u00e9dit\u00e9s et reconnus par l\u2019\u00c9tat.<\/li>\n<\/ul>\n<\/li>\n<\/ul>\n<p>&nbsp;<\/p>\n","protected":false},"excerpt":{"rendered":"<p>L\u2019Universit\u00e9 franco-allemande (UFA), un r\u00e9seau d\u2019\u00e9tablissements d\u2019enseignement sup\u00e9rieur fran\u00e7ais, allemands, voire d\u2019autres pays (dans le cas de cursus trinationaux) soutient, depuis 1999, la coop\u00e9ration franco-allemande dans l\u2019enseignement sup\u00e9rieur et le soutien \u00e0 la mobilit\u00e9 des jeunes chercheurs. L\u2019UFA promeut et soutient deux types de programmes : les cursus int\u00e9gr\u00e9s : il s\u2019agit ici de promouvoir [&hellip;]<\/p>\n","protected":false},"author":3,"featured_media":0,"parent":19614,"menu_order":0,"comment_status":"closed","ping_status":"closed","template":"","meta":{"_bbp_topic_count":0,"_bbp_reply_count":0,"_bbp_total_topic_count":0,"_bbp_total_reply_count":0,"_bbp_voice_count":0,"_bbp_anonymous_reply_count":0,"_bbp_topic_count_hidden":0,"_bbp_reply_count_hidden":0,"_bbp_forum_subforum_count":0,"inline_featured_image":false},"acf":[],"_links":{"self":[{"href":"https:\/\/www.dfh-ufa.org\/fr\/wp-json\/wp\/v2\/pages\/19616"}],"collection":[{"href":"https:\/\/www.dfh-ufa.org\/fr\/wp-json\/wp\/v2\/pages"}],"about":[{"href":"https:\/\/www.dfh-ufa.org\/fr\/wp-json\/wp\/v2\/types\/page"}],"author":[{"embeddable":true,"href":"https:\/\/www.dfh-ufa.org\/fr\/wp-json\/wp\/v2\/users\/3"}],"replies":[{"embeddable":true,"href":"https:\/\/www.dfh-ufa.org\/fr\/wp-json\/wp\/v2\/comments?post=19616"}],"version-history":[{"count":4,"href":"https:\/\/www.dfh-ufa.org\/fr\/wp-json\/wp\/v2\/pages\/19616\/revisions"}],"predecessor-version":[{"id":186814,"href":"https:\/\/www.dfh-ufa.org\/fr\/wp-json\/wp\/v2\/pages\/19616\/revisions\/186814"}],"up":[{"embeddable":true,"href":"https:\/\/www.dfh-ufa.org\/fr\/wp-json\/wp\/v2\/pages\/19614"}],"wp:attachment":[{"href":"https:\/\/www.dfh-ufa.org\/fr\/wp-json\/wp\/v2\/media?parent=19616"}],"curies":[{"name":"wp","href":"https:\/\/api.w.org\/{rel}","templated":true}]}}