{"id":19618,"date":"2019-11-27T11:28:04","date_gmt":"2019-11-27T10:28:04","guid":{"rendered":"https:\/\/www.dfh-ufa.org\/fr\/?page_id=19618"},"modified":"2020-08-19T14:00:44","modified_gmt":"2020-08-19T12:00:44","slug":"b-iii-les-programmes-de-soutien-aux-jeunes-chercheurs","status":"publish","type":"page","link":"https:\/\/www.dfh-ufa.org\/fr\/vous-etes\/etablissements\/evaluation\/charte-devaluation-et-dassurance-qualite-des-programmes-detudes-et-programmes-de-soutien-aux-jeunes-chercheurs\/b-les-programmes-de-lufa\/b-iii-les-programmes-de-soutien-aux-jeunes-chercheurs","title":{"rendered":"B.III. Les programmes de soutien aux jeunes chercheurs"},"content":{"rendered":"<p>Les programmes de soutien de l\u2019UFA dans le domaine de la formation doctorale et des manifestations scientifiques sont de plusieurs types\u00a0; ils permettent d\u2019aider des partenaires franco-allemands \u00e0 accompagner leurs activit\u00e9s de recherche de fa\u00e7on compl\u00e9mentaire \u00e0 des projets existant \u00e0 des niveaux nationaux, franco-allemands et plus largement internationaux.<br \/>\nL\u2019UFA met dans son soutien particuli\u00e8rement l\u2019accent sur les mobilit\u00e9s des \u00e9tudiants, doctorants et chercheurs, tout en aidant certains d\u2019entre eux par des aides aux frais de fonctionnement.<\/p>\n<p>Ces programmes sont structur\u00e9s de la fa\u00e7on suivante\u00a0:<\/p>\n<h3>1. Des programmes de formation structur\u00e9e\u00a0:<\/h3>\n<ul>\n<li>Programmes de PhD-Track<\/li>\n<li>Coll\u00e8ges doctoraux<\/li>\n<\/ul>\n<p>&nbsp;<\/p>\n<h3>2. Des programmes de soutien individuel\u00a0:<\/h3>\n<ul>\n<li>Cotutelles de th\u00e8se<\/li>\n<\/ul>\n<p>&nbsp;<\/p>\n<h3>3. Des manifestations scientifiques pour jeunes chercheurs\u00a0: Ateliers de recherche et \u00c9coles d\u2019\u00e9t\u00e9 et d\u2019hiver<\/h3>\n<h3>4. Des rencontres pr\u00e9paratoires<\/h3>\n<p>Les objectifs de ces diff\u00e9rents programmes sont\u00a0:<\/p>\n<h2>Programmes de PhD-Track franco-allemands<\/h2>\n<p>Un programme de PhD-Track int\u00e8gre les deux ann\u00e9es de master et les trois ann\u00e9es de la phase doctorale en une seule formation d\u2019une dur\u00e9e de cinq ans menant au doctorat.<br \/>\nCe dispositif de soutien s\u2019adresse \u00e0 des programmes poss\u00e9dant un concept de formation bien structur\u00e9 et d\u2019excellente qualit\u00e9, qui peut \u00e9ventuellement associer un pays tiers.<br \/>\nIl est ouvert \u00e0 toutes les disciplines. L\u2019accent est mis sur la coh\u00e9rence et l\u2019articulation entre les phases de Master et Doctorat, mais aussi sur l\u2019installation dans la dur\u00e9e de la mobilit\u00e9 des \u00e9tudiants et des doctorants.<br \/>\nLa phase de doctorat peut \u00eatre effectu\u00e9e dans le cadre d\u2019une cotutelle de th\u00e8se et b\u00e9n\u00e9ficier ainsi, par ailleurs, d\u2019une allocation suppl\u00e9mentaire de cotutelle de l\u2019UFA.<\/p>\n<h2>Coll\u00e8ges doctoraux franco-allemands<\/h2>\n<p>Ce programme de soutien s\u2019adresse aux formations doctorales structur\u00e9es, existant en France et en Allemagne dans tous les domaines de la formation doctorale.<br \/>\nIl peut impliquer plusieurs institutions du c\u00f4t\u00e9 fran\u00e7ais et du c\u00f4t\u00e9 allemand. La participation d\u2019un pays tiers est envisageable. La mobilit\u00e9 des doctorants, permettant une \u00e9troite coop\u00e9ration entre chercheurs fran\u00e7ais et allemands, devra figurer au c\u0153ur du programme.<br \/>\nL\u2019objectif poursuivi est de favoriser les \u00e9changes entre chercheurs de la m\u00eame discipline, l\u2019innovation et le transfert de connaissances et la production de publications sur le plan europ\u00e9en et international.<br \/>\nLa phase de doctorat peut \u00eatre effectu\u00e9e dans le cadre d\u2019une cotutelle de th\u00e8se et b\u00e9n\u00e9ficier alors d\u2019une allocation suppl\u00e9mentaire de l\u2019UFA.<\/p>\n<h2>Cotutelles de th\u00e8se franco-allemandes<\/h2>\n<p>L\u2019objectif de la cotutelle de th\u00e8se est d\u2019offrir \u00e0 un doctorant la possibilit\u00e9 de pr\u00e9parer sa th\u00e8se dans deux \u00e9tablissements d\u2019enseignement sup\u00e9rieur, un fran\u00e7ais et l\u2019autre allemand, sous la responsabilit\u00e9 de deux directeurs de th\u00e8se, et de lui permettre d\u2019obtenir, apr\u00e8s une soutenance devant un jury franco-allemand, le grade de docteur fran\u00e7ais et allemand.<br \/>\nLa th\u00e8se en cotutelle permet de cr\u00e9er des synergies entre diff\u00e9rents syst\u00e8mes universitaires et cultures de recherche. Elle accro\u00eet la valeur scientifique des travaux de recherche et leur visibilit\u00e9 sur le plan international, offrant ainsi davantage de d\u00e9bouch\u00e9s sur le march\u00e9 du travail. Le soutien attribu\u00e9 par l\u2019UFA dans ce cadre permet au doctorant de passer une dur\u00e9e significative de son temps de recherche dans le pays et aupr\u00e8s de l\u2019\u00e9tablissement partenaire, et facilite l\u2019organisation binationale de la soutenance.<\/p>\n<h2>Manifestations scientifiques pour jeunes chercheurs (Ateliers de recherche, \u00c9coles d\u2019\u00e9t\u00e9 et d\u2019hiver)<\/h2>\n<p>Ce programme vise \u00e0 financer des rencontres ou s\u00e9minaires scientifiques franco-allemands destin\u00e9s prioritairement \u00e0 des doctorants et post-doctorants de toutes disciplines, dont il permet notamment de financer la mobilit\u00e9.<br \/>\nCes manifestations sont port\u00e9es par un partenariat entre \u00e9tablissements d\u2019enseignement sup\u00e9rieur et\/ou institutions de recherche scientifique fran\u00e7ais et allemands auquel peut \u00eatre associ\u00e9 un pays tiers.<br \/>\nLeur format offre un cadre privil\u00e9gi\u00e9 aux jeunes chercheurs et aux enseignants-chercheurs, mais \u00e9galement aux \u00e9tudiants avanc\u00e9s (minimum niveau Master) et aux dipl\u00f4m\u00e9s qui souhaitent s\u2019informer mutuellement et \u00e9changer sur leurs travaux scientifiques, nouer de nouveaux contacts dans leur domaine de recherche et ainsi avancer pour du partage de connaissances dans leurs travaux de recherche.<\/p>\n<h2>Rencontres pr\u00e9paratoires<\/h2>\n<p>Les programmes de \u00ab\u00a0Rencontres pr\u00e9paratoires\u00a0\u00bb ont \u00e9t\u00e9 mis en place pour permettre \u00e0 de futurs porteurs de projets d\u2019organiser des s\u00e9ances de travail visant \u00e0 coop\u00e9rer dans le montage d\u2019un des programmes de l\u2019UFA, de formation ou de soutien aux jeunes chercheurs.<\/p>\n","protected":false},"excerpt":{"rendered":"<p>Les programmes de soutien de l\u2019UFA dans le domaine de la formation doctorale et des manifestations scientifiques sont de plusieurs types\u00a0; ils permettent d\u2019aider des partenaires franco-allemands \u00e0 accompagner leurs activit\u00e9s de recherche de fa\u00e7on compl\u00e9mentaire \u00e0 des projets existant \u00e0 des niveaux nationaux, franco-allemands et plus largement internationaux. L\u2019UFA met dans son soutien particuli\u00e8rement [&hellip;]<\/p>\n","protected":false},"author":3,"featured_media":0,"parent":19614,"menu_order":62,"comment_status":"closed","ping_status":"closed","template":"","meta":{"_bbp_topic_count":0,"_bbp_reply_count":0,"_bbp_total_topic_count":0,"_bbp_total_reply_count":0,"_bbp_voice_count":0,"_bbp_anonymous_reply_count":0,"_bbp_topic_count_hidden":0,"_bbp_reply_count_hidden":0,"_bbp_forum_subforum_count":0,"inline_featured_image":false},"acf":[],"_links":{"self":[{"href":"https:\/\/www.dfh-ufa.org\/fr\/wp-json\/wp\/v2\/pages\/19618"}],"collection":[{"href":"https:\/\/www.dfh-ufa.org\/fr\/wp-json\/wp\/v2\/pages"}],"about":[{"href":"https:\/\/www.dfh-ufa.org\/fr\/wp-json\/wp\/v2\/types\/page"}],"author":[{"embeddable":true,"href":"https:\/\/www.dfh-ufa.org\/fr\/wp-json\/wp\/v2\/users\/3"}],"replies":[{"embeddable":true,"href":"https:\/\/www.dfh-ufa.org\/fr\/wp-json\/wp\/v2\/comments?post=19618"}],"version-history":[{"count":5,"href":"https:\/\/www.dfh-ufa.org\/fr\/wp-json\/wp\/v2\/pages\/19618\/revisions"}],"predecessor-version":[{"id":186822,"href":"https:\/\/www.dfh-ufa.org\/fr\/wp-json\/wp\/v2\/pages\/19618\/revisions\/186822"}],"up":[{"embeddable":true,"href":"https:\/\/www.dfh-ufa.org\/fr\/wp-json\/wp\/v2\/pages\/19614"}],"wp:attachment":[{"href":"https:\/\/www.dfh-ufa.org\/fr\/wp-json\/wp\/v2\/media?parent=19618"}],"curies":[{"name":"wp","href":"https:\/\/api.w.org\/{rel}","templated":true}]}}