{"id":1962344,"date":"2025-12-15T15:39:59","date_gmt":"2025-12-15T14:39:59","guid":{"rendered":"https:\/\/www.dfh-ufa.org\/fr\/?page_id=1962344"},"modified":"2025-12-15T15:45:21","modified_gmt":"2025-12-15T14:45:21","slug":"curriculum-vitae-vice-presidente","status":"publish","type":"page","link":"https:\/\/www.dfh-ufa.org\/fr\/lufa\/lequipe-de-lufa\/direction\/curriculum-vitae-vice-presidente","title":{"rendered":"Curriculum vitae \u2013 Vice-Pr\u00e9sidente"},"content":{"rendered":"<h2>Prof.\u00a0Dr.\u00a0Andrea von H\u00fclsen-Esch<\/h2>\n<p>&nbsp;<\/p>\n<p>est vice-pr\u00e9sidente de l\u2019Universit\u00e9 franco-allemande (UFA) depuis le 1<sup>er<\/sup> janvier 2026. Elle est professeure d\u2019histoire de l\u2019art \u00e0 l\u2019Universit\u00e9 Heinrich Heine de D\u00fcsseldorf depuis 2001, apr\u00e8s avoir \u00e9t\u00e9 charg\u00e9e de recherche \u00e0 l\u2019Institut Max-Planck d\u2019histoire de G\u00f6ttingen de 1991 \u00e0 2001. Elle a re\u00e7u le Prix scientifique franco-allemand Gay-Lussac\u2013Humboldt en 2002.Elle conna\u00eet le fonctionnement de l\u2019UFA depuis de nombreuses ann\u00e9es d\u00e9j\u00e0. Elle a en effet \u00e9t\u00e9 membre de la commission scientifique, repr\u00e9sentante des \u00e9tablissements membres au sein du conseil d\u2019universit\u00e9 et a co-dirig\u00e9 un coll\u00e8ge doctoral. Dans sa carri\u00e8re acad\u00e9mique, Mme von H\u00fclsen-Esch a exerc\u00e9 de nombreuses fonctions, notamment comme membre fondatrice de l\u2019Acad\u00e9mie des doctorants HeRA de la HHU, directrice fondatrice de l\u2019Acad\u00e9mie doctorale et vice-doyenne de la Facult\u00e9 de philosophie, puis vice-rectrice aux affaires internationales \u00e0 l\u2019Universit\u00e9 Heinrich Heine de D\u00fcsseldorf. Elle a aussi \u00e9t\u00e9 porte-parole d\u2019un coll\u00e8ge doctoral DFG (GRK 1678). Son activit\u00e9 d\u2019experte internationale s\u2019\u00e9tend \u00e0 diff\u00e9rents pays, notamment \u00e0 la France (Centre allemand d\u2019histoire de l\u2019art \u00e0 Paris), \u00e0 l\u2019Italie (Institut Max Planck d\u2019histoire de l\u2019art \u00e0 Rome) et \u00e0 l\u2019Autriche (membre du Conseil scientifique de la Facult\u00e9 d\u2019histoire et de philologie de l\u2019Universit\u00e9 de Vienne). Andrea von H\u00fclsen-Esch est l\u2019auteure et l\u2019\u00e9ditrice de nombreux livres et d\u2019articles sur l\u2019histoire de l\u2019art et les sciences culturelles sur les th\u00e8mes du vieillissement, de la mat\u00e9rialit\u00e9 et de la production dans l\u2019art, des groupes d\u2019artistes modernes. Dans le cadre de son activit\u00e9 au sein de l\u2019UFA, elle s\u2019engage tout particuli\u00e8rement en faveur du d\u00e9veloppement durable, des alliances d\u2019universit\u00e9s europ\u00e9ennes et du renforcement du franco-allemand comme c\u0153ur de la culture europ\u00e9enne du savoir.<\/p>\n","protected":false},"excerpt":{"rendered":"<p>Prof.\u00a0Dr.\u00a0Andrea von H\u00fclsen-Esch &nbsp; est vice-pr\u00e9sidente de l\u2019Universit\u00e9 franco-allemande (UFA) depuis le 1er janvier 2026. Elle est professeure d\u2019histoire de l\u2019art \u00e0 l\u2019Universit\u00e9 Heinrich Heine de D\u00fcsseldorf depuis 2001, apr\u00e8s avoir \u00e9t\u00e9 charg\u00e9e de recherche \u00e0 l\u2019Institut Max-Planck d\u2019histoire de G\u00f6ttingen de 1991 \u00e0 2001. Elle a re\u00e7u le Prix scientifique franco-allemand Gay-Lussac\u2013Humboldt en 2002.Elle [&hellip;]<\/p>\n","protected":false},"author":2,"featured_media":0,"parent":803,"menu_order":3,"comment_status":"closed","ping_status":"closed","template":"","meta":{"_bbp_topic_count":0,"_bbp_reply_count":0,"_bbp_total_topic_count":0,"_bbp_total_reply_count":0,"_bbp_voice_count":0,"_bbp_anonymous_reply_count":0,"_bbp_topic_count_hidden":0,"_bbp_reply_count_hidden":0,"_bbp_forum_subforum_count":0,"inline_featured_image":false},"acf":[],"_links":{"self":[{"href":"https:\/\/www.dfh-ufa.org\/fr\/wp-json\/wp\/v2\/pages\/1962344"}],"collection":[{"href":"https:\/\/www.dfh-ufa.org\/fr\/wp-json\/wp\/v2\/pages"}],"about":[{"href":"https:\/\/www.dfh-ufa.org\/fr\/wp-json\/wp\/v2\/types\/page"}],"author":[{"embeddable":true,"href":"https:\/\/www.dfh-ufa.org\/fr\/wp-json\/wp\/v2\/users\/2"}],"replies":[{"embeddable":true,"href":"https:\/\/www.dfh-ufa.org\/fr\/wp-json\/wp\/v2\/comments?post=1962344"}],"version-history":[{"count":2,"href":"https:\/\/www.dfh-ufa.org\/fr\/wp-json\/wp\/v2\/pages\/1962344\/revisions"}],"predecessor-version":[{"id":1962353,"href":"https:\/\/www.dfh-ufa.org\/fr\/wp-json\/wp\/v2\/pages\/1962344\/revisions\/1962353"}],"up":[{"embeddable":true,"href":"https:\/\/www.dfh-ufa.org\/fr\/wp-json\/wp\/v2\/pages\/803"}],"wp:attachment":[{"href":"https:\/\/www.dfh-ufa.org\/fr\/wp-json\/wp\/v2\/media?parent=1962344"}],"curies":[{"name":"wp","href":"https:\/\/api.w.org\/{rel}","templated":true}]}}