{"id":1962345,"date":"2025-12-15T15:40:46","date_gmt":"2025-12-15T14:40:46","guid":{"rendered":"https:\/\/www.dfh-ufa.org\/fr\/?page_id=1962345"},"modified":"2025-12-15T15:47:59","modified_gmt":"2025-12-15T14:47:59","slug":"curriculum-vitae-president","status":"publish","type":"page","link":"https:\/\/www.dfh-ufa.org\/fr\/lufa\/lequipe-de-lufa\/direction\/curriculum-vitae-president","title":{"rendered":"Curriculum vitae \u2013 Pr\u00e9sident"},"content":{"rendered":"<h2><strong>Philippe Gr\u00e9ciano<\/strong><\/h2>\n<p>est pr\u00e9sident r\u00e9\u00e9lu de l\u2019Universit\u00e9 franco-allemande (UFA) depuis janvier 2026 apr\u00e8s avoir d\u00e9j\u00e0 exerc\u00e9 les fonctions de pr\u00e9sident et de vice-pr\u00e9sident de l\u2019Universit\u00e9 franco-allemande. Il est professeur \u00e0 l\u2019Universit\u00e9 Grenoble Alpes (UGA), titulaire de la Chaire Jean Monnet sur les Relations franco-allemandes, l\u2019int\u00e9gration europ\u00e9enne et la mondialisation et membre du Centre d\u2019Etudes sur la S\u00e9curit\u00e9 Internationale et les Coop\u00e9rations Europ\u00e9ennes (CESICE). Il conna\u00eet le fonctionnement de l\u2019UFA depuis plusieurs ann\u00e9es. Dans le cadre de ses fonctions \u00e0 la pr\u00e9sidence de l\u2019UFA, il s\u2019engage tout particuli\u00e8rement en faveur de l\u2019internationalisation des \u00e9tudes et des recherches, des alliances d\u2019universit\u00e9s europ\u00e9ennes, et de la coop\u00e9ration avec le monde \u00e9conomique. Au cours des derni\u00e8res ann\u00e9es, il a r\u00e9ussi \u00e0 obtenir le soutien de plusieurs partenaires \u00e9conomiques pour l\u2019UFA. Il est \u00e9galement \u00e0 l\u2019origine de nombreux prix de recherche franco-allemands mis en place avec des partenaires internationaux. Il a impuls\u00e9 plusieurs programmes europ\u00e9ens en faveur de la s\u00e9curit\u00e9, de la sant\u00e9, du d\u00e9veloppement durable et de l\u2019innovation technologique malgr\u00e9 un contexte \u00e9conomique contraint. Philippe Gr\u00e9ciano a enseign\u00e9 en France, en Allemagne, et en Autriche. Il est r\u00e9guli\u00e8rement invit\u00e9 dans les diff\u00e9rents pays europ\u00e9ens, en Afrique, aux \u00c9tats Unis, en Chine et au Japon. Par le pass\u00e9, il a aussi \u00e9t\u00e9 expert de la Commission europ\u00e9enne et aupr\u00e8s des Nations Unies. Il est l\u2019auteur de nombreux ouvrages et articles consacr\u00e9s aux questions internationales et europ\u00e9ennes. En 2024, il a \u00e9t\u00e9 r\u00e9compens\u00e9 par le prix de l\u2019Excellence Fran\u00e7aise et le prix l\u2019Honneur en action.<\/p>\n","protected":false},"excerpt":{"rendered":"<p>Philippe Gr\u00e9ciano est pr\u00e9sident r\u00e9\u00e9lu de l\u2019Universit\u00e9 franco-allemande (UFA) depuis janvier 2026 apr\u00e8s avoir d\u00e9j\u00e0 exerc\u00e9 les fonctions de pr\u00e9sident et de vice-pr\u00e9sident de l\u2019Universit\u00e9 franco-allemande. Il est professeur \u00e0 l\u2019Universit\u00e9 Grenoble Alpes (UGA), titulaire de la Chaire Jean Monnet sur les Relations franco-allemandes, l\u2019int\u00e9gration europ\u00e9enne et la mondialisation et membre du Centre d\u2019Etudes sur [&hellip;]<\/p>\n","protected":false},"author":2,"featured_media":0,"parent":803,"menu_order":0,"comment_status":"closed","ping_status":"closed","template":"","meta":{"_bbp_topic_count":0,"_bbp_reply_count":0,"_bbp_total_topic_count":0,"_bbp_total_reply_count":0,"_bbp_voice_count":0,"_bbp_anonymous_reply_count":0,"_bbp_topic_count_hidden":0,"_bbp_reply_count_hidden":0,"_bbp_forum_subforum_count":0,"inline_featured_image":false},"acf":[],"_links":{"self":[{"href":"https:\/\/www.dfh-ufa.org\/fr\/wp-json\/wp\/v2\/pages\/1962345"}],"collection":[{"href":"https:\/\/www.dfh-ufa.org\/fr\/wp-json\/wp\/v2\/pages"}],"about":[{"href":"https:\/\/www.dfh-ufa.org\/fr\/wp-json\/wp\/v2\/types\/page"}],"author":[{"embeddable":true,"href":"https:\/\/www.dfh-ufa.org\/fr\/wp-json\/wp\/v2\/users\/2"}],"replies":[{"embeddable":true,"href":"https:\/\/www.dfh-ufa.org\/fr\/wp-json\/wp\/v2\/comments?post=1962345"}],"version-history":[{"count":1,"href":"https:\/\/www.dfh-ufa.org\/fr\/wp-json\/wp\/v2\/pages\/1962345\/revisions"}],"predecessor-version":[{"id":1962354,"href":"https:\/\/www.dfh-ufa.org\/fr\/wp-json\/wp\/v2\/pages\/1962345\/revisions\/1962354"}],"up":[{"embeddable":true,"href":"https:\/\/www.dfh-ufa.org\/fr\/wp-json\/wp\/v2\/pages\/803"}],"wp:attachment":[{"href":"https:\/\/www.dfh-ufa.org\/fr\/wp-json\/wp\/v2\/media?parent=1962345"}],"curies":[{"name":"wp","href":"https:\/\/api.w.org\/{rel}","templated":true}]}}