{"id":1962445,"date":"2026-01-07T09:47:57","date_gmt":"2026-01-07T08:47:57","guid":{"rendered":"https:\/\/www.dfh-ufa.org\/fr\/?page_id=1962445"},"modified":"2026-01-07T09:47:57","modified_gmt":"2026-01-07T08:47:57","slug":"reunion-dinformation-en-ligne-sur-les-cursus-de-master-de-luniversite-franco-allemande-ufa-le-7-fevrier","status":"publish","type":"page","link":"https:\/\/www.dfh-ufa.org\/fr\/vous-etes\/infos-pour-futurs-etudiants\/reunion-dinformation-en-ligne-sur-les-cursus-de-master-de-luniversite-franco-allemande-ufa-le-7-fevrier","title":{"rendered":"R\u00e9union d\u2019information en ligne sur les cursus de Master de l\u2019Universit\u00e9 franco-allemande (UFA) le 7 f\u00e9vrier"},"content":{"rendered":"<p>Bonjour,<\/p>\n<p>Nous vous remercions pour l&rsquo;int\u00e9r\u00eat que vous portez \u00e0 la r\u00e9union d\u2019information en ligne sur les cursus de Master binationaux et trinationaux de l&rsquo;UFA organis\u00e9e par la repr\u00e9sentation \u00e9tudiante de l&rsquo;UFA\u00a0 <strong>le samedi 7 f\u00e9vrier 2026 de 11h00 \u00e0 12h00.<\/strong><\/p>\n<p>Veuillez vous inscrire via le formulaire suivant afin d&rsquo;obtenir le <strong>lien vers l\u2019\u00e9v\u00e9nement<\/strong> dans le message de confirmation automatique.<\/p>\n\n","protected":false},"excerpt":{"rendered":"<p>Bonjour, Nous vous remercions pour l&rsquo;int\u00e9r\u00eat que vous portez \u00e0 la r\u00e9union d\u2019information en ligne sur les cursus de Master binationaux et trinationaux de l&rsquo;UFA organis\u00e9e par la repr\u00e9sentation \u00e9tudiante de l&rsquo;UFA\u00a0 le samedi 7 f\u00e9vrier 2026 de 11h00 \u00e0 12h00. Veuillez vous inscrire via le formulaire suivant afin d&rsquo;obtenir le lien vers l\u2019\u00e9v\u00e9nement dans [&hellip;]<\/p>\n","protected":false},"author":21,"featured_media":0,"parent":311775,"menu_order":0,"comment_status":"closed","ping_status":"closed","template":"","meta":{"_bbp_topic_count":0,"_bbp_reply_count":0,"_bbp_total_topic_count":0,"_bbp_total_reply_count":0,"_bbp_voice_count":0,"_bbp_anonymous_reply_count":0,"_bbp_topic_count_hidden":0,"_bbp_reply_count_hidden":0,"_bbp_forum_subforum_count":0,"inline_featured_image":false},"acf":[],"_links":{"self":[{"href":"https:\/\/www.dfh-ufa.org\/fr\/wp-json\/wp\/v2\/pages\/1962445"}],"collection":[{"href":"https:\/\/www.dfh-ufa.org\/fr\/wp-json\/wp\/v2\/pages"}],"about":[{"href":"https:\/\/www.dfh-ufa.org\/fr\/wp-json\/wp\/v2\/types\/page"}],"author":[{"embeddable":true,"href":"https:\/\/www.dfh-ufa.org\/fr\/wp-json\/wp\/v2\/users\/21"}],"replies":[{"embeddable":true,"href":"https:\/\/www.dfh-ufa.org\/fr\/wp-json\/wp\/v2\/comments?post=1962445"}],"version-history":[{"count":1,"href":"https:\/\/www.dfh-ufa.org\/fr\/wp-json\/wp\/v2\/pages\/1962445\/revisions"}],"predecessor-version":[{"id":1962446,"href":"https:\/\/www.dfh-ufa.org\/fr\/wp-json\/wp\/v2\/pages\/1962445\/revisions\/1962446"}],"up":[{"embeddable":true,"href":"https:\/\/www.dfh-ufa.org\/fr\/wp-json\/wp\/v2\/pages\/311775"}],"wp:attachment":[{"href":"https:\/\/www.dfh-ufa.org\/fr\/wp-json\/wp\/v2\/media?parent=1962445"}],"curies":[{"name":"wp","href":"https:\/\/api.w.org\/{rel}","templated":true}]}}