{"id":19633,"date":"2019-11-27T12:36:35","date_gmt":"2019-11-27T11:36:35","guid":{"rendered":"https:\/\/www.dfh-ufa.org\/fr\/?page_id=19633"},"modified":"2020-05-20T15:37:30","modified_gmt":"2020-05-20T13:37:30","slug":"c-les-demarches-de-demande-de-soutien","status":"publish","type":"page","link":"https:\/\/www.dfh-ufa.org\/fr\/vous-etes\/etablissements\/evaluation\/charte-devaluation-et-dassurance-qualite-des-programmes-detudes-et-programmes-de-soutien-aux-jeunes-chercheurs\/c-les-demarches-de-demande-de-soutien","title":{"rendered":"C. LES D\u00c9MARCHES DE DEMANDE DE SOUTIEN"},"content":{"rendered":"<p>Les d\u00e9marches de demande de soutien pour les programmes d\u2019\u00e9tudes et de soutien aux jeunes chercheurs doivent remplir un certain nombre de crit\u00e8res :<\/p>\n<h2>Satisfaire \u00e0 un principe de partenariat<\/h2>\n<p>Afin d\u2019inscrire les actions propos\u00e9es dans un principe de partenariat, la demande de financements est \u00e9labor\u00e9e conjointement par l\u2019ensemble des \u00e9tablissements partenaires impliqu\u00e9s, dont des \u00e9tablissements fran\u00e7ais et allemands, voire des pays tiers.<br \/>\nPour les programmes d\u2019\u00e9tudes et de soutien aux jeunes chercheurs, un d\u00e9p\u00f4t de dossier conjoint est demand\u00e9.<\/p>\n<h2>R\u00e9diger un dossier de demande de soutien<\/h2>\n<p>Le dossier de demande de soutien comprend le formulaire de demande de soutien et les annexes qui s\u2019y rapportent, conform\u00e9ment aux appels \u00e0 projets.<br \/>\nIl doit \u00eatre complet, d\u00fbment rev\u00eatu des signatures exig\u00e9es et d\u00e9pos\u00e9 dans les d\u00e9lais pr\u00e9cis\u00e9s dans les appels \u00e0 projets \u00e0 l\u2019UFA.<br \/>\nPour les programmes d\u2019\u00e9tudes, la demande de soutien, ainsi que les annexes jointes, doivent \u00eatre r\u00e9dig\u00e9es dans les deux langues de travail de l\u2019UFA (fran\u00e7ais et allemand), les deux n\u2019\u00e9tant pas de simples traductions l\u2019une de l\u2019autre.<br \/>\nDans la demande de soutien doit clairement figurer une br\u00e8ve (maximum une page) description du profil du cursus (objectif global, th\u00e9matique, contenus\u2026). Il est souhait\u00e9 que soit pr\u00e9cis\u00e9e quelle plus-value le cursus apporte par rapport aux cursus existants.<\/p>\n<h2>Respecter imp\u00e9rativement les dates de d\u00e9p\u00f4t des demandes de soutien<\/h2>\n<p>Pour laisser \u00e0 l\u2019UFA le temps de s\u00e9lectionner les experts, la demande de soutien doit faire d\u2019abord l\u2019objet d\u2019une manifestation d\u2019int\u00e9r\u00eat, d\u00e9clar\u00e9e \u00e0 l\u2019UFA au plus tard pour le 30\u00a0juin (\u00e0 l\u2019exception des manifestations scientifiques et cotutelles de th\u00e8se). Les porteurs de projets de type \u00ab\u00a0cursus\u00a0\u00bb re\u00e7oivent ensuite le lien vers leur demande de soutien personnalis\u00e9e qu\u2019ils doivent compl\u00e9ter et valider au plus tard pour le 31\u00a0octobre. Pour les autres instruments de soutien, un formulaire est envoy\u00e9 par courrier et par courriel.<\/p>\n<p>Le d\u00e9p\u00f4t d\u2019une demande de soutien doit \u00eatre effectu\u00e9 en fonction des \u00e9ch\u00e9ances et des p\u00e9riodes de soutien (cf. en annexe le document \u00ab\u00a0\u00c9ch\u00e9ances de d\u00e9p\u00f4t d\u2019une demande de soutien et phases de soutien de l\u2019UFA\u00a0\u00bb).<br \/>\nSeuls les cursus d\u2019\u00e9tudes et les actions de soutien aux jeunes chercheurs ayant fait l\u2019objet d\u2019une \u00e9valuation positive peuvent \u00eatre soutenus.<br \/>\nLorsque le profil d\u2019un cursus d\u2019\u00e9tudes, ou d\u2019un coll\u00e8ge doctoral, subit d\u2019importantes modifications en cours de phase de soutien, il convient de proc\u00e9der \u00e0 une nouvelle \u00e9valuation, c\u2019est-\u00e0-dire au d\u00e9p\u00f4t d\u2019une nouvelle demande de soutien.<\/p>\n<h2>Cons\u00e9quences de la d\u00e9cision d\u2019\u00e9valuation<\/h2>\n<p>Le r\u00e9sultat de l\u2019\u00e9valuation pour un cursus d\u2019\u00e9tudes, ou un coll\u00e8ge doctoral, d\u00e9termine \u00e9galement l\u2019accession \u00e0 la qualit\u00e9 de partenaire de l\u2019UFA puis, si souhait\u00e9, de membre de l\u2019UFA.<\/p>\n","protected":false},"excerpt":{"rendered":"<p>Les d\u00e9marches de demande de soutien pour les programmes d\u2019\u00e9tudes et de soutien aux jeunes chercheurs doivent remplir un certain nombre de crit\u00e8res : Satisfaire \u00e0 un principe de partenariat Afin d\u2019inscrire les actions propos\u00e9es dans un principe de partenariat, la demande de financements est \u00e9labor\u00e9e conjointement par l\u2019ensemble des \u00e9tablissements partenaires impliqu\u00e9s, dont des [&hellip;]<\/p>\n","protected":false},"author":3,"featured_media":0,"parent":19576,"menu_order":1284,"comment_status":"closed","ping_status":"closed","template":"","meta":{"_bbp_topic_count":0,"_bbp_reply_count":0,"_bbp_total_topic_count":0,"_bbp_total_reply_count":0,"_bbp_voice_count":0,"_bbp_anonymous_reply_count":0,"_bbp_topic_count_hidden":0,"_bbp_reply_count_hidden":0,"_bbp_forum_subforum_count":0,"inline_featured_image":false},"acf":[],"_links":{"self":[{"href":"https:\/\/www.dfh-ufa.org\/fr\/wp-json\/wp\/v2\/pages\/19633"}],"collection":[{"href":"https:\/\/www.dfh-ufa.org\/fr\/wp-json\/wp\/v2\/pages"}],"about":[{"href":"https:\/\/www.dfh-ufa.org\/fr\/wp-json\/wp\/v2\/types\/page"}],"author":[{"embeddable":true,"href":"https:\/\/www.dfh-ufa.org\/fr\/wp-json\/wp\/v2\/users\/3"}],"replies":[{"embeddable":true,"href":"https:\/\/www.dfh-ufa.org\/fr\/wp-json\/wp\/v2\/comments?post=19633"}],"version-history":[{"count":3,"href":"https:\/\/www.dfh-ufa.org\/fr\/wp-json\/wp\/v2\/pages\/19633\/revisions"}],"predecessor-version":[{"id":186823,"href":"https:\/\/www.dfh-ufa.org\/fr\/wp-json\/wp\/v2\/pages\/19633\/revisions\/186823"}],"up":[{"embeddable":true,"href":"https:\/\/www.dfh-ufa.org\/fr\/wp-json\/wp\/v2\/pages\/19576"}],"wp:attachment":[{"href":"https:\/\/www.dfh-ufa.org\/fr\/wp-json\/wp\/v2\/media?parent=19633"}],"curies":[{"name":"wp","href":"https:\/\/api.w.org\/{rel}","templated":true}]}}