{"id":1963544,"date":"2026-03-16T10:57:12","date_gmt":"2026-03-16T09:57:12","guid":{"rendered":"https:\/\/www.dfh-ufa.org\/fr\/?page_id=1963544"},"modified":"2026-03-26T14:37:51","modified_gmt":"2026-03-26T13:37:51","slug":"zukunftsmesse-west","status":"publish","type":"page","link":"https:\/\/www.dfh-ufa.org\/fr\/actualites\/news\/zukunftsmesse-west","title":{"rendered":"Salon \u00ab\u00a0Zukunftsmesse West\u00a0\u00bb"},"content":{"rendered":"<h3><strong data-start=\"317\" data-end=\"365\">22 &amp; 23 septembre 2026\u00a0<\/strong><\/h3>\n<h3><strong data-start=\"317\" data-end=\"365\"> 09h30 \u2013 15h30\u00a0<\/strong><\/h3>\n<h3>\ud83d\udccd <strong data-start=\"371\" data-end=\"412\"><span class=\"hover:entity-accent entity-underline inline cursor-pointer align-baseline\"><span class=\"whitespace-normal\">Bergische Universit\u00e4t Wuppertal<\/span><\/span><\/strong><\/h3>\n<p data-start=\"414\" data-end=\"773\">Gau\u00dfstra\u00dfe 20, 42119 Wuppertal &#8211; Campus Grifflenberg, B\u00e2timent K<\/p>\n<hr \/>\n<p data-start=\"0\" data-end=\"168\">Le salon \u00ab\u00a0Zukunftsmesse West\u00a0\u00bb est le salon d\u2019information et d\u2019orientation de r\u00e9f\u00e9rence consacr\u00e9 aux \u00e9tudes et aux formations en lien avec la France et l\u2019espace francophone.<\/p>\n<p data-start=\"170\" data-end=\"408\">Il s\u2019adresse aux \u00e9l\u00e8ves \u00e0 partir de la classe de troisi\u00e8me, aux lyc\u00e9en\u00b7nes, aux apprenti\u00b7es, aux \u00e9tudiant\u00b7es ainsi qu\u2019\u00e0 toutes les personnes souhaitant planifier leur prochaine \u00e9tape de formation ou de carri\u00e8re.<\/p>\n<p data-start=\"410\" data-end=\"478\"><strong>Pendant deux jours, les visiteurs et visiteuses pourront profiter de :<\/strong><\/p>\n<ul data-start=\"480\" data-end=\"737\" data-is-last-node=\"\" data-is-only-node=\"\">\n<li data-start=\"480\" data-end=\"532\">\n<p data-start=\"482\" data-end=\"532\">rencontres et entretiens personnels sur de nombreux stands<\/p>\n<\/li>\n<li data-start=\"533\" data-end=\"570\">\n<p data-start=\"535\" data-end=\"570\">un programme de conf\u00e9rences vari\u00e9<\/p>\n<\/li>\n<li data-start=\"571\" data-end=\"737\" data-is-last-node=\"\">\n<p data-start=\"573\" data-end=\"737\" data-is-last-node=\"\">des informations concr\u00e8tes sur les fili\u00e8res d\u2019\u00e9tudes, les formations en alternance, les m\u00e9tiers, les stages, les ann\u00e9es de c\u00e9sure (Gap Year), les s\u00e9jours \u00e0 l\u2019\u00e9tranger et les bourses d&rsquo;\u00e9tudes.<\/p>\n<\/li>\n<\/ul>\n<p data-start=\"911\" data-end=\"1065\"><strong><br \/>\nLors de sa premi\u00e8re \u00e9dition en 2025 \u00e0 Br\u00eame, le salon a accueilli plus de 1.400 visiteurs et visiteuses !<\/strong><\/p>\n<hr \/>\n<h5 data-start=\"1067\" data-end=\"1157\">\ud83c\udfa4 La liste des exposants ainsi que le programme d\u00e9taill\u00e9 des conf\u00e9rences seront\u00a0prochainement publi\u00e9s .<\/h5>\n<hr \/>\n<p><strong>\ud83d\udca1<a href=\"#A_ecoles\">Informations pour les \u00e9coles<\/a><\/strong><\/p>\n<p><strong>\ud83d\udca1<a href=\"#A_etudiants\">Informations pour les \u00e9tudiant\u00b7es et les jeunes adultes<\/a><\/strong><\/p>\n<hr \/>\n<div class=\"relative basis-auto flex-col -mb-(--composer-overlap-px) [--composer-overlap-px:28px] grow flex\">\n<div class=\"flex flex-col text-sm\">\n<article class=\"text-token-text-primary w-full focus:outline-none [--shadow-height:45px] has-data-writing-block:pointer-events-none has-data-writing-block:-mt-(--shadow-height) has-data-writing-block:pt-(--shadow-height) [&amp;:has([data-writing-block])&gt;*]:pointer-events-auto scroll-mt-[calc(var(--header-height)+min(200px,max(70px,20svh)))]\" dir=\"auto\" data-turn-id=\"request-WEB:1356cef6-04eb-4459-b002-ab9fffe36140-12\" data-testid=\"conversation-turn-6\" data-scroll-anchor=\"true\" data-turn=\"assistant\">\n<div class=\"text-base my-auto mx-auto pb-10 [--thread-content-margin:--spacing(4)] @w-sm\/main:[--thread-content-margin:--spacing(6)] @w-lg\/main:[--thread-content-margin:--spacing(16)] px-(--thread-content-margin)\">\n<div class=\"[--thread-content-max-width:40rem] @w-lg\/main:[--thread-content-max-width:48rem] mx-auto max-w-(--thread-content-max-width) flex-1 group\/turn-messages focus-visible:outline-hidden relative flex w-full min-w-0 flex-col agent-turn\">\n<div class=\"flex max-w-full flex-col grow\">\n<div class=\"min-h-8 text-message relative flex w-full flex-col items-end gap-2 text-start break-words whitespace-normal [.text-message+&amp;]:mt-1\" dir=\"auto\" data-message-author-role=\"assistant\" data-message-id=\"b4be23bf-a036-4b8b-8059-63265efd2d1a\" data-message-model-slug=\"gpt-5-3\">\n<div class=\"flex w-full flex-col gap-1 empty:hidden first:pt-[1px]\">\n<div class=\"markdown prose dark:prose-invert w-full wrap-break-word dark markdown-new-styling\">\n<h2 data-start=\"0\" data-end=\"45\"><strong data-start=\"0\" data-end=\"45\">Pourquoi devenir exposant ?<\/strong><\/h2>\n<p>Pr\u00e9sentez vos offres l\u00e0 o\u00f9 se construit l\u2019avenir, et ce gratuitement !<\/p>\n<p data-start=\"111\" data-end=\"244\">Le salon \u00ab\u00a0Zukunftsmesse West\u00a0\u00bb vous offre la possibilit\u00e9 de rencontrer tr\u00e8s t\u00f4t des jeunes motiv\u00e9\u00b7es et d\u2019\u00e9changer directement avec eux.<\/p>\n<p data-start=\"246\" data-end=\"282\"><strong data-start=\"246\" data-end=\"282\">Vos avantages :<\/strong><\/p>\n<ul data-start=\"284\" data-end=\"524\" data-is-last-node=\"\" data-is-only-node=\"\">\n<li data-start=\"284\" data-end=\"358\">\n<p data-start=\"286\" data-end=\"358\">contact direct avec les \u00e9l\u00e8ves, \u00e9tudiant\u00b7es et enseignant\u00b7es<\/p>\n<\/li>\n<li data-start=\"359\" data-end=\"422\">\n<p data-start=\"361\" data-end=\"422\">forte visibilit\u00e9 dans un environnement d\u00e9di\u00e9 \u00e0 l\u2019\u00e9ducation<\/p>\n<\/li>\n<li data-start=\"423\" data-end=\"499\">\n<p data-start=\"425\" data-end=\"499\">pr\u00e9sentation de vos cursus d&rsquo;\u00e9tudes, formations et de programmes de soutien<\/p>\n<\/li>\n<li data-start=\"500\" data-end=\"524\" data-is-last-node=\"\">\n<p data-start=\"502\" data-end=\"524\" data-is-last-node=\"\">participation gratuite<\/p>\n<\/li>\n<\/ul>\n<\/div>\n<\/div>\n<\/div>\n<\/div>\n<div class=\"z-0 flex min-h-[46px] justify-start\"><\/div>\n<\/div>\n<\/div>\n<\/article>\n<\/div>\n<\/div>\n<h2 data-start=\"1668\" data-end=\"1729\">\ud83d\udcdd <strong data-start=\"1671\" data-end=\"1729\"><a href=\"https:\/\/www.dfh-ufa.org\/fr\/actualites\/news\/zukunftsmesse-west\/zukunftsmesse-west-inscription-des-exposants\">R\u00e9servez votre stand d\u00e8s maintenant <\/a>!<\/strong><\/h2>\n<p data-start=\"1668\" data-end=\"1729\"><strong data-start=\"1671\" data-end=\"1729\">\ud83d\udcc5 Date limite : 31 mai 2026<\/strong><\/p>\n<hr \/>\n<h2 data-start=\"2106\" data-end=\"2151\"><a id=\"A_ecoles\"><\/a>Pour les \u00e9coles et les enseignants<\/h2>\n<p data-start=\"2152\" data-end=\"2199\">Une orientation scolaire et professionnelle efficace.<\/p>\n<p data-start=\"2201\" data-end=\"2396\">Le salon \u00ab\u00a0Zukunftsmesse West\u00a0\u00bb permet \u00e0 vos \u00e9l\u00e8ves de b\u00e9n\u00e9ficier d\u2019informations pratiques, de t\u00e9moignages authentiques et de contacts directs, constituant ainsi un compl\u00e9ment pr\u00e9cieux aux cours et \u00e0 l\u2019orientation scolaire.<\/p>\n<p><strong>Vos classes pourront y trouver :<\/strong><\/p>\n<ul data-start=\"2429\" data-end=\"2598\">\n<li data-start=\"2429\" data-end=\"2474\">\n<p data-start=\"2431\" data-end=\"2474\">des informations claires et structur\u00e9es, directement aupr\u00e8s des acteurs concern\u00e9s<\/p>\n<\/li>\n<li data-start=\"2475\" data-end=\"2538\">\n<p data-start=\"2477\" data-end=\"2538\">des rencontres avec des universit\u00e9s, institutions, organisations et entreprises<\/p>\n<\/li>\n<li data-start=\"2539\" data-end=\"2598\">\n<p data-start=\"2541\" data-end=\"2598\">de l\u2019inspiration et des encouragements pour envisager des parcours de formation internationaux<\/p>\n<\/li>\n<\/ul>\n<p>&nbsp;<\/p>\n<h2 data-start=\"2600\" data-end=\"2676\">\ud83d\udcdd<a href=\"https:\/\/www.dfh-ufa.org\/fr\/actualites\/news\/zukunftsmesse-west\/zukunftsmesse-west-inscription-des-groupes-scolaires\"><strong data-start=\"2603\" data-end=\"2634\">Formulaire d&rsquo;inscription pour les \u00e9coles<\/strong><\/a><\/h2>\n<p>Nous mettrons \u00e9galement prochainement \u00e0 votre disposition :<\/p>\n<ul>\n<li>la <strong>liste<\/strong> <strong>des exposants<\/strong><\/li>\n<li data-start=\"2742\" data-end=\"2777\">\n<p data-start=\"2744\" data-end=\"2777\">les <strong>th\u00e8mes des pr\u00e9sentations<\/strong><\/p>\n<\/li>\n<\/ul>\n<ul>\n<li data-start=\"2778\" data-end=\"2824\">\n<p data-start=\"2780\" data-end=\"2824\">des <strong>informations sur les frais de d\u00e9placement et l\u2019organisation<\/strong><\/p>\n<\/li>\n<\/ul>\n<hr data-start=\"2826\" data-end=\"2829\" \/>\n<h2 data-start=\"2831\" data-end=\"2872\"><strong data-start=\"2838\" data-end=\"2872\"><a id=\"A_etudiants\"><\/a>Pour les \u00e9tudiants et jeunes adultes<\/strong><\/h2>\n<p><strong>D\u00e9couvrez vos prochaines opportunit\u00e9s.<\/strong><\/p>\n<p>Vous souhaitez vous informer sur les possibilit\u00e9s <strong>d\u2019\u00e9tudes \u00e0 l\u2019\u00e9tranger, les bourses ou de nouvelles perspectives<\/strong> ? Ou vous r\u00e9fl\u00e9chissez d\u00e9j\u00e0 \u00e0 <strong>d\u00e9buter votre carri\u00e8re<\/strong> dans un <strong>contexte international<\/strong> ?<\/p>\n<p data-start=\"3047\" data-end=\"3084\">Le salon \u00ab\u00a0Zukunftsmesse West\u00a0\u00bb tu pourras:<\/p>\n<ul>\n<li data-start=\"3085\" data-end=\"3117\">\n<p data-start=\"3087\" data-end=\"3117\">t\u2019informer librement et sans engagement<\/p>\n<\/li>\n<li data-start=\"3085\" data-end=\"3117\">\n<p data-start=\"3087\" data-end=\"3117\">\u00e9tablir des contacts avec des entreprises, universit\u00e9s, institutions et organisations<\/p>\n<\/li>\n<li>d\u00e9couvrir de nouvelles voies pour vos \u00e9tudes, votre formation ou votre carri\u00e8re<\/li>\n<li data-start=\"3191\" data-end=\"3239\">\n<p data-start=\"3193\" data-end=\"3239\">poser directement vos questions \u00e0 des experts<\/p>\n<\/li>\n<\/ul>\n<p>&nbsp;<\/p>\n<p data-start=\"3241\" data-end=\"3320\">\ud83d\udca1 <strong>Passez nous voir, laissez-vous inspirer et prenez votre avenir en main ! Aucune inscription pr\u00e9alable n\u2019est n\u00e9cessaire.<\/strong><\/p>\n<hr \/>\n<h4 data-start=\"3241\" data-end=\"3320\"><strong data-start=\"3244\" data-end=\"3320\">Le salon est organis\u00e9 par :<\/strong><\/h4>\n<ul data-start=\"1763\" data-end=\"2099\">\n<li data-start=\"1763\" data-end=\"1831\">\n<p data-start=\"1765\" data-end=\"1831\">la <a href=\"https:\/\/fapf.de\/vdf\/\" target=\"_blank\" rel=\"noopener\">F\u00e9d\u00e9ration Allemande des Professeurs de Fran\u00e7ais (Vereinigung der Franz\u00f6sischlehrerinnen und -lehrer e. V. (VdF))<\/a><\/p>\n<\/li>\n<li data-start=\"1832\" data-end=\"1884\">\n<p data-start=\"1834\" data-end=\"1884\">la <a href=\"https:\/\/www.uni-wuppertal.de\/de\/\">Bergische Universit\u00e4t Wuppertal<\/a><\/p>\n<\/li>\n<li data-start=\"1885\" data-end=\"1932\">\n<p data-start=\"1887\" data-end=\"1932\">l&rsquo;<a href=\"http:\/\/www.dfh-ufa.org\" target=\"_blank\" rel=\"noopener\"><span class=\"hover:entity-accent entity-underline inline cursor-pointer align-baseline\"><span class=\"whitespace-normal\">Universit\u00e9 franco-allemande<\/span><\/span><\/a><\/p>\n<\/li>\n<li data-start=\"1933\" data-end=\"2020\">\n<p data-start=\"1935\" data-end=\"2020\">l&rsquo;<a href=\"https:\/\/www.institutfrancais.de\" target=\"_blank\" rel=\"noopener\"><span class=\"hover:entity-accent entity-underline inline cursor-pointer align-baseline\"><span class=\"whitespace-normal\">Institut fran\u00e7ais Deutschland<\/span><\/span><\/a>\/ l&rsquo;<a href=\"https:\/\/de.diplomatie.gouv.fr\/de\/franzoesische-botschaft-berlin\" target=\"_blank\" rel=\"noopener\">Ambassade de France \u00e0 Berlin<\/a><\/p>\n<\/li>\n<li data-start=\"2021\" data-end=\"2099\">\n<p data-start=\"2023\" data-end=\"2099\">la <a href=\"https:\/\/vdfg.de\/\">F\u00e9d\u00e9ration des Associations Franco-Allemandes pour l&rsquo;Europe<\/a><\/p>\n<\/li>\n<\/ul>\n<p>&nbsp;<\/p>\n<p><strong>Avec le soutien de :<\/strong><\/p>\n<p>l&rsquo;<a href=\"https:\/\/www.ofaj.org\/\">Office franco-allemand pour la Jeunesse<\/a><\/p>\n<p>l&rsquo;<a href=\"https:\/\/allemagneenfrance.diplo.de\/fr-fr\/missions-allemandes\/botschaft-seite\">Ambassade d&rsquo;Allemagne \u00e0 Paris<\/a><\/p>\n<p>la <a href=\"https:\/\/dfja.eu\/fr\/\">Commission Franco-Allemande de la Jeunesse<\/a><\/p>\n<p class=\"kt-adv-heading3149_38b512-b9 wp-block-kadence-advancedheading has-theme-palette-9-color has-text-color\" data-kb-block=\"kb-adv-heading3149_38b512-b9\">l\u2019<a href=\"https:\/\/francoromanistes.de\/fr\/\">Association allemande des francoromanistes<\/a><\/p>\n<p data-kb-block=\"kb-adv-heading3149_38b512-b9\">l&rsquo;<a href=\"https:\/\/libingua.de\/\">AG Libingua<\/a><\/p>\n<hr \/>\n<h4>Contact<\/h4>\n<p>Gr\u00e9goire Fischer<br \/>\nPr\u00e9sident de la F\u00e9d\u00e9ration Allemande des Professeurs de Fran\u00e7ais (Vereinigung der Franz\u00f6sischlehrerinnen und -lehrer e. V. (VdF))<br \/>\n<a href=\"mailto:Zukunftsmesse_West@web.de\">Zukunftsmesse_West[at]web.de<\/a><\/p>\n","protected":false},"excerpt":{"rendered":"<p>22 &amp; 23 septembre 2026\u00a0 09h30 \u2013 15h30\u00a0 \ud83d\udccd Bergische Universit\u00e4t Wuppertal Gau\u00dfstra\u00dfe 20, 42119 Wuppertal &#8211; Campus Grifflenberg, B\u00e2timent K Le salon \u00ab\u00a0Zukunftsmesse West\u00a0\u00bb est le salon d\u2019information et d\u2019orientation de r\u00e9f\u00e9rence consacr\u00e9 aux \u00e9tudes et aux formations en lien avec la France et l\u2019espace francophone. Il s\u2019adresse aux \u00e9l\u00e8ves \u00e0 partir de la [&hellip;]<\/p>\n","protected":false},"author":21,"featured_media":0,"parent":869,"menu_order":2,"comment_status":"closed","ping_status":"closed","template":"","meta":{"_bbp_topic_count":0,"_bbp_reply_count":0,"_bbp_total_topic_count":0,"_bbp_total_reply_count":0,"_bbp_voice_count":0,"_bbp_anonymous_reply_count":0,"_bbp_topic_count_hidden":0,"_bbp_reply_count_hidden":0,"_bbp_forum_subforum_count":0,"inline_featured_image":false},"acf":[],"_links":{"self":[{"href":"https:\/\/www.dfh-ufa.org\/fr\/wp-json\/wp\/v2\/pages\/1963544"}],"collection":[{"href":"https:\/\/www.dfh-ufa.org\/fr\/wp-json\/wp\/v2\/pages"}],"about":[{"href":"https:\/\/www.dfh-ufa.org\/fr\/wp-json\/wp\/v2\/types\/page"}],"author":[{"embeddable":true,"href":"https:\/\/www.dfh-ufa.org\/fr\/wp-json\/wp\/v2\/users\/21"}],"replies":[{"embeddable":true,"href":"https:\/\/www.dfh-ufa.org\/fr\/wp-json\/wp\/v2\/comments?post=1963544"}],"version-history":[{"count":24,"href":"https:\/\/www.dfh-ufa.org\/fr\/wp-json\/wp\/v2\/pages\/1963544\/revisions"}],"predecessor-version":[{"id":1963764,"href":"https:\/\/www.dfh-ufa.org\/fr\/wp-json\/wp\/v2\/pages\/1963544\/revisions\/1963764"}],"up":[{"embeddable":true,"href":"https:\/\/www.dfh-ufa.org\/fr\/wp-json\/wp\/v2\/pages\/869"}],"wp:attachment":[{"href":"https:\/\/www.dfh-ufa.org\/fr\/wp-json\/wp\/v2\/media?parent=1963544"}],"curies":[{"name":"wp","href":"https:\/\/api.w.org\/{rel}","templated":true}]}}