{"id":1963569,"date":"2026-03-09T11:03:14","date_gmt":"2026-03-09T10:03:14","guid":{"rendered":"https:\/\/www.dfh-ufa.org\/fr\/?page_id=1963569"},"modified":"2026-03-09T11:03:35","modified_gmt":"2026-03-09T10:03:35","slug":"zukunftsmesse-west-inscription-des-exposants","status":"publish","type":"page","link":"https:\/\/www.dfh-ufa.org\/fr\/actualites\/news\/zukunftsmesse-west\/zukunftsmesse-west-inscription-des-exposants","title":{"rendered":"Zukunftsmesse West &#8211; Inscription des exposants"},"content":{"rendered":"<script type=\"text\/javascript\">var gform;gform||(document.addEventListener(\"gform_main_scripts_loaded\",function(){gform.scriptsLoaded=!0}),window.addEventListener(\"DOMContentLoaded\",function(){gform.domLoaded=!0}),gform={domLoaded:!1,scriptsLoaded:!1,initializeOnLoaded:function(o){gform.domLoaded&&gform.scriptsLoaded?o():!gform.domLoaded&&gform.scriptsLoaded?window.addEventListener(\"DOMContentLoaded\",o):document.addEventListener(\"gform_main_scripts_loaded\",o)},hooks:{action:{},filter:{}},addAction:function(o,n,r,t){gform.addHook(\"action\",o,n,r,t)},addFilter:function(o,n,r,t){gform.addHook(\"filter\",o,n,r,t)},doAction:function(o){gform.doHook(\"action\",o,arguments)},applyFilters:function(o){return gform.doHook(\"filter\",o,arguments)},removeAction:function(o,n){gform.removeHook(\"action\",o,n)},removeFilter:function(o,n,r){gform.removeHook(\"filter\",o,n,r)},addHook:function(o,n,r,t,i){null==gform.hooks[o][n]&&(gform.hooks[o][n]=[]);var e=gform.hooks[o][n];null==i&&(i=n+\"_\"+e.length),gform.hooks[o][n].push({tag:i,callable:r,priority:t=null==t?10:t})},doHook:function(n,o,r){var t;if(r=Array.prototype.slice.call(r,1),null!=gform.hooks[n][o]&&((o=gform.hooks[n][o]).sort(function(o,n){return o.priority-n.priority}),o.forEach(function(o){\"function\"!=typeof(t=o.callable)&&(t=window[t]),\"action\"==n?t.apply(null,r):r[0]=t.apply(null,r)})),\"filter\"==n)return r[0]},removeHook:function(o,n,t,i){var r;null!=gform.hooks[o][n]&&(r=(r=gform.hooks[o][n]).filter(function(o,n,r){return!!(null!=i&&i!=o.tag||null!=t&&t!=o.priority)}),gform.hooks[o][n]=r)}});<\/script>\n                <div class='gf_browser_gecko gform_wrapper gravity-theme' id='gform_wrapper_102' style='display:none'><form method='post' enctype='multipart\/form-data'  id='gform_102'  action='\/fr\/wp-json\/wp\/v2\/pages\/1963569' novalidate>\n                        <div class='gform_body gform-body'><div id='gform_fields_102' class='gform_fields top_label form_sublabel_below description_below'><div id=\"field_102_3\"  class=\"gfield gfield--width-full gfield_contains_required field_sublabel_below field_description_below gfield_visibility_visible\"  data-js-reload=\"field_102_3\"><label class='gfield_label' for='input_102_3' >Nom de l\u2019exposant \/ de l\u2019entreprise \/ de l\u2019institution \/ de l\u2019association<span class=\"gfield_required\"><span class=\"gfield_required gfield_required_text\">(N\u00e9cessaire)<\/span><\/span><\/label><div class='ginput_container ginput_container_text'><input name='input_3' id='input_102_3' type='text' value='' class='large'     aria-required=\"true\" aria-invalid=\"false\"   \/> <\/div><\/div><div id=\"field_102_21\"  class=\"gfield gsection field_sublabel_below field_description_below gfield_visibility_visible\"  data-js-reload=\"field_102_21\"><h3 class=\"gsection_title\"><\/h3><\/div><div id=\"field_102_8\"  class=\"gfield gfield--width-full gfield_contains_required field_sublabel_below field_description_below gfield_visibility_visible\"  data-js-reload=\"field_102_8\"><label class='gfield_label' for='input_102_8' >Personne de contact (nom)<span class=\"gfield_required\"><span class=\"gfield_required gfield_required_text\">(N\u00e9cessaire)<\/span><\/span><\/label><div class='ginput_container ginput_container_text'><input name='input_8' id='input_102_8' type='text' value='' class='large'     aria-required=\"true\" aria-invalid=\"false\"   \/> <\/div><\/div><div id=\"field_102_31\"  class=\"gfield gfield--width-full gfield_contains_required field_sublabel_below field_description_below gfield_visibility_visible\"  data-js-reload=\"field_102_31\"><label class='gfield_label' for='input_102_31' >Personne de contact (pr\u00e9nom)<span class=\"gfield_required\"><span class=\"gfield_required gfield_required_text\">(N\u00e9cessaire)<\/span><\/span><\/label><div class='ginput_container ginput_container_text'><input name='input_31' id='input_102_31' type='text' value='' class='large'     aria-required=\"true\" aria-invalid=\"false\"   \/> <\/div><\/div><div id=\"field_102_9\"  class=\"gfield gfield--width-full gfield_contains_required field_sublabel_below field_description_below gfield_visibility_visible\"  data-js-reload=\"field_102_9\"><label class='gfield_label' for='input_102_9' >Fonction<span class=\"gfield_required\"><span class=\"gfield_required gfield_required_text\">(N\u00e9cessaire)<\/span><\/span><\/label><div class='ginput_container ginput_container_text'><input name='input_9' id='input_102_9' type='text' value='' class='large'     aria-required=\"true\" aria-invalid=\"false\"   \/> <\/div><\/div><div id=\"field_102_10\"  class=\"gfield gfield--width-full gfield_contains_required field_sublabel_below field_description_below gfield_visibility_visible\"  data-js-reload=\"field_102_10\"><label class='gfield_label' for='input_102_10' >Adresse (Rue)<span class=\"gfield_required\"><span class=\"gfield_required gfield_required_text\">(N\u00e9cessaire)<\/span><\/span><\/label><div class='ginput_container ginput_container_text'><input name='input_10' id='input_102_10' type='text' value='' class='large'     aria-required=\"true\" aria-invalid=\"false\"   \/> <\/div><\/div><div id=\"field_102_14\"  class=\"gfield gfield--width-five-twelfths gfield_contains_required field_sublabel_below field_description_below gfield_visibility_visible\"  data-js-reload=\"field_102_14\"><label class='gfield_label' for='input_102_14' >Ville<span class=\"gfield_required\"><span class=\"gfield_required gfield_required_text\">(N\u00e9cessaire)<\/span><\/span><\/label><div class='ginput_container ginput_container_text'><input name='input_14' id='input_102_14' type='text' value='' class='large'     aria-required=\"true\" aria-invalid=\"false\"   \/> <\/div><\/div><div id=\"field_102_11\"  class=\"gfield gfield--width-quarter gfield_contains_required field_sublabel_below field_description_below gfield_visibility_visible\"  data-js-reload=\"field_102_11\"><label class='gfield_label' for='input_102_11' >Code Postal<span class=\"gfield_required\"><span class=\"gfield_required gfield_required_text\">(N\u00e9cessaire)<\/span><\/span><\/label><div class='ginput_container ginput_container_text'><input name='input_11' id='input_102_11' type='text' value='' class='large'     aria-required=\"true\" aria-invalid=\"false\"   \/> <\/div><\/div><div id=\"field_102_15\"  class=\"gfield gfield--width-third gfield_contains_required field_sublabel_below field_description_below gfield_visibility_visible\"  data-js-reload=\"field_102_15\"><label class='gfield_label' for='input_102_15' >R\u00e9gion<span class=\"gfield_required\"><span class=\"gfield_required gfield_required_text\">(N\u00e9cessaire)<\/span><\/span><\/label><div class='ginput_container ginput_container_text'><input name='input_15' id='input_102_15' type='text' value='' class='large'     aria-required=\"true\" aria-invalid=\"false\"   \/> <\/div><\/div><div id=\"field_102_12\"  class=\"gfield gfield--width-full field_sublabel_below field_description_below gfield_visibility_visible\"  data-js-reload=\"field_102_12\"><label class='gfield_label' for='input_102_12' >T\u00e9l\u00e9phone<\/label><div class='ginput_container ginput_container_text'><input name='input_12' id='input_102_12' type='text' value='' class='large'      aria-invalid=\"false\"   \/> <\/div><\/div><div id=\"field_102_32\"  class=\"gfield gfield--width-full gfield_contains_required field_sublabel_below field_description_below gfield_visibility_visible\"  data-js-reload=\"field_102_32\"><label class='gfield_label' for='input_102_32' >E-mail<span class=\"gfield_required\"><span class=\"gfield_required gfield_required_text\">(N\u00e9cessaire)<\/span><\/span><\/label><div class='ginput_container ginput_container_email'>\n                            <input name='input_32' id='input_102_32' type='email' value='' class='large'    aria-required=\"true\" aria-invalid=\"false\"  \/>\n                        <\/div><\/div><div id=\"field_102_22\"  class=\"gfield gsection field_sublabel_below field_description_below gfield_visibility_visible\"  data-js-reload=\"field_102_22\"><h3 class=\"gsection_title\"><\/h3><\/div><fieldset id=\"field_102_23\"  class=\"gfield gfield--width-full gfield_contains_required field_sublabel_below field_description_below gfield_visibility_visible\"  data-js-reload=\"field_102_23\"><legend class='gfield_label gfield_label_before_complex'  >Orientation th\u00e9matique de l\u2019offre (plusieurs choix possibles)<span class=\"gfield_required\"><span class=\"gfield_required gfield_required_text\">(N\u00e9cessaire)<\/span><\/span><\/legend><div class='ginput_container ginput_container_checkbox'><div class='gfield_checkbox' id='input_102_23'><div class='gchoice gchoice_102_23_1'>\n\t\t\t\t\t\t\t\t<input class='gfield-choice-input' name='input_23.1' type='checkbox'  value='\u00c9tudes'  id='choice_102_23_1'   \/>\n\t\t\t\t\t\t\t\t<label for='choice_102_23_1' id='label_102_23_1'>\u00c9tudes<\/label>\n\t\t\t\t\t\t\t<\/div><div class='gchoice gchoice_102_23_2'>\n\t\t\t\t\t\t\t\t<input class='gfield-choice-input' name='input_23.2' type='checkbox'  value='\u00c9tudes en alternance'  id='choice_102_23_2'   \/>\n\t\t\t\t\t\t\t\t<label for='choice_102_23_2' id='label_102_23_2'>\u00c9tudes en alternance<\/label>\n\t\t\t\t\t\t\t<\/div><div class='gchoice gchoice_102_23_3'>\n\t\t\t\t\t\t\t\t<input class='gfield-choice-input' name='input_23.3' type='checkbox'  value='Ann\u00e9e de c\u00e9sure'  id='choice_102_23_3'   \/>\n\t\t\t\t\t\t\t\t<label for='choice_102_23_3' id='label_102_23_3'>Ann\u00e9e de c\u00e9sure<\/label>\n\t\t\t\t\t\t\t<\/div><div class='gchoice gchoice_102_23_4'>\n\t\t\t\t\t\t\t\t<input class='gfield-choice-input' name='input_23.4' type='checkbox'  value='Stage'  id='choice_102_23_4'   \/>\n\t\t\t\t\t\t\t\t<label for='choice_102_23_4' id='label_102_23_4'>Stage<\/label>\n\t\t\t\t\t\t\t<\/div><div class='gchoice gchoice_102_23_5'>\n\t\t\t\t\t\t\t\t<input class='gfield-choice-input' name='input_23.5' type='checkbox'  value='Bourses'  id='choice_102_23_5'   \/>\n\t\t\t\t\t\t\t\t<label for='choice_102_23_5' id='label_102_23_5'>Bourses<\/label>\n\t\t\t\t\t\t\t<\/div><div class='gchoice gchoice_102_23_6'>\n\t\t\t\t\t\t\t\t<input class='gfield-choice-input' name='input_23.6' type='checkbox'  value='Apprentissage'  id='choice_102_23_6'   \/>\n\t\t\t\t\t\t\t\t<label for='choice_102_23_6' id='label_102_23_6'>Apprentissage<\/label>\n\t\t\t\t\t\t\t<\/div><div class='gchoice gchoice_102_23_7'>\n\t\t\t\t\t\t\t\t<input class='gfield-choice-input' name='input_23.7' type='checkbox'  value='Autre'  id='choice_102_23_7'   \/>\n\t\t\t\t\t\t\t\t<label for='choice_102_23_7' id='label_102_23_7'>Autre<\/label>\n\t\t\t\t\t\t\t<\/div><\/div><\/div><\/fieldset><div id=\"field_102_28\"  class=\"gfield gfield--width-full field_sublabel_below field_description_below gfield_visibility_visible\"  data-js-reload=\"field_102_28\"><label class='gfield_label' for='input_102_28' >Veuillez pr\u00e9ciser:<\/label><div class='ginput_container ginput_container_text'><input name='input_28' id='input_102_28' type='text' value='' class='large'      aria-invalid=\"false\"   \/> <\/div><\/div><div id=\"field_102_24\"  class=\"gfield gsection field_sublabel_below field_description_below gfield_visibility_visible\"  data-js-reload=\"field_102_24\"><h3 class=\"gsection_title\"><\/h3><\/div><div id=\"field_102_25\"  class=\"gfield gfield--width-full field_sublabel_below field_description_below gfield_visibility_visible\"  data-js-reload=\"field_102_25\"><label class='gfield_label' for='input_102_25' >Nous pouvons proposer une pr\u00e9sentation \/ une micro-formation (env. 30 minutes) sur le(s) th\u00e8me(s) suivant(s) :<\/label><div class='ginput_container ginput_container_textarea'><textarea name='input_25' id='input_102_25' class='textarea large'      aria-invalid=\"false\"   rows='10' cols='50'><\/textarea><\/div><\/div><div id=\"field_102_26\"  class=\"gfield gsection field_sublabel_below field_description_below gfield_visibility_visible\"  data-js-reload=\"field_102_26\"><h3 class=\"gsection_title\"><\/h3><\/div><fieldset id=\"field_102_27\"  class=\"gfield gfield--width-full field_sublabel_below field_description_below gfield_visibility_visible\"  data-js-reload=\"field_102_27\"><legend class='gfield_label gfield_label_before_complex'  >Dimensions du stand<\/legend><div class='ginput_container ginput_container_checkbox'><div class='gfield_checkbox' id='input_102_27'><div class='gchoice gchoice_102_27_1'>\n\t\t\t\t\t\t\t\t<input class='gfield-choice-input' name='input_27.1' type='checkbox'  value='env. 3,0 m\u00e8tres lin\u00e9aires'  id='choice_102_27_1'   \/>\n\t\t\t\t\t\t\t\t<label for='choice_102_27_1' id='label_102_27_1'>env. 3,0 m\u00e8tres lin\u00e9aires<\/label>\n\t\t\t\t\t\t\t<\/div><div class='gchoice gchoice_102_27_2'>\n\t\t\t\t\t\t\t\t<input class='gfield-choice-input' name='input_27.2' type='checkbox'  value='env. 4,5 m\u00e8tres lin\u00e9aires'  id='choice_102_27_2'   \/>\n\t\t\t\t\t\t\t\t<label for='choice_102_27_2' id='label_102_27_2'>env. 4,5 m\u00e8tres lin\u00e9aires<\/label>\n\t\t\t\t\t\t\t<\/div><div class='gchoice gchoice_102_27_3'>\n\t\t\t\t\t\t\t\t<input class='gfield-choice-input' name='input_27.3' type='checkbox'  value='env. 6,0 m\u00e8tres lin\u00e9aires'  id='choice_102_27_3'   \/>\n\t\t\t\t\t\t\t\t<label for='choice_102_27_3' id='label_102_27_3'>env. 6,0 m\u00e8tres lin\u00e9aires<\/label>\n\t\t\t\t\t\t\t<\/div><div class='gchoice gchoice_102_27_4'>\n\t\t\t\t\t\t\t\t<input class='gfield-choice-input' name='input_27.4' type='checkbox'  value='env. 7,5 m\u00e8tres lin\u00e9aires'  id='choice_102_27_4'   \/>\n\t\t\t\t\t\t\t\t<label for='choice_102_27_4' id='label_102_27_4'>env. 7,5 m\u00e8tres lin\u00e9aires<\/label>\n\t\t\t\t\t\t\t<\/div><div class='gchoice gchoice_102_27_5'>\n\t\t\t\t\t\t\t\t<input class='gfield-choice-input' name='input_27.5' type='checkbox'  value='env. 9,0 m\u00e8tres lin\u00e9aires'  id='choice_102_27_5'   \/>\n\t\t\t\t\t\t\t\t<label for='choice_102_27_5' id='label_102_27_5'>env. 9,0 m\u00e8tres lin\u00e9aires<\/label>\n\t\t\t\t\t\t\t<\/div><\/div><\/div><\/fieldset><fieldset id=\"field_102_40\"  class=\"gfield gfield--width-full field_sublabel_below field_description_below gfield_visibility_visible\"  data-js-reload=\"field_102_40\"><legend class='gfield_label gfield_label_before_complex'  >Mobilier<\/legend><div class='ginput_container ginput_container_checkbox'><div class='gfield_checkbox' id='input_102_40'><div class='gchoice gchoice_102_40_1'>\n\t\t\t\t\t\t\t\t<input class='gfield-choice-input' name='input_40.1' type='checkbox'  value='Tables (1,2 x 0,6 m)'  id='choice_102_40_1'   \/>\n\t\t\t\t\t\t\t\t<label for='choice_102_40_1' id='label_102_40_1'>Tables (1,2 x 0,6 m)<\/label>\n\t\t\t\t\t\t\t<\/div><div class='gchoice gchoice_102_40_2'>\n\t\t\t\t\t\t\t\t<input class='gfield-choice-input' name='input_40.2' type='checkbox'  value='Tables hautes'  id='choice_102_40_2'   \/>\n\t\t\t\t\t\t\t\t<label for='choice_102_40_2' id='label_102_40_2'>Tables hautes<\/label>\n\t\t\t\t\t\t\t<\/div><div class='gchoice gchoice_102_40_3'>\n\t\t\t\t\t\t\t\t<input class='gfield-choice-input' name='input_40.3' type='checkbox'  value='Cloisons\/ Panneaux'  id='choice_102_40_3'   \/>\n\t\t\t\t\t\t\t\t<label for='choice_102_40_3' id='label_102_40_3'>Cloisons\/ Panneaux<\/label>\n\t\t\t\t\t\t\t<\/div><div class='gchoice gchoice_102_40_4'>\n\t\t\t\t\t\t\t\t<input class='gfield-choice-input' name='input_40.4' type='checkbox'  value='\u00c9lectricit\u00e9'  id='choice_102_40_4'   \/>\n\t\t\t\t\t\t\t\t<label for='choice_102_40_4' id='label_102_40_4'>\u00c9lectricit\u00e9<\/label>\n\t\t\t\t\t\t\t<\/div><\/div><\/div><\/fieldset><div id=\"field_102_35\"  class=\"gfield gfield--width-full field_sublabel_below field_description_below gfield_visibility_visible\"  data-js-reload=\"field_102_35\"><label class='gfield_label' for='input_102_35' >Nombre de tables (1,2 x 0,6 m)<\/label><div class='ginput_container ginput_container_text'><input name='input_35' id='input_102_35' type='text' value='' class='large'      aria-invalid=\"false\"   \/> <\/div><\/div><div id=\"field_102_36\"  class=\"gfield gfield--width-full field_sublabel_below field_description_below gfield_visibility_visible\"  data-js-reload=\"field_102_36\"><label class='gfield_label' for='input_102_36' >Nombre de tables hautes<\/label><div class='ginput_container ginput_container_text'><input name='input_36' id='input_102_36' type='text' value='' class='large'      aria-invalid=\"false\"   \/> <\/div><\/div><div id=\"field_102_37\"  class=\"gfield gfield--width-full field_sublabel_below field_description_below gfield_visibility_visible\"  data-js-reload=\"field_102_37\"><label class='gfield_label' for='input_102_37' >Nombre de panneaux d&#039;affichage<\/label><div class='ginput_container ginput_container_text'><input name='input_37' id='input_102_37' type='text' value='' class='large'      aria-invalid=\"false\"   \/> <\/div><\/div><div id=\"field_102_38\"  class=\"gfield gfield--width-full gfield_html gfield_html_formatted gfield_no_follows_desc field_sublabel_below field_description_below gfield_visibility_visible\"  data-js-reload=\"field_102_38\">Chaque stand sera \u00e9quip\u00e9 de 1 \u00e0 2 chaises.<\/div><div id=\"field_102_16\"  class=\"gfield gsection field_sublabel_below field_description_below gfield_visibility_visible\"  data-js-reload=\"field_102_16\"><h3 class=\"gsection_title\"><\/h3><\/div><div id=\"field_102_29\"  class=\"gfield gfield--width-full gfield_html gfield_html_formatted gfield_no_follows_desc field_sublabel_below field_description_below gfield_visibility_visible\"  data-js-reload=\"field_102_29\">Les stands sont gratuits, un soutien financier est laiss\u00e9 \u00e0 votre appr\u00e9ciation (sur facture).<\/div><div id=\"field_102_18\"  class=\"gfield gfield--width-full field_sublabel_below field_description_below gfield_visibility_visible\"  data-js-reload=\"field_102_18\"><label class='gfield_label' for='input_102_18' >Nous souhaitons soutenir le salon Zukunftsmesse West \u00e0 hauteur de (sur facture)<\/label><div class='ginput_container ginput_container_text'><input name='input_18' id='input_102_18' type='text' value='' class='large'      aria-invalid=\"false\"   \/> <\/div><\/div><div id=\"field_102_30\"  class=\"gfield gfield--width-full gfield_html gfield_html_formatted gfield_no_follows_desc field_sublabel_below field_description_below gfield_visibility_visible\"  data-js-reload=\"field_102_30\">Veuillez transf\u00e9rer le montant en indiquant le nom de l\u2019exposant sur le compte suivant :\nFranz\u00f6sischlehrerinnen und -lehrer e.V., Berliner Volksbank, IBAN: DE79 1009 0000 2608 5530 72 BIC: BEVODEBB<\/div><\/div><\/div>\n        <div class='gform_footer top_label'> <input type='submit' id='gform_submit_button_102' class='gform_button button' value='Envoyer'  onclick='if(window[\"gf_submitting_102\"]){return false;}  if( !jQuery(\"#gform_102\")[0].checkValidity || jQuery(\"#gform_102\")[0].checkValidity()){window[\"gf_submitting_102\"]=true;}  ' onkeypress='if( event.keyCode == 13 ){ if(window[\"gf_submitting_102\"]){return false;} if( !jQuery(\"#gform_102\")[0].checkValidity || jQuery(\"#gform_102\")[0].checkValidity()){window[\"gf_submitting_102\"]=true;}  jQuery(\"#gform_102\").trigger(\"submit\",[true]); }' \/> \n            <input type='hidden' class='gform_hidden' name='is_submit_102' value='1' \/>\n            <input type='hidden' class='gform_hidden' name='gform_submit' value='102' \/>\n            \n            <input type='hidden' class='gform_hidden' name='gform_unique_id' value='' \/>\n            <input type='hidden' class='gform_hidden' name='state_102' value='WyJbXSIsIjAwYmQ1ZTQ3NWM2ZjliNjBhNGE1ZWJkNWNkYWI1YmNjIl0=' \/>\n            <input type='hidden' class='gform_hidden' name='gform_target_page_number_102' id='gform_target_page_number_102' value='0' \/>\n            <input type='hidden' class='gform_hidden' name='gform_source_page_number_102' id='gform_source_page_number_102' value='1' \/>\n            <input type='hidden' name='gform_field_values' value='' \/>\n            \n        <\/div>\n                        <\/form>\n                        <\/div>\n","protected":false},"excerpt":{"rendered":"","protected":false},"author":21,"featured_media":0,"parent":1963544,"menu_order":0,"comment_status":"closed","ping_status":"closed","template":"","meta":{"_bbp_topic_count":0,"_bbp_reply_count":0,"_bbp_total_topic_count":0,"_bbp_total_reply_count":0,"_bbp_voice_count":0,"_bbp_anonymous_reply_count":0,"_bbp_topic_count_hidden":0,"_bbp_reply_count_hidden":0,"_bbp_forum_subforum_count":0,"inline_featured_image":false},"acf":[],"_links":{"self":[{"href":"https:\/\/www.dfh-ufa.org\/fr\/wp-json\/wp\/v2\/pages\/1963569"}],"collection":[{"href":"https:\/\/www.dfh-ufa.org\/fr\/wp-json\/wp\/v2\/pages"}],"about":[{"href":"https:\/\/www.dfh-ufa.org\/fr\/wp-json\/wp\/v2\/types\/page"}],"author":[{"embeddable":true,"href":"https:\/\/www.dfh-ufa.org\/fr\/wp-json\/wp\/v2\/users\/21"}],"replies":[{"embeddable":true,"href":"https:\/\/www.dfh-ufa.org\/fr\/wp-json\/wp\/v2\/comments?post=1963569"}],"version-history":[{"count":3,"href":"https:\/\/www.dfh-ufa.org\/fr\/wp-json\/wp\/v2\/pages\/1963569\/revisions"}],"predecessor-version":[{"id":1963610,"href":"https:\/\/www.dfh-ufa.org\/fr\/wp-json\/wp\/v2\/pages\/1963569\/revisions\/1963610"}],"up":[{"embeddable":true,"href":"https:\/\/www.dfh-ufa.org\/fr\/wp-json\/wp\/v2\/pages\/1963544"}],"wp:attachment":[{"href":"https:\/\/www.dfh-ufa.org\/fr\/wp-json\/wp\/v2\/media?parent=1963569"}],"curies":[{"name":"wp","href":"https:\/\/api.w.org\/{rel}","templated":true}]}}