{"id":1963605,"date":"2026-03-09T11:03:43","date_gmt":"2026-03-09T10:03:43","guid":{"rendered":"https:\/\/www.dfh-ufa.org\/fr\/?page_id=1963605"},"modified":"2026-03-09T11:03:59","modified_gmt":"2026-03-09T10:03:59","slug":"zukunftsmesse-west-inscription-des-groupes-scolaires","status":"publish","type":"page","link":"https:\/\/www.dfh-ufa.org\/fr\/actualites\/news\/zukunftsmesse-west\/zukunftsmesse-west-inscription-des-groupes-scolaires","title":{"rendered":"Zukunftsmesse West \u2013 Inscription des groupes scolaires"},"content":{"rendered":"<script type=\"text\/javascript\">var gform;gform||(document.addEventListener(\"gform_main_scripts_loaded\",function(){gform.scriptsLoaded=!0}),window.addEventListener(\"DOMContentLoaded\",function(){gform.domLoaded=!0}),gform={domLoaded:!1,scriptsLoaded:!1,initializeOnLoaded:function(o){gform.domLoaded&&gform.scriptsLoaded?o():!gform.domLoaded&&gform.scriptsLoaded?window.addEventListener(\"DOMContentLoaded\",o):document.addEventListener(\"gform_main_scripts_loaded\",o)},hooks:{action:{},filter:{}},addAction:function(o,n,r,t){gform.addHook(\"action\",o,n,r,t)},addFilter:function(o,n,r,t){gform.addHook(\"filter\",o,n,r,t)},doAction:function(o){gform.doHook(\"action\",o,arguments)},applyFilters:function(o){return gform.doHook(\"filter\",o,arguments)},removeAction:function(o,n){gform.removeHook(\"action\",o,n)},removeFilter:function(o,n,r){gform.removeHook(\"filter\",o,n,r)},addHook:function(o,n,r,t,i){null==gform.hooks[o][n]&&(gform.hooks[o][n]=[]);var e=gform.hooks[o][n];null==i&&(i=n+\"_\"+e.length),gform.hooks[o][n].push({tag:i,callable:r,priority:t=null==t?10:t})},doHook:function(n,o,r){var t;if(r=Array.prototype.slice.call(r,1),null!=gform.hooks[n][o]&&((o=gform.hooks[n][o]).sort(function(o,n){return o.priority-n.priority}),o.forEach(function(o){\"function\"!=typeof(t=o.callable)&&(t=window[t]),\"action\"==n?t.apply(null,r):r[0]=t.apply(null,r)})),\"filter\"==n)return r[0]},removeHook:function(o,n,t,i){var r;null!=gform.hooks[o][n]&&(r=(r=gform.hooks[o][n]).filter(function(o,n,r){return!!(null!=i&&i!=o.tag||null!=t&&t!=o.priority)}),gform.hooks[o][n]=r)}});<\/script>\n                <div class='gf_browser_gecko gform_wrapper gravity-theme' id='gform_wrapper_105' ><form method='post' enctype='multipart\/form-data'  id='gform_105'  action='\/fr\/wp-json\/wp\/v2\/pages\/1963605' novalidate>\n                        <div class='gform_body gform-body'><div id='gform_fields_105' class='gform_fields top_label form_sublabel_below description_below'><div id=\"field_105_3\"  class=\"gfield gfield--width-full gfield_contains_required field_sublabel_below field_description_below gfield_visibility_visible\"  data-js-reload=\"field_105_3\"><label class='gfield_label' for='input_105_3' >Nom de l\u2019\u00e9tablissement<span class=\"gfield_required\"><span class=\"gfield_required gfield_required_text\">(N\u00e9cessaire)<\/span><\/span><\/label><div class='ginput_container ginput_container_text'><input name='input_3' id='input_105_3' type='text' value='' class='large'     aria-required=\"true\" aria-invalid=\"false\"   \/> <\/div><\/div><fieldset id=\"field_105_20\"  class=\"gfield gfield--width-full gfield_contains_required field_sublabel_below field_description_below gfield_visibility_visible\"  data-js-reload=\"field_105_20\"><legend class='gfield_label'  >Type d\u2019\u00e9tablissement<span class=\"gfield_required\"><span class=\"gfield_required gfield_required_text\">(N\u00e9cessaire)<\/span><\/span><\/legend><div class='ginput_container ginput_container_radio'><div class='gfield_radio' id='input_105_20'>\n\t\t\t<div class='gchoice gchoice_105_20_0'>\n\t\t\t\t\t<input class='gfield-choice-input' name='input_20' type='radio' value='Coll\u00e8ge'  id='choice_105_20_0' onchange='gformToggleRadioOther( this )'    \/>\n\t\t\t\t\t<label for='choice_105_20_0' id='label_105_20_0'>Coll\u00e8ge<\/label>\n\t\t\t<\/div>\n\t\t\t<div class='gchoice gchoice_105_20_1'>\n\t\t\t\t\t<input class='gfield-choice-input' name='input_20' type='radio' value='Lyc\u00e9e g\u00e9n\u00e9ral et technologique'  id='choice_105_20_1' onchange='gformToggleRadioOther( this )'    \/>\n\t\t\t\t\t<label for='choice_105_20_1' id='label_105_20_1'>Lyc\u00e9e g\u00e9n\u00e9ral et technologique<\/label>\n\t\t\t<\/div>\n\t\t\t<div class='gchoice gchoice_105_20_2'>\n\t\t\t\t\t<input class='gfield-choice-input' name='input_20' type='radio' value='Lyc\u00e9e professionnel'  id='choice_105_20_2' onchange='gformToggleRadioOther( this )'    \/>\n\t\t\t\t\t<label for='choice_105_20_2' id='label_105_20_2'>Lyc\u00e9e professionnel<\/label>\n\t\t\t<\/div>\n\t\t\t<div class='gchoice gchoice_105_20_3'>\n\t\t\t\t\t<input class='gfield-choice-input' name='input_20' type='radio' value='Cit\u00e9 scolaire (coll\u00e8ge et lyc\u00e9e)'  id='choice_105_20_3' onchange='gformToggleRadioOther( this )'    \/>\n\t\t\t\t\t<label for='choice_105_20_3' id='label_105_20_3'>Cit\u00e9 scolaire (coll\u00e8ge et lyc\u00e9e)<\/label>\n\t\t\t<\/div>\n\t\t\t<div class='gchoice gchoice_105_20_4'>\n\t\t\t\t\t<input class='gfield-choice-input' name='input_20' type='radio' value='gf_other_choice'  id='choice_105_20_4' onchange='gformToggleRadioOther( this )'    \/>\n\t\t\t\t\t<label for='choice_105_20_4' id='label_105_20_4'>Autre<\/label><br \/><input id='input_105_20_other' name='input_20_other' type='text' value='Autre' aria-label='Autre choix, veuillez sp\u00e9cifier'  disabled='disabled' \/>\n\t\t\t<\/div><\/div><\/div><\/fieldset><fieldset id=\"field_105_6\"  class=\"gfield gfield--width-seven-twelfths gfield_contains_required field_sublabel_below field_description_below gfield_visibility_visible\"  data-js-reload=\"field_105_6\"><legend class='gfield_label gfield_label_before_complex'  >Allemand comme<span class=\"gfield_required\"><span class=\"gfield_required gfield_required_text\">(N\u00e9cessaire)<\/span><\/span><\/legend><div class='ginput_container ginput_container_checkbox'><div class='gfield_checkbox' id='input_105_6'><div class='gchoice gchoice_105_6_1'>\n\t\t\t\t\t\t\t\t<input class='gfield-choice-input' name='input_6.1' type='checkbox'  value='1re langue vivante (LV1)'  id='choice_105_6_1'   \/>\n\t\t\t\t\t\t\t\t<label for='choice_105_6_1' id='label_105_6_1'>1re langue vivante (LV1)<\/label>\n\t\t\t\t\t\t\t<\/div><div class='gchoice gchoice_105_6_2'>\n\t\t\t\t\t\t\t\t<input class='gfield-choice-input' name='input_6.2' type='checkbox'  value='2e langue vivante (LV2)'  id='choice_105_6_2'   \/>\n\t\t\t\t\t\t\t\t<label for='choice_105_6_2' id='label_105_6_2'>2e langue vivante (LV2)<\/label>\n\t\t\t\t\t\t\t<\/div><div class='gchoice gchoice_105_6_3'>\n\t\t\t\t\t\t\t\t<input class='gfield-choice-input' name='input_6.3' type='checkbox'  value='3e langue vivante (LV3)'  id='choice_105_6_3'   \/>\n\t\t\t\t\t\t\t\t<label for='choice_105_6_3' id='label_105_6_3'>3e langue vivante (LV3)<\/label>\n\t\t\t\t\t\t\t<\/div><div class='gchoice gchoice_105_6_4'>\n\t\t\t\t\t\t\t\t<input class='gfield-choice-input' name='input_6.4' type='checkbox'  value='sp\u00e9cialit\u00e9 ou enseignement renforc\u00e9'  id='choice_105_6_4'   \/>\n\t\t\t\t\t\t\t\t<label for='choice_105_6_4' id='label_105_6_4'>sp\u00e9cialit\u00e9 ou enseignement renforc\u00e9<\/label>\n\t\t\t\t\t\t\t<\/div><div class='gchoice gchoice_105_6_5'>\n\t\t\t\t\t\t\t\t<input class='gfield-choice-input' name='input_6.5' type='checkbox'  value='option'  id='choice_105_6_5'   \/>\n\t\t\t\t\t\t\t\t<label for='choice_105_6_5' id='label_105_6_5'>option<\/label>\n\t\t\t\t\t\t\t<\/div><\/div><\/div><\/fieldset><div id=\"field_105_5\"  class=\"gfield gfield--width-five-twelfths gfield_contains_required field_sublabel_below field_description_below gfield_visibility_visible\"  data-js-reload=\"field_105_5\"><label class='gfield_label' for='input_105_5' >Classe(s) \/ niveau(x) des \u00e9l\u00e8ves<span class=\"gfield_required\"><span class=\"gfield_required gfield_required_text\">(N\u00e9cessaire)<\/span><\/span><\/label><div class='ginput_container ginput_container_text'><input name='input_5' id='input_105_5' type='text' value='' class='large'     aria-required=\"true\" aria-invalid=\"false\"   \/> <\/div><\/div><div id=\"field_105_7\"  class=\"gfield gsection field_sublabel_below field_description_below gfield_visibility_visible\"  data-js-reload=\"field_105_7\"><h3 class=\"gsection_title\"><\/h3><\/div><div id=\"field_105_8\"  class=\"gfield gfield--width-full gfield_contains_required field_sublabel_below field_description_below gfield_visibility_visible\"  data-js-reload=\"field_105_8\"><label class='gfield_label' for='input_105_8' >Personne de contact (Nom)<span class=\"gfield_required\"><span class=\"gfield_required gfield_required_text\">(N\u00e9cessaire)<\/span><\/span><\/label><div class='ginput_container ginput_container_text'><input name='input_8' id='input_105_8' type='text' value='' class='large'     aria-required=\"true\" aria-invalid=\"false\"   \/> <\/div><\/div><div id=\"field_105_21\"  class=\"gfield gfield--width-full gfield_contains_required field_sublabel_below field_description_below gfield_visibility_visible\"  data-js-reload=\"field_105_21\"><label class='gfield_label' for='input_105_21' >Personne de contact (Pr\u00e9nom)<span class=\"gfield_required\"><span class=\"gfield_required gfield_required_text\">(N\u00e9cessaire)<\/span><\/span><\/label><div class='ginput_container ginput_container_text'><input name='input_21' id='input_105_21' type='text' value='' class='large'     aria-required=\"true\" aria-invalid=\"false\"   \/> <\/div><\/div><div id=\"field_105_9\"  class=\"gfield gfield--width-full field_sublabel_below field_description_below gfield_visibility_visible\"  data-js-reload=\"field_105_9\"><label class='gfield_label' for='input_105_9' >Titre<\/label><div class='ginput_container ginput_container_text'><input name='input_9' id='input_105_9' type='text' value='' class='large'      aria-invalid=\"false\"   \/> <\/div><\/div><div id=\"field_105_10\"  class=\"gfield gfield--width-full gfield_contains_required field_sublabel_below field_description_below gfield_visibility_visible\"  data-js-reload=\"field_105_10\"><label class='gfield_label' for='input_105_10' >Adresse de l\u2019\u00e9tablissement: Rue<span class=\"gfield_required\"><span class=\"gfield_required gfield_required_text\">(N\u00e9cessaire)<\/span><\/span><\/label><div class='ginput_container ginput_container_text'><input name='input_10' id='input_105_10' type='text' value='' class='large'     aria-required=\"true\" aria-invalid=\"false\"   \/> <\/div><\/div><div id=\"field_105_14\"  class=\"gfield gfield--width-five-twelfths gfield_contains_required field_sublabel_below field_description_below gfield_visibility_visible\"  data-js-reload=\"field_105_14\"><label class='gfield_label' for='input_105_14' >Ville de l\u2019\u00e9tablissement<span class=\"gfield_required\"><span class=\"gfield_required gfield_required_text\">(N\u00e9cessaire)<\/span><\/span><\/label><div class='ginput_container ginput_container_text'><input name='input_14' id='input_105_14' type='text' value='' class='large'     aria-required=\"true\" aria-invalid=\"false\"   \/> <\/div><\/div><div id=\"field_105_11\"  class=\"gfield gfield--width-quarter gfield_contains_required field_sublabel_below field_description_below gfield_visibility_visible\"  data-js-reload=\"field_105_11\"><label class='gfield_label' for='input_105_11' >Code Postal<span class=\"gfield_required\"><span class=\"gfield_required gfield_required_text\">(N\u00e9cessaire)<\/span><\/span><\/label><div class='ginput_container ginput_container_text'><input name='input_11' id='input_105_11' type='text' value='' class='large'     aria-required=\"true\" aria-invalid=\"false\"   \/> <\/div><\/div><div id=\"field_105_15\"  class=\"gfield gfield--width-third gfield_contains_required field_sublabel_below field_description_below gfield_visibility_visible\"  data-js-reload=\"field_105_15\"><label class='gfield_label' for='input_105_15' >R\u00e9gion<span class=\"gfield_required\"><span class=\"gfield_required gfield_required_text\">(N\u00e9cessaire)<\/span><\/span><\/label><div class='ginput_container ginput_container_text'><input name='input_15' id='input_105_15' type='text' value='' class='large'     aria-required=\"true\" aria-invalid=\"false\"   \/> <\/div><\/div><div id=\"field_105_12\"  class=\"gfield gfield--width-full field_sublabel_below field_description_below gfield_visibility_visible\"  data-js-reload=\"field_105_12\"><label class='gfield_label' for='input_105_12' >T\u00e9l\u00e9phone<\/label><div class='ginput_container ginput_container_text'><input name='input_12' id='input_105_12' type='text' value='' class='large'      aria-invalid=\"false\"   \/> <\/div><\/div><div id=\"field_105_22\"  class=\"gfield gfield--width-full gfield_contains_required field_sublabel_below field_description_below gfield_visibility_visible\"  data-js-reload=\"field_105_22\"><label class='gfield_label' for='input_105_22' >E-mail<span class=\"gfield_required\"><span class=\"gfield_required gfield_required_text\">(N\u00e9cessaire)<\/span><\/span><\/label><div class='ginput_container ginput_container_email'>\n                            <input name='input_22' id='input_105_22' type='email' value='' class='large'    aria-required=\"true\" aria-invalid=\"false\"  \/>\n                        <\/div><\/div><div id=\"field_105_16\"  class=\"gfield gsection field_sublabel_below field_description_below gfield_visibility_visible\"  data-js-reload=\"field_105_16\"><h3 class=\"gsection_title\"><\/h3><\/div><fieldset id=\"field_105_17\"  class=\"gfield gfield--width-two-thirds gfield_contains_required field_sublabel_below field_description_below gfield_visibility_visible\"  data-js-reload=\"field_105_17\"><legend class='gfield_label gfield_label_before_complex'  >Date de participation au salon:<span class=\"gfield_required\"><span class=\"gfield_required gfield_required_text\">(N\u00e9cessaire)<\/span><\/span><\/legend><div class='ginput_container ginput_container_checkbox'><div class='gfield_checkbox' id='input_105_17'><div class='gchoice gchoice_105_17_1'>\n\t\t\t\t\t\t\t\t<input class='gfield-choice-input' name='input_17.1' type='checkbox'  value='22.09.2026'  id='choice_105_17_1'   \/>\n\t\t\t\t\t\t\t\t<label for='choice_105_17_1' id='label_105_17_1'>22.09.2026<\/label>\n\t\t\t\t\t\t\t<\/div><div class='gchoice gchoice_105_17_2'>\n\t\t\t\t\t\t\t\t<input class='gfield-choice-input' name='input_17.2' type='checkbox'  value='23.09.2026'  id='choice_105_17_2'   \/>\n\t\t\t\t\t\t\t\t<label for='choice_105_17_2' id='label_105_17_2'>23.09.2026<\/label>\n\t\t\t\t\t\t\t<\/div><\/div><\/div><\/fieldset><div id=\"field_105_18\"  class=\"gfield gfield--width-third gfield_contains_required field_sublabel_below field_description_below gfield_visibility_visible\"  data-js-reload=\"field_105_18\"><label class='gfield_label' for='input_105_18' >Nombre de participants:<span class=\"gfield_required\"><span class=\"gfield_required gfield_required_text\">(N\u00e9cessaire)<\/span><\/span><\/label><div class='ginput_container ginput_container_text'><input name='input_18' id='input_105_18' type='text' value='' class='large'     aria-required=\"true\" aria-invalid=\"false\"   \/> <\/div><\/div><\/div><\/div>\n        <div class='gform_footer top_label'> <input type='submit' id='gform_submit_button_105' class='gform_button button' value='Envoyer'  onclick='if(window[\"gf_submitting_105\"]){return false;}  if( !jQuery(\"#gform_105\")[0].checkValidity || jQuery(\"#gform_105\")[0].checkValidity()){window[\"gf_submitting_105\"]=true;}  ' onkeypress='if( event.keyCode == 13 ){ if(window[\"gf_submitting_105\"]){return false;} if( !jQuery(\"#gform_105\")[0].checkValidity || jQuery(\"#gform_105\")[0].checkValidity()){window[\"gf_submitting_105\"]=true;}  jQuery(\"#gform_105\").trigger(\"submit\",[true]); }' \/> \n            <input type='hidden' class='gform_hidden' name='is_submit_105' value='1' \/>\n            <input type='hidden' class='gform_hidden' name='gform_submit' value='105' \/>\n            \n            <input type='hidden' class='gform_hidden' name='gform_unique_id' value='' \/>\n            <input type='hidden' class='gform_hidden' name='state_105' value='WyJ7XCIyMFwiOltcIjgxMGEwMzg4OTE0N2M0YWVmNmJkZjJmOGRiZDI2M2VkXCIsXCJkMDkwZjUwMzc0Mjg2OGIxYjk4NmYyZjYzOGRmOGE1N1wiLFwiOWRmNDNjNmMyNjNhODNlMGQ1MTUyZWY5NThhODk3Y2VcIixcImQwMmViODliMmVlOWE1ZGRiMzlkY2MxM2JjNzcxNDdmXCJdfSIsImUzZTNkNDMyYTFhNzQ5NmMyZDU0MzYzMGZmNWVhZTI1Il0=' \/>\n            <input type='hidden' class='gform_hidden' name='gform_target_page_number_105' id='gform_target_page_number_105' value='0' \/>\n            <input type='hidden' class='gform_hidden' name='gform_source_page_number_105' id='gform_source_page_number_105' value='1' \/>\n            <input type='hidden' name='gform_field_values' value='' \/>\n            \n        <\/div>\n                        <\/form>\n                        <\/div>\n","protected":false},"excerpt":{"rendered":"","protected":false},"author":542,"featured_media":0,"parent":1963544,"menu_order":0,"comment_status":"closed","ping_status":"closed","template":"","meta":{"_bbp_topic_count":0,"_bbp_reply_count":0,"_bbp_total_topic_count":0,"_bbp_total_reply_count":0,"_bbp_voice_count":0,"_bbp_anonymous_reply_count":0,"_bbp_topic_count_hidden":0,"_bbp_reply_count_hidden":0,"_bbp_forum_subforum_count":0,"inline_featured_image":false},"acf":[],"_links":{"self":[{"href":"https:\/\/www.dfh-ufa.org\/fr\/wp-json\/wp\/v2\/pages\/1963605"}],"collection":[{"href":"https:\/\/www.dfh-ufa.org\/fr\/wp-json\/wp\/v2\/pages"}],"about":[{"href":"https:\/\/www.dfh-ufa.org\/fr\/wp-json\/wp\/v2\/types\/page"}],"author":[{"embeddable":true,"href":"https:\/\/www.dfh-ufa.org\/fr\/wp-json\/wp\/v2\/users\/542"}],"replies":[{"embeddable":true,"href":"https:\/\/www.dfh-ufa.org\/fr\/wp-json\/wp\/v2\/comments?post=1963605"}],"version-history":[{"count":3,"href":"https:\/\/www.dfh-ufa.org\/fr\/wp-json\/wp\/v2\/pages\/1963605\/revisions"}],"predecessor-version":[{"id":1963611,"href":"https:\/\/www.dfh-ufa.org\/fr\/wp-json\/wp\/v2\/pages\/1963605\/revisions\/1963611"}],"up":[{"embeddable":true,"href":"https:\/\/www.dfh-ufa.org\/fr\/wp-json\/wp\/v2\/pages\/1963544"}],"wp:attachment":[{"href":"https:\/\/www.dfh-ufa.org\/fr\/wp-json\/wp\/v2\/media?parent=1963605"}],"curies":[{"name":"wp","href":"https:\/\/api.w.org\/{rel}","templated":true}]}}