{"id":1963761,"date":"2026-04-07T15:26:51","date_gmt":"2026-04-07T13:26:51","guid":{"rendered":"https:\/\/www.dfh-ufa.org\/fr\/?page_id=1963761"},"modified":"2026-04-07T15:37:38","modified_gmt":"2026-04-07T13:37:38","slug":"etudes-franco-allemandes","status":"publish","type":"page","link":"https:\/\/www.dfh-ufa.org\/fr\/vous-etes\/etudes-franco-allemandes","title":{"rendered":"Etudes franco-allemandes"},"content":{"rendered":"<div id=\"pl-2016951\" class=\"panel-layout\">\n<div id=\"pg-2016951-0\" class=\"panel-grid panel-no-style\">\n<div id=\"pgc-2016951-0-0\" class=\"panel-grid-cell\" data-weight=\"1\">\n<div id=\"panel-2016951-0-0-0\" class=\"so-panel widget widget_sow-editor panel-first-child\" data-index=\"0\" data-style=\"{&quot;background_image_attachment&quot;:false,&quot;background_display&quot;:&quot;tile&quot;}\">\n<div class=\"so-widget-sow-editor so-widget-sow-editor-base\">\n<div class=\"siteorigin-widget-tinymce textwidget\">\n<p>Au sein d&rsquo;un cursus soutenu par l&rsquo;<a href=\"https:\/\/www.dfh-ufa.org\/fr\/lufa\/lufa-en-bref\" target=\"_blank\" rel=\"noopener\">Universit\u00e9 franco-allemande (UFA)<\/a>, tu pourras<\/p>\n<ul>\n<li>\u00e9tudier dans <strong>deux pays<\/strong><\/li>\n<li>d\u00e9couvrir <strong>deux syst\u00e8mes universitaires<\/strong><\/li>\n<li>obtenir <strong>deux dipl\u00f4mes<\/strong><\/li>\n<\/ul>\n<p>&nbsp;<\/p>\n<p>\ud83d\udc49 Pas encore convaincu\u00b7e ? Certains programmes se d\u00e9roulent m\u00eame dans <strong>trois pays<\/strong> !<\/p>\n<\/div>\n<\/div>\n<\/div>\n<\/div>\n<\/div>\n<\/div>\n<hr \/>\n<h4 style=\"text-align: center;\">\ud83c\udf0d <a href=\"https:\/\/www.dfh-ufa.org\/app\/uploads\/2025\/10\/DFH-UFA-Plakat_A1_2025_e04_DE-FR_web.jpg\" target=\"_blank\" rel=\"noopener\">D\u00e9couvre 135 villes universitaires<\/a><\/h4>\n<p>&nbsp;<\/p>\n<div id=\"pl-2016951\" class=\"panel-layout\">\n<div id=\"pg-2016951-0\" class=\"panel-grid panel-no-style\">\n<div id=\"pgc-2016951-0-0\" class=\"panel-grid-cell\" data-weight=\"1\">\n<div id=\"panel-2016951-0-0-0\" class=\"so-panel widget widget_sow-editor panel-first-child\" data-index=\"0\" data-style=\"{&quot;background_image_attachment&quot;:false,&quot;background_display&quot;:&quot;tile&quot;}\">\n<div class=\"so-widget-sow-editor so-widget-sow-editor-base\">\n<div class=\"siteorigin-widget-tinymce textwidget\">\n<hr \/>\n<div id=\"panel-2016951-0-0-1\" class=\"so-panel widget widget_sow-editor\" data-index=\"1\" data-style=\"{&quot;background_image_attachment&quot;:false,&quot;background_display&quot;:&quot;tile&quot;}\">\n<div class=\"so-widget-sow-editor so-widget-sow-editor-base\">\n<div class=\"siteorigin-widget-tinymce textwidget\">\n<p><a class=\"button primary\" href=\"https:\/\/www.dfh-ufa.org\/fr\/programmes\/guide-des-etudes?noredirect=fr_FR\" target=\"_blank\" rel=\"noopener\">Que tu sois int\u00e9ress\u00e9\u00b7e par l\u2019\u00e9conomie, l\u2019ing\u00e9nierie, la culture, la politique, l\u2019enseignement, le droit ou les sciences : il existe 199 programmes dans presque tous les domaines.<\/a><a href=\"https:\/\/www.dfh-ufa.org\/fr\/programmes\/guide-des-etudes?noredirect=fr_FR\"><img decoding=\"async\" loading=\"lazy\" class=\"aligncenter wp-image-2012631 size-large\" src=\"https:\/\/www.dfh-ufa.org\/app\/uploads\/2025\/04\/Screenshot-Studienfuehrer1-1024x155.png\" alt=\"\" width=\"1024\" height=\"155\" \/><\/a><\/p>\n<hr \/>\n<h4 style=\"text-align: center;\">Des \u00e9tudes qui te ressemblent<br \/>\net te font avancer !<\/h4>\n<hr \/>\n<\/div>\n<\/div>\n<\/div>\n<div id=\"panel-2016951-0-0-2\" class=\"so-panel widget widget_sow-editor\" data-index=\"2\" data-style=\"{&quot;background_image_attachment&quot;:false,&quot;background_display&quot;:&quot;tile&quot;}\">\n<div class=\"so-widget-sow-editor so-widget-sow-editor-base\">\n<div class=\"siteorigin-widget-tinymce textwidget\">\n<h2><\/h2>\n<h2>Ce que tu y gagnes<\/h2>\n<h4><strong>\u2705 Une exp\u00e9rience internationale<\/strong><\/h4>\n<p>Tu \u00e9tudies et vis dans deux pays. Tu passes au moins une ann\u00e9e enti\u00e8re en France.<\/p>\n<h4><strong>\u2705 Un double dipl\u00f4me<\/strong><\/h4>\n<p>Deux dipl\u00f4mes universitaires reconnus.<\/p>\n<h4><strong>\u2705 De meilleures opportunit\u00e9s professionnelles<\/strong><\/h4>\n<p>Les profils internationaux et interculturels sont tr\u00e8s recherch\u00e9s.<\/p>\n<h4><strong>\u2705 Comp\u00e9tence linguistique<\/strong><\/h4>\n<p>Ton allemand s\u2019am\u00e9liore \u00e0 vue d\u2019\u0153il.<\/p>\n<h4><strong>\u2705 Un parcours bien encadr\u00e9<\/strong><\/h4>\n<p>Les universit\u00e9s s\u2019occupent de l\u2019organisation et de la reconnaissance des examens.<br \/>\nTu as toujours un contact sur place si besoin !<\/p>\n<h4><strong>\u2705 Des amiti\u00e9s franco-allemandes<\/strong><\/h4>\n<p>Tu int\u00e8gres un groupe de petite taille et franco-allemand.<\/p>\n<h4><strong>\u2705 Un soutien financier<\/strong><\/h4>\n<p>L\u2019UFA te soutient \u00e0 hauteur de 350 \u20ac par mois pendant ta p\u00e9riode \u00e0 l\u2019\u00e9tranger.<\/p>\n<hr \/>\n<h5><\/h5>\n<h4 style=\"text-align: center;\"><a href=\"https:\/\/www.instagram.com\/reel\/DQwEQ8BiLtB\/\" target=\"_blank\" rel=\"noopener\"><strong>\u25b6\ufe0f\u00a0D\u00e9couvre tous les avantages en vid\u00e9o<\/strong><\/a><\/h4>\n<h5><\/h5>\n<hr \/>\n<div id=\"panel-2016951-0-0-3\" class=\"so-panel widget widget_sow-editor\" data-index=\"3\" data-style=\"{&quot;background_image_attachment&quot;:false,&quot;background_display&quot;:&quot;tile&quot;}\">\n<div class=\"so-widget-sow-editor so-widget-sow-editor-base\">\n<h2 class=\"widget-title\">Ce qu&rsquo;il te faut pour postuler<\/h2>\n<div class=\"siteorigin-widget-tinymce textwidget\">\n<ul>\n<li>Dipl\u00f4me requis pour l\u2019enseignement sup\u00e9rieur (par exemple, baccalaur\u00e9at ou licence)<\/li>\n<li>Int\u00e9r\u00eat pour des \u00e9tudes internationales<\/li>\n<li>Connaissances en allemand (selon le programme, niveau minimum B1)<br \/>\n\ud83d\udca1 De nombreux programmes t\u2019aident \u00e0 am\u00e9liorer ton niveau d&rsquo;allemand !<\/li>\n<\/ul>\n<h4><a href=\"https:\/\/www.dfh-ufa.org\/fr\/programmes\/guide-des-etudes?noredirect=fr_FR\" target=\"_blank\" rel=\"noopener\"><img decoding=\"async\" class=\"emoji\" role=\"img\" src=\"https:\/\/s.w.org\/images\/core\/emoji\/14.0.0\/svg\/1f449.svg\" alt=\"\ud83d\udc49\" \/><\/a> <a href=\"https:\/\/www.dfh-ufa.org\/fr\/programmes\/guide-des-etudes?noredirect=fr_FR\" target=\"_blank\" rel=\"noopener\">Consulte les crit\u00e8res d\u2019admission de ton programme<\/a><\/h4>\n<\/div>\n<\/div>\n<hr \/>\n<div class=\"so-widget-sow-editor so-widget-sow-editor-base\">\n<div class=\"siteorigin-widget-tinymce textwidget\">\n<div id=\"panel-2016951-0-0-4\" class=\"so-panel widget widget_sow-editor\" data-index=\"4\" data-style=\"{&quot;background_image_attachment&quot;:false,&quot;background_display&quot;:&quot;tile&quot;}\">\n<div class=\"so-widget-sow-editor so-widget-sow-editor-base\">\n<h2 class=\"widget-title\">Comment candidater<\/h2>\n<div class=\"siteorigin-widget-tinymce textwidget\">\n<p>\ud83d\udd0d Choisis ton programme et v\u00e9rifie les conditions d\u2019admission, la proc\u00e9dure et les dates limites<\/p>\n<p>\ud83d\udcdd Pr\u00e9pare ton dossier de candidature<\/p>\n<p>\ud83d\udcec Postule sur <a href=\"https:\/\/www.parcoursup.gouv.fr\/\" target=\"_blank\" rel=\"noopener\">Parcoursup<\/a> (ou aupr\u00e8s de l&rsquo;universit\u00e9 allemande, depuis l&rsquo;Allemagne)<\/p>\n<p>\ud83d\udc65 S\u00e9lection\u202f: passe un entretien et\/ou un test<\/p>\n<p>\u2705 Re\u00e7ois ton admission et pars \u00e0 l\u2019aventure<\/p>\n<h4><img decoding=\"async\" class=\"emoji\" role=\"img\" src=\"https:\/\/s.w.org\/images\/core\/emoji\/14.0.0\/svg\/1f449.svg\" alt=\"\ud83d\udc49\" \/><a href=\"https:\/\/www.dfh-ufa.org\/fr\/programmes\/guide-des-etudes?noredirect=fr_FR\" target=\"_blank\" rel=\"noopener\">Consulte les dates et proc\u00e9dures d\u00e8s maintenant<\/a><\/h4>\n<hr \/>\n<div id=\"panel-2016951-0-0-5\" class=\"so-panel widget widget_sow-editor panel-last-child\" data-index=\"5\">\n<div class=\"so-panel widget widget_media_video\" data-index=\"4\" data-style=\"{&quot;background_image_attachment&quot;:false,&quot;background_display&quot;:&quot;tile&quot;}\"><\/div>\n<div data-index=\"4\" data-style=\"{&quot;background_image_attachment&quot;:false,&quot;background_display&quot;:&quot;tile&quot;}\"><\/div>\n<div data-index=\"4\" data-style=\"{&quot;background_image_attachment&quot;:false,&quot;background_display&quot;:&quot;tile&quot;}\"><\/div>\n<div data-index=\"4\" data-style=\"{&quot;background_image_attachment&quot;:false,&quot;background_display&quot;:&quot;tile&quot;}\"><\/div>\n<h2>Tu veux en savoir plus ?<\/h2>\n<p>1\ufe0f\u20e3 <a href=\"https:\/\/www.ffa-dff.org\/fr\/accueil\" target=\"_blank\" rel=\"noopener\"><strong>Viens au prochain Forum franco-allemand<\/strong><\/a><br \/>\nRencontre les responsables de plus de 100 programmes franco-allemands et \u00e9change avec eux en personne !<br \/>\n\ud83d\udcc5 <a href=\"https:\/\/www.ffa-dff.org\/fr\/accueil\" target=\"_blank\" rel=\"noopener\">Chaque automne \u00e0 Strasbourg<\/a><\/p>\n<p class=\"so-widget-sow-editor so-widget-sow-editor-base\">2\ufe0f\u20e3 <a href=\"https:\/\/www.instagram.com\/stories\/highlights\/17942023681811248\/?hl=fr\" target=\"_blank\" rel=\"noopener\"><strong>D\u00e9couvre des t\u00e9moignages d\u2019\u00e9tudiant\u00b7es<\/strong><\/a><\/p>\n<div class=\"so-widget-sow-editor so-widget-sow-editor-base\">\n<p><strong>3\ufe0f\u20e3 <a href=\"https:\/\/www.dfh-ufa.org\/app\/uploads\/2024\/07\/Leitfaden-fuer-DFH-Studierende.pdf\" target=\"_blank\" rel=\"noopener\">Obtiens des conseils aupr\u00e8s de la repr\u00e9sentation \u00e9tudiante de l\u2019UFA<\/a><\/strong><\/p>\n<p><strong>4\ufe0f\u20e3<\/strong> <a href=\"https:\/\/www.dfh-ufa.org\/fr\/vous-etes\/etudiant\/faq-etudiants?noredirect=fr_FR\" target=\"_blank\" rel=\"noopener\"><strong>FAQ<\/strong><\/a><\/p>\n<p><strong>5\ufe0f\u20e3 <a href=\"https:\/\/www.dfh-ufa.org\/fr\/contact?noredirect=fr_FR\" target=\"_blank\" rel=\"noopener\">Contacte-nous<\/a><\/strong><\/p>\n<p>\ud83d\udce7 <a href=\"mailto:inscription(at)dfh-ufa.org\">inscription[at]dfh-ufa.org<\/a><br \/>\n\ud83d\udcde+49 681 938 12 \u2013 100<\/p>\n<hr \/>\n<h4><strong>Et au fait&#8230; Sais-tu tout ce que tu peux d\u00e9couvrir en Allemagne ?<\/strong><br \/>\n<strong>\ud83d\udc49<a href=\"https:\/\/www.dfh-ufa.org\/app\/uploads\/2024\/08\/240315-gi-brochure-allemand-planche-web.pdf\" target=\"_blank\" rel=\"noopener\"><em>Immerge-toi dans la culture allemande !<\/em><\/a><\/strong><\/h4>\n<\/div>\n<\/div>\n<\/div>\n<\/div>\n<\/div>\n<\/div>\n<\/div>\n<\/div>\n<\/div>\n<\/div>\n<\/div>\n<\/div>\n<\/div>\n<\/div>\n<\/div>\n<\/div>\n<\/div>\n","protected":false},"excerpt":{"rendered":"<p>Au sein d&rsquo;un cursus soutenu par l&rsquo;Universit\u00e9 franco-allemande (UFA), tu pourras \u00e9tudier dans deux pays d\u00e9couvrir deux syst\u00e8mes universitaires obtenir deux dipl\u00f4mes &nbsp; \ud83d\udc49 Pas encore convaincu\u00b7e ? Certains programmes se d\u00e9roulent m\u00eame dans trois pays ! \ud83c\udf0d D\u00e9couvre 135 villes universitaires &nbsp; Que tu sois int\u00e9ress\u00e9\u00b7e par l\u2019\u00e9conomie, l\u2019ing\u00e9nierie, la culture, la politique, l\u2019enseignement, [&hellip;]<\/p>\n","protected":false},"author":21,"featured_media":0,"parent":811,"menu_order":0,"comment_status":"closed","ping_status":"closed","template":"","meta":{"_bbp_topic_count":0,"_bbp_reply_count":0,"_bbp_total_topic_count":0,"_bbp_total_reply_count":0,"_bbp_voice_count":0,"_bbp_anonymous_reply_count":0,"_bbp_topic_count_hidden":0,"_bbp_reply_count_hidden":0,"_bbp_forum_subforum_count":0,"inline_featured_image":false},"acf":[],"_links":{"self":[{"href":"https:\/\/www.dfh-ufa.org\/fr\/wp-json\/wp\/v2\/pages\/1963761"}],"collection":[{"href":"https:\/\/www.dfh-ufa.org\/fr\/wp-json\/wp\/v2\/pages"}],"about":[{"href":"https:\/\/www.dfh-ufa.org\/fr\/wp-json\/wp\/v2\/types\/page"}],"author":[{"embeddable":true,"href":"https:\/\/www.dfh-ufa.org\/fr\/wp-json\/wp\/v2\/users\/21"}],"replies":[{"embeddable":true,"href":"https:\/\/www.dfh-ufa.org\/fr\/wp-json\/wp\/v2\/comments?post=1963761"}],"version-history":[{"count":15,"href":"https:\/\/www.dfh-ufa.org\/fr\/wp-json\/wp\/v2\/pages\/1963761\/revisions"}],"predecessor-version":[{"id":1963844,"href":"https:\/\/www.dfh-ufa.org\/fr\/wp-json\/wp\/v2\/pages\/1963761\/revisions\/1963844"}],"up":[{"embeddable":true,"href":"https:\/\/www.dfh-ufa.org\/fr\/wp-json\/wp\/v2\/pages\/811"}],"wp:attachment":[{"href":"https:\/\/www.dfh-ufa.org\/fr\/wp-json\/wp\/v2\/media?parent=1963761"}],"curies":[{"name":"wp","href":"https:\/\/api.w.org\/{rel}","templated":true}]}}