{"id":19639,"date":"2019-11-27T14:26:46","date_gmt":"2019-11-27T13:26:46","guid":{"rendered":"https:\/\/www.dfh-ufa.org\/fr\/?page_id=19639"},"modified":"2020-08-19T14:02:13","modified_gmt":"2020-08-19T12:02:13","slug":"d-i-les-principes-generaux-de-levaluation","status":"publish","type":"page","link":"https:\/\/www.dfh-ufa.org\/fr\/vous-etes\/etablissements\/evaluation\/charte-devaluation-et-dassurance-qualite-des-programmes-detudes-et-programmes-de-soutien-aux-jeunes-chercheurs\/d-levaluation-des-programmes-detudes-et-de-soutien-aux-jeunes-chercheurs\/d-i-les-principes-generaux-de-levaluation","title":{"rendered":"D.I. Les principes g\u00e9n\u00e9raux de l\u2019\u00e9valuation"},"content":{"rendered":"<p>L\u2019\u00e9valuation d\u2019un programme par l\u2019UFA est fond\u00e9e sur et cons\u00e9cutive \u00e0 la pr\u00e9sentation d\u2019une\u00a0demande de soutien r\u00e9pondant \u00e0 un appel \u00e0 projets.<br \/>\nDans le cas d\u2019une demande de prolongation de soutien, notamment pour les programmes d\u2019\u00e9tudes et les programmes de PhD-Track les r\u00e9sultats de l\u2019\u00e9valuation administrative et des rapports \u00e9tudiants int\u00e9grant l\u2019appr\u00e9ciation des acquis ant\u00e9rieurs sont pris en compte dans l\u2019appr\u00e9ciation globale.<\/p>\n<p>Les demandes de soutien adress\u00e9es \u00e0 l\u2019UFA sont soumises \u00e0 une proc\u00e9dure d\u2019\u00e9valuation en plusieurs \u00e9tapes.<\/p>\n<p>L\u2019\u00e9valuation se fonde\u00a0:<\/p>\n<ul>\n<li>sur des expertises men\u00e9es par des enseignants-chercheurs externes et ind\u00e9pendants, fran\u00e7ais et allemands, appel\u00e9s \u00ab\u00a0experts\u00a0\u00bb par la suite.<\/li>\n<li>sur les recommandations d\u2019instances consultatives telles que les groupes d\u2019\u00e9valuation et la commission scientifique.<\/li>\n<\/ul>\n<p>&nbsp;<\/p>\n<p>L\u2019UFA se doit de respecter le principe g\u00e9n\u00e9ralement appliqu\u00e9 dans les milieux scientifiques de \u00ab\u00a0peer group-review\u00a0\u00bb, l\u2019\u00e9valuation par les pairs.<\/p>\n<p>Pour l\u2019\u00e9valuation de ses programmes franco-allemands, l\u2019UFA entend disposer des jugements d\u2019un tandem d\u2019experts\u00a0: un expert issu d\u2019un \u00e9tablissement d\u2019enseignement sup\u00e9rieur fran\u00e7ais et un expert issu d\u2019un \u00e9tablissement d\u2019enseignement sup\u00e9rieur allemand.<\/p>\n<p>Les experts devront \u00e0 chaque fois \u00e9valuer l\u2019ensemble du dossier, c\u2019est-\u00e0-dire les parties fran\u00e7aise et allemande.<\/p>\n<p>L\u2019\u00e9valuation des programmes d\u2019\u00e9tudes se fait pour une p\u00e9riode de quatre ans (\u00e0 l\u2019exception des programmes de PhD-Track \u00e9valu\u00e9s tous les 5 ans) et est renouvelable. Lors d\u2019une \u00e9valuation, mais de fa\u00e7on marginale, un contr\u00f4le apr\u00e8s deux ann\u00e9es peut \u00eatre demand\u00e9 par le groupe d\u2019\u00e9valuation et la commission scientifique.<\/p>\n<p>L\u2019UFA propose chaque ann\u00e9e, notamment pour les nouveaux experts des cursus d\u2019\u00e9tudes et des programmes de PhD-Track, une r\u00e9union d\u2019information, en vue de leur expliciter la proc\u00e9dure d\u2019\u00e9valuation, les crit\u00e8res \u00e0 respecter et donc de bien les pr\u00e9parer \u00e0 leur mission d\u2019\u00e9valuation.<\/p>\n<h2>S\u00e9lection des experts et conditions de travail<\/h2>\n<p>Pour la s\u00e9lection des experts, le Secr\u00e9tariat de l\u2019UFA recherche des experts fran\u00e7ais et allemands sur la base des crit\u00e8res d\u00e9finis ci-apr\u00e8s. Il adresse la liste de ces experts au Secr\u00e9taire g\u00e9n\u00e9ral pour information et les propose au pr\u00e9sident de la commission scientifique pour validation.<\/p>\n<p>Le choix et la d\u00e9signation des experts, qui se mettent ainsi ponctuellement au service de l\u2019UFA, vise \u00e0 garantir le respect des principes suivants\u00a0:<\/p>\n<h3>Qualification<\/h3>\n<p>Le choix de l\u2019expert repose sur la base de certaines comp\u00e9tences\u00a0:<\/p>\n<ul>\n<li>poss\u00e9der la qualification scientifique ad\u00e9quate et justifier d\u2019une activit\u00e9 dans le domaine disciplinaire concern\u00e9,<\/li>\n<li>l\u2019enseignement et\/ou la recherche doivent constituer une des activit\u00e9s professionnelles r\u00e9guli\u00e8res de l\u2019expert sollicit\u00e9,<\/li>\n<li>avoir une connaissance suffisante de la culture disciplinaire et du syst\u00e8me universitaire du pays partenaire,<\/li>\n<li>si possible avoir de bonnes connaissances sur ce qu\u2019est un cursus int\u00e9gr\u00e9 binational,<\/li>\n<li>avoir une sensibilit\u00e9 envers l\u2019insertion professionnelle des dipl\u00f4m\u00e9s de l\u2019enseignement sup\u00e9rieur,<\/li>\n<li>disposer de comp\u00e9tences linguistiques dans les langues de travail de l\u2019UFA, et au moins poss\u00e9der une bonne compr\u00e9hension passive de la langue du partenaire.<\/li>\n<\/ul>\n<p>&nbsp;<\/p>\n<h3>Ind\u00e9pendance \/ impartialit\u00e9<\/h3>\n<p>Ne pourront pas \u00eatre engag\u00e9es comme experts, les personnes\u00a0:<\/p>\n<ul>\n<li>qui sont employ\u00e9es ou li\u00e9es par contrat \u00e0 l\u2019\u00e9tablissement concern\u00e9 par la mission d\u2019expertise ou qui mettent en \u0153uvre avec l\u2019\u00e9tablissement des projets de coop\u00e9ration d\u2019une importance significative,<\/li>\n<li>qui sont membres de la commission scientifique et du conseil d\u2019universit\u00e9 de l\u2019UFA.<\/li>\n<\/ul>\n<p>&nbsp;<\/p>\n<p>Les pr\u00e9sidents et vice-pr\u00e9sidents des groupes d\u2019\u00e9valuation ne peuvent \u00eatre membres, ni de la commission scientifique, ni du conseil d\u2019universit\u00e9 de l\u2019UFA. Ils peuvent assister \u00e0 la commission scientifique en tant qu\u2019observateurs et sur invitation expresse de la commission.<br \/>\nEn outre, pour les programmes d\u2019\u00e9tudes, les pr\u00e9sidents des groupes d\u2019\u00e9valuation ne peuvent pas exercer de mission d\u2019expertise pour l\u2019UFA.<\/p>\n<h3>Loyaut\u00e9 \/ objectivit\u00e9<\/h3>\n<p>Les experts s\u2019engagent :<\/p>\n<ul>\n<li>\u00e0 appliquer lors de l\u2019expertise les crit\u00e8res de qualit\u00e9, les exigences en mati\u00e8re d\u2019\u00e9valuation et les r\u00e8gles d\u2019\u00e9valuation de l\u2019UFA,<\/li>\n<li>\u00e0 accorder le m\u00eame traitement aux diff\u00e9rents projets \u00e0 \u00e9valuer, en utilisant pour chacun d\u2019entre eux les m\u00eames crit\u00e8res d\u2019\u00e9valuation.<\/li>\n<\/ul>\n<p>&nbsp;<\/p>\n<h3>Engagements en termes de respect des d\u00e9lais<\/h3>\n<ul>\n<li>L\u2019UFA s\u2019engage \u00e0 informer au plus t\u00f4t les experts sur leur mission d\u2019\u00e9valuation et \u00e0 leur fournir les documents n\u00e9cessaires dans la forme adapt\u00e9e.<\/li>\n<li>Les experts s\u2019engagent \u00e0 respecter les d\u00e9lais fix\u00e9s par l\u2019UFA concernant la remise des expertises. Pour le cas o\u00f9 ces d\u00e9lais ne pourraient pas \u00eatre tenus, les experts doivent informer l\u00b4UFA du retard, et ce dans les meilleurs d\u00e9lais.<\/li>\n<li>Au cas o\u00f9 le Secr\u00e9tariat aurait eu recours \u00e0 un expert autre par manque de communication de la part de l\u2019expert d\u00e9sign\u00e9, il ne pourra en principe plus \u00eatre tenu compte de l\u2019expertise de l\u2019expert initialement mandat\u00e9 si celui-ci devait la transmettre ult\u00e9rieurement malgr\u00e9 tout.<\/li>\n<\/ul>\n<p>&nbsp;<\/p>\n<h3>Confidentialit\u00e9 et anonymat<\/h3>\n<p>Toutes les personnes impliqu\u00e9es dans la proc\u00e9dure d\u2019\u00e9valuation s\u2019engagent\u00a0:<\/p>\n<ul>\n<li>\u00e0 ne divulguer aucune information concernant le projet \u00e9valu\u00e9 \u00e0 des tiers et \u00e0 ne pas utiliser ces informations \u00e0 d\u2019autres fins que celle de leur \u00e9valuation m\u00eame,<\/li>\n<li>\u00e0 se conformer aux r\u00e9glementations en vigueur en mati\u00e8re de traitement et d\u2019archivage des donn\u00e9es personnelles et d\u2019informations relatives \u00e0 la proc\u00e9dure,<\/li>\n<li>\u00e0 ne pas entrer directement en contact avec les \u00e9tablissements demandeurs afin de pr\u00e9server l\u2019anonymat\u00a0; en cas de besoin d\u2019informations compl\u00e9mentaires, celles-ci seront uniquement obtenues par l\u2019interm\u00e9diaire du Secr\u00e9tariat de l\u00b4UFA,<\/li>\n<li>\u00e0 ne pas transmettre l\u2019avis d\u2019expertise aux porteurs de projet ou \u00e0 des tiers\u00a0; les r\u00e9sultats d\u2019\u00e9valuation seront communiqu\u00e9s \u00e0 ces derniers (sous forme anonyme) par l\u2019UFA.<\/li>\n<\/ul>\n<p>&nbsp;<\/p>\n<p>Dans le cadre de l&rsquo;\u00e9valuation et de la communication des r\u00e9sultats, l&rsquo;UFA garantit la confidentialit\u00e9 et la mise en place de r\u00e8gles visant \u00e0 \u00e9viter les conflits d&rsquo;int\u00e9r\u00eats et chevauchements de fonctions dans tous ses organes et instances consultatives.<\/p>\n<h3>Obligation de pr\u00e9sence<\/h3>\n<p>En particulier pour les programmes d\u2019\u00e9tudes, les nouveaux experts devraient \u00eatre pr\u00e9sents personnellement \u00e0 la r\u00e9union d\u2019information organis\u00e9e \u00e0 leur intention. De fa\u00e7on g\u00e9n\u00e9rale, tous les experts se doivent d\u2019\u00eatre pr\u00e9sents \u00e0 la r\u00e9union des groupes d\u2019\u00e9valuation qui se tient \u00e0 l\u2019UFA en principe mi-f\u00e9vrier.<\/p>\n<h2>Participation d\u2019autres personnes \u00e0 la proc\u00e9dure d\u2019\u00e9valuation des programmes d\u2019\u00e9tudes<\/h2>\n<p>Des personnalit\u00e9s du monde du travail, des repr\u00e9sentants du monde \u00e9conomique ainsi que des repr\u00e9sentants des \u00e9tudiants participent \u00e0 la r\u00e9union d\u2019\u00e9valuation \u00e0 titre d\u2019observateurs aux c\u00f4t\u00e9s des experts. Ces personnes sont soumises aux m\u00eames r\u00e8gles d\u2019impartialit\u00e9, de confidentialit\u00e9 et d\u2019objectivit\u00e9 que celles s\u2019appliquant aux experts, \u00e0 l\u2019exception de l\u2019obligation d\u2019exercer une activit\u00e9 d\u2019enseignement.<\/p>\n<h2>D\u00e9fraiement<\/h2>\n<p>L\u2019UFA accorde aux experts une indemnit\u00e9 forfaitaire pour frais de bureau et rembourse les frais de d\u00e9placement occasionn\u00e9s par leur venue \u00e0 la r\u00e9union d\u2019\u00e9valuation.<\/p>\n","protected":false},"excerpt":{"rendered":"<p>L\u2019\u00e9valuation d\u2019un programme par l\u2019UFA est fond\u00e9e sur et cons\u00e9cutive \u00e0 la pr\u00e9sentation d\u2019une\u00a0demande de soutien r\u00e9pondant \u00e0 un appel \u00e0 projets. Dans le cas d\u2019une demande de prolongation de soutien, notamment pour les programmes d\u2019\u00e9tudes et les programmes de PhD-Track les r\u00e9sultats de l\u2019\u00e9valuation administrative et des rapports \u00e9tudiants int\u00e9grant l\u2019appr\u00e9ciation des acquis ant\u00e9rieurs [&hellip;]<\/p>\n","protected":false},"author":3,"featured_media":0,"parent":19637,"menu_order":0,"comment_status":"closed","ping_status":"closed","template":"","meta":{"_bbp_topic_count":0,"_bbp_reply_count":0,"_bbp_total_topic_count":0,"_bbp_total_reply_count":0,"_bbp_voice_count":0,"_bbp_anonymous_reply_count":0,"_bbp_topic_count_hidden":0,"_bbp_reply_count_hidden":0,"_bbp_forum_subforum_count":0,"inline_featured_image":false},"acf":[],"_links":{"self":[{"href":"https:\/\/www.dfh-ufa.org\/fr\/wp-json\/wp\/v2\/pages\/19639"}],"collection":[{"href":"https:\/\/www.dfh-ufa.org\/fr\/wp-json\/wp\/v2\/pages"}],"about":[{"href":"https:\/\/www.dfh-ufa.org\/fr\/wp-json\/wp\/v2\/types\/page"}],"author":[{"embeddable":true,"href":"https:\/\/www.dfh-ufa.org\/fr\/wp-json\/wp\/v2\/users\/3"}],"replies":[{"embeddable":true,"href":"https:\/\/www.dfh-ufa.org\/fr\/wp-json\/wp\/v2\/comments?post=19639"}],"version-history":[{"count":5,"href":"https:\/\/www.dfh-ufa.org\/fr\/wp-json\/wp\/v2\/pages\/19639\/revisions"}],"predecessor-version":[{"id":186828,"href":"https:\/\/www.dfh-ufa.org\/fr\/wp-json\/wp\/v2\/pages\/19639\/revisions\/186828"}],"up":[{"embeddable":true,"href":"https:\/\/www.dfh-ufa.org\/fr\/wp-json\/wp\/v2\/pages\/19637"}],"wp:attachment":[{"href":"https:\/\/www.dfh-ufa.org\/fr\/wp-json\/wp\/v2\/media?parent=19639"}],"curies":[{"name":"wp","href":"https:\/\/api.w.org\/{rel}","templated":true}]}}