{"id":19640,"date":"2019-11-27T14:27:11","date_gmt":"2019-11-27T13:27:11","guid":{"rendered":"https:\/\/www.dfh-ufa.org\/fr\/?page_id=19640"},"modified":"2020-08-19T14:02:09","modified_gmt":"2020-08-19T12:02:09","slug":"d-ii-evaluation-des-programmes-detudes-et-des-programmes-de-phd-track","status":"publish","type":"page","link":"https:\/\/www.dfh-ufa.org\/fr\/vous-etes\/etablissements\/evaluation\/charte-devaluation-et-dassurance-qualite-des-programmes-detudes-et-programmes-de-soutien-aux-jeunes-chercheurs\/d-levaluation-des-programmes-detudes-et-de-soutien-aux-jeunes-chercheurs\/d-ii-evaluation-des-programmes-detudes-et-des-programmes-de-phd-track","title":{"rendered":"D.II. \u00c9valuation des programmes d\u2019\u00e9tudes et des programmes de PhD-Track"},"content":{"rendered":"<p>Les s\u00e9quences de l\u2019\u00e9valuation et des d\u00e9cisions sont les suivantes\u00a0:<\/p>\n<ul>\n<li>les dossiers de demande de soutien doivent \u00eatre d\u00e9pos\u00e9s pour le 31 octobre par voie informatique sur le site de l\u2019UFA, une manifestation d\u2019int\u00e9r\u00eat ayant \u00e9t\u00e9 d\u00e9pos\u00e9e au pr\u00e9alable avant le 30 juin.<\/li>\n<li>les dossiers de demande de soutien sont transmis aux experts \u00e0 la mi-d\u00e9cembre de l\u2019ann\u00e9e consid\u00e9r\u00e9e, \u00e9galement sous forme \u00e9lectronique sur un site s\u00e9curis\u00e9.<\/li>\n<li>les experts disposent d\u2019environ quatre semaines pour l\u2019expertise individuelle et pour la concertation avec leur partenaire de tandem.<\/li>\n<li>la r\u00e9union commune de tous les experts, fonctionnant sous forme de groupes d\u2019\u00e9valuation disciplinaires, est organis\u00e9e pour la mi-f\u00e9vrier\u00a0; les pr\u00e9sidents de groupe d\u2019\u00e9valuation font un compte-rendu des travaux de leurs groupes respectifs pour transmission \u00e0 la commission scientifique.<\/li>\n<li>la r\u00e9union d\u2019\u00e9valuation est suivie de la r\u00e9union de la commission scientifique \u00e0 la mi-mars\u00a0: celle-ci statue sur les r\u00e9sultats de l\u2019\u00e9valuation et transmet ses recommandations au conseil d\u2019universit\u00e9.<\/li>\n<li>la r\u00e9union d\u00e9lib\u00e9rative du conseil d\u2019universit\u00e9 a lieu en principe en avril.<\/li>\n<li>les r\u00e9sultats de l\u2019\u00e9valuation sont communiqu\u00e9s aux \u00e9tablissements suite \u00e0 ce conseil d\u2019universit\u00e9.<\/li>\n<\/ul>\n<h2>Les \u00e9tapes du processus d\u2019\u00e9valuation et de d\u00e9cision<\/h2>\n<p>L\u2019\u00e9valuation est une proc\u00e9dure complexe en 4 \u00e9tapes\u00a0:<\/p>\n<h3>Une \u00e9valuation formelle et administrative<\/h3>\n<p>Le Secr\u00e9tariat de l\u2019UFA effectue une \u00e9valuation formelle de tous les dossiers de demande de soutien afin d\u2019en v\u00e9rifier la conformit\u00e9 et la recevabilit\u00e9 de principe. En cas de lacunes, le Secr\u00e9tariat veillera, dans la mesure du possible, \u00e0 ce que ces lacunes soient combl\u00e9es par les responsables de programmes, avant de transmettre ensuite la demande aux experts.<\/p>\n<p>Pour des programmes d\u00b4\u00e9tudes d\u00e9j\u00e0 soutenus par l\u2019UFA, le Secr\u00e9tariat de l\u2019UFA proc\u00e8de dans une \u00e9tape suppl\u00e9mentaire d\u2019abord \u00e0 une \u00e9valuation administrative qui tient compte du bilan (ant\u00e9riorit\u00e9, cohortes d\u2019\u00e9tudiants, identification du programme avec l\u2019UFA, justificatif d\u2019utilisation des allocations\u2026) avant de proc\u00e9der \u00e0 la d\u00e9marche pr\u00e9cis\u00e9e dans le paragraphe pr\u00e9c\u00e9dent.<\/p>\n<h3>Une \u00e9valuation scientifique subdivis\u00e9e en 2 \u00e9tapes\u00a0:<\/h3>\n<h4>Tandems d\u2019experts<\/h4>\n<p>\u00c0 l\u2019issue de l\u2019\u00e9tape formelle et administrative, les experts proc\u00e8dent individuellement \u00e0 l\u2019\u00e9valuation disciplinaire et scientifique (\u00e0 la fois du plan d\u2019\u00e9tudes et des contenus) des programmes d\u2019\u00e9tudes.<\/p>\n<p>Cette expertise individuelle est men\u00e9e par chacun des membres du tandem d\u2019experts franco-allemand, sur la base des fiches d\u2019\u00e9valuation pr\u00e9vues \u00e0 cet effet, tous les tandems d\u2019experts du groupe d\u2019\u00e9valuation consid\u00e9r\u00e9 se retrouvant ensuite au sein d\u2019une r\u00e9union de travail commune.<\/p>\n<h4>R\u00e9union d\u2019\u00e9valuation<\/h4>\n<p>\u00c0 cet effet, la commission scientifique a institu\u00e9 plusieurs groupes d\u2019\u00e9valuation disciplinaires, dirig\u00e9s par un pr\u00e9sident de groupe second\u00e9 par un vice-pr\u00e9sident, d\u00e9sign\u00e9s en concertation, par le pr\u00e9sident de l\u2019Universit\u00e9 franco-allemande et le pr\u00e9sident de la commission scientifique.<\/p>\n<p>La fonction de ces pr\u00e9sidents et vice-pr\u00e9sidents consiste \u00e0 diriger les travaux de leur groupe d\u2019\u00e9valuation respectif, \u00e0 en faire un compte-rendu et en pr\u00e9senter les r\u00e9sultats \u00e0 la commission Scientifique, ainsi qu\u2019\u00e0 garantir la qualit\u00e9 de la proc\u00e9dure, conform\u00e9ment aux principes de qualit\u00e9 de l\u2019UFA.<\/p>\n<p>Les groupes d\u2019\u00e9valuation disciplinaires sont charg\u00e9s\u00a0:<\/p>\n<ul>\n<li>de garantir un maximum d\u2019objectivit\u00e9 en se mettant mutuellement d\u2019accord sur le r\u00e9sultat de l\u2019\u00e9valuation et sur l\u2019appr\u00e9ciation g\u00e9n\u00e9rale d\u2019une coop\u00e9ration,<\/li>\n<li>d\u2019\u00e9tablir un classement de l\u2019ensemble des cursus d\u2019\u00e9tudes \u00e9valu\u00e9s dans leur groupe d\u2019\u00e9valuation en les r\u00e9partissant dans l\u2019une des trois cat\u00e9gories\u00a0: \u00e0 soutenir, \u00e0 discuter, \u00e0 ne pas soutenir,<\/li>\n<li>de formuler un commentaire commun r\u00e9sumant leur expertise, les points forts et les points faibles du dossier, ainsi que leurs recommandations pour la commission scientifique,<\/li>\n<li>d\u2019examiner les cas litigieux en vue de d\u00e9cider, le cas \u00e9ch\u00e9ant, leur renvoi \u00e0 la commission scientifique.<\/li>\n<\/ul>\n<p>&nbsp;<\/p>\n<h4>Proposition de soutien et d\u00e9cision<\/h4>\n<p>La commission scientifique constitue la principale instance en mati\u00e8re de d\u00e9lib\u00e9ration et de pr\u00e9paration des d\u00e9cisions, notamment lorsque des cas litigieux ou diversement not\u00e9s doivent \u00eatre trait\u00e9s.<br \/>\nElle peut les r\u00e9examiner et formuler \u00e0 son tour des recommandations pour le conseil d\u2019universit\u00e9 de l\u2019UFA.<br \/>\nLes d\u00e9cisions du conseil d\u2019universit\u00e9 en mati\u00e8re de politique de soutien sont celles qui seront appliqu\u00e9es en d\u00e9finitive.<\/p>\n<p>Pour les demandes de prolongation de soutien ayant fait l\u2019objet d\u2019une \u00e9valuation n\u00e9gative, les \u00e9tudiants d\u00e9j\u00e0 inscrits dans le cursus b\u00e9n\u00e9ficient du principe de respect des engagements pris.<\/p>\n<p>Apr\u00e8s la prise de d\u00e9cision du conseil d\u2019universit\u00e9, les r\u00e9sultats sont communiqu\u00e9s par courrier et dans les meilleurs d\u00e9lais aux \u00e9tablissements demandeurs. Les commentaires des experts sont joints \u00e0 la notification de la d\u00e9cision du conseil d\u2019universit\u00e9, sous forme anonyme.<br \/>\nTout projet non soutenu peut pr\u00e9senter une nouvelle demande de soutien \u00e0 la campagne d\u2019\u00e9valuation suivante.<\/p>\n","protected":false},"excerpt":{"rendered":"<p>Les s\u00e9quences de l\u2019\u00e9valuation et des d\u00e9cisions sont les suivantes\u00a0: les dossiers de demande de soutien doivent \u00eatre d\u00e9pos\u00e9s pour le 31 octobre par voie informatique sur le site de l\u2019UFA, une manifestation d\u2019int\u00e9r\u00eat ayant \u00e9t\u00e9 d\u00e9pos\u00e9e au pr\u00e9alable avant le 30 juin. les dossiers de demande de soutien sont transmis aux experts \u00e0 la [&hellip;]<\/p>\n","protected":false},"author":3,"featured_media":0,"parent":19637,"menu_order":61,"comment_status":"closed","ping_status":"closed","template":"","meta":{"_bbp_topic_count":0,"_bbp_reply_count":0,"_bbp_total_topic_count":0,"_bbp_total_reply_count":0,"_bbp_voice_count":0,"_bbp_anonymous_reply_count":0,"_bbp_topic_count_hidden":0,"_bbp_reply_count_hidden":0,"_bbp_forum_subforum_count":0,"inline_featured_image":false},"acf":[],"_links":{"self":[{"href":"https:\/\/www.dfh-ufa.org\/fr\/wp-json\/wp\/v2\/pages\/19640"}],"collection":[{"href":"https:\/\/www.dfh-ufa.org\/fr\/wp-json\/wp\/v2\/pages"}],"about":[{"href":"https:\/\/www.dfh-ufa.org\/fr\/wp-json\/wp\/v2\/types\/page"}],"author":[{"embeddable":true,"href":"https:\/\/www.dfh-ufa.org\/fr\/wp-json\/wp\/v2\/users\/3"}],"replies":[{"embeddable":true,"href":"https:\/\/www.dfh-ufa.org\/fr\/wp-json\/wp\/v2\/comments?post=19640"}],"version-history":[{"count":5,"href":"https:\/\/www.dfh-ufa.org\/fr\/wp-json\/wp\/v2\/pages\/19640\/revisions"}],"predecessor-version":[{"id":186830,"href":"https:\/\/www.dfh-ufa.org\/fr\/wp-json\/wp\/v2\/pages\/19640\/revisions\/186830"}],"up":[{"embeddable":true,"href":"https:\/\/www.dfh-ufa.org\/fr\/wp-json\/wp\/v2\/pages\/19637"}],"wp:attachment":[{"href":"https:\/\/www.dfh-ufa.org\/fr\/wp-json\/wp\/v2\/media?parent=19640"}],"curies":[{"name":"wp","href":"https:\/\/api.w.org\/{rel}","templated":true}]}}