{"id":19641,"date":"2019-11-27T14:27:23","date_gmt":"2019-11-27T13:27:23","guid":{"rendered":"https:\/\/www.dfh-ufa.org\/fr\/?page_id=19641"},"modified":"2020-08-19T14:02:23","modified_gmt":"2020-08-19T12:02:23","slug":"d-iii-evaluation-des-programmes-de-soutien-aux-jeunes-chercheurs","status":"publish","type":"page","link":"https:\/\/www.dfh-ufa.org\/fr\/vous-etes\/etablissements\/evaluation\/charte-devaluation-et-dassurance-qualite-des-programmes-detudes-et-programmes-de-soutien-aux-jeunes-chercheurs\/d-levaluation-des-programmes-detudes-et-de-soutien-aux-jeunes-chercheurs\/d-iii-evaluation-des-programmes-de-soutien-aux-jeunes-chercheurs","title":{"rendered":"D.III. \u00c9valuation des programmes de soutien aux jeunes chercheurs"},"content":{"rendered":"<h2>Les d\u00e9lais d\u2019\u00e9valuation et de d\u00e9cision pour les programmes de soutien aux jeunes chercheurs<\/h2>\n<p>Les r\u00e8gles d\u00e9finies par l\u2019UFA pr\u00e9voient qu\u2019un d\u00e9lai minimal de 2 \u00e0 3 mois est accord\u00e9 \u00e0 l\u2019expert pour finaliser son expertise scientifique. Le d\u00e9lai ne saurait engager la responsabilit\u00e9 de l\u2019UFA, qui reste tributaire des contraintes ext\u00e9rieures li\u00e9es aux d\u00e9sistements tardifs des experts qu\u2019elle sollicite.<\/p>\n<p>Le d\u00e9roulement des campagnes d\u2019\u00e9valuation diff\u00e8re selon le type d\u2019appel \u00e0 projets et la nature des programmes. L\u2019UFA publie en effet<\/p>\n<h3>des appels \u00e0 projets annuels :<\/h3>\n<p>C\u2019est le cas pour les <strong>Coll\u00e8ges doctoraux franco-allemands.<\/strong><\/p>\n<ul>\n<li>6 mois entre la publication de l\u2019appel \u00e0 projets le 2 mai de l\u2019ann\u00e9e en cours et le d\u00e9p\u00f4t des demandes au 31 octobre de cette m\u00eame ann\u00e9e.<\/li>\n<li>2 mois pour les \u00e9valuations formelle puis scientifique (novembre &#8211; f\u00e9vrier)<\/li>\n<\/ul>\n<p>&nbsp;<\/p>\n<h3>des appels \u00e0 projets pluriannuels\u00a0:<\/h3>\n<p>C\u2019est le cas pour les Manifestations scientifiques pour jeunes chercheurs (Ateliers de recherche et \u00c9coles d\u2019\u00e9t\u00e9 et d\u2019hiver).<\/p>\n<ul>\n<li>Les demandes de soutien pour une manifestation scientifique pour jeunes chercheurs peuvent \u00eatre d\u00e9pos\u00e9es \u00e0 plusieurs \u00e9ch\u00e9ances d\u00e9finies dans les appels \u00e0 projets, la d\u00e9cision de soutien intervenant dans un d\u00e9lai de 4 mois.<\/li>\n<\/ul>\n<p>&nbsp;<\/p>\n<h3>des appels \u00e0 projets permanents :<\/h3>\n<p>C\u2019est le cas pour les Cotutelles de th\u00e8se :<\/p>\n<ul>\n<li>Il s&rsquo;agit d&rsquo;un appel \u00e0 candidatures permanent. Le dossier de demande peut \u00eatre d\u00e9pos\u00e9 d\u00e8s que la convention de cotutelle de th\u00e8se a \u00e9t\u00e9 sign\u00e9e par les \u00e9tablissements contractants.<\/li>\n<li>La date d&rsquo;\u00e9tablissement de cette convention ne doit pas \u00eatre sup\u00e9rieure \u00e0 un an.<\/li>\n<li>La demande de soutien limit\u00e9e \u00e0 la soutenance peut \u00eatre d\u00e9pos\u00e9e tout au long de l\u2019ann\u00e9e, au plus tard 6 semaines avant la soutenance de la th\u00e8se.<\/li>\n<\/ul>\n<h2>Les \u00e9tapes du processus d\u2019\u00e9valuation et de d\u00e9cision<\/h2>\n<p>Selon le type d\u2019instrument de soutien, le processus d\u2019\u00e9valuation et de d\u00e9cision diff\u00e8re sur les points suivants\u00a0: nombre d\u2019experts, intervention de la commission scientifique et instance de d\u00e9cision.<\/p>\n<p>Le processus menant \u00e0 la d\u00e9cision comprend les \u00e9tapes suivantes\u00a0:<\/p>\n<h3>\u00c9valuation formelle<\/h3>\n<p>Le Secr\u00e9tariat de l\u2019UFA effectue une \u00e9valuation formelle de tous les dossiers de demande de soutien afin d\u2019en v\u00e9rifier la conformit\u00e9 et la recevabilit\u00e9 de principe.<br \/>\nLorsqu\u2019un dossier comporte des lacunes, le Secr\u00e9tariat veillera, dans la mesure du possible, \u00e0 ce que ces lacunes soient combl\u00e9es avant de transmettre ensuite la demande \u00e0 l\u2019\u00e9valuation. Si ces lacunes d\u00e9valuent la demande m\u00eame, celle-ci ne sera pas soumise \u00e0 \u00e9valuation.<\/p>\n<h3>\u00c9valuation scientifique<\/h3>\n<p>L\u2019\u00e9valuation scientifique est r\u00e9alis\u00e9e par deux experts, fran\u00e7ais et allemand, pour le coll\u00e8ge doctoral.<\/p>\n<p>Pour les manifestations scientifiques, l\u2019\u00e9valuation est r\u00e9alis\u00e9e par un jury compos\u00e9 de la pr\u00e9sidence de l\u2019UFA et de la pr\u00e9sidence de la commission scientifique. Lorsque le montant demand\u00e9 est sup\u00e9rieur \u00e0 15\u00a0000\u20ac, le projet est auparavant \u00e9valu\u00e9 par un expert externe.<\/p>\n<p>Pour les cotutelles de th\u00e8ses, la d\u00e9cision est prise par la pr\u00e9sidence ou le secr\u00e9taire g\u00e9n\u00e9ral sur la base de la proposition de soutien.<\/p>\n<h3>Proposition de soutien et d\u00e9cision<\/h3>\n<p>Afin de garantir la coh\u00e9rence des expertises des diff\u00e9rents experts, le r\u00e9sultat des \u00e9valuations des programmes est en r\u00e8gle g\u00e9n\u00e9rale examin\u00e9 dans le cadre de la commission scientifique.<br \/>\nLa d\u00e9cision revient en g\u00e9n\u00e9ral au conseil d\u2019universit\u00e9, sur proposition de la commission scientifique.<\/p>\n<p>Les r\u00e9sultats de l\u2019\u00e9valuation des coll\u00e8ges doctoraux faite par les experts sont pr\u00e9sent\u00e9s \u00e0 la commission scientifique par un de ses membres d\u00fbment d\u00e9sign\u00e9 par son pr\u00e9sident. La commission scientifique expose au conseil d\u2019universit\u00e9 ses conclusions.<\/p>\n<p>Le conseil d\u2019universit\u00e9 d\u00e9cide du soutien ou non des projets de coll\u00e8ges doctoraux lors de sa premi\u00e8re r\u00e9union annuelle.<\/p>\n<p>Le conseil d\u2019universit\u00e9 a autoris\u00e9 le pr\u00e9sident de l\u2019UFA \u00e0 statuer sur les demandes de soutien pour les cotutelles de th\u00e8se et les manifestations scientifiques sur la base des r\u00e9sultats d\u2019\u00e9valuation et en fonction des moyens budg\u00e9taires disponibles, en accord avec le pr\u00e9sident de la commission scientifique. Le pr\u00e9sident informe le conseil d\u2019universit\u00e9 des d\u00e9cisions de soutien lors de sa prochaine r\u00e9union.<\/p>\n<p>Apr\u00e8s la prise de d\u00e9cision, les r\u00e9sultats sont communiqu\u00e9s par courrier, dans les meilleurs d\u00e9lais, aux \u00e9tablissements demandeurs. Les commentaires des experts sont joints \u00e0 la notification de la d\u00e9cision du conseil d\u2019universit\u00e9, sous forme anonyme. Tout projet non soutenu peut pr\u00e9senter une nouvelle demande de soutien \u00e0 la campagne d\u2019\u00e9valuation suivante.<br \/>\nPour les manifestations scientifiques, le pr\u00e9sident de l\u2019UFA statue, en accord avec le pr\u00e9sident de la commission scientifique, sur les demandes de soutien et informe le conseil d\u2019universit\u00e9 lors de sa prochaine r\u00e9union des d\u00e9cisions ayant \u00e9t\u00e9 prises.<\/p>\n","protected":false},"excerpt":{"rendered":"<p>Les d\u00e9lais d\u2019\u00e9valuation et de d\u00e9cision pour les programmes de soutien aux jeunes chercheurs Les r\u00e8gles d\u00e9finies par l\u2019UFA pr\u00e9voient qu\u2019un d\u00e9lai minimal de 2 \u00e0 3 mois est accord\u00e9 \u00e0 l\u2019expert pour finaliser son expertise scientifique. Le d\u00e9lai ne saurait engager la responsabilit\u00e9 de l\u2019UFA, qui reste tributaire des contraintes ext\u00e9rieures li\u00e9es aux d\u00e9sistements [&hellip;]<\/p>\n","protected":false},"author":3,"featured_media":0,"parent":19637,"menu_order":62,"comment_status":"closed","ping_status":"closed","template":"","meta":{"_bbp_topic_count":0,"_bbp_reply_count":0,"_bbp_total_topic_count":0,"_bbp_total_reply_count":0,"_bbp_voice_count":0,"_bbp_anonymous_reply_count":0,"_bbp_topic_count_hidden":0,"_bbp_reply_count_hidden":0,"_bbp_forum_subforum_count":0,"inline_featured_image":false},"acf":[],"_links":{"self":[{"href":"https:\/\/www.dfh-ufa.org\/fr\/wp-json\/wp\/v2\/pages\/19641"}],"collection":[{"href":"https:\/\/www.dfh-ufa.org\/fr\/wp-json\/wp\/v2\/pages"}],"about":[{"href":"https:\/\/www.dfh-ufa.org\/fr\/wp-json\/wp\/v2\/types\/page"}],"author":[{"embeddable":true,"href":"https:\/\/www.dfh-ufa.org\/fr\/wp-json\/wp\/v2\/users\/3"}],"replies":[{"embeddable":true,"href":"https:\/\/www.dfh-ufa.org\/fr\/wp-json\/wp\/v2\/comments?post=19641"}],"version-history":[{"count":4,"href":"https:\/\/www.dfh-ufa.org\/fr\/wp-json\/wp\/v2\/pages\/19641\/revisions"}],"predecessor-version":[{"id":186833,"href":"https:\/\/www.dfh-ufa.org\/fr\/wp-json\/wp\/v2\/pages\/19641\/revisions\/186833"}],"up":[{"embeddable":true,"href":"https:\/\/www.dfh-ufa.org\/fr\/wp-json\/wp\/v2\/pages\/19637"}],"wp:attachment":[{"href":"https:\/\/www.dfh-ufa.org\/fr\/wp-json\/wp\/v2\/media?parent=19641"}],"curies":[{"name":"wp","href":"https:\/\/api.w.org\/{rel}","templated":true}]}}