{"id":1964185,"date":"2026-05-12T16:54:56","date_gmt":"2026-05-12T14:54:56","guid":{"rendered":"https:\/\/www.dfh-ufa.org\/fr\/?page_id=1964185"},"modified":"2026-05-12T16:58:41","modified_gmt":"2026-05-12T14:58:41","slug":"phd-tracks","status":"publish","type":"page","link":"https:\/\/www.dfh-ufa.org\/fr\/programmes\/phd-tracks","title":{"rendered":"Programmes de PhD-Track"},"content":{"rendered":"\r\n        <div class=\"grid-x grid-margin-x grid-margin-y\">\r\n            <div class=\"cell small-12 medium-8\">\r\n\t\t\t\t            <\/div>\r\n            <div class=\"cell small-12\">\r\n\r\n                <div class=\"grid-x grid-padding-x align-end studie-archive-header\">\r\n                    <div class=\"cell small-12 medium-6\">\r\n\t\t\t\t\t\t\u00c9tablissement                    <\/div>\r\n                    <div class=\"cell small-12 medium-6\">\r\n\t\t\t\t\t\t\u00c9tablissement partenaire                    <\/div>\r\n                <\/div>\r\n\t\t\t\t<div class=\"grid-x grid-padding-x align-end studie-archive-item\">\n    <div class=\"cell small-12 medium-6\">\n        <a class=\"\" href=\"https:\/\/www.dfh-ufa.org\/fr\/programmes\/guide-des-etudes\/cultures-europeennes-de-la-communication\">\n\t\t\t<p class=\"studie-title\">Cultures europ\u00e9ennes de la communication<\/p>        <\/a>\n\n\t\t<p class=\"studi-uni\">U Lorraine<\/p>    <\/div>\n\n    <div class=\"cell small-12 medium-6\">\n        <p class=\"studi-uni\">\n\t\t\t<p class=\"studi-uni\">U Augsburg<\/p>        <\/p>\n        <a class=\"studi-icon\" href=\"https:\/\/www.dfh-ufa.org\/fr\/programmes\/guide-des-etudes\/cultures-europeennes-de-la-communication\">\n            <span class=\"icon arrow-right\">\n                <img src=\"https:\/\/www.dfh-ufa.org\/app\/themes\/fbo-dfh\/assets\/img\/arrow-right.svg\" width=\"38\" height=\"34\">\n            <\/span>\n        <\/a>\n    <\/div>\n<\/div><div class=\"grid-x grid-padding-x align-end studie-archive-item\">\n    <div class=\"cell small-12 medium-6\">\n        <a class=\"\" href=\"https:\/\/www.dfh-ufa.org\/fr\/programmes\/guide-des-etudes\/cursus-integre-franco-allemand-de-master-et-de-doctorat-en-sciences-sociales-mention-histoire\">\n\t\t\t<p class=\"studie-title\">Cursus int\u00e9gr\u00e9 franco-allemand de master et de doctorat en sciences sociales (Mention Histoire)<\/p>        <\/a>\n\n\t\t<p class=\"studi-uni\">EHESS Paris<\/p>    <\/div>\n\n    <div class=\"cell small-12 medium-6\">\n        <p class=\"studi-uni\">\n\t\t\t<p class=\"studi-uni\">U Heidelberg<\/p>        <\/p>\n        <a class=\"studi-icon\" href=\"https:\/\/www.dfh-ufa.org\/fr\/programmes\/guide-des-etudes\/cursus-integre-franco-allemand-de-master-et-de-doctorat-en-sciences-sociales-mention-histoire\">\n            <span class=\"icon arrow-right\">\n                <img src=\"https:\/\/www.dfh-ufa.org\/app\/themes\/fbo-dfh\/assets\/img\/arrow-right.svg\" width=\"38\" height=\"34\">\n            <\/span>\n        <\/a>\n    <\/div>\n<\/div><div class=\"grid-x grid-padding-x align-end studie-archive-item\">\n    <div class=\"cell small-12 medium-6\">\n        <a class=\"\" href=\"https:\/\/www.dfh-ufa.org\/fr\/programmes\/guide-des-etudes\/dynamiques-transculturelles-approches-franco-allemandes-sur-les-politiques-culturelles-et-la-mediation-des-pratiques-artistiques\">\n\t\t\t<p class=\"studie-title\">Dynamiques transculturelles : approches franco-allemandes sur les politiques culturelles et la m\u00e9diation des pratiques artistiques.<\/p>        <\/a>\n\n\t\t<p class=\"studi-uni\">U Aix-Marseille<\/p>    <\/div>\n\n    <div class=\"cell small-12 medium-6\">\n        <p class=\"studi-uni\">\n\t\t\t<p class=\"studi-uni\">U Hildesheim<\/p>        <\/p>\n        <a class=\"studi-icon\" href=\"https:\/\/www.dfh-ufa.org\/fr\/programmes\/guide-des-etudes\/dynamiques-transculturelles-approches-franco-allemandes-sur-les-politiques-culturelles-et-la-mediation-des-pratiques-artistiques\">\n            <span class=\"icon arrow-right\">\n                <img src=\"https:\/\/www.dfh-ufa.org\/app\/themes\/fbo-dfh\/assets\/img\/arrow-right.svg\" width=\"38\" height=\"34\">\n            <\/span>\n        <\/a>\n    <\/div>\n<\/div><div class=\"grid-x grid-padding-x align-end studie-archive-item\">\n    <div class=\"cell small-12 medium-6\">\n        <a class=\"\" href=\"https:\/\/www.dfh-ufa.org\/fr\/programmes\/guide-des-etudes\/informatique-information-et-communication\">\n\t\t\t<p class=\"studie-title\">Informatique, Information et Communication<\/p>        <\/a>\n\n\t\t<p class=\"studi-uni\">INSA Lyon<\/p>    <\/div>\n\n    <div class=\"cell small-12 medium-6\">\n        <p class=\"studi-uni\">\n\t\t\t<p class=\"studi-uni\">U Passau<\/p>        <\/p>\n        <a class=\"studi-icon\" href=\"https:\/\/www.dfh-ufa.org\/fr\/programmes\/guide-des-etudes\/informatique-information-et-communication\">\n            <span class=\"icon arrow-right\">\n                <img src=\"https:\/\/www.dfh-ufa.org\/app\/themes\/fbo-dfh\/assets\/img\/arrow-right.svg\" width=\"38\" height=\"34\">\n            <\/span>\n        <\/a>\n    <\/div>\n<\/div><div class=\"grid-x grid-padding-x align-end studie-archive-item\">\n    <div class=\"cell small-12 medium-6\">\n        <a class=\"\" href=\"https:\/\/www.dfh-ufa.org\/fr\/programmes\/guide-des-etudes\/ingenierie-des-systmes-complexes\">\n\t\t\t<p class=\"studie-title\">Ing\u00e9nierie des Syst\u00e8mes Complexes<\/p>        <\/a>\n\n\t\t<p class=\"studi-uni\">UT Compi\u00e8gne<\/p>    <\/div>\n\n    <div class=\"cell small-12 medium-6\">\n        <p class=\"studi-uni\">\n\t\t\t<p class=\"studi-uni\">TU Braunschweig<\/p>        <\/p>\n        <a class=\"studi-icon\" href=\"https:\/\/www.dfh-ufa.org\/fr\/programmes\/guide-des-etudes\/ingenierie-des-systmes-complexes\">\n            <span class=\"icon arrow-right\">\n                <img src=\"https:\/\/www.dfh-ufa.org\/app\/themes\/fbo-dfh\/assets\/img\/arrow-right.svg\" width=\"38\" height=\"34\">\n            <\/span>\n        <\/a>\n    <\/div>\n<\/div><div class=\"grid-x grid-padding-x align-end studie-archive-item\">\n    <div class=\"cell small-12 medium-6\">\n        <a class=\"\" href=\"https:\/\/www.dfh-ufa.org\/fr\/programmes\/guide-des-etudes\/interculturalite-des-litteratures-des-medias-et-des-organisations\">\n\t\t\t<p class=\"studie-title\">Interculturalit\u00e9 des litt\u00e9ratures, des m\u00e9dias et des organisations<\/p>        <\/a>\n\n\t\t<p class=\"studi-uni\">U Lorraine<\/p>    <\/div>\n\n    <div class=\"cell small-12 medium-6\">\n        <p class=\"studi-uni\">\n\t\t\t<p class=\"studi-uni\">U des Saarlandes<\/p><p class=\"studi-uni\">U Luxembourg<\/p>        <\/p>\n        <a class=\"studi-icon\" href=\"https:\/\/www.dfh-ufa.org\/fr\/programmes\/guide-des-etudes\/interculturalite-des-litteratures-des-medias-et-des-organisations\">\n            <span class=\"icon arrow-right\">\n                <img src=\"https:\/\/www.dfh-ufa.org\/app\/themes\/fbo-dfh\/assets\/img\/arrow-right.svg\" width=\"38\" height=\"34\">\n            <\/span>\n        <\/a>\n    <\/div>\n<\/div><div class=\"grid-x grid-padding-x align-end studie-archive-item\">\n    <div class=\"cell small-12 medium-6\">\n        <a class=\"\" href=\"https:\/\/www.dfh-ufa.org\/fr\/programmes\/guide-des-etudes\/materials-science-and-engineering-1\">\n\t\t\t<p class=\"studie-title\">Materials Science and Engineering<\/p>        <\/a>\n\n\t\t<p class=\"studi-uni\">U Lorraine<\/p>    <\/div>\n\n    <div class=\"cell small-12 medium-6\">\n        <p class=\"studi-uni\">\n\t\t\t<p class=\"studi-uni\">U des Saarlandes<\/p>        <\/p>\n        <a class=\"studi-icon\" href=\"https:\/\/www.dfh-ufa.org\/fr\/programmes\/guide-des-etudes\/materials-science-and-engineering-1\">\n            <span class=\"icon arrow-right\">\n                <img src=\"https:\/\/www.dfh-ufa.org\/app\/themes\/fbo-dfh\/assets\/img\/arrow-right.svg\" width=\"38\" height=\"34\">\n            <\/span>\n        <\/a>\n    <\/div>\n<\/div>            <\/div>\r\n\r\n            <div class=\"cell small-12 medium-8\">\r\n\t\t\t\t            <\/div>\r\n        <\/div>\r\n\t\t\n","protected":false},"excerpt":{"rendered":"","protected":false},"author":2,"featured_media":0,"parent":743,"menu_order":186,"comment_status":"closed","ping_status":"closed","template":"","meta":{"_bbp_topic_count":0,"_bbp_reply_count":0,"_bbp_total_topic_count":0,"_bbp_total_reply_count":0,"_bbp_voice_count":0,"_bbp_anonymous_reply_count":0,"_bbp_topic_count_hidden":0,"_bbp_reply_count_hidden":0,"_bbp_forum_subforum_count":0,"inline_featured_image":false},"acf":[],"_links":{"self":[{"href":"https:\/\/www.dfh-ufa.org\/fr\/wp-json\/wp\/v2\/pages\/1964185"}],"collection":[{"href":"https:\/\/www.dfh-ufa.org\/fr\/wp-json\/wp\/v2\/pages"}],"about":[{"href":"https:\/\/www.dfh-ufa.org\/fr\/wp-json\/wp\/v2\/types\/page"}],"author":[{"embeddable":true,"href":"https:\/\/www.dfh-ufa.org\/fr\/wp-json\/wp\/v2\/users\/2"}],"replies":[{"embeddable":true,"href":"https:\/\/www.dfh-ufa.org\/fr\/wp-json\/wp\/v2\/comments?post=1964185"}],"version-history":[{"count":2,"href":"https:\/\/www.dfh-ufa.org\/fr\/wp-json\/wp\/v2\/pages\/1964185\/revisions"}],"predecessor-version":[{"id":1964187,"href":"https:\/\/www.dfh-ufa.org\/fr\/wp-json\/wp\/v2\/pages\/1964185\/revisions\/1964187"}],"up":[{"embeddable":true,"href":"https:\/\/www.dfh-ufa.org\/fr\/wp-json\/wp\/v2\/pages\/743"}],"wp:attachment":[{"href":"https:\/\/www.dfh-ufa.org\/fr\/wp-json\/wp\/v2\/media?parent=1964185"}],"curies":[{"name":"wp","href":"https:\/\/api.w.org\/{rel}","templated":true}]}}