{"id":19657,"date":"2019-11-27T14:44:37","date_gmt":"2019-11-27T13:44:37","guid":{"rendered":"https:\/\/www.dfh-ufa.org\/fr\/?page_id=19657"},"modified":"2020-05-20T16:13:33","modified_gmt":"2020-05-20T14:13:33","slug":"e-lassurance-qualite-mise-en-oeuvre-a-lufa","status":"publish","type":"page","link":"https:\/\/www.dfh-ufa.org\/fr\/vous-etes\/etablissements\/evaluation\/charte-devaluation-et-dassurance-qualite-des-programmes-detudes-et-programmes-de-soutien-aux-jeunes-chercheurs\/e-lassurance-qualite-mise-en-oeuvre-a-lufa","title":{"rendered":"E. L\u2019ASSURANCE-QUALIT\u00c9 MISE EN \u0152UVRE \u00c0 L\u2019UFA"},"content":{"rendered":"<h2><a href=\"https:\/\/www.dfh-ufa.org\/fr\/vous-etes\/etablissements\/evaluation\/charte-devaluation-et-dassurance-qualite-des-programmes-detudes-et-programmes-de-soutien-aux-jeunes-chercheurs\/e-lassurance-qualite-mise-en-oeuvre-a-lufa\/e-i-assurance-qualite-pour-les-programmes-detudes\/\">E.I. Assurance-qualit\u00e9 pour les programmes d\u2019\u00e9tudes<\/a><\/h2>\n<h2><a href=\"https:\/\/www.dfh-ufa.org\/fr\/vous-etes\/etablissements\/evaluation\/charte-devaluation-et-dassurance-qualite-des-programmes-detudes-et-programmes-de-soutien-aux-jeunes-chercheurs\/e-lassurance-qualite-mise-en-oeuvre-a-lufa\/e-ii-assurance-qualite-des-programmes-de-soutien-aux-jeunes-chercheurs\/\">E.II. Assurance-qualit\u00e9 des programmes de soutien aux jeunes chercheurs<\/a><\/h2>\n","protected":false},"excerpt":{"rendered":"<p>E.I. Assurance-qualit\u00e9 pour les programmes d\u2019\u00e9tudes E.II. Assurance-qualit\u00e9 des programmes de soutien aux jeunes chercheurs<\/p>\n","protected":false},"author":3,"featured_media":0,"parent":19576,"menu_order":1290,"comment_status":"closed","ping_status":"closed","template":"","meta":{"_bbp_topic_count":0,"_bbp_reply_count":0,"_bbp_total_topic_count":0,"_bbp_total_reply_count":0,"_bbp_voice_count":0,"_bbp_anonymous_reply_count":0,"_bbp_topic_count_hidden":0,"_bbp_reply_count_hidden":0,"_bbp_forum_subforum_count":0,"inline_featured_image":false},"acf":[],"_links":{"self":[{"href":"https:\/\/www.dfh-ufa.org\/fr\/wp-json\/wp\/v2\/pages\/19657"}],"collection":[{"href":"https:\/\/www.dfh-ufa.org\/fr\/wp-json\/wp\/v2\/pages"}],"about":[{"href":"https:\/\/www.dfh-ufa.org\/fr\/wp-json\/wp\/v2\/types\/page"}],"author":[{"embeddable":true,"href":"https:\/\/www.dfh-ufa.org\/fr\/wp-json\/wp\/v2\/users\/3"}],"replies":[{"embeddable":true,"href":"https:\/\/www.dfh-ufa.org\/fr\/wp-json\/wp\/v2\/comments?post=19657"}],"version-history":[{"count":3,"href":"https:\/\/www.dfh-ufa.org\/fr\/wp-json\/wp\/v2\/pages\/19657\/revisions"}],"predecessor-version":[{"id":19669,"href":"https:\/\/www.dfh-ufa.org\/fr\/wp-json\/wp\/v2\/pages\/19657\/revisions\/19669"}],"up":[{"embeddable":true,"href":"https:\/\/www.dfh-ufa.org\/fr\/wp-json\/wp\/v2\/pages\/19576"}],"wp:attachment":[{"href":"https:\/\/www.dfh-ufa.org\/fr\/wp-json\/wp\/v2\/media?parent=19657"}],"curies":[{"name":"wp","href":"https:\/\/api.w.org\/{rel}","templated":true}]}}