{"id":207120,"date":"2020-06-08T11:28:15","date_gmt":"2020-06-08T09:28:15","guid":{"rendered":"https:\/\/www.dfh-ufa.org\/fr\/vous-etes\/etablissements\/appels-a-projets\/rencontres-preparatoires"},"modified":"2026-03-17T08:46:16","modified_gmt":"2026-03-17T07:46:16","slug":"rencontres-preparatoires","status":"publish","type":"page","link":"https:\/\/www.dfh-ufa.org\/fr\/vous-etes\/etablissements\/appels-a-projets\/rencontres-preparatoires","title":{"rendered":"Rencontres pr\u00e9paratoires"},"content":{"rendered":"<p>L\u2019Universit\u00e9 franco-allemande propose un soutien financier destin\u00e9 \u00e0 faciliter la pr\u00e9paration de nouveaux projets concernant des programmes d\u2019\u00e9tudes et\/ou des coop\u00e9rations pour jeunes chercheur\u00b7euses.<\/p>\n<ul>\n<li class=\"download__list__item\"><a href=\"https:\/\/www.dfh-ufa.org\/app\/uploads\/2026\/03\/appel_a_projets_rencontres_preparatoires_2026.pdf\" target=\"_blank\" rel=\"noopener\">Appel \u00e0 projets<\/a><\/li>\n<\/ul>\n<p>&nbsp;<\/p>\n<p>Il s\u2019agit d\u2019un appel \u00e0 projets permanent. Les demandes sont \u00e0 d\u00e9poser 1 mois avant le d\u00e9but de la rencontre.<\/p>\n","protected":false},"excerpt":{"rendered":"<p>L\u2019Universit\u00e9 franco-allemande propose un soutien financier destin\u00e9 \u00e0 faciliter la pr\u00e9paration de nouveaux projets concernant des programmes d\u2019\u00e9tudes et\/ou des coop\u00e9rations pour jeunes chercheur\u00b7euses. Appel \u00e0 projets &nbsp; Il s\u2019agit d\u2019un appel \u00e0 projets permanent. Les demandes sont \u00e0 d\u00e9poser 1 mois avant le d\u00e9but de la rencontre.<\/p>\n","protected":false},"author":109,"featured_media":0,"parent":846,"menu_order":1234,"comment_status":"closed","ping_status":"closed","template":"","meta":{"_bbp_topic_count":0,"_bbp_reply_count":0,"_bbp_total_topic_count":0,"_bbp_total_reply_count":0,"_bbp_voice_count":0,"_bbp_anonymous_reply_count":0,"_bbp_topic_count_hidden":0,"_bbp_reply_count_hidden":0,"_bbp_forum_subforum_count":0,"inline_featured_image":false},"acf":[],"_links":{"self":[{"href":"https:\/\/www.dfh-ufa.org\/fr\/wp-json\/wp\/v2\/pages\/207120"}],"collection":[{"href":"https:\/\/www.dfh-ufa.org\/fr\/wp-json\/wp\/v2\/pages"}],"about":[{"href":"https:\/\/www.dfh-ufa.org\/fr\/wp-json\/wp\/v2\/types\/page"}],"author":[{"embeddable":true,"href":"https:\/\/www.dfh-ufa.org\/fr\/wp-json\/wp\/v2\/users\/109"}],"replies":[{"embeddable":true,"href":"https:\/\/www.dfh-ufa.org\/fr\/wp-json\/wp\/v2\/comments?post=207120"}],"version-history":[{"count":6,"href":"https:\/\/www.dfh-ufa.org\/fr\/wp-json\/wp\/v2\/pages\/207120\/revisions"}],"predecessor-version":[{"id":1963722,"href":"https:\/\/www.dfh-ufa.org\/fr\/wp-json\/wp\/v2\/pages\/207120\/revisions\/1963722"}],"up":[{"embeddable":true,"href":"https:\/\/www.dfh-ufa.org\/fr\/wp-json\/wp\/v2\/pages\/846"}],"wp:attachment":[{"href":"https:\/\/www.dfh-ufa.org\/fr\/wp-json\/wp\/v2\/media?parent=207120"}],"curies":[{"name":"wp","href":"https:\/\/api.w.org\/{rel}","templated":true}]}}