{"id":328563,"date":"2021-03-17T16:27:40","date_gmt":"2021-03-17T15:27:40","guid":{"rendered":"https:\/\/www.dfh-ufa.org\/fr\/?page_id=328563"},"modified":"2025-12-02T10:35:20","modified_gmt":"2025-12-02T09:35:20","slug":"ambassadeurs-de-lufa","status":"publish","type":"page","link":"https:\/\/www.dfh-ufa.org\/fr\/vous-etes\/etudiant\/ambassadeurs-de-lufa","title":{"rendered":"Ambassadeur\u00b7drices de l&rsquo;UFA"},"content":{"rendered":"<div id=\"pl-328563\"  class=\"panel-layout\" ><div id=\"pg-328563-0\"  class=\"panel-grid panel-no-style\" ><div id=\"pgc-328563-0-0\"  class=\"panel-grid-cell\" ><div id=\"panel-328563-0-0-0\" class=\"so-panel widget widget_sow-editor panel-first-child panel-last-child\" data-index=\"0\" ><div class=\"so-widget-sow-editor so-widget-sow-editor-base\">\n<div class=\"siteorigin-widget-tinymce textwidget\">\n\t<h3>Des \u00e9tudiant*es de l'UFA racontent leur parcours<\/h3>\n<p><!-- \/wp:image --><\/p>\n<p><!-- wp:heading --><\/p>\n<p><!-- \/wp:heading --><\/p>\n<p><!-- wp:paragraph --><\/p>\n<p>Des informations en prise directe avec la r\u00e9alit\u00e9 des \u00e9tudes : les ambassadeurs et ambassadrices pr\u00e9sentent les cursus franco-allemands de l'UFA aux lyc\u00e9en*es, parents d'\u00e9l\u00e8ves, enseignant*es et \u00e9tudiant*es en derni\u00e8re ann\u00e9e de licence.<\/p>\n<p>&nbsp;<\/p>\n<h6><strong>Les ambassadeurs et ambassadrices de l'UFA<\/strong><\/h6>\n<ul>\n<li>pr\u00e9sentent la vaste gamme de formation de l'UFA<\/li>\n<li>expliquent comment fonctionnent les cursus franco-allemands et quels sont leurs atouts<\/li>\n<li>exposent les modalit\u00e9s de candidature et les conditions d\u2019admission<\/li>\n<li>relatent la vie quotidienne des \u00e9tudiant*es au sein d'un groupe franco-allemand<\/li>\n<\/ul>\n<p>&nbsp;<\/p>\n<p>Tout*e \u00e9tudiant*e ou dipl\u00f4m\u00e9*e de l'UFA peut devenir ambassadeur ou ambassadrice de l'UFA !<\/p>\n<p>Les \u00e9tablissements scolaires ou universitaires et les institutions peuvent s'adresser \u00e0 l'UFA s'ils souhaitent inviter un ambassadeur ou une ambassadrice de l\u2019UFA.<\/p>\n<p>&nbsp;<\/p>\n<p>&nbsp;<\/p>\n<\/div>\n<\/div><\/div><\/div><div id=\"pgc-328563-0-1\"  class=\"panel-grid-cell\" ><div id=\"panel-328563-0-1-0\" class=\"so-panel widget widget_text panel-first-child\" data-index=\"1\" ><h2 class=\"widget-title\">Contact<\/h2>\t\t\t<div class=\"textwidget\"><p><a href=\"botschafter-ambassadeurs@dfh-ufa.org\">botschafter-ambassadeurs[at]dfh-ufa.org<\/a><\/p>\n<p>&nbsp;<\/p>\n<\/div>\n\t\t<\/div><div id=\"panel-328563-0-1-1\" class=\"so-panel widget widget_sow-image panel-last-child\" data-index=\"2\" ><div class=\"so-widget-sow-image so-widget-sow-image-default-d6014b76747a-328563\">\n\n<div class=\"sow-image-container\">\n\t\t<img src=\"https:\/\/www.dfh-ufa.org\/app\/uploads\/2020\/08\/picto_ambassadeurs1.png\" width=\"125\" height=\"125\" sizes=\"(max-width: 125px) 100vw, 125px\" alt=\"\" loading=\"lazy\" \t\tclass=\"so-widget-image\"\/>\n\t<\/div>\n\n<\/div><\/div><\/div><\/div><div id=\"pg-328563-1\"  class=\"panel-grid panel-no-style\" ><div id=\"pgc-328563-1-0\"  class=\"panel-grid-cell\" ><div id=\"panel-328563-1-0-0\" class=\"so-panel widget widget_sow-button panel-first-child panel-last-child\" data-index=\"3\" ><div class=\"so-widget-sow-button so-widget-sow-button-atom-bc1efaa5d10b-328563\"><div class=\"ow-button-base ow-button-align-center\">\n\t<a href=\"https:\/\/www.dfh-ufa.org\/fr\/vous-etes\/etudiant\/ambassadeurs-de-lufa\/comment-devenir-ambassadeur-de-lufa\" class=\"ow-icon-placement-left ow-button-hover\" target=\"_blank\" rel=\"noopener noreferrer\" \t\t>\n\t\t<span>\n\t\t\t\n\t\t\tDevenir ambassadeur\t\t<\/span>\n\t<\/a>\n<\/div>\n<\/div><\/div><\/div><div id=\"pgc-328563-1-1\"  class=\"panel-grid-cell panel-grid-cell-mobile-last\" ><div id=\"panel-328563-1-1-0\" class=\"so-panel widget widget_sow-button panel-first-child panel-last-child\" data-index=\"4\" ><div class=\"so-widget-sow-button so-widget-sow-button-atom-1cae4391915a-328563\"><div class=\"ow-button-base ow-button-align-center\">\n\t<a href=\"https:\/\/www.dfh-ufa.org\/fr\/vous-etes\/etudiant\/ambassadeurs-de-lufa\/inviter-un-ambassadeur-de-lufa?noredirect=fr_FR\" class=\"ow-icon-placement-left ow-button-hover\" target=\"_blank\" rel=\"noopener noreferrer\" \t\t>\n\t\t<span>\n\t\t\t\n\t\t\tInviter un ambassadeur\t\t<\/span>\n\t<\/a>\n<\/div>\n<\/div><\/div><\/div><div id=\"pgc-328563-1-2\"  class=\"panel-grid-cell panel-grid-cell-empty\" ><\/div><\/div><\/div>","protected":false},"excerpt":{"rendered":"<p>Des \u00e9tudiant*es de l&rsquo;UFA racontent leur parcours Des informations en prise directe avec la r\u00e9alit\u00e9 des \u00e9tudes : les ambassadeurs et ambassadrices pr\u00e9sentent les cursus franco-allemands de l&rsquo;UFA aux lyc\u00e9en*es, parents d&rsquo;\u00e9l\u00e8ves, enseignant*es et \u00e9tudiant*es en derni\u00e8re ann\u00e9e de licence. &nbsp; Les ambassadeurs et ambassadrices de l&rsquo;UFA pr\u00e9sentent la vaste gamme de formation de l&rsquo;UFA [&hellip;]<\/p>\n","protected":false},"author":21,"featured_media":0,"parent":817,"menu_order":985,"comment_status":"closed","ping_status":"closed","template":"","meta":{"_bbp_topic_count":0,"_bbp_reply_count":0,"_bbp_total_topic_count":0,"_bbp_total_reply_count":0,"_bbp_voice_count":0,"_bbp_anonymous_reply_count":0,"_bbp_topic_count_hidden":0,"_bbp_reply_count_hidden":0,"_bbp_forum_subforum_count":0,"inline_featured_image":false},"acf":[],"_links":{"self":[{"href":"https:\/\/www.dfh-ufa.org\/fr\/wp-json\/wp\/v2\/pages\/328563"}],"collection":[{"href":"https:\/\/www.dfh-ufa.org\/fr\/wp-json\/wp\/v2\/pages"}],"about":[{"href":"https:\/\/www.dfh-ufa.org\/fr\/wp-json\/wp\/v2\/types\/page"}],"author":[{"embeddable":true,"href":"https:\/\/www.dfh-ufa.org\/fr\/wp-json\/wp\/v2\/users\/21"}],"replies":[{"embeddable":true,"href":"https:\/\/www.dfh-ufa.org\/fr\/wp-json\/wp\/v2\/comments?post=328563"}],"version-history":[{"count":35,"href":"https:\/\/www.dfh-ufa.org\/fr\/wp-json\/wp\/v2\/pages\/328563\/revisions"}],"predecessor-version":[{"id":1962047,"href":"https:\/\/www.dfh-ufa.org\/fr\/wp-json\/wp\/v2\/pages\/328563\/revisions\/1962047"}],"up":[{"embeddable":true,"href":"https:\/\/www.dfh-ufa.org\/fr\/wp-json\/wp\/v2\/pages\/817"}],"wp:attachment":[{"href":"https:\/\/www.dfh-ufa.org\/fr\/wp-json\/wp\/v2\/media?parent=328563"}],"curies":[{"name":"wp","href":"https:\/\/api.w.org\/{rel}","templated":true}]}}