{"id":412367,"date":"2020-10-19T11:20:29","date_gmt":"2020-10-19T09:20:29","guid":{"rendered":"https:\/\/www.dfh-ufa.org\/fr\/?page_id=412367"},"modified":"2020-10-19T11:20:29","modified_gmt":"2020-10-19T09:20:29","slug":"formation-des-responsables-de-programmes-les-9-et-10-novembre-2020","status":"publish","type":"page","link":"https:\/\/www.dfh-ufa.org\/fr\/vous-etes\/etablissements\/gestion-des-programmes\/formation-des-responsables-de-programmes-les-9-et-10-novembre-2020","title":{"rendered":"Formation des responsables de programmes les 9 et 10 novembre 2020"},"content":{"rendered":"<p>Merci de nous indiquer \u00e0 quelle visioconf\u00e9rence vous participerez.<\/p>\n<p>Nous vous enverrons les liens pour les r\u00e9unions apr\u00e8s validation de votre participation.<\/p>\n\n<p>&nbsp;<\/p>\n<p>&nbsp;<\/p>\n","protected":false},"excerpt":{"rendered":"<p>Merci de nous indiquer \u00e0 quelle visioconf\u00e9rence vous participerez. Nous vous enverrons les liens pour les r\u00e9unions apr\u00e8s validation de votre participation. &nbsp; &nbsp;<\/p>\n","protected":false},"author":2,"featured_media":0,"parent":854,"menu_order":0,"comment_status":"closed","ping_status":"closed","template":"","meta":{"_bbp_topic_count":0,"_bbp_reply_count":0,"_bbp_total_topic_count":0,"_bbp_total_reply_count":0,"_bbp_voice_count":0,"_bbp_anonymous_reply_count":0,"_bbp_topic_count_hidden":0,"_bbp_reply_count_hidden":0,"_bbp_forum_subforum_count":0,"inline_featured_image":false},"acf":[],"_links":{"self":[{"href":"https:\/\/www.dfh-ufa.org\/fr\/wp-json\/wp\/v2\/pages\/412367"}],"collection":[{"href":"https:\/\/www.dfh-ufa.org\/fr\/wp-json\/wp\/v2\/pages"}],"about":[{"href":"https:\/\/www.dfh-ufa.org\/fr\/wp-json\/wp\/v2\/types\/page"}],"author":[{"embeddable":true,"href":"https:\/\/www.dfh-ufa.org\/fr\/wp-json\/wp\/v2\/users\/2"}],"replies":[{"embeddable":true,"href":"https:\/\/www.dfh-ufa.org\/fr\/wp-json\/wp\/v2\/comments?post=412367"}],"version-history":[{"count":2,"href":"https:\/\/www.dfh-ufa.org\/fr\/wp-json\/wp\/v2\/pages\/412367\/revisions"}],"predecessor-version":[{"id":412374,"href":"https:\/\/www.dfh-ufa.org\/fr\/wp-json\/wp\/v2\/pages\/412367\/revisions\/412374"}],"up":[{"embeddable":true,"href":"https:\/\/www.dfh-ufa.org\/fr\/wp-json\/wp\/v2\/pages\/854"}],"wp:attachment":[{"href":"https:\/\/www.dfh-ufa.org\/fr\/wp-json\/wp\/v2\/media?parent=412367"}],"curies":[{"name":"wp","href":"https:\/\/api.w.org\/{rel}","templated":true}]}}