{"id":4434,"date":"2018-06-07T11:01:38","date_gmt":"2018-06-07T09:01:38","guid":{"rendered":"https:\/\/www.dfh-ufa.org\/fr\/soutien-financier"},"modified":"2026-03-25T16:56:53","modified_gmt":"2026-03-25T15:56:53","slug":"soutien-financier-1","status":"publish","type":"page","link":"https:\/\/www.dfh-ufa.org\/fr\/vous-etes\/diplome\/associations-de-diplomes-dans-le-reseau-de-lufa\/soutien-financier-1","title":{"rendered":"Soutien financier"},"content":{"rendered":"<h5>Chaque ann\u00e9e, pr\u00e8s de 1 400 \u00e9tudiant\u00b7es de l&rsquo;UFA terminent leurs \u00e9tudes binationales ou trinationales avec un double dipl\u00f4me en poche. Afin que les dipl\u00f4m\u00e9\u00b7es puissent rester en contact apr\u00e8s la fin de leurs \u00e9tudes, l\u2019UFA soutient les activit\u00e9s des associations de dipl\u00f4m\u00e9\u00b7es ainsi que la cr\u00e9ation de nouvelles associations au sein de son r\u00e9seau.<\/h5>\n<hr \/>\n<h4>Cr\u00e9ation d&rsquo;une association<\/h4>\n<p>L&rsquo;UFA soutient aussi <a href=\"https:\/\/www.dfh-ufa.org\/app\/uploads\/2021\/02\/Vereinsgruendung_Foerderleitfaden_F.pdf\" target=\"_blank\" rel=\"noopener noreferrer\">la cr\u00e9ation de nouvelles associations de dipl\u00f4m\u00e9\u00b7es<\/a> au sein de son r\u00e9seau.<\/p>\n<p>Si vous souhaitez nous adresser une demande de soutien financier pour<strong> une nouvelle association<\/strong>, merci d&rsquo;utiliser <a href=\"https:\/\/www.dfh-ufa.org\/app\/uploads\/2024\/01\/Antragsformular_Gruendung_depot_de_demande_creation_nouvelle_association_2024.docx\">le formulaire <\/a>pr\u00e9vu \u00e0 cet effet.<\/p>\n<p>Vous trouverez des informations utiles relatives \u00e0 la cr\u00e9ation d&rsquo;une association sous les liens suivants :<\/p>\n<ul>\n<li><a href=\"https:\/\/www.service-public.fr\/associations\/vosdroits\/R2631\" target=\"_blank\" rel=\"noopener noreferrer\">En France<\/a><\/li>\n<li><a href=\"https:\/\/www.bmjv.de\/DE\/Service\/Formulare\/Formulare_node.html\" target=\"_blank\" rel=\"noopener noreferrer\">En Allemagne<\/a><\/li>\n<\/ul>\n<p>&nbsp;<\/p>\n<hr \/>\n<h4>Appel \u00e0 projets 2026<\/h4>\n<p>Vous trouverez ici <a href=\"https:\/\/www.dfh-ufa.org\/app\/uploads\/2025\/12\/Appel-a-projets_F_2026.pdf\" target=\"_blank\" rel=\"noopener\">l&rsquo;appel \u00e0 projets 2026<\/a> relatif au soutien li\u00e9 aux activit\u00e9s des associations de dipl\u00f4m\u00e9\u00b7es UFA.<\/p>\n<hr \/>\n<h4>Appel \u00e0 projets sp\u00e9cifique<\/h4>\n<p>L\u2019UFA soutient dans le cadre d\u2019un\u00a0<a href=\"https:\/\/www.dfh-ufa.org\/app\/uploads\/2026\/01\/Ausschreibung_Vernetzung_F_2026.pdf\" target=\"_blank\" rel=\"noopener\">appel \u00e0 projets sp\u00e9cifique<\/a> des projets de coop\u00e9ration mis en place par plusieurs cursus et associations de dipl\u00f4m\u00e9\u00b7es. Par ce dispositif, l\u2019UFA souhaite offrir \u00e0 ses \u00e9tudiant\u00b7es et dipl\u00f4m\u00e9\u00b7es la possibilit\u00e9 de se construire le plus t\u00f4t possible un r\u00e9seau personnel riche et vari\u00e9.<\/p>\n<ul>\n<li class=\"download__list__item\"><a href=\"https:\/\/www.dfh-ufa.org\/app\/uploads\/2026\/01\/2026_Antrag_depot_de_demande_Netzwerk_mise_en_reseau_DF.docx\" target=\"_blank\" rel=\"noopener\">T\u00e9l\u00e9charger le formulaire de demande<\/a><\/li>\n<\/ul>\n<hr \/>\n<h4>D\u00e9p\u00f4t de demande<\/h4>\n<p>Vous pouvez adresser vos demandes de soutien financier \u00e0 l\u2019UFA \u00e0 l&rsquo;aide de <a href=\"https:\/\/www.dfh-ufa.org\/fr\/vous-etes\/diplome\/associations-de-diplomes-dans-le-reseau-de-lufa\/soutien-financier\/demande-de-soutien\" target=\"_blank\" rel=\"noopener noreferrer\">ce formulaire<\/a><br \/>\n(Si vous souhaitez nous adresser un demande de soutien financier pour<strong> une nouvelle association<\/strong>, merci d&rsquo;utiliser <a href=\"https:\/\/www.dfh-ufa.org\/app\/uploads\/2023\/01\/Antragsformular_Gruendung_depot_de_demande_creation_nouvelle_association.docx\" target=\"_blank\" rel=\"noopener\">ce formulaire<\/a> pr\u00e9vu \u00e0 cet effet).<br \/>\nVeuillez noter qu&rsquo;il faut compter au moins 8 \u00e0 10 semaines apr\u00e8s le d\u00e9p\u00f4t de la demande avant que l&rsquo;allocation accord\u00e9e ne soit \u00e0 votre disposition sur votre compte bancaire.<\/p>\n<hr \/>\n<h4>Description du projet<\/h4>\n<p>Afin de v\u00e9rifier que les projets pour lesquels vous souhaitez utiliser les allocations de l&rsquo;UFA correspondent bien aux directives d&rsquo;\u00e9ligibilit\u00e9, nous vous prions de bien vouloir nous adresser, <strong>PR\u00c9ALABLEMENT<\/strong> \u00e0 leur r\u00e9alisation, une br\u00e8ve <strong><a href=\"https:\/\/www.dfh-ufa.org\/fr\/vous-etes\/diplome\/associations-de-diplomes-dans-le-reseau-de-lufa\/soutien-financier\/descriptif-de-projet\" target=\"_blank\" rel=\"noopener noreferrer\">description des projets<\/a> <\/strong>respectifs. L&rsquo;UFA examinera ces projets et vous fera savoir de mani\u00e8re informelle s&rsquo;ils sont \u00e9ligibles \u00e0 un soutien. <strong>L&rsquo;envoi des descriptions de projets est obligatoire et peut s&rsquo;\u00e9chelonner sur toute l&rsquo;ann\u00e9e, ind\u00e9pendamment de la demande de soutien<\/strong>.<\/p>\n<hr \/>\n<h4>Communication sur le soutien accord\u00e9 par l&rsquo;UFA<\/h4>\n<p><a href=\"https:\/\/www.dfh-ufa.org\/app\/uploads\/2024\/10\/logo_DFH-UFA_cmyk_final.png\"><img decoding=\"async\" loading=\"lazy\" class=\"alignnone wp-image-1957374 size-medium\" src=\"https:\/\/www.dfh-ufa.org\/app\/uploads\/2024\/10\/logo_DFH-UFA_cmyk_final-250x124.png\" alt=\"\" width=\"250\" height=\"124\" srcset=\"https:\/\/www.dfh-ufa.org\/app\/uploads\/2024\/10\/logo_DFH-UFA_cmyk_final-250x124.png 250w, https:\/\/www.dfh-ufa.org\/app\/uploads\/2024\/10\/logo_DFH-UFA_cmyk_final-1024x507.png 1024w, https:\/\/www.dfh-ufa.org\/app\/uploads\/2024\/10\/logo_DFH-UFA_cmyk_final-768x380.png 768w, https:\/\/www.dfh-ufa.org\/app\/uploads\/2024\/10\/logo_DFH-UFA_cmyk_final-1536x760.png 1536w, https:\/\/www.dfh-ufa.org\/app\/uploads\/2024\/10\/logo_DFH-UFA_cmyk_final.png 1969w\" sizes=\"(max-width: 250px) 100vw, 250px\" \/><\/a><\/p>\n<p>Nous vous serions tr\u00e8s reconnaissants si vous pouviez communiquer sur le soutien accord\u00e9 par l&rsquo;UFA dans le cadre de vos projets (publication du logo dans le programme de la manifestation ou dans l&rsquo;annuaire des dipl\u00f4m\u00e9s, ou encore publication de photos de l&rsquo;\u00e9v\u00e9nement).<\/p>\n<p>Vous pouvez t\u00e9l\u00e9charger le logo de l&rsquo;UFA <a href=\"https:\/\/www.dfh-ufa.org\/app\/uploads\/2024\/10\/logo_DFH-UFA_cmyk_final.png\">ici<\/a>.<\/p>\n<hr \/>\n<h4>Justificatif d\u2019utilisation des fonds<\/h4>\n<p>Le <strong>d\u00e9compte<\/strong> pour l&rsquo;ensemble des projets de l&rsquo;ann\u00e9e s&rsquo;effectuera de mani\u00e8re group\u00e9e<strong> au plus tard 3 semaines apr\u00e8s le dernier projet mis en \u0153uvre durant cette m\u00eame ann\u00e9e civile (ou pour les projets r\u00e9alis\u00e9s en fin d\u2019ann\u00e9e jusqu&rsquo;au 15 d\u00e9cembre 2026 dernier d\u00e9lai)<\/strong> \u00e0 l&rsquo;aide du formulaire<a href=\"https:\/\/www.dfh-ufa.org\/app\/uploads\/2025\/11\/Form_VWN_2025.docx\" target=\"_blank\" rel=\"noopener\"> justificatif d&rsquo;utilisation des fonds<\/a>.<\/p>\n<p>Les manifestations de fin d&rsquo;ann\u00e9e ne devront par cons\u00e9quent pas avoir lieu apr\u00e8s le 15 d\u00e9cembre.<\/p>\n<p>Les reliquats sont \u00e0 rembourser jusqu&rsquo;au <strong>20 d\u00e9cembre<\/strong>.<\/p>\n<hr \/>\n<h4>Commander des brochures<\/h4>\n<p>Si vous souhaitez commander des brochures pour une manifestation de votre association de dipl\u00f4m\u00e9\u00b7es, merci de <a href=\"https:\/\/www.dfh-ufa.org\/fr\/commander-des-brochures\" target=\"_blank\" rel=\"noopener noreferrer\">remplir ce formulaire<\/a>.<\/p>\n<p>Les versions num\u00e9riques des brochures sont \u00e0 votre disposition dans la rubrique <a href=\"https:\/\/www.dfh-ufa.org\/fr\/actualites\/telechargements\" target=\"_blank\" rel=\"noopener noreferrer\">t\u00e9l\u00e9chargements<\/a>.<\/p>\n<hr \/>\n<h4>FAQ<\/h4>\n<p>Vous avez encore des questions? N\u2019h\u00e9sitez pas \u00e0 consulter les <a href=\"https:\/\/www.dfh-ufa.org\/fr\/vous-etes\/diplome\/faq-diplomes\" target=\"_blank\" rel=\"noopener noreferrer\"><strong>FAQ<\/strong><\/a>.<\/p>\n<hr \/>\n<h4>Pour plus d&rsquo;infos<\/h4>\n<p><strong>Annika Matulla<\/strong><br \/>\nCourriel: <a href=\"http:\/\/alumni@dfh-ufa.org\" target=\"_blank\" rel=\"noopener noreferrer\">alumni(at)dfh-ufa.org<\/a><\/p>\n","protected":false},"excerpt":{"rendered":"<p>Chaque ann\u00e9e, pr\u00e8s de 1 400 \u00e9tudiant\u00b7es de l&rsquo;UFA terminent leurs \u00e9tudes binationales ou trinationales avec un double dipl\u00f4me en poche. Afin que les dipl\u00f4m\u00e9\u00b7es puissent rester en contact apr\u00e8s la fin de leurs \u00e9tudes, l\u2019UFA soutient les activit\u00e9s des associations de dipl\u00f4m\u00e9\u00b7es ainsi que la cr\u00e9ation de nouvelles associations au sein de son r\u00e9seau. [&hellip;]<\/p>\n","protected":false},"author":2,"featured_media":0,"parent":837,"menu_order":0,"comment_status":"closed","ping_status":"closed","template":"","meta":{"_bbp_topic_count":0,"_bbp_reply_count":0,"_bbp_total_topic_count":0,"_bbp_total_reply_count":0,"_bbp_voice_count":0,"_bbp_anonymous_reply_count":0,"_bbp_topic_count_hidden":0,"_bbp_reply_count_hidden":0,"_bbp_forum_subforum_count":0,"inline_featured_image":false},"acf":[],"_links":{"self":[{"href":"https:\/\/www.dfh-ufa.org\/fr\/wp-json\/wp\/v2\/pages\/4434"}],"collection":[{"href":"https:\/\/www.dfh-ufa.org\/fr\/wp-json\/wp\/v2\/pages"}],"about":[{"href":"https:\/\/www.dfh-ufa.org\/fr\/wp-json\/wp\/v2\/types\/page"}],"author":[{"embeddable":true,"href":"https:\/\/www.dfh-ufa.org\/fr\/wp-json\/wp\/v2\/users\/2"}],"replies":[{"embeddable":true,"href":"https:\/\/www.dfh-ufa.org\/fr\/wp-json\/wp\/v2\/comments?post=4434"}],"version-history":[{"count":117,"href":"https:\/\/www.dfh-ufa.org\/fr\/wp-json\/wp\/v2\/pages\/4434\/revisions"}],"predecessor-version":[{"id":1962467,"href":"https:\/\/www.dfh-ufa.org\/fr\/wp-json\/wp\/v2\/pages\/4434\/revisions\/1962467"}],"up":[{"embeddable":true,"href":"https:\/\/www.dfh-ufa.org\/fr\/wp-json\/wp\/v2\/pages\/837"}],"wp:attachment":[{"href":"https:\/\/www.dfh-ufa.org\/fr\/wp-json\/wp\/v2\/media?parent=4434"}],"curies":[{"name":"wp","href":"https:\/\/api.w.org\/{rel}","templated":true}]}}