{"id":4437,"date":"2018-06-07T11:02:03","date_gmt":"2018-06-07T09:02:03","guid":{"rendered":"https:\/\/www.dfh-ufa.org\/fr\/soutien-conceptuel"},"modified":"2026-03-10T16:26:10","modified_gmt":"2026-03-10T15:26:10","slug":"soutien-conceptuel","status":"publish","type":"page","link":"https:\/\/www.dfh-ufa.org\/fr\/vous-etes\/diplome\/associations-de-diplomes-dans-le-reseau-de-lufa\/soutien-conceptuel","title":{"rendered":"Soutien conceptuel"},"content":{"rendered":"<div id=\"c9680\" class=\"csc-default\">\n<div class=\"csc-textpic csc-textpic-intext-right-nowrap\">\n<div class=\"row\">\n<div class=\"col-sm-9 col-sm-pull-3\">\n<h3>Les relations dipl\u00f4m\u00e9\u00b7es de l&rsquo;UFA<\/h3>\n<p>L\u2019UFA attache beaucoup d\u2019importance \u00e0 sa relation avec les \u00e9tudiant\u00b7es, pendant leurs \u00e9tudes mais \u00e9galement lors de leur insertion professionnelle et tout au long de leur vie active. Afin d\u2019encourager le plus t\u00f4t possible le dialogue et l\u2019\u00e9change entre les \u00e9tudiant\u00b7es et les dipl\u00f4m\u00e9\u00b7es des cursus int\u00e9gr\u00e9s ainsi que leur mise en r\u00e9seau, l\u2019UFA soutient les activit\u00e9s des associations de dipl\u00f4m\u00e9\u00b7es non seulement d\u2019un point de vue financier mais \u00e9galement conceptuel.<\/p>\n<ul>\n<li class=\"download__list__item\"><a href=\"https:\/\/www.dfh-ufa.org\/app\/uploads\/2026\/03\/Was-bietet-die-DFH_2026-F.pdf\" target=\"_blank\" rel=\"noopener\">Que propose l\u2019UFA \u00e0 ses \u00e9tudiant\u00b7es et dipl\u00f4m\u00e9\u00b7es ?<\/a><\/li>\n<\/ul>\n<\/div>\n<p>&nbsp;<\/p>\n<div class=\"col-sm-9 col-sm-pull-3\">\n<hr \/>\n<\/div>\n<\/div>\n<\/div>\n<\/div>\n<h3><\/h3>\n<h3 id=\"c24058\" class=\"csc-default\">Vous \u00eates \u00e0 la recherche d\u2019un stage ou d\u2019un emploi ?<\/h3>\n<div id=\"c23979\" class=\"csc-default\">\n<div class=\"csc-header csc-header-n3\">\n<p>L\u2019UFA propose chaque ann\u00e9e des entra\u00eenements interculturels \u00e0 la candidature \u00e0 ses \u00e9tudiant\u00b7es et dipl\u00f4m\u00e9\u00b7es afin de faciliter leur insertion professionnelle sur le march\u00e9 de travail international. Par ailleurs, l\u2019UFA publie r\u00e9guli\u00e8rement des offres de stage et d\u2019emploi sur Facebook et Instagram et diffuse celles-ci au sein des associations de dipl\u00f4m\u00e9\u00b7es de cursus int\u00e9gr\u00e9s.<\/p>\n<\/div>\n<p>&nbsp;<\/p>\n<ul>\n<li class=\"download__list__item\"><a title=\"APPLIKATION, Alumni Tipps Jobsuche Layout, Alumni_Tipps_Jobsuche_Layout.pdf, 126 KB\" href=\"https:\/\/www.dfh-ufa.org\/fileadmin\/Dateien\/Wirtschaft\/Alumni\/2014\/Alumni_Tipps_Jobsuche_Layout.pdf\" target=\"_blank\" rel=\"noopener noreferrer\">Vous trouverez ici une liste de sites internet utiles lors de votre recherche d\u2019emploi.<\/a><\/li>\n<li class=\"download__list__item\"><a href=\"https:\/\/www.dfh-ufa.org\/fr\/liste-de-liens\/diplomes\/\" target=\"_blank\" rel=\"noopener noreferrer\">Liste de liens : Stages\/offres d\u2019emplois\/aide \u00e0 la candidature<\/a><\/li>\n<\/ul>\n<p>&nbsp;<\/p>\n<hr \/>\n<\/div>\n<div id=\"c17253\" class=\"csc-default\">\n<div class=\"csc-header csc-header-n4\">\n<h3><\/h3>\n<h3>Rencontre des associations de dipl\u00f4m\u00e9\u00b7es de l&rsquo;UFA<\/h3>\n<p>Afin de permettre un \u00e9change d&rsquo;informations et d&rsquo;exp\u00e9riences entre associations actuelles et futures, l&rsquo;UFA organise chaque ann\u00e9e une rencontre des \u00ab anciens \u00bb au sein du r\u00e9seau de l&rsquo;UFA \u00e0 Strasbourg dans le cadre du Forum Franco-allemand.<\/p>\n<\/div>\n<\/div>\n<div id=\"c22251\" class=\"csc-default\">\n<div class=\"csc-textpic csc-textpic-intext-right-nowrap\">\n<div class=\"row\">\n<div class=\"col-sm-3 col-sm-push-9\">\n<div class=\"csc-textpic-imagewrap\">\n<div class=\"row\">\n<div class=\"col-xs-12\">\n<p>&nbsp;<\/p>\n<\/div>\n<\/div>\n<\/div>\n<\/div>\n<div class=\"col-sm-9 col-sm-pull-3\">\n<div class=\"csc-textpicHeader csc-textpicHeader-25\">\n<div class=\"csc-header csc-header-n5\">\n<hr \/>\n<h3><\/h3>\n<h3>Candidatures sur le march\u00e9 de l\u2019emploi international \u2013 les ateliers interculturels de l&rsquo;UFA<\/h3>\n<p>&nbsp;<\/p>\n<\/div>\n<\/div>\n<p><a href=\"https:\/\/www.dfh-ufa.org\/fr\/vous-etes\/etudiant-doctorant-diplome\/diplome\/entrainement-interculturel-a-la-candidature?noredirect=fr_FR\" rel=\"noopener\">\u00bb en savoir plus<\/a><\/p>\n<p>&nbsp;<\/p>\n<\/div>\n<\/div>\n<\/div>\n<\/div>\n<div id=\"c22473\" class=\"csc-default\">\n<div class=\"csc-textpic csc-textpic-intext-right-nowrap\">\n<div class=\"row\">\n<div class=\"col-sm-9 col-sm-pull-3\">\n<hr \/>\n<\/div>\n<\/div>\n<\/div>\n<\/div>\n<div id=\"c17254\" class=\"csc-default\">\n<div class=\"csc-header csc-header-n8\">\n<h2><\/h2>\n<h2>Affiliations et pr\u00e9sences sur les r\u00e9seaux sociaux<\/h2>\n<p>&nbsp;<\/p>\n<\/div>\n<p>L&rsquo;UFA est membre d&rsquo;<a href=\"http:\/\/www.alumni-clubs.net\/\" target=\"_blank\" rel=\"noopener noreferrer\">alumni-clubs.net<\/a> et de <a href=\"https:\/\/www.alumniportal-deutschland.org\/\" target=\"_blank\" rel=\"noopener noreferrer\">www.alumniportal-deutschland.org<\/a>.<\/p>\n<p>&nbsp;<\/p>\n<\/div>\n<div id=\"c17257\" class=\"csc-default\">\n<p><strong><a href=\"http:\/\/www.facebook.com\/UFADFH\" target=\"_blank\" rel=\"noopener noreferrer\">Facebook<\/a><\/strong><\/p>\n<p><strong><a href=\"https:\/\/www.instagram.com\/ufadfh\/?hl=fr\" target=\"_blank\" rel=\"noopener\">Instagram<\/a><\/strong><\/p>\n<p><strong><a href=\"https:\/\/www.youtube.com\/user\/UFADFH\" target=\"_blank\" rel=\"noopener\">YouTube<\/a><\/strong><\/p>\n<p><strong><a href=\"https:\/\/www.linkedin.com\/school\/universite-franco-allemande-deutsch-franzoesische-hochschule\/\" target=\"_blank\" rel=\"noopener\"><span lang=\"FR\">Linkedin<\/span><\/a><\/strong><\/p>\n<p><a href=\"https:\/\/www.francealumni.fr\/fr\/partenaire\/7791\" target=\"_blank\" rel=\"noopener noreferrer\"><strong>www.francealumni.fr<\/strong><\/a><\/p>\n<\/div>\n<div id=\"c17256\" class=\"csc-default\">\n<p>Inaugur\u00e9e en 2014, cette plateforme num\u00e9rique s\u2019adresse \u00e0 tous les \u00e9tudiant\u00b7es et alumnis \u00e9trangers qui ont effectu\u00e9 l\u2019int\u00e9gralit\u00e9 ou une partie de leurs \u00e9tudes en France. Par le biais de ce r\u00e9seau social, les \u00e9tudiant\u00b7es et alumnis sont en contact direct entre eux et avec les \u00e9coles\/universit\u00e9s et les entreprises et peuvent \u00e9galement prendre connaissance des offres de formation, d\u2019emploi et de stages actuels.<\/p>\n<p>&nbsp;<\/p>\n<hr \/>\n<\/div>\n<div id=\"c20189\" class=\"csc-default\">\n<p>&nbsp;<\/p>\n<p>Pour plus d&rsquo;infos : <a href=\"mailto:alumni@dfh-ufa.org\">alumni(at)dfh-ufa.org<\/a><\/p>\n<\/div>\n","protected":false},"excerpt":{"rendered":"<p>Les relations dipl\u00f4m\u00e9\u00b7es de l&rsquo;UFA L\u2019UFA attache beaucoup d\u2019importance \u00e0 sa relation avec les \u00e9tudiant\u00b7es, pendant leurs \u00e9tudes mais \u00e9galement lors de leur insertion professionnelle et tout au long de leur vie active. Afin d\u2019encourager le plus t\u00f4t possible le dialogue et l\u2019\u00e9change entre les \u00e9tudiant\u00b7es et les dipl\u00f4m\u00e9\u00b7es des cursus int\u00e9gr\u00e9s ainsi que leur [&hellip;]<\/p>\n","protected":false},"author":2,"featured_media":0,"parent":837,"menu_order":0,"comment_status":"closed","ping_status":"closed","template":"","meta":{"_bbp_topic_count":0,"_bbp_reply_count":0,"_bbp_total_topic_count":0,"_bbp_total_reply_count":0,"_bbp_voice_count":0,"_bbp_anonymous_reply_count":0,"_bbp_topic_count_hidden":0,"_bbp_reply_count_hidden":0,"_bbp_forum_subforum_count":0,"inline_featured_image":false},"acf":[],"_links":{"self":[{"href":"https:\/\/www.dfh-ufa.org\/fr\/wp-json\/wp\/v2\/pages\/4437"}],"collection":[{"href":"https:\/\/www.dfh-ufa.org\/fr\/wp-json\/wp\/v2\/pages"}],"about":[{"href":"https:\/\/www.dfh-ufa.org\/fr\/wp-json\/wp\/v2\/types\/page"}],"author":[{"embeddable":true,"href":"https:\/\/www.dfh-ufa.org\/fr\/wp-json\/wp\/v2\/users\/2"}],"replies":[{"embeddable":true,"href":"https:\/\/www.dfh-ufa.org\/fr\/wp-json\/wp\/v2\/comments?post=4437"}],"version-history":[{"count":59,"href":"https:\/\/www.dfh-ufa.org\/fr\/wp-json\/wp\/v2\/pages\/4437\/revisions"}],"predecessor-version":[{"id":1963680,"href":"https:\/\/www.dfh-ufa.org\/fr\/wp-json\/wp\/v2\/pages\/4437\/revisions\/1963680"}],"up":[{"embeddable":true,"href":"https:\/\/www.dfh-ufa.org\/fr\/wp-json\/wp\/v2\/pages\/837"}],"wp:attachment":[{"href":"https:\/\/www.dfh-ufa.org\/fr\/wp-json\/wp\/v2\/media?parent=4437"}],"curies":[{"name":"wp","href":"https:\/\/api.w.org\/{rel}","templated":true}]}}