{"id":4475,"date":"2018-06-07T12:23:33","date_gmt":"2018-06-07T10:23:33","guid":{"rendered":"https:\/\/www.dfh-ufa.org\/fr\/partenaires-anciens-et-actuels"},"modified":"2026-02-02T13:53:02","modified_gmt":"2026-02-02T12:53:02","slug":"partenaires-anciens-et-actuels","status":"publish","type":"page","link":"https:\/\/www.dfh-ufa.org\/fr\/vous-etes\/entreprises\/prix-dexcellence\/partenaires-anciens-et-actuels","title":{"rendered":"Partenaires anciens et actuels"},"content":{"rendered":"<div id=\"pl-4475\"  class=\"panel-layout\" ><div id=\"pg-4475-0\"  class=\"panel-grid panel-no-style\" ><div id=\"pgc-4475-0-0\"  class=\"panel-grid-cell\" ><div id=\"panel-4475-0-0-0\" class=\"so-panel widget widget_accordion panel-first-child panel-last-child\" data-index=\"0\" >        <div class=\"accordion\" data-collapse=\"1\">\n\n\t\t\t\t\t\t\t\t\t\t\t\t                    <div class=\"accordion__item\" id=\"69de28f7932d0\">\n\n\t\t\t\t\t\t                            <header class=\"accordion__header\">\n                                <h2 class=\"accordion__title\">2026<\/h2>\n                            <\/header>\n\t\t\t\t\t\t\n\t\t\t\t\t\t                            <div class=\"accordion__content\">\n\t\t\t\t\t\t\t\t<p><img class=\"wp-image-1963052 size-medium\" src=\"https:\/\/www.dfh-ufa.org\/app\/uploads\/2026\/02\/PEX_2026-250x188.jpg\" alt=\"PEX 2026\" width=\"250\" height=\"188\" \/><\/p>\n<p><strong>Arte, ASKO Europa-Stiftung, Association R\u00e9alit\u00e9s et Relations Internationales (ARRI), Deutsch-Franz\u00f6sische Juristenvereinigung e.V. (DFJ), F\u00e9d\u00e9ration Nationale des Travaux Publics, JENOPTIK Robot GmbH, Lions Club Recklinghausen, Lions Club de Senlis Trois For\u00eats, Max Weber Stiftung, Schultze &amp; Braun GmbH, Union des Fran\u00e7ais de Sarre (UFS), Valoris Avocats<\/strong><\/p>\n                            <\/div>\n\t\t\t\t\t\t\n\t\t\t\t\t\t\n                    <\/div><!-- .accordion -->\n\n\t\t\t\t\n\t\t\t\t\t\t\t\t\t                    <div class=\"accordion__item\" id=\"69de28f7932f9\">\n\n\t\t\t\t\t\t                            <header class=\"accordion__header\">\n                                <h2 class=\"accordion__title\">2025<\/h2>\n                            <\/header>\n\t\t\t\t\t\t\n\t\t\t\t\t\t                            <div class=\"accordion__content\">\n\t\t\t\t\t\t\t\t<p><img class=\"alignnone size-medium wp-image-1959867\" src=\"https:\/\/www.dfh-ufa.org\/app\/uploads\/2025\/04\/PEX_2025-250x188.jpg\" alt=\"\" width=\"250\" height=\"188\" \/><\/p>\n<p><strong>Arte, ASKO Europa-Stiftung, Association R\u00e9alit\u00e9s et Relations Internationales (ARRI), Deutsch-Franz\u00f6sische Juristenvereinigung e.V. (DFJ), F\u00e9d\u00e9ration Nationale des Travaux Publics, Forvis Mazars, Lions Club Recklinghausen, Lions Club de Senlis Trois For\u00eats, Max Weber Stiftung, Schultze &amp; Braun GmbH, Union des Fran\u00e7ais de Sarre (UFS), Valoris Avocats<\/strong><\/p>\n                            <\/div>\n\t\t\t\t\t\t\n\t\t\t\t\t\t\n                    <\/div><!-- .accordion -->\n\n\t\t\t\t\n\t\t\t\t\t\t\t\t\t                    <div class=\"accordion__item\" id=\"69de28f793309\">\n\n\t\t\t\t\t\t                            <header class=\"accordion__header\">\n                                <h2 class=\"accordion__title\">2024<\/h2>\n                            <\/header>\n\t\t\t\t\t\t\n\t\t\t\t\t\t                            <div class=\"accordion__content\">\n\t\t\t\t\t\t\t\t<p><a href=\"https:\/\/www.dfh-ufa.org\/app\/uploads\/2024\/02\/PEX_2024.png\"><img class=\"alignnone wp-image-1953836 size-medium\" src=\"https:\/\/www.dfh-ufa.org\/app\/uploads\/2024\/02\/PEX_2024-250x188.png\" alt=\"\" width=\"250\" height=\"188\" \/><\/a><\/p>\n<p><strong>Adoma, Arte, ASKO Europa-Stiftung, Association R\u00e9alit\u00e9s et Relations Internationales (ARRI), Club des Affaires Saar-Lorraine e.V., Deutsch-Franz\u00f6sische Juristenvereinigung e.V. (DFJ), F\u00e9d\u00e9ration Nationale des Travaux Publics, , Lions Club Recklinghausen, Lions Club de Senlis Trois For\u00eats, Max Weber Stiftung, Mazars, Schultze &amp; Braun GmbH, Union des Fran\u00e7ais de Sarre (UFS), Valoris Avocats<br \/>\n<\/strong><\/p>\n                            <\/div>\n\t\t\t\t\t\t\n\t\t\t\t\t\t\n                    <\/div><!-- .accordion -->\n\n\t\t\t\t\n\t\t\t\t\t\t\t\t\t                    <div class=\"accordion__item\" id=\"69de28f79331d\">\n\n\t\t\t\t\t\t                            <header class=\"accordion__header\">\n                                <h2 class=\"accordion__title\">2023<\/h2>\n                            <\/header>\n\t\t\t\t\t\t\n\t\t\t\t\t\t                            <div class=\"accordion__content\">\n\t\t\t\t\t\t\t\t<p><img class=\"alignnone size-medium wp-image-1459321\" src=\"https:\/\/www.dfh-ufa.org\/app\/uploads\/2022\/12\/PEX_2023-250x188.jpg\" alt=\"\" width=\"250\" height=\"188\" \/><\/p>\n<p><strong>Arte, ASKO Europa-Stiftung, Club des Affaires Saar-Lorraine e.V., Deutsch-Franz\u00f6sische Juristenvereinigung e.V. (DFJ), F\u00e9d\u00e9ration Nationale des Travaux Publics, Fondation Groupe D\u00e9p\u00eache, Lions Club Recklinghausen, Lions Club de Senlis Trois For\u00eats, Max Weber Stiftung, Mazars, Schultze &amp; Braun GmbH, Union des Fran\u00e7ais de Sarre (UFS), Valoris Avocats<br \/>\n<\/strong><\/p>\n                            <\/div>\n\t\t\t\t\t\t\n\t\t\t\t\t\t\n                    <\/div><!-- .accordion -->\n\n\t\t\t\t\n\t\t\t\t\t\t\t\t\t                    <div class=\"accordion__item\" id=\"69de28f79332e\">\n\n\t\t\t\t\t\t                            <header class=\"accordion__header\">\n                                <h2 class=\"accordion__title\">2022<\/h2>\n                            <\/header>\n\t\t\t\t\t\t\n\t\t\t\t\t\t                            <div class=\"accordion__content\">\n\t\t\t\t\t\t\t\t<p><a href=\"https:\/\/www.dfh-ufa.org\/app\/uploads\/2022\/01\/PEX_2022.jpg\" target=\"_blank\" rel=\"noopener\"><img class=\"alignnone wp-image-1009936 size-medium\" src=\"https:\/\/www.dfh-ufa.org\/app\/uploads\/2022\/01\/PEX_2022-250x188.jpg\" alt=\"\" width=\"250\" height=\"188\" \/><\/a><\/p>\n<p><strong>Arte, ASKO Europa-Stiftung, Club des Affaires Saar-Lorraine e.V., Deutsch-Franz\u00f6sische Juristenvereinigung e.V. (DFJ), F\u00e9d\u00e9ration Nationale des Travaux Publics, Fondation Groupe D\u00e9p\u00eache, Lions Club Recklinghausen, Lions Club de Senlis Trois For\u00eats, Max Weber Stiftung, Mazars, Schultze &amp; Braun GmbH, Union des Fran\u00e7ais de Sarre (UFS)<br \/>\n<\/strong><\/p>\n                            <\/div>\n\t\t\t\t\t\t\n\t\t\t\t\t\t\n                    <\/div><!-- .accordion -->\n\n\t\t\t\t\n\t\t\t\t\t\t\t\t\t                    <div class=\"accordion__item\" id=\"69de28f79333f\">\n\n\t\t\t\t\t\t                            <header class=\"accordion__header\">\n                                <h2 class=\"accordion__title\">2021<\/h2>\n                            <\/header>\n\t\t\t\t\t\t\n\t\t\t\t\t\t                            <div class=\"accordion__content\">\n\t\t\t\t\t\t\t\t<p><img class=\"alignnone size-medium wp-image-723046\" src=\"https:\/\/www.dfh-ufa.org\/app\/uploads\/2021\/06\/PEX_2021-250x189.png\" alt=\"\" width=\"250\" height=\"189\" \/><\/p>\n<p><strong>Arte, ASKO Europa-Stiftung, Association R\u00e9alit\u00e9s et Relations Internationales (ARRI), Deutsch-Franz\u00f6sische Juristenvereinigung e.V. (DFJ), F\u00e9d\u00e9ration Nationale des Travaux Publics, Fondation Groupe D\u00e9p\u00eache, Lions Club Recklinghausen, Lions Club de Senlis Trois For\u00eats, Mazars, Schultze &amp; Braun GmbH<\/strong><\/p>\n                            <\/div>\n\t\t\t\t\t\t\n\t\t\t\t\t\t\n                    <\/div><!-- .accordion -->\n\n\t\t\t\t\n\t\t\t\t\t\t\t\t\t                    <div class=\"accordion__item\" id=\"69de28f79334c\">\n\n\t\t\t\t\t\t                            <header class=\"accordion__header\">\n                                <h2 class=\"accordion__title\">2020<\/h2>\n                            <\/header>\n\t\t\t\t\t\t\n\t\t\t\t\t\t                            <div class=\"accordion__content\">\n\t\t\t\t\t\t\t\t<p><img class=\"alignnone wp-image-405703 size-medium\" src=\"https:\/\/www.dfh-ufa.org\/app\/uploads\/2020\/10\/PEX-2020-250x188.jpg\" alt=\"\" width=\"250\" height=\"188\" \/><\/p>\n<p><strong>Arte, ASKO Europa-Stiftung, Association R\u00e9alit\u00e9s et Relations Internationales (ARRI), Club des Affaires Saar-Lorraine e.V., Deutsch-Franz\u00f6sische Juristenvereinigung e.V. (DFJ), F\u00e9d\u00e9ration Nationale des Travaux Publics, Hauptverband der Deutschen Bauindustrie e.V., Lions Club Recklinghausen, Lions Club de Senlis Trois For\u00eats, Mazars, Schultze &amp; Braun GmbH<\/strong><\/p>\n                            <\/div>\n\t\t\t\t\t\t\n\t\t\t\t\t\t\n                    <\/div><!-- .accordion -->\n\n\t\t\t\t\n\t\t\t\t\t\t\t\t\t                    <div class=\"accordion__item\" id=\"69de28f793358\">\n\n\t\t\t\t\t\t                            <header class=\"accordion__header\">\n                                <h2 class=\"accordion__title\">2019<\/h2>\n                            <\/header>\n\t\t\t\t\t\t\n\t\t\t\t\t\t                            <div class=\"accordion__content\">\n\t\t\t\t\t\t\t\t<p><img class=\"alignnone size-medium wp-image-13928\" src=\"https:\/\/www.dfh-ufa.org\/app\/uploads\/2019\/01\/PEX-2019-300x225.jpg\" alt=\"\" width=\"300\" height=\"225\" \/><\/p>\n<p><strong>Arte, ASKO Europa-Stiftung, Association R\u00e9alit\u00e9s et Relations Internationales (ARRI), Club des Affaires Saar-Lorraine e.V., Deutsch-Franz\u00f6sische Juristenvereinigung e.V. (DFJ), F\u00e9d\u00e9ration Nationale des Travaux Publics, Haupverband der Deutschen Bauindustrie e.V., Lions Club Recklinghausen, Lions Club de Senlis Trois F\u00f4rets, Mazars, Schultze &amp; Braun GmbH<\/strong><\/p>\n                            <\/div>\n\t\t\t\t\t\t\n\t\t\t\t\t\t\n                    <\/div><!-- .accordion -->\n\n\t\t\t\t\n\t\t\t\t\t\t\t\t\t                    <div class=\"accordion__item\" id=\"69de28f793365\">\n\n\t\t\t\t\t\t                            <header class=\"accordion__header\">\n                                <h2 class=\"accordion__title\">2018<\/h2>\n                            <\/header>\n\t\t\t\t\t\t\n\t\t\t\t\t\t                            <div class=\"accordion__content\">\n\t\t\t\t\t\t\t\t<p><a href=\"https:\/\/www.dfh-ufa.org\/app\/uploads\/2018\/06\/csm_PEX_2016_2017_2ed35e9496.jpg\"><img class=\"alignnone size-medium wp-image-5903\" src=\"https:\/\/www.dfh-ufa.org\/app\/uploads\/2018\/06\/csm_PEX_2016_2017_2ed35e9496-300x225.jpg\" alt=\"\" width=\"300\" height=\"225\" \/><\/a><\/p>\n<p><strong>Arte, ASKO Europa-Stiftung, Association R\u00e9alit\u00e9s et Relations Internationales (ARRI), Club des Affaires Saar-Lorraine e.V., Deutsch-Franz\u00f6sische Juristenvereinigung e.V. (DFJ), F\u00e9d\u00e9ration Nationale des Travaux Publics, Haupverband der Deutschen Bauindustrie e.V., Lions Club Recklinghausen, Lions Club de Senlis Trois F\u00f4rets, Schultze &amp; Braun GmbH<\/strong><\/p>\n                            <\/div>\n\t\t\t\t\t\t\n\t\t\t\t\t\t\n                    <\/div><!-- .accordion -->\n\n\t\t\t\t\n\t\t\t\t\t\t\t\t\t                    <div class=\"accordion__item\" id=\"69de28f793373\">\n\n\t\t\t\t\t\t                            <header class=\"accordion__header\">\n                                <h2 class=\"accordion__title\">2016\/2017<\/h2>\n                            <\/header>\n\t\t\t\t\t\t\n\t\t\t\t\t\t                            <div class=\"accordion__content\">\n\t\t\t\t\t\t\t\t<p><a href=\"https:\/\/www.dfh-ufa.org\/app\/uploads\/2018\/06\/csm_PEX_2016_2017_2ed35e9496.jpg\"><img class=\"alignnone wp-image-5903 size-medium\" src=\"https:\/\/www.dfh-ufa.org\/app\/uploads\/2018\/06\/csm_PEX_2016_2017_2ed35e9496-300x225.jpg\" alt=\"\" width=\"300\" height=\"225\" \/><\/a><\/p>\n<div class=\"csc-textpic csc-textpic-left csc-textpic-above\">\n<div class=\"csc-textpic-imagewrap\">\n<div class=\"row\">\n<div class=\"col-xs-12\"><\/div>\n<\/div>\n<\/div>\n<div class=\"csc-textpic-text\">\n<p><strong>Arte, ASKO Europa-Stiftung, Association R\u00e9alit\u00e9s et Relations Internationales (ARRI), Club des Affaires Saar-Lorraine e.V., Deutsch-Franz\u00f6sische Juristenvereinigung e.V. (DFJ), F\u00e9d\u00e9ration Nationale des Travaux Publics, Haupverband der Deutschen Bauindustrie e.V., Lions Club Recklinghausen, Lions Club de Senlis Trois F\u00f4rets, Schultze &amp; Braun GmbH<\/strong><\/p>\n<\/div>\n<\/div>\n                            <\/div>\n\t\t\t\t\t\t\n\t\t\t\t\t\t\n                    <\/div><!-- .accordion -->\n\n\t\t\t\t\n\t\t\t\t\t\t\t\t\t                    <div class=\"accordion__item\" id=\"69de28f793394\">\n\n\t\t\t\t\t\t                            <header class=\"accordion__header\">\n                                <h2 class=\"accordion__title\">2015<\/h2>\n                            <\/header>\n\t\t\t\t\t\t\n\t\t\t\t\t\t                            <div class=\"accordion__content\">\n\t\t\t\t\t\t\t\t<p><a href=\"https:\/\/www.dfh-ufa.org\/app\/uploads\/2018\/06\/csm_PEX_2015_43348ffd43.jpg\"><img class=\"alignnone size-medium wp-image-5905\" src=\"https:\/\/www.dfh-ufa.org\/app\/uploads\/2018\/06\/csm_PEX_2015_43348ffd43-300x225.jpg\" alt=\"\" width=\"300\" height=\"225\" \/><\/a><\/p>\n<p><strong>Arte, ASKO Europa-Stiftung, Club des Affaires Saar-Lorraine e.V., EDF Deutschland GmbH, F\u00e9d\u00e9ration Nationale des Travaux Publics, Haupverband der Deutschen Bauindustrie e.V., Lions Club Recklinghausen, Lions Club de Senlis Trois F\u00f4rets, Schultze &amp; Braun GmbH<\/strong><\/p>\n                            <\/div>\n\t\t\t\t\t\t\n\t\t\t\t\t\t\n                    <\/div><!-- .accordion -->\n\n\t\t\t\t\n\t\t\t\t\t\t\t\t\t                    <div class=\"accordion__item\" id=\"69de28f7933a2\">\n\n\t\t\t\t\t\t                            <header class=\"accordion__header\">\n                                <h2 class=\"accordion__title\">2014<\/h2>\n                            <\/header>\n\t\t\t\t\t\t\n\t\t\t\t\t\t                            <div class=\"accordion__content\">\n\t\t\t\t\t\t\t\t<p><a href=\"https:\/\/www.dfh-ufa.org\/app\/uploads\/2018\/06\/csm_PEX_2014_9d734c1014.jpg\"><img class=\"alignnone size-medium wp-image-5906\" src=\"https:\/\/www.dfh-ufa.org\/app\/uploads\/2018\/06\/csm_PEX_2014_9d734c1014-300x225.jpg\" alt=\"\" width=\"300\" height=\"225\" \/><\/a><\/p>\n<p><strong>Club des Affaires Saar-Lorraine e.V., F\u00e9d\u00e9ration Nationale des Travaux Publics, Hauptverband der Deutschen Bauindustrie e.V., Lions Club Recklinghausen, Lions Club de Senlis Creil Chantilly, Schultze &amp; Braun GmbH<\/strong><\/p>\n                            <\/div>\n\t\t\t\t\t\t\n\t\t\t\t\t\t\n                    <\/div><!-- .accordion -->\n\n\t\t\t\t\n\t\t\t\t\t\t\t\t\t                    <div class=\"accordion__item\" id=\"69de28f7933b2\">\n\n\t\t\t\t\t\t                            <header class=\"accordion__header\">\n                                <h2 class=\"accordion__title\">2013<\/h2>\n                            <\/header>\n\t\t\t\t\t\t\n\t\t\t\t\t\t                            <div class=\"accordion__content\">\n\t\t\t\t\t\t\t\t<p><a href=\"https:\/\/www.dfh-ufa.org\/app\/uploads\/2018\/06\/csm_PEX_2013_e1934cea88.jpg\"><img class=\"alignnone size-medium wp-image-5908\" src=\"https:\/\/www.dfh-ufa.org\/app\/uploads\/2018\/06\/csm_PEX_2013_e1934cea88-300x225.jpg\" alt=\"\" width=\"300\" height=\"225\" \/><\/a><\/p>\n<p><strong>Club des Affaires Saar-Lorraine e.V., F\u00e9d\u00e9ration Nationale des Travaux Publics, Hauptverband der Deutschen Bauindustrie e.V., Lions Club Recklinghausen, Lions Club de Senlis Creil Chantilly, Schultze &amp; Braun GmbH<\/strong><\/p>\n                            <\/div>\n\t\t\t\t\t\t\n\t\t\t\t\t\t\n                    <\/div><!-- .accordion -->\n\n\t\t\t\t\n\t\t\t\t\t\t\t\t\t                    <div class=\"accordion__item\" id=\"69de28f7933be\">\n\n\t\t\t\t\t\t                            <header class=\"accordion__header\">\n                                <h2 class=\"accordion__title\">2012<\/h2>\n                            <\/header>\n\t\t\t\t\t\t\n\t\t\t\t\t\t                            <div class=\"accordion__content\">\n\t\t\t\t\t\t\t\t<div class=\"csc-textpic-text\">\n<p><a href=\"https:\/\/www.dfh-ufa.org\/app\/uploads\/2018\/06\/csm_PEX_2012_7925abc321.jpg\"><img class=\"alignnone size-medium wp-image-5909\" src=\"https:\/\/www.dfh-ufa.org\/app\/uploads\/2018\/06\/csm_PEX_2012_7925abc321-300x225.jpg\" alt=\"\" width=\"300\" height=\"225\" \/><\/a><\/p>\n<p><strong>Club des Affaires Saar-Lorraine e.V., F\u00e9d\u00e9ration Nationale des Travaux Publics, Hauptverband der Deutschen Bauindustrie e.V.,<\/strong> <strong>Lions Club Recklinghausen, Lions Club de Senlis Creil Chantilly, Schultze &amp; Braun GmbH <\/strong><\/p>\n<\/div>\n                            <\/div>\n\t\t\t\t\t\t\n\t\t\t\t\t\t\n                    <\/div><!-- .accordion -->\n\n\t\t\t\t\n\t\t\t\t\t\t\t\t\t                    <div class=\"accordion__item\" id=\"69de28f7933d1\">\n\n\t\t\t\t\t\t                            <header class=\"accordion__header\">\n                                <h2 class=\"accordion__title\">2011<\/h2>\n                            <\/header>\n\t\t\t\t\t\t\n\t\t\t\t\t\t                            <div class=\"accordion__content\">\n\t\t\t\t\t\t\t\t<div class=\"csc-textpic-text\">\n<p><a href=\"https:\/\/www.dfh-ufa.org\/app\/uploads\/2018\/06\/csm_PEX_2011_4a49131f7a.jpg\"><img class=\"alignnone size-medium wp-image-5912\" src=\"https:\/\/www.dfh-ufa.org\/app\/uploads\/2018\/06\/csm_PEX_2011_4a49131f7a-300x225.jpg\" alt=\"\" width=\"300\" height=\"225\" \/><\/a><\/p>\n<p><strong>Club des Affaires Saar-Lorraine e.V., F\u00e9d\u00e9ration Nationale des Travaux Publics, Hauptverband der Deutschen Bauindustrie e.V., <\/strong><strong>Lions Club Recklinghausen, Lions Club de Senlis Creil Chantilly, MOLITOR Avocats \u00e0 la Cour, Rotary Club Berlin - Brandenburger Tor, Rotary Club de Paris, SaarLB, SAP France<\/strong><\/p>\n<\/div>\n                            <\/div>\n\t\t\t\t\t\t\n\t\t\t\t\t\t\n                    <\/div><!-- .accordion -->\n\n\t\t\t\t\n\t\t\t\t\t\t\t\t\t                    <div class=\"accordion__item\" id=\"69de28f7933e3\">\n\n\t\t\t\t\t\t                            <header class=\"accordion__header\">\n                                <h2 class=\"accordion__title\">2010<\/h2>\n                            <\/header>\n\t\t\t\t\t\t\n\t\t\t\t\t\t                            <div class=\"accordion__content\">\n\t\t\t\t\t\t\t\t<div class=\"csc-textpic-text\">\n<p><a href=\"https:\/\/www.dfh-ufa.org\/app\/uploads\/2018\/06\/csm_PEX_2010_e9b52d0afa.jpg\"><img class=\"alignnone size-medium wp-image-5914\" src=\"https:\/\/www.dfh-ufa.org\/app\/uploads\/2018\/06\/csm_PEX_2010_e9b52d0afa-300x225.jpg\" alt=\"\" width=\"300\" height=\"225\" \/><\/a><\/p>\n<p><strong>ASA - Avocats Associ\u00e9s, B\u00e4rwolf <\/strong><strong>GmbH &amp; Co. KG, Bieber Audit &amp; Global Solutions GmbH, Club des Affaires Saar-Lorrraine e.V., EDF Deutschland, F\u00e9d\u00e9ration Nationale des Travaux Publics, Hauptverband der Deutschen Bauindustrie e.V., SAP France<\/strong><\/p>\n<\/div>\n                            <\/div>\n\t\t\t\t\t\t\n\t\t\t\t\t\t\n                    <\/div><!-- .accordion -->\n\n\t\t\t\t\n\t\t\t\t\t\t\t\t\t                    <div class=\"accordion__item\" id=\"69de28f7933f7\">\n\n\t\t\t\t\t\t                            <header class=\"accordion__header\">\n                                <h2 class=\"accordion__title\">2009<\/h2>\n                            <\/header>\n\t\t\t\t\t\t\n\t\t\t\t\t\t                            <div class=\"accordion__content\">\n\t\t\t\t\t\t\t\t<p><a href=\"https:\/\/www.dfh-ufa.org\/app\/uploads\/2018\/06\/csm_PEX_2009_0cedd96bf6.jpg\"><img class=\"alignnone size-medium wp-image-5917\" src=\"https:\/\/www.dfh-ufa.org\/app\/uploads\/2018\/06\/csm_PEX_2009_0cedd96bf6-300x225.jpg\" alt=\"\" width=\"300\" height=\"225\" \/><\/a><\/p>\n<p><strong>Club des Affaires Saar-Lorraine e.V., F\u00e9d\u00e9ration Nationale des Travaux Publics, Hauptverband der Deutschen Bauindustrie e.V., MOLITOR Avocats \u00e0 la Cour, Saint-Gobain, SAP France <\/strong><\/p>\n                            <\/div>\n\t\t\t\t\t\t\n\t\t\t\t\t\t\n                    <\/div><!-- .accordion -->\n\n\t\t\t\t\n\t\t\t\t\t\t\t\n        <\/div><!-- .accordion -->\n\n\t\t<\/div><\/div><\/div><\/div>","protected":false},"excerpt":{"rendered":"<p>2026 Arte, ASKO Europa-Stiftung, Association R\u00e9alit\u00e9s et Relations Internationales (ARRI), Deutsch-Franz\u00f6sische Juristenvereinigung e.V. (DFJ), F\u00e9d\u00e9ration Nationale des Travaux Publics, JENOPTIK Robot GmbH, Lions Club Recklinghausen, Lions Club de Senlis Trois For\u00eats, Max Weber Stiftung, Schultze &amp; Braun GmbH, Union des Fran\u00e7ais de Sarre (UFS), Valoris Avocats 2025 Arte, ASKO Europa-Stiftung, Association R\u00e9alit\u00e9s et Relations Internationales [&hellip;]<\/p>\n","protected":false},"author":2,"featured_media":0,"parent":866,"menu_order":48,"comment_status":"closed","ping_status":"closed","template":"","meta":{"_bbp_topic_count":0,"_bbp_reply_count":0,"_bbp_total_topic_count":0,"_bbp_total_reply_count":0,"_bbp_voice_count":0,"_bbp_anonymous_reply_count":0,"_bbp_topic_count_hidden":0,"_bbp_reply_count_hidden":0,"_bbp_forum_subforum_count":0,"inline_featured_image":false},"acf":[],"_links":{"self":[{"href":"https:\/\/www.dfh-ufa.org\/fr\/wp-json\/wp\/v2\/pages\/4475"}],"collection":[{"href":"https:\/\/www.dfh-ufa.org\/fr\/wp-json\/wp\/v2\/pages"}],"about":[{"href":"https:\/\/www.dfh-ufa.org\/fr\/wp-json\/wp\/v2\/types\/page"}],"author":[{"embeddable":true,"href":"https:\/\/www.dfh-ufa.org\/fr\/wp-json\/wp\/v2\/users\/2"}],"replies":[{"embeddable":true,"href":"https:\/\/www.dfh-ufa.org\/fr\/wp-json\/wp\/v2\/comments?post=4475"}],"version-history":[{"count":29,"href":"https:\/\/www.dfh-ufa.org\/fr\/wp-json\/wp\/v2\/pages\/4475\/revisions"}],"predecessor-version":[{"id":1963086,"href":"https:\/\/www.dfh-ufa.org\/fr\/wp-json\/wp\/v2\/pages\/4475\/revisions\/1963086"}],"up":[{"embeddable":true,"href":"https:\/\/www.dfh-ufa.org\/fr\/wp-json\/wp\/v2\/pages\/866"}],"wp:attachment":[{"href":"https:\/\/www.dfh-ufa.org\/fr\/wp-json\/wp\/v2\/media?parent=4475"}],"curies":[{"name":"wp","href":"https:\/\/api.w.org\/{rel}","templated":true}]}}