{"id":4481,"date":"2018-06-07T12:26:43","date_gmt":"2018-06-07T10:26:43","guid":{"rendered":"https:\/\/www.dfh-ufa.org\/fr\/partenaires-anciens-et-actuels"},"modified":"2026-02-02T13:23:45","modified_gmt":"2026-02-02T12:23:45","slug":"partenaires-anciens-et-actuels","status":"publish","type":"page","link":"https:\/\/www.dfh-ufa.org\/fr\/vous-etes\/entreprises\/prix-de-la-meilleure-these\/partenaires-anciens-et-actuels","title":{"rendered":"Partenaires anciens et actuels"},"content":{"rendered":"<div id=\"pl-4481\"  class=\"panel-layout\" ><div id=\"pg-4481-0\"  class=\"panel-grid panel-no-style\" ><div id=\"pgc-4481-0-0\"  class=\"panel-grid-cell\" ><div id=\"panel-4481-0-0-0\" class=\"so-panel widget widget_accordion panel-first-child panel-last-child\" data-index=\"0\" >        <div class=\"accordion\" data-collapse=\"1\">\n\n\t\t\t\t\t\t\t\t\t\t\t\t                    <div class=\"accordion__item\" id=\"69e39f552dcb6\">\n\n\t\t\t\t\t\t                            <header class=\"accordion__header\">\n                                <h2 class=\"accordion__title\">2026<\/h2>\n                            <\/header>\n\t\t\t\t\t\t\n\t\t\t\t\t\t                            <div class=\"accordion__content\">\n\t\t\t\t\t\t\t\t<p><img class=\"wp-image-1963048 size-medium\" src=\"https:\/\/www.dfh-ufa.org\/app\/uploads\/2026\/02\/PMT-2026-250x188.jpg\" alt=\"PMT 2026\" width=\"250\" height=\"188\" \/><\/p>\n<p><strong>Familie Mehdorn Stiftung<\/strong><strong>, Hertslet Wolfer &amp; Heintz Avocats &amp; Rechtsanw\u00e4lte, Ellipse Avocats, Forvis Mazars, Deutsch-Franz\u00f6sische Juristenvereinigung e.V.,<\/strong><strong>\u00a0Universit\u00e9 Franco-Allemande (UFA)<\/strong><\/p>\n                            <\/div>\n\t\t\t\t\t\t\n\t\t\t\t\t\t\n                    <\/div><!-- .accordion -->\n\n\t\t\t\t\n\t\t\t\t\t\t\t\t\t                    <div class=\"accordion__item\" id=\"69e39f552dcdd\">\n\n\t\t\t\t\t\t                            <header class=\"accordion__header\">\n                                <h2 class=\"accordion__title\">2025<\/h2>\n                            <\/header>\n\t\t\t\t\t\t\n\t\t\t\t\t\t                            <div class=\"accordion__content\">\n\t\t\t\t\t\t\t\t<p><img class=\"wp-image-1963049 size-medium\" src=\"https:\/\/www.dfh-ufa.org\/app\/uploads\/2026\/02\/PMT-2025-250x188.jpg\" alt=\"PMT 2025\" width=\"250\" height=\"188\" \/><\/p>\n<p><strong>Familie Mehdorn Stiftung<\/strong><strong>, Ignite Group Deutschland, Deutsch-Franz\u00f6sische Juristenvereinigung e.V., Hertslet Wolfer &amp; Heintz Avocats &amp; Rechtsanw\u00e4lte, Universit\u00e9 Franco-Allemande (UFA)<\/strong><\/p>\n                            <\/div>\n\t\t\t\t\t\t\n\t\t\t\t\t\t\n                    <\/div><!-- .accordion -->\n\n\t\t\t\t\n\t\t\t\t\t\t\t\t\t                    <div class=\"accordion__item\" id=\"69e39f552dcef\">\n\n\t\t\t\t\t\t                            <header class=\"accordion__header\">\n                                <h2 class=\"accordion__title\">2024<\/h2>\n                            <\/header>\n\t\t\t\t\t\t\n\t\t\t\t\t\t                            <div class=\"accordion__content\">\n\t\t\t\t\t\t\t\t<p><a href=\"https:\/\/www.dfh-ufa.org\/app\/uploads\/2024\/02\/PMT-2024-2.jpg\"><img class=\"alignnone wp-image-1953874 size-medium\" src=\"https:\/\/www.dfh-ufa.org\/app\/uploads\/2024\/02\/PMT-2024-2-250x188.jpg\" alt=\"\" width=\"250\" height=\"188\" \/><\/a><\/p>\n<p><strong>Familie Mehdorn Stiftung<\/strong><strong>, Hertslet Wolfer &amp; Heintz Avocats &amp; Rechtsanw\u00e4lte, Dorucon Dr. Rupp Consulting, Universit\u00e9 Franco-Allemande (UFA)<\/strong><\/p>\n                            <\/div>\n\t\t\t\t\t\t\n\t\t\t\t\t\t\n                    <\/div><!-- .accordion -->\n\n\t\t\t\t\n\t\t\t\t\t\t\t\t\t                    <div class=\"accordion__item\" id=\"69e39f552dd01\">\n\n\t\t\t\t\t\t                            <header class=\"accordion__header\">\n                                <h2 class=\"accordion__title\">2023<\/h2>\n                            <\/header>\n\t\t\t\t\t\t\n\t\t\t\t\t\t                            <div class=\"accordion__content\">\n\t\t\t\t\t\t\t\t<p><a href=\"https:\/\/www.dfh-ufa.org\/app\/uploads\/2022\/01\/PMT-2022-.jpg\" target=\"_blank\" rel=\"noopener\"><img class=\"alignnone wp-image-1009945 size-medium\" src=\"https:\/\/www.dfh-ufa.org\/app\/uploads\/2022\/01\/PMT-2022--250x188.jpg\" alt=\"\" width=\"250\" height=\"188\" \/><\/a><\/p>\n<p><strong>Association R\u00e9alit\u00e9s et Relations Internationales (ARRI), <\/strong><strong>Chaire Jean Monnet sur les Relations franco-allemandes - Universit\u00e9 Grenoble Alpes, Hertslet Wolfer &amp; Heintz Avocats &amp; Rechtsanw\u00e4lte<\/strong>, <strong>Universit\u00e9 Franco-Allemande (UFA)<\/strong><\/p>\n                            <\/div>\n\t\t\t\t\t\t\n\t\t\t\t\t\t\n                    <\/div><!-- .accordion -->\n\n\t\t\t\t\n\t\t\t\t\t\t\t\t\t                    <div class=\"accordion__item\" id=\"69e39f552dd15\">\n\n\t\t\t\t\t\t                            <header class=\"accordion__header\">\n                                <h2 class=\"accordion__title\">2022<\/h2>\n                            <\/header>\n\t\t\t\t\t\t\n\t\t\t\t\t\t                            <div class=\"accordion__content\">\n\t\t\t\t\t\t\t\t<p><a href=\"https:\/\/www.dfh-ufa.org\/app\/uploads\/2022\/01\/PMT-2022-.jpg\" target=\"_blank\" rel=\"noopener\"><img class=\"alignnone wp-image-1009945 size-medium\" src=\"https:\/\/www.dfh-ufa.org\/app\/uploads\/2022\/01\/PMT-2022--250x188.jpg\" alt=\"\" width=\"250\" height=\"188\" \/><\/a><\/p>\n<p><strong>Association R\u00e9alit\u00e9s et Relations Internationales (ARRI), <\/strong><strong>Chaire Jean Monnet sur les Relations franco-allemandes - Universit\u00e9 Grenoble Alpes, Hertslet Wolfer &amp; Heintz Avocats &amp; Rechtsanw\u00e4lte<\/strong>, <strong>Universit\u00e9 Franco-Allemande (UFA)<\/strong><\/p>\n                            <\/div>\n\t\t\t\t\t\t\n\t\t\t\t\t\t\n                    <\/div><!-- .accordion -->\n\n\t\t\t\t\n\t\t\t\t\t\t\t\t\t                    <div class=\"accordion__item\" id=\"69e39f552dd28\">\n\n\t\t\t\t\t\t                            <header class=\"accordion__header\">\n                                <h2 class=\"accordion__title\">2021<\/h2>\n                            <\/header>\n\t\t\t\t\t\t\n\t\t\t\t\t\t                            <div class=\"accordion__content\">\n\t\t\t\t\t\t\t\t<p><img class=\"alignnone size-medium wp-image-709040\" src=\"https:\/\/www.dfh-ufa.org\/app\/uploads\/2021\/06\/PMT-2021-250x187.png\" alt=\"\" width=\"250\" height=\"187\" \/><\/p>\n<p><strong>Chaire Jean Monnet sur les Relations franco-allemandes - Universit\u00e9 Grenoble Alpes<\/strong>, <strong>Universit\u00e9 Franco-Allemande (UFA)<\/strong><\/p>\n                            <\/div>\n\t\t\t\t\t\t\n\t\t\t\t\t\t\n                    <\/div><!-- .accordion -->\n\n\t\t\t\t\n\t\t\t\t\t\t\t\t\t                    <div class=\"accordion__item\" id=\"69e39f552dd36\">\n\n\t\t\t\t\t\t                            <header class=\"accordion__header\">\n                                <h2 class=\"accordion__title\">2020<\/h2>\n                            <\/header>\n\t\t\t\t\t\t\n\t\t\t\t\t\t                            <div class=\"accordion__content\">\n\t\t\t\t\t\t\t\t<p><strong><img class=\"alignnone size-medium wp-image-709041\" src=\"https:\/\/www.dfh-ufa.org\/app\/uploads\/2021\/06\/PMT-2020-250x188.png\" alt=\"\" width=\"250\" height=\"188\" \/><\/strong><\/p>\n<p><strong>Universit\u00e9 Franco-Allemande (UFA)<\/strong><\/p>\n                            <\/div>\n\t\t\t\t\t\t\n\t\t\t\t\t\t\n                    <\/div><!-- .accordion -->\n\n\t\t\t\t\n\t\t\t\t\t\t\t\t\t                    <div class=\"accordion__item\" id=\"69e39f552dd44\">\n\n\t\t\t\t\t\t                            <header class=\"accordion__header\">\n                                <h2 class=\"accordion__title\">2019<\/h2>\n                            <\/header>\n\t\t\t\t\t\t\n\t\t\t\t\t\t                            <div class=\"accordion__content\">\n\t\t\t\t\t\t\t\t<p><img class=\"alignnone size-medium wp-image-13935\" src=\"https:\/\/www.dfh-ufa.org\/app\/uploads\/2019\/01\/PMT-2019-300x225.jpg\" alt=\"\" width=\"300\" height=\"225\" \/><\/p>\n<p><strong>Association pour l'emploi des cadres (Apec), Rotary Club Berlin - Brandenburger Tor, Rotary Club de Paris, Universit\u00e9 franco-allemande (Prix Sp\u00e9cial dans le cadre des 20 ans de l'UFA)<\/strong><\/p>\n                            <\/div>\n\t\t\t\t\t\t\n\t\t\t\t\t\t\n                    <\/div><!-- .accordion -->\n\n\t\t\t\t\n\t\t\t\t\t\t\t\t\t                    <div class=\"accordion__item\" id=\"69e39f552dd52\">\n\n\t\t\t\t\t\t                            <header class=\"accordion__header\">\n                                <h2 class=\"accordion__title\">2018<\/h2>\n                            <\/header>\n\t\t\t\t\t\t\n\t\t\t\t\t\t                            <div class=\"accordion__content\">\n\t\t\t\t\t\t\t\t<p><a href=\"https:\/\/www.dfh-ufa.org\/app\/uploads\/2018\/06\/csm_PMT_2016_2017_1c98cc4ef9.jpg\"><img class=\"alignnone size-medium wp-image-5935\" src=\"https:\/\/www.dfh-ufa.org\/app\/uploads\/2018\/06\/csm_PMT_2016_2017_1c98cc4ef9-300x162.jpg\" alt=\"\" width=\"300\" height=\"162\" \/><\/a><\/p>\n<p><strong>Association pour l'emploi des cadres (Apec), Robert Bosch Stiftung, Rotary Club Berlin - Brandenburger Tor, Rotary Club de Paris <\/strong><\/p>\n                            <\/div>\n\t\t\t\t\t\t\n\t\t\t\t\t\t\n                    <\/div><!-- .accordion -->\n\n\t\t\t\t\n\t\t\t\t\t\t\t\t\t                    <div class=\"accordion__item\" id=\"69e39f552dd60\">\n\n\t\t\t\t\t\t                            <header class=\"accordion__header\">\n                                <h2 class=\"accordion__title\">2016\/2017<\/h2>\n                            <\/header>\n\t\t\t\t\t\t\n\t\t\t\t\t\t                            <div class=\"accordion__content\">\n\t\t\t\t\t\t\t\t<p><a href=\"https:\/\/www.dfh-ufa.org\/app\/uploads\/2018\/06\/csm_PMT_2016_2017_1c98cc4ef9.jpg\"><img class=\"alignnone size-medium wp-image-5935\" src=\"https:\/\/www.dfh-ufa.org\/app\/uploads\/2018\/06\/csm_PMT_2016_2017_1c98cc4ef9-300x162.jpg\" alt=\"\" width=\"300\" height=\"162\" \/><\/a><\/p>\n<p><strong>Association pour l'emploi des cadres (Apec), Robert Bosch Stiftung, Rotary Club Berlin - Brandenburger Tor, Rotary Club de Paris <\/strong><\/p>\n                            <\/div>\n\t\t\t\t\t\t\n\t\t\t\t\t\t\n                    <\/div><!-- .accordion -->\n\n\t\t\t\t\n\t\t\t\t\t\t\t\t\t                    <div class=\"accordion__item\" id=\"69e39f552dd6f\">\n\n\t\t\t\t\t\t                            <header class=\"accordion__header\">\n                                <h2 class=\"accordion__title\">2015<\/h2>\n                            <\/header>\n\t\t\t\t\t\t\n\t\t\t\t\t\t                            <div class=\"accordion__content\">\n\t\t\t\t\t\t\t\t<p><a href=\"https:\/\/www.dfh-ufa.org\/app\/uploads\/2018\/06\/csm_PMT_2015_fddcb1301a.jpg\"><img class=\"alignnone size-medium wp-image-5937\" src=\"https:\/\/www.dfh-ufa.org\/app\/uploads\/2018\/06\/csm_PMT_2015_fddcb1301a-300x162.jpg\" alt=\"\" width=\"300\" height=\"162\" \/><\/a><\/p>\n<p><strong>Association pour l'emploi des cadres (Apec), Robert Bosch Stiftung, Rotary Club Berlin - Brandenburger Tor, Rotary Club de Paris <\/strong><\/p>\n                            <\/div>\n\t\t\t\t\t\t\n\t\t\t\t\t\t\n                    <\/div><!-- .accordion -->\n\n\t\t\t\t\n\t\t\t\t\t\t\t\t\t                    <div class=\"accordion__item\" id=\"69e39f552dd7c\">\n\n\t\t\t\t\t\t                            <header class=\"accordion__header\">\n                                <h2 class=\"accordion__title\">2014<\/h2>\n                            <\/header>\n\t\t\t\t\t\t\n\t\t\t\t\t\t                            <div class=\"accordion__content\">\n\t\t\t\t\t\t\t\t<p><a href=\"https:\/\/www.dfh-ufa.org\/app\/uploads\/2018\/06\/csm_PMT_2015_fddcb1301a.jpg\"><img class=\"alignnone size-medium wp-image-5937\" src=\"https:\/\/www.dfh-ufa.org\/app\/uploads\/2018\/06\/csm_PMT_2015_fddcb1301a-300x162.jpg\" alt=\"\" width=\"300\" height=\"162\" \/><\/a><\/p>\n<p><strong>Association pour l'emploi des cadres (Apec), Robert Bosch Stiftung, Rotary Club Berlin - Brandenburger Tor, Rotary Club de Paris<\/strong><\/p>\n                            <\/div>\n\t\t\t\t\t\t\n\t\t\t\t\t\t\n                    <\/div><!-- .accordion -->\n\n\t\t\t\t\n\t\t\t\t\t\t\t\t\t                    <div class=\"accordion__item\" id=\"69e39f552dd88\">\n\n\t\t\t\t\t\t                            <header class=\"accordion__header\">\n                                <h2 class=\"accordion__title\">2013<\/h2>\n                            <\/header>\n\t\t\t\t\t\t\n\t\t\t\t\t\t                            <div class=\"accordion__content\">\n\t\t\t\t\t\t\t\t<p><a href=\"https:\/\/www.dfh-ufa.org\/app\/uploads\/2018\/06\/csm_PMT_2015_fddcb1301a.jpg\"><img class=\"alignnone size-medium wp-image-5937\" src=\"https:\/\/www.dfh-ufa.org\/app\/uploads\/2018\/06\/csm_PMT_2015_fddcb1301a-300x162.jpg\" alt=\"\" width=\"300\" height=\"162\" \/><\/a><\/p>\n<p><strong>Association pour l'emploi des cadres (Apec), Robert Bosch Stiftung, Rotary Club Berlin - Brandenburger Tor, Rotary Club de Paris<\/strong><\/p>\n                            <\/div>\n\t\t\t\t\t\t\n\t\t\t\t\t\t\n                    <\/div><!-- .accordion -->\n\n\t\t\t\t\n\t\t\t\t\t\t\t\t\t                    <div class=\"accordion__item\" id=\"69e39f552dd93\">\n\n\t\t\t\t\t\t                            <header class=\"accordion__header\">\n                                <h2 class=\"accordion__title\">2012<\/h2>\n                            <\/header>\n\t\t\t\t\t\t\n\t\t\t\t\t\t                            <div class=\"accordion__content\">\n\t\t\t\t\t\t\t\t<p><a href=\"https:\/\/www.dfh-ufa.org\/app\/uploads\/2018\/06\/csm_PMT_2015_fddcb1301a.jpg\"><img class=\"alignnone size-medium wp-image-5937\" src=\"https:\/\/www.dfh-ufa.org\/app\/uploads\/2018\/06\/csm_PMT_2015_fddcb1301a-300x162.jpg\" alt=\"\" width=\"300\" height=\"162\" \/><\/a><\/p>\n<p><strong>Association pour l'emploi des cadres (Apec), Robert Bosch Stiftung, Rotary Club Berlin - Brandenburger Tor, Rotary Club de Paris<\/strong><\/p>\n                            <\/div>\n\t\t\t\t\t\t\n\t\t\t\t\t\t\n                    <\/div><!-- .accordion -->\n\n\t\t\t\t\n\t\t\t\t\t\t\t\t\t                    <div class=\"accordion__item\" id=\"69e39f552dda0\">\n\n\t\t\t\t\t\t                            <header class=\"accordion__header\">\n                                <h2 class=\"accordion__title\">2011<\/h2>\n                            <\/header>\n\t\t\t\t\t\t\n\t\t\t\t\t\t                            <div class=\"accordion__content\">\n\t\t\t\t\t\t\t\t<p><a href=\"https:\/\/www.dfh-ufa.org\/app\/uploads\/2018\/06\/PMT_2011.jpg\"><img class=\"alignnone size-medium wp-image-5940\" src=\"https:\/\/www.dfh-ufa.org\/app\/uploads\/2018\/06\/PMT_2011-300x194.jpg\" alt=\"\" width=\"300\" height=\"194\" \/><\/a><\/p>\n<p><strong>Association pour l'emploi des cadres (Apec)<\/strong><\/p>\n                            <\/div>\n\t\t\t\t\t\t\n\t\t\t\t\t\t\n                    <\/div><!-- .accordion -->\n\n\t\t\t\t\n\t\t\t\t\t\t\t\t\t                    <div class=\"accordion__item\" id=\"69e39f552ddae\">\n\n\t\t\t\t\t\t                            <header class=\"accordion__header\">\n                                <h2 class=\"accordion__title\">2010<\/h2>\n                            <\/header>\n\t\t\t\t\t\t\n\t\t\t\t\t\t                            <div class=\"accordion__content\">\n\t\t\t\t\t\t\t\t<p><a href=\"https:\/\/www.dfh-ufa.org\/app\/uploads\/2018\/06\/PMT_2011.jpg\"><img class=\"alignnone size-medium wp-image-5940\" src=\"https:\/\/www.dfh-ufa.org\/app\/uploads\/2018\/06\/PMT_2011-300x194.jpg\" alt=\"\" width=\"300\" height=\"194\" \/><\/a><\/p>\n<p><strong>Association pour l'emploi des cadres (Apec)<\/strong><\/p>\n                            <\/div>\n\t\t\t\t\t\t\n\t\t\t\t\t\t\n                    <\/div><!-- .accordion -->\n\n\t\t\t\t\n\t\t\t\t\t\t\t\t\t                    <div class=\"accordion__item\" id=\"69e39f552ddb9\">\n\n\t\t\t\t\t\t                            <header class=\"accordion__header\">\n                                <h2 class=\"accordion__title\">2009<\/h2>\n                            <\/header>\n\t\t\t\t\t\t\n\t\t\t\t\t\t                            <div class=\"accordion__content\">\n\t\t\t\t\t\t\t\t<p><a href=\"https:\/\/www.dfh-ufa.org\/app\/uploads\/2018\/06\/PMT_2011.jpg\"><img class=\"alignnone size-medium wp-image-5940\" src=\"https:\/\/www.dfh-ufa.org\/app\/uploads\/2018\/06\/PMT_2011-300x194.jpg\" alt=\"\" width=\"300\" height=\"194\" \/><\/a><\/p>\n<p><strong>Association pour l'emploi des cadres (Apec)<\/strong><\/p>\n                            <\/div>\n\t\t\t\t\t\t\n\t\t\t\t\t\t\n                    <\/div><!-- .accordion -->\n\n\t\t\t\t\n\t\t\t\t\t\t\t\t\t                    <div class=\"accordion__item\" id=\"69e39f552ddc4\">\n\n\t\t\t\t\t\t                            <header class=\"accordion__header\">\n                                <h2 class=\"accordion__title\">2008<\/h2>\n                            <\/header>\n\t\t\t\t\t\t\n\t\t\t\t\t\t                            <div class=\"accordion__content\">\n\t\t\t\t\t\t\t\t<p><a href=\"https:\/\/www.dfh-ufa.org\/app\/uploads\/2018\/06\/PMT_2011.jpg\"><img class=\"alignnone size-medium wp-image-5940\" src=\"https:\/\/www.dfh-ufa.org\/app\/uploads\/2018\/06\/PMT_2011-300x194.jpg\" alt=\"\" width=\"300\" height=\"194\" \/><\/a><\/p>\n<p><strong>Association pour l'emploi des cadres (Apec)<\/strong><\/p>\n                            <\/div>\n\t\t\t\t\t\t\n\t\t\t\t\t\t\n                    <\/div><!-- .accordion -->\n\n\t\t\t\t\n\t\t\t\t\t\t\t\n        <\/div><!-- .accordion -->\n\n\t\t<\/div><\/div><\/div><\/div>","protected":false},"excerpt":{"rendered":"<p>2026 Familie Mehdorn Stiftung, Hertslet Wolfer &amp; Heintz Avocats &amp; Rechtsanw\u00e4lte, Ellipse Avocats, Forvis Mazars, Deutsch-Franz\u00f6sische Juristenvereinigung e.V.,\u00a0Universit\u00e9 Franco-Allemande (UFA) 2025 Familie Mehdorn Stiftung, Ignite Group Deutschland, Deutsch-Franz\u00f6sische Juristenvereinigung e.V., Hertslet Wolfer &amp; Heintz Avocats &amp; Rechtsanw\u00e4lte, Universit\u00e9 Franco-Allemande (UFA) 2024 Familie Mehdorn Stiftung, Hertslet Wolfer &amp; Heintz Avocats &amp; Rechtsanw\u00e4lte, Dorucon Dr. Rupp Consulting, [&hellip;]<\/p>\n","protected":false},"author":2,"featured_media":0,"parent":867,"menu_order":52,"comment_status":"closed","ping_status":"closed","template":"","meta":{"_bbp_topic_count":0,"_bbp_reply_count":0,"_bbp_total_topic_count":0,"_bbp_total_reply_count":0,"_bbp_voice_count":0,"_bbp_anonymous_reply_count":0,"_bbp_topic_count_hidden":0,"_bbp_reply_count_hidden":0,"_bbp_forum_subforum_count":0,"inline_featured_image":false},"acf":[],"_links":{"self":[{"href":"https:\/\/www.dfh-ufa.org\/fr\/wp-json\/wp\/v2\/pages\/4481"}],"collection":[{"href":"https:\/\/www.dfh-ufa.org\/fr\/wp-json\/wp\/v2\/pages"}],"about":[{"href":"https:\/\/www.dfh-ufa.org\/fr\/wp-json\/wp\/v2\/types\/page"}],"author":[{"embeddable":true,"href":"https:\/\/www.dfh-ufa.org\/fr\/wp-json\/wp\/v2\/users\/2"}],"replies":[{"embeddable":true,"href":"https:\/\/www.dfh-ufa.org\/fr\/wp-json\/wp\/v2\/comments?post=4481"}],"version-history":[{"count":29,"href":"https:\/\/www.dfh-ufa.org\/fr\/wp-json\/wp\/v2\/pages\/4481\/revisions"}],"predecessor-version":[{"id":1963069,"href":"https:\/\/www.dfh-ufa.org\/fr\/wp-json\/wp\/v2\/pages\/4481\/revisions\/1963069"}],"up":[{"embeddable":true,"href":"https:\/\/www.dfh-ufa.org\/fr\/wp-json\/wp\/v2\/pages\/867"}],"wp:attachment":[{"href":"https:\/\/www.dfh-ufa.org\/fr\/wp-json\/wp\/v2\/media?parent=4481"}],"curies":[{"name":"wp","href":"https:\/\/api.w.org\/{rel}","templated":true}]}}