{"id":4764,"date":"2018-06-08T10:03:42","date_gmt":"2018-06-08T08:03:42","guid":{"rendered":"https:\/\/www.dfh-ufa.org\/fr\/liste-des-partenaires-de-lufa"},"modified":"2023-06-09T16:32:03","modified_gmt":"2023-06-09T14:32:03","slug":"liste-des-partenaires-de-lufa","status":"publish","type":"page","link":"https:\/\/www.dfh-ufa.org\/fr\/vous-etes\/entreprises\/partenariats\/liste-des-partenaires-de-lufa","title":{"rendered":"Liste des partenaires actuels et anciens de l&rsquo;UFA"},"content":{"rendered":"<div id=\"pl-4764\"  class=\"panel-layout\" ><div id=\"pg-4764-0\"  class=\"panel-grid panel-no-style\" ><div id=\"pgc-4764-0-0\"  class=\"panel-grid-cell\" ><div id=\"panel-4764-0-0-0\" class=\"so-panel widget widget_sow-editor panel-first-child panel-last-child\" data-index=\"0\" ><div class=\"so-widget-sow-editor so-widget-sow-editor-base\">\n<div class=\"siteorigin-widget-tinymce textwidget\">\n\t<h2>Partenaires d'un Prix d'Excellence :<\/h2>\n<hr \/>\n<p><a href=\"https:\/\/www.arte.tv\/de\/\"><strong>Arte<\/strong><\/a><a href=\"http:\/\/www.asa-avocats.com\/\" target=\"_blank\" rel=\"noopener noreferrer\"><strong><img decoding=\"async\" loading=\"lazy\" class=\"size-full wp-image-9969 alignright\" src=\"https:\/\/www.dfh-ufa.org\/app\/uploads\/2018\/08\/csm_arte_6bb816e3ff.jpg\" alt=\"\" width=\"190\" height=\"48\" \/><\/strong><\/a><\/p>\n<p>&nbsp;<\/p>\n<hr \/>\n<p><a href=\"http:\/\/www.asa-avocats.com\/\" target=\"_blank\" rel=\"noopener noreferrer\"><strong>ASA - Avocats Associ\u00e9s <img decoding=\"async\" loading=\"lazy\" class=\"size-full wp-image-9968 alignright\" src=\"https:\/\/www.dfh-ufa.org\/app\/uploads\/2018\/08\/ASA.jpg\" alt=\"\" width=\"97\" height=\"113\" \/><\/strong><\/a><\/p>\n<p>&nbsp;<\/p>\n<p>&nbsp;<\/p>\n<p>&nbsp;<\/p>\n<hr \/>\n<p><a href=\"https:\/\/www.asko-europa-stiftung.de\/index.php?id=aes\" target=\"_blank\" rel=\"noopener noreferrer\"><strong>ASKO Europa-Stiftung<\/strong><img decoding=\"async\" loading=\"lazy\" class=\"size-medium wp-image-9967 alignright\" src=\"https:\/\/www.dfh-ufa.org\/app\/uploads\/2018\/08\/csm_Asko-Europa-Stiftung_945d944373-300x39.jpg\" alt=\"\" width=\"300\" height=\"39\" \/><\/a><\/p>\n<hr \/>\n<p><a href=\"https:\/\/www.arri.fr\/page\/74116-accueil\" target=\"_blank\" rel=\"noopener noreferrer\"><strong>Association R\u00e9alit\u00e9s et Relations Internationales ( ARRI)<\/strong><\/a><\/p>\n<p>&nbsp;<\/p>\n<p>&nbsp;<\/p>\n<p>&nbsp;<\/p>\n<p><img decoding=\"async\" loading=\"lazy\" class=\"wp-image-392429 alignright\" src=\"https:\/\/www.dfh-ufa.org\/app\/uploads\/2020\/10\/ARRI.jpg\" alt=\"\" width=\"138\" height=\"95\" \/><\/p>\n<hr \/>\n<p><a href=\"https:\/\/baerwolf.com\/de\/home-de\/\" target=\"_blank\" rel=\"noopener noreferrer\"><strong>B\u00e4rwolf GmbH &amp; Co. KG<\/strong><\/a><a href=\"https:\/\/baerwolf.com\/de\/home-de\/\" target=\"_blank\" rel=\"noopener noreferrer\"><img decoding=\"async\" loading=\"lazy\" class=\"alignright wp-image-9966\" src=\"https:\/\/www.dfh-ufa.org\/app\/uploads\/2018\/08\/csm_logo_baerwolf_02_f173c08277.jpg\" alt=\"\" width=\"168\" height=\"125\" \/><\/a><\/p>\n<p>&nbsp;<\/p>\n<p>&nbsp;<\/p>\n<p>&nbsp;<\/p>\n<hr \/>\n<p><a href=\"https:\/\/www.bieber-ags.com\/\" target=\"_blank\" rel=\"noopener\"><strong>Bieber Audit &amp; Global Solutions GmbH<\/strong><\/a><\/p>\n<p><img decoding=\"async\" loading=\"lazy\" class=\"size-medium wp-image-1734326 alignright\" src=\"https:\/\/www.dfh-ufa.org\/app\/uploads\/2023\/06\/Bieber-Audit-Global-Solutions-250x29.jpg\" alt=\"\" width=\"250\" height=\"29\" srcset=\"https:\/\/www.dfh-ufa.org\/app\/uploads\/2023\/06\/Bieber-Audit-Global-Solutions-250x29.jpg 250w, https:\/\/www.dfh-ufa.org\/app\/uploads\/2023\/06\/Bieber-Audit-Global-Solutions-1024x117.jpg 1024w, https:\/\/www.dfh-ufa.org\/app\/uploads\/2023\/06\/Bieber-Audit-Global-Solutions-768x88.jpg 768w, https:\/\/www.dfh-ufa.org\/app\/uploads\/2023\/06\/Bieber-Audit-Global-Solutions.jpg 1342w\" sizes=\"(max-width: 250px) 100vw, 250px\" \/><\/p>\n<hr \/>\n<p><a href=\"http:\/\/clubaffaires.de\/de\/\" target=\"_blank\" rel=\"noopener noreferrer\"><strong>Club des Affaires Saar-Lorraine<\/strong><img decoding=\"async\" loading=\"lazy\" class=\"size-medium wp-image-9965 alignright\" src=\"https:\/\/www.dfh-ufa.org\/app\/uploads\/2018\/08\/csm_Logo_CdA_a9a9d6ab1e-300x120.jpg\" alt=\"\" width=\"300\" height=\"120\" \/><\/a><\/p>\n<p>&nbsp;<\/p>\n<p>&nbsp;<\/p>\n<p>&nbsp;<\/p>\n<hr \/>\n<p><a href=\"https:\/\/www.dfj.org\/\" target=\"_blank\" rel=\"noopener noreferrer\"><strong>Deutsch-Franz\u00f6sische Juristenvereinigung e.V. (DFJ)<\/strong><\/a><a href=\"https:\/\/www.dfj.org\/\" target=\"_blank\" rel=\"noopener noreferrer\"><img decoding=\"async\" loading=\"lazy\" class=\"alignright wp-image-9964\" src=\"https:\/\/www.dfh-ufa.org\/app\/uploads\/2018\/08\/csm_dfj_logo_ohnesubtitle_rot_rgb_28a8af88c5.jpg\" alt=\"\" width=\"125\" height=\"125\" \/><\/a><\/p>\n<p>&nbsp;<\/p>\n<p>&nbsp;<\/p>\n<p>&nbsp;<\/p>\n<hr \/>\n<p><a href=\"https:\/\/www.edf.fr\/groupe-edf\" target=\"_blank\" rel=\"noopener noreferrer\"><strong>EDF<\/strong><img decoding=\"async\" loading=\"lazy\" class=\"size-full wp-image-9963 alignright\" src=\"https:\/\/www.dfh-ufa.org\/app\/uploads\/2018\/08\/csm_logo_EDF_02_0aad8d52c7.jpg\" alt=\"\" width=\"190\" height=\"86\" \/><\/a><\/p>\n<p>&nbsp;<\/p>\n<p>&nbsp;<\/p>\n<hr \/>\n<p><a href=\"http:\/\/www.fntp.fr\/\" target=\"_blank\" rel=\"noopener noreferrer\"><strong>F\u00e9d\u00e9ration Nationale des Travaux Publics<\/strong><\/a><a href=\"http:\/\/www.fntp.fr\/\" target=\"_blank\" rel=\"noopener noreferrer\"><img decoding=\"async\" loading=\"lazy\" class=\"wp-image-9962 alignright\" src=\"https:\/\/www.dfh-ufa.org\/app\/uploads\/2018\/08\/csm_TP_RVB_04_8fd3413f3f.jpg\" alt=\"\" width=\"146\" height=\"125\" \/><\/a><\/p>\n<p>&nbsp;<\/p>\n<hr \/>\n<p><a href=\"https:\/\/www.fondationgroupedepeche.fr\/\" target=\"_blank\" rel=\"noopener\"><strong>Fondation Groupe D\u00e9p\u00eache<\/strong><\/a><\/p>\n<p><img decoding=\"async\" loading=\"lazy\" class=\" wp-image-1734327 alignright\" src=\"https:\/\/www.dfh-ufa.org\/app\/uploads\/2023\/06\/Fondation-Groupe-Depeche-NEU-250x109.jpg\" alt=\"\" width=\"197\" height=\"86\" srcset=\"https:\/\/www.dfh-ufa.org\/app\/uploads\/2023\/06\/Fondation-Groupe-Depeche-NEU-250x109.jpg 250w, https:\/\/www.dfh-ufa.org\/app\/uploads\/2023\/06\/Fondation-Groupe-Depeche-NEU-1024x446.jpg 1024w, https:\/\/www.dfh-ufa.org\/app\/uploads\/2023\/06\/Fondation-Groupe-Depeche-NEU-768x334.jpg 768w, https:\/\/www.dfh-ufa.org\/app\/uploads\/2023\/06\/Fondation-Groupe-Depeche-NEU-1536x668.jpg 1536w, https:\/\/www.dfh-ufa.org\/app\/uploads\/2023\/06\/Fondation-Groupe-Depeche-NEU-2048x891.jpg 2048w\" sizes=\"(max-width: 197px) 100vw, 197px\" \/><\/p>\n<hr \/>\n<p><strong><a href=\"https:\/\/www.bauindustrie.de\/\" target=\"_blank\" rel=\"noopener noreferrer\">Hauptverband der Deutschen Bauindustrie e.V.<img decoding=\"async\" loading=\"lazy\" class=\"size-full wp-image-9961 alignright\" src=\"https:\/\/www.dfh-ufa.org\/app\/uploads\/2018\/08\/csm_bauindustrie_logo_ed8324934d.jpg\" alt=\"\" width=\"190\" height=\"85\" \/><\/a><\/strong><\/p>\n<p>&nbsp;<\/p>\n<p>&nbsp;<\/p>\n<hr \/>\n<p><strong><a href=\"http:\/\/www.lions-france.org\/annuaire-78-f-10-813.html\" target=\"_blank\" rel=\"noopener noreferrer\">Lions Club de Senlis Trois For\u00eats<\/a><a href=\"http:\/\/www.lions-france.org\/annuaire-78-f-10-813.html\" target=\"_blank\" rel=\"noopener noreferrer\"><img decoding=\"async\" loading=\"lazy\" class=\"alignright wp-image-9960\" src=\"https:\/\/www.dfh-ufa.org\/app\/uploads\/2018\/08\/csm_lions_Club_01bad69700.jpg\" alt=\"\" width=\"132\" height=\"125\" \/><\/a><\/strong><\/p>\n<p>&nbsp;<\/p>\n<p><a href=\"https:\/\/www.lions.de\/web\/Lc-recklinghausen\" target=\"_blank\" rel=\"noopener noreferrer\"><strong>Lions Club Recklinghausen<\/strong><\/a><\/p>\n<hr \/>\n<p><a href=\"https:\/\/www.maxweberstiftung.de\/startseite.html\" target=\"_blank\" rel=\"noopener\"><strong>Max Weber Stiftung<\/strong><\/a><\/p>\n<p><img decoding=\"async\" loading=\"lazy\" class=\"wp-image-1734328 alignright\" src=\"https:\/\/www.dfh-ufa.org\/app\/uploads\/2023\/06\/Max_Weber_Stiftung_Logo.svg-250x216.png\" alt=\"\" width=\"121\" height=\"105\" srcset=\"https:\/\/www.dfh-ufa.org\/app\/uploads\/2023\/06\/Max_Weber_Stiftung_Logo.svg-250x216.png 250w, https:\/\/www.dfh-ufa.org\/app\/uploads\/2023\/06\/Max_Weber_Stiftung_Logo.svg-1024x884.png 1024w, https:\/\/www.dfh-ufa.org\/app\/uploads\/2023\/06\/Max_Weber_Stiftung_Logo.svg-768x663.png 768w, https:\/\/www.dfh-ufa.org\/app\/uploads\/2023\/06\/Max_Weber_Stiftung_Logo.svg.png 1200w\" sizes=\"(max-width: 121px) 100vw, 121px\" \/><\/p>\n<hr \/>\n<p><a href=\"https:\/\/www.mazars.de\/\" target=\"_blank\" rel=\"noopener noreferrer\"><strong><span lang=\"EN-US\"><span id=\"DWT1914\" class=\"ZmSearchResult\"><span id=\"DWT1940\" class=\"ZmSearchResult\">Mazars<\/span><\/span> GmbH &amp; Co. <\/span>KG<\/strong><\/a> <img decoding=\"async\" loading=\"lazy\" class=\"wp-image-427157 size-medium alignright\" src=\"https:\/\/www.dfh-ufa.org\/app\/uploads\/2020\/10\/Mazars-transparenter-Hintergrund-250x40.png\" alt=\"\" width=\"250\" height=\"40\" srcset=\"https:\/\/www.dfh-ufa.org\/app\/uploads\/2020\/10\/Mazars-transparenter-Hintergrund-250x40.png 250w, https:\/\/www.dfh-ufa.org\/app\/uploads\/2020\/10\/Mazars-transparenter-Hintergrund-1024x162.png 1024w, https:\/\/www.dfh-ufa.org\/app\/uploads\/2020\/10\/Mazars-transparenter-Hintergrund-768x122.png 768w, https:\/\/www.dfh-ufa.org\/app\/uploads\/2020\/10\/Mazars-transparenter-Hintergrund.png 1514w\" sizes=\"(max-width: 250px) 100vw, 250px\" \/><\/p>\n<hr \/>\n<p><a href=\"https:\/\/www.moebel-martin.de\/\" target=\"_blank\" rel=\"noopener noreferrer\"><strong>M\u00f6bel Martin<\/strong><img decoding=\"async\" loading=\"lazy\" class=\"size-full wp-image-9959 alignright\" src=\"https:\/\/www.dfh-ufa.org\/app\/uploads\/2018\/08\/csm_Moebel_Martin_cbc07b9c37.jpg\" alt=\"\" width=\"190\" height=\"60\" \/><\/a><\/p>\n<p>&nbsp;<\/p>\n<hr \/>\n<p><a href=\"https:\/\/molitorlegal.lu\/\" target=\"_blank\" rel=\"noopener noreferrer\"><strong>Molitor Luxembourg<\/strong><img decoding=\"async\" loading=\"lazy\" class=\"size-full wp-image-9958 alignright\" src=\"https:\/\/www.dfh-ufa.org\/app\/uploads\/2018\/08\/csm_MOLITOR_LOGO_AVOCATS_4C_04_2427572e27.gif\" alt=\"\" width=\"190\" height=\"93\" \/><\/a><\/p>\n<p>&nbsp;<\/p>\n<p>&nbsp;<\/p>\n<hr \/>\n<p><a href=\"https:\/\/berlin-brandenburger-tor.rotary.de\/\" target=\"_blank\" rel=\"noopener\"><strong>Rotary Club Berlin - Brandenburger Tor<\/strong><\/a><\/p>\n<p><a href=\"https:\/\/rotaryparis.org\/fr\/\" target=\"_blank\" rel=\"noopener\"><strong>Rotary Club Paris<\/strong><\/a><\/p>\n<p><a href=\"https:\/\/rotaryparis.org\/fr\/\" target=\"_blank\" rel=\"noopener\"><strong><img decoding=\"async\" loading=\"lazy\" class=\"size-medium wp-image-1734334 alignright\" src=\"https:\/\/www.dfh-ufa.org\/app\/uploads\/2023\/06\/RotaryClubParis_2023-250x74.jpg\" alt=\"\" width=\"250\" height=\"74\" srcset=\"https:\/\/www.dfh-ufa.org\/app\/uploads\/2023\/06\/RotaryClubParis_2023-250x74.jpg 250w, https:\/\/www.dfh-ufa.org\/app\/uploads\/2023\/06\/RotaryClubParis_2023-1024x302.jpg 1024w, https:\/\/www.dfh-ufa.org\/app\/uploads\/2023\/06\/RotaryClubParis_2023-768x227.jpg 768w, https:\/\/www.dfh-ufa.org\/app\/uploads\/2023\/06\/RotaryClubParis_2023-1536x453.jpg 1536w, https:\/\/www.dfh-ufa.org\/app\/uploads\/2023\/06\/RotaryClubParis_2023.jpg 2048w\" sizes=\"(max-width: 250px) 100vw, 250px\" \/><img decoding=\"async\" loading=\"lazy\" class=\"size-medium wp-image-1734333 alignright\" src=\"https:\/\/www.dfh-ufa.org\/app\/uploads\/2023\/06\/Rotary_berlin-brandenburger-tor_2023-250x76.png\" alt=\"\" width=\"250\" height=\"76\" srcset=\"https:\/\/www.dfh-ufa.org\/app\/uploads\/2023\/06\/Rotary_berlin-brandenburger-tor_2023-250x76.png 250w, https:\/\/www.dfh-ufa.org\/app\/uploads\/2023\/06\/Rotary_berlin-brandenburger-tor_2023.png 310w\" sizes=\"(max-width: 250px) 100vw, 250px\" \/><\/strong><\/a><\/p>\n<hr \/>\n<p><a href=\"https:\/\/www.saarlb.de\/index.php?id=1\" target=\"_blank\" rel=\"noopener noreferrer\"><strong>SaarLB<\/strong><\/a><a href=\"https:\/\/www.saarlb.de\/index.php?id=1\" target=\"_blank\" rel=\"noopener noreferrer\"><img decoding=\"async\" loading=\"lazy\" class=\"size-full wp-image-9972 alignright\" src=\"https:\/\/www.dfh-ufa.org\/app\/uploads\/2018\/08\/SaarLB.png\" alt=\"\" width=\"156\" height=\"39\" \/><\/a><\/p>\n<p>&nbsp;<\/p>\n<hr \/>\n<p><a href=\"https:\/\/www.saint-gobain.de\/\" target=\"_blank\" rel=\"noopener noreferrer\"><strong>Saint-Gobain PAM Deutschland GmbH<\/strong><img decoding=\"async\" loading=\"lazy\" class=\"size-full wp-image-9970 alignright\" src=\"https:\/\/www.dfh-ufa.org\/app\/uploads\/2018\/08\/Saint-Gobain_PAM_Deutschland.jpg\" alt=\"\" width=\"126\" height=\"53\" \/><\/a><\/p>\n<p>&nbsp;<\/p>\n<hr \/>\n<p><a href=\"http:\/\/www.sanofi.de\/l\/de\/de\/index.jsp\" target=\"_blank\" rel=\"noopener noreferrer\"><strong>Sanofi Aventis<\/strong><img decoding=\"async\" loading=\"lazy\" class=\"size-full wp-image-9956 alignright\" src=\"https:\/\/www.dfh-ufa.org\/app\/uploads\/2018\/08\/csm_SANOFI_Logo_Horizontal_2011_Quadri_307020b21e.jpg\" alt=\"\" width=\"190\" height=\"41\" \/><\/a><\/p>\n<p>&nbsp;<\/p>\n<hr \/>\n<p><a href=\"https:\/\/www.sap.com\/france\/index.html\" target=\"_blank\" rel=\"noopener noreferrer\"><strong>SAP France<\/strong><img decoding=\"async\" loading=\"lazy\" class=\"size-full wp-image-9955 alignright\" src=\"https:\/\/www.dfh-ufa.org\/app\/uploads\/2018\/08\/csm_sap_corp_280_R_r_p_08_acf33df013.jpg\" alt=\"\" width=\"190\" height=\"95\" \/><\/a><\/p>\n<p>&nbsp;<\/p>\n<p>&nbsp;<\/p>\n<hr \/>\n<p><a href=\"https:\/\/www.schultze-braun.de\/\" target=\"_blank\" rel=\"noopener noreferrer\"><strong>Schultze &amp; Braun GmbH<\/strong><img decoding=\"async\" loading=\"lazy\" class=\"size-medium wp-image-9954 alignright\" src=\"https:\/\/www.dfh-ufa.org\/app\/uploads\/2018\/08\/csm_Logo_Schubra_SB_Allg_color_0be4e0f2ce-300x40.png\" alt=\"\" width=\"300\" height=\"40\" \/><\/a><\/p>\n<p>&nbsp;<\/p>\n<hr \/>\n<p><a href=\"http:\/\/www.u-f-s.eu\/\" target=\"_blank\" rel=\"noopener\"><strong>Union des Fran\u00e7ais de Sarre (UFS)<img decoding=\"async\" loading=\"lazy\" class=\"wp-image-1734332 alignright\" src=\"https:\/\/www.dfh-ufa.org\/app\/uploads\/2023\/06\/Union-Des-Francais-de-Sarre.jpg\" alt=\"\" width=\"120\" height=\"119\" srcset=\"https:\/\/www.dfh-ufa.org\/app\/uploads\/2023\/06\/Union-Des-Francais-de-Sarre.jpg 225w, https:\/\/www.dfh-ufa.org\/app\/uploads\/2023\/06\/Union-Des-Francais-de-Sarre-150x150.jpg 150w\" sizes=\"(max-width: 120px) 100vw, 120px\" \/><\/strong><\/a><\/p>\n<p>&nbsp;<\/p>\n<hr \/>\n<p><a href=\"https:\/\/www.valoris-avocats.com\/\" target=\"_blank\" rel=\"noopener\"><strong>Valoris Avocats<img decoding=\"async\" loading=\"lazy\" class=\"wp-image-1734336 alignright\" src=\"https:\/\/www.dfh-ufa.org\/app\/uploads\/2023\/06\/Valoris_Avocats-250x125.png\" alt=\"\" width=\"204\" height=\"102\" srcset=\"https:\/\/www.dfh-ufa.org\/app\/uploads\/2023\/06\/Valoris_Avocats-250x125.png 250w, https:\/\/www.dfh-ufa.org\/app\/uploads\/2023\/06\/Valoris_Avocats.png 400w\" sizes=\"(max-width: 204px) 100vw, 204px\" \/><\/strong><\/a><\/p>\n<p>&nbsp;<\/p>\n<hr \/>\n<hr \/>\n<h2>Partenaires d'un Prix de la Meilleure Th\u00e8se :<\/h2>\n<hr \/>\n<p><a href=\"https:\/\/www.apec.fr\/\" target=\"_blank\" rel=\"noopener noreferrer\"><strong>Apec<\/strong><\/a><a href=\"https:\/\/www.apec.fr\/\" target=\"_blank\" rel=\"noopener noreferrer\"><img decoding=\"async\" loading=\"lazy\" class=\"wp-image-9953 alignright\" src=\"https:\/\/www.dfh-ufa.org\/app\/uploads\/2018\/08\/csm_Apec_a8bc18a21a.jpg\" alt=\"\" width=\"187\" height=\"125\" \/><\/a><\/p>\n<p>&nbsp;<\/p>\n<p>&nbsp;<\/p>\n<hr \/>\n<p><a href=\"https:\/\/www.arri.fr\/page\/74116-accueil\" target=\"_blank\" rel=\"noopener\"><strong>Association R\u00e9alit\u00e9s et Relations Internationales (ARRI)<img decoding=\"async\" loading=\"lazy\" class=\"wp-image-1734337 alignright\" src=\"https:\/\/www.dfh-ufa.org\/app\/uploads\/2023\/06\/ARRI.jpg\" alt=\"\" width=\"158\" height=\"109\" \/><\/strong><\/a><\/p>\n<p>&nbsp;<\/p>\n<p>&nbsp;<\/p>\n<p>&nbsp;<\/p>\n<hr \/>\n<p><a href=\"https:\/\/hwh.eu\/de\/\" target=\"_blank\" rel=\"noopener\"><strong>Hertslet Wolfer &amp; Heintz Avocats &amp; Rechtsanw\u00e4lte<\/strong><\/a><\/p>\n<p><img decoding=\"async\" loading=\"lazy\" class=\"size-full wp-image-1734338 alignright\" src=\"https:\/\/www.dfh-ufa.org\/app\/uploads\/2023\/06\/HWH.jpg\" alt=\"\" width=\"200\" height=\"200\" srcset=\"https:\/\/www.dfh-ufa.org\/app\/uploads\/2023\/06\/HWH.jpg 200w, https:\/\/www.dfh-ufa.org\/app\/uploads\/2023\/06\/HWH-150x150.jpg 150w\" sizes=\"(max-width: 200px) 100vw, 200px\" \/><\/p>\n<hr \/>\n<p><a href=\"https:\/\/international.univ-grenoble-alpes.fr\/projets\/projets-menes\/chaire-jean-monnet-en-langues-etrangeres-relations-franco-allemandes-integration-europeenne-et-mondialisation--572775.kjsp\" target=\"_blank\" rel=\"noopener\"><strong>La Chaire Jean Monnet sur les Relations franco-allemandes - Universit\u00e9 Grenoble Alpes<\/strong><\/a><\/p>\n<p><img decoding=\"async\" loading=\"lazy\" class=\"wp-image-1734339 alignright\" src=\"https:\/\/www.dfh-ufa.org\/app\/uploads\/2023\/06\/Chaire-Jean-Monnet-Universite-Grenoble-250x98.jpg\" alt=\"\" width=\"191\" height=\"75\" srcset=\"https:\/\/www.dfh-ufa.org\/app\/uploads\/2023\/06\/Chaire-Jean-Monnet-Universite-Grenoble-250x98.jpg 250w, https:\/\/www.dfh-ufa.org\/app\/uploads\/2023\/06\/Chaire-Jean-Monnet-Universite-Grenoble-1024x400.jpg 1024w, https:\/\/www.dfh-ufa.org\/app\/uploads\/2023\/06\/Chaire-Jean-Monnet-Universite-Grenoble-768x300.jpg 768w, https:\/\/www.dfh-ufa.org\/app\/uploads\/2023\/06\/Chaire-Jean-Monnet-Universite-Grenoble.jpg 1517w\" sizes=\"(max-width: 191px) 100vw, 191px\" \/><\/p>\n<p>&nbsp;<\/p>\n<p>&nbsp;<\/p>\n<hr \/>\n<p><a href=\"https:\/\/www.bosch-stiftung.de\/de\" target=\"_blank\" rel=\"noopener noreferrer\"><strong>Robert Bosch Stiftung<\/strong><img decoding=\"async\" loading=\"lazy\" class=\"size-medium wp-image-9952 alignright\" src=\"https:\/\/www.dfh-ufa.org\/app\/uploads\/2018\/08\/csm_robert_bosch_stiftung_c4a8456c3b-300x31.jpg\" alt=\"\" width=\"300\" height=\"31\" \/><\/a><\/p>\n<p>&nbsp;<\/p>\n<hr \/>\n<p><a href=\"https:\/\/de.rotary.de\/berlin-brandenburger-tor\/\" target=\"_blank\" rel=\"noopener noreferrer\"><strong>Rotary Club Berlin - Brandenburger Tor<img decoding=\"async\" loading=\"lazy\" class=\"alignright wp-image-9951\" src=\"https:\/\/www.dfh-ufa.org\/app\/uploads\/2018\/08\/logo_rotaryclub-190x300.jpg\" alt=\"\" width=\"79\" height=\"125\" \/><\/strong><\/a><\/p>\n<p>&nbsp;<\/p>\n<p>&nbsp;<\/p>\n<p>&nbsp;<\/p>\n<hr \/>\n<p><a href=\"http:\/\/www.rotaryparis.org\/\" target=\"_blank\" rel=\"noopener noreferrer\"><strong>Rotary Club de Paris<\/strong><\/a><a href=\"http:\/\/www.rotaryparis.org\/\" target=\"_blank\" rel=\"noopener noreferrer\"><img decoding=\"async\" loading=\"lazy\" class=\"wp-image-9950 alignright\" src=\"https:\/\/www.dfh-ufa.org\/app\/uploads\/2018\/08\/logo_Wimpel_RC_Paris.gif\" alt=\"\" width=\"83\" height=\"125\" \/><\/a><\/p>\n<p>&nbsp;<\/p>\n<p>&nbsp;<\/p>\n<p>&nbsp;<\/p>\n<hr \/>\n<hr \/>\n<h2>Autres partenaires :<\/h2>\n<hr \/>\n<p><a href=\"https:\/\/group.bnpparibas\/\" target=\"_blank\" rel=\"noopener noreferrer\"><strong>BNP Paribas<\/strong><img decoding=\"async\" loading=\"lazy\" class=\"size-full wp-image-9981 alignright\" src=\"https:\/\/www.dfh-ufa.org\/app\/uploads\/2018\/08\/csm_bnp_logo_4a0af325d2.jpg\" alt=\"\" width=\"190\" height=\"42\" \/><\/a><\/p>\n<p>&nbsp;<\/p>\n<hr \/>\n<p><strong><a href=\"https:\/\/www.campusfrance.org\/fr\" target=\"_blank\" rel=\"noopener noreferrer\">Campus France<img decoding=\"async\" loading=\"lazy\" class=\"size-full wp-image-9980 alignright\" src=\"https:\/\/www.dfh-ufa.org\/app\/uploads\/2018\/08\/csm_campus-france_c25609048d.jpg\" alt=\"\" width=\"190\" height=\"72\" \/><\/a><\/strong><\/p>\n<p>&nbsp;<\/p>\n<p>&nbsp;<\/p>\n<hr \/>\n<p><a href=\"http:\/\/allemagne.cnccef.org\/\" target=\"_blank\" rel=\"noopener noreferrer\"><strong>CCEF - Conseillers du Commerce Ext\u00e9rieur de la France, Section Allemagne<\/strong><img decoding=\"async\" loading=\"lazy\" class=\"size-full wp-image-9979 alignright\" src=\"https:\/\/www.dfh-ufa.org\/app\/uploads\/2018\/08\/CCEF.jpg\" alt=\"\" width=\"117\" height=\"109\" \/><\/a><\/p>\n<p>&nbsp;<\/p>\n<p>&nbsp;<\/p>\n<p>&nbsp;<\/p>\n<hr \/>\n<p><strong><a href=\"https:\/\/www.francoallemand.com\/\" target=\"_blank\" rel=\"noopener noreferrer\">Deutsch-Franz\u00f6sische Industrie- und Handelskammer in Frankreich<img decoding=\"async\" loading=\"lazy\" class=\"size-full wp-image-9978 alignright\" src=\"https:\/\/www.dfh-ufa.org\/app\/uploads\/2018\/08\/csm_AHK_Frankreich_2f9e3b0dea.jpg\" alt=\"\" width=\"190\" height=\"95\" \/><\/a><\/strong><\/p>\n<p>&nbsp;<\/p>\n<p>&nbsp;<\/p>\n<hr \/>\n<div class=\"col-sm-9 col-sm-pull-3\">\n<p><a href=\"https:\/\/www.ccfa.de\/\" target=\"_blank\" rel=\"noopener noreferrer\"><strong>Chambre de Commerce et d'Industrie Fran\u00e7aise en Allemagne e.V.<\/strong><img decoding=\"async\" loading=\"lazy\" class=\"size-full wp-image-9977 alignright\" src=\"https:\/\/www.dfh-ufa.org\/app\/uploads\/2018\/08\/CCFA.gif\" alt=\"\" width=\"144\" height=\"40\" \/><\/a><\/p>\n<p>&nbsp;<\/p>\n<\/div>\n<hr \/>\n<p><a href=\"https:\/\/www.gate-germany.de\/\" target=\"_blank\" rel=\"noopener noreferrer\"><strong>GATE Germany<\/strong><img decoding=\"async\" loading=\"lazy\" class=\"size-full wp-image-9976 alignright\" src=\"https:\/\/www.dfh-ufa.org\/app\/uploads\/2018\/08\/csm_GATE_34a7700414.gif\" alt=\"\" width=\"190\" height=\"63\" \/><\/a><\/p>\n<p>&nbsp;<\/p>\n<hr \/>\n<p><a href=\"https:\/\/www.hutchinson.com\/de\/willkommen\" target=\"_blank\" rel=\"noopener noreferrer\"><strong>Hutchinson GmbH<\/strong><img decoding=\"async\" loading=\"lazy\" class=\"size-full wp-image-9975 alignright\" src=\"https:\/\/www.dfh-ufa.org\/app\/uploads\/2018\/08\/csm_Hutchinson_7965d0efb4.jpg\" alt=\"\" width=\"190\" height=\"23\" \/><\/a><\/p>\n<hr \/>\n<p><a href=\"http:\/\/www.kas.de\/\" target=\"_blank\" rel=\"noopener noreferrer\"><strong>Konrad-Adenauer-Stiftung<img decoding=\"async\" loading=\"lazy\" class=\"size-full wp-image-9974 alignright\" src=\"https:\/\/www.dfh-ufa.org\/app\/uploads\/2018\/08\/csm_kas_logo_b766bf54d9.jpg\" alt=\"\" width=\"190\" height=\"78\" \/><\/strong><\/a><\/p>\n<p>&nbsp;<\/p>\n<p>&nbsp;<\/p>\n<hr \/>\n<p><a href=\"https:\/\/www.michelin.de\/\" target=\"_blank\" rel=\"noopener noreferrer\"><strong>Michelin Reifenwerke AG &amp; Co. KGaA<\/strong><img decoding=\"async\" loading=\"lazy\" class=\"size-full wp-image-9973 alignright\" src=\"https:\/\/www.dfh-ufa.org\/app\/uploads\/2018\/08\/csm_Michelin_c1cffb8e05.gif\" alt=\"\" width=\"190\" height=\"70\" \/><\/a><\/p>\n<p>&nbsp;<\/p>\n<hr \/>\n<p><a href=\"https:\/\/www.pwc.lu\/\" target=\"_blank\" rel=\"noopener noreferrer\"><strong>PricewaterhouseCoopers Luxembourg (PwC)<\/strong><\/a> <img decoding=\"async\" loading=\"lazy\" class=\"size-full wp-image-392427 alignright\" src=\"https:\/\/www.dfh-ufa.org\/app\/uploads\/2020\/10\/PwC_logo.jpg\" alt=\"\" width=\"180\" height=\"131\" \/><\/p>\n<hr \/>\n<p><a href=\"https:\/\/www.saarlb.de\/index.php?id=1\" target=\"_blank\" rel=\"noopener noreferrer\"><strong>SaarLB<\/strong><img decoding=\"async\" loading=\"lazy\" class=\"size-full wp-image-9972 alignright\" src=\"https:\/\/www.dfh-ufa.org\/app\/uploads\/2018\/08\/SaarLB.png\" alt=\"\" width=\"156\" height=\"39\" \/><\/a><\/p>\n<p>&nbsp;<\/p>\n<hr \/>\n<p><a href=\"https:\/\/www.strategy-action.com\/de\/\" target=\"_blank\" rel=\"noopener noreferrer\"><strong>Strategy &amp; Action International<\/strong><img decoding=\"async\" loading=\"lazy\" class=\"size-medium wp-image-9971 alignright\" src=\"https:\/\/www.dfh-ufa.org\/app\/uploads\/2018\/08\/csm_Strategy___Action_International_25ed947b9f-300x64.jpg\" alt=\"\" width=\"300\" height=\"64\" \/><\/a><\/p>\n<\/div>\n<\/div><\/div><\/div><\/div><\/div>","protected":false},"excerpt":{"rendered":"<p>Partenaires d&rsquo;un Prix d&rsquo;Excellence : Arte &nbsp; ASA &#8211; Avocats Associ\u00e9s &nbsp; &nbsp; &nbsp; ASKO Europa-Stiftung Association R\u00e9alit\u00e9s et Relations Internationales ( ARRI) &nbsp; &nbsp; &nbsp; B\u00e4rwolf GmbH &amp; Co. KG &nbsp; &nbsp; &nbsp; Bieber Audit &amp; Global Solutions GmbH Club des Affaires Saar-Lorraine &nbsp; &nbsp; &nbsp; Deutsch-Franz\u00f6sische Juristenvereinigung e.V. (DFJ) &nbsp; &nbsp; &nbsp; EDF [&hellip;]<\/p>\n","protected":false},"author":2,"featured_media":0,"parent":863,"menu_order":114,"comment_status":"closed","ping_status":"closed","template":"","meta":{"_bbp_topic_count":0,"_bbp_reply_count":0,"_bbp_total_topic_count":0,"_bbp_total_reply_count":0,"_bbp_voice_count":0,"_bbp_anonymous_reply_count":0,"_bbp_topic_count_hidden":0,"_bbp_reply_count_hidden":0,"_bbp_forum_subforum_count":0,"inline_featured_image":false},"acf":[],"_links":{"self":[{"href":"https:\/\/www.dfh-ufa.org\/fr\/wp-json\/wp\/v2\/pages\/4764"}],"collection":[{"href":"https:\/\/www.dfh-ufa.org\/fr\/wp-json\/wp\/v2\/pages"}],"about":[{"href":"https:\/\/www.dfh-ufa.org\/fr\/wp-json\/wp\/v2\/types\/page"}],"author":[{"embeddable":true,"href":"https:\/\/www.dfh-ufa.org\/fr\/wp-json\/wp\/v2\/users\/2"}],"replies":[{"embeddable":true,"href":"https:\/\/www.dfh-ufa.org\/fr\/wp-json\/wp\/v2\/comments?post=4764"}],"version-history":[{"count":21,"href":"https:\/\/www.dfh-ufa.org\/fr\/wp-json\/wp\/v2\/pages\/4764\/revisions"}],"predecessor-version":[{"id":1734342,"href":"https:\/\/www.dfh-ufa.org\/fr\/wp-json\/wp\/v2\/pages\/4764\/revisions\/1734342"}],"up":[{"embeddable":true,"href":"https:\/\/www.dfh-ufa.org\/fr\/wp-json\/wp\/v2\/pages\/863"}],"wp:attachment":[{"href":"https:\/\/www.dfh-ufa.org\/fr\/wp-json\/wp\/v2\/media?parent=4764"}],"curies":[{"name":"wp","href":"https:\/\/api.w.org\/{rel}","templated":true}]}}