{"id":478667,"date":"2021-03-31T10:07:38","date_gmt":"2021-03-31T08:07:38","guid":{"rendered":"https:\/\/www.dfh-ufa.org\/fr\/?page_id=478667"},"modified":"2026-01-05T14:11:04","modified_gmt":"2026-01-05T13:11:04","slug":"inviter-un-ambassadeur-de-lufa","status":"publish","type":"page","link":"https:\/\/www.dfh-ufa.org\/fr\/vous-etes\/etudiant\/ambassadeurs-de-lufa\/inviter-un-ambassadeur-de-lufa","title":{"rendered":"Inviter un ambassadeur de l\u2019UFA"},"content":{"rendered":"<div id=\"pl-478667\"  class=\"panel-layout\" ><div id=\"pg-478667-0\"  class=\"panel-grid panel-no-style\" ><div id=\"pgc-478667-0-0\"  class=\"panel-grid-cell\" ><div id=\"panel-478667-0-0-0\" class=\"so-panel widget widget_sow-editor panel-first-child\" data-index=\"0\" ><div class=\"so-widget-sow-editor so-widget-sow-editor-base\">\n<div class=\"siteorigin-widget-tinymce textwidget\">\n\t<p>Les ambassadeurs et ambassadrices de l'UFA font part de leur exp\u00e9rience personnelle et r\u00e9pondent aux questions dans la perspective \u00e9tudiante qui est la leur.<\/p>\n<h4><\/h4>\n<h4>Vous pouvez inviter un ambassadeur ou une ambassadrice de l\u2019UFA pour des manifestations organis\u00e9es en pr\u00e9sentiel ou en ligne.<\/h4>\n<ul>\n<li>Interventions en cours d'allemand<\/li>\n<li>Journ\u00e9es d'information et d'orientation en milieu scolaire ou universitaire<\/li>\n<li>Colloques pour enseignant*es d'allemand<\/li>\n<li>Journ\u00e9es d'information institutionnelles (ex. DAAD, Campus France, etc.)<\/li>\n<\/ul>\n<h4><\/h4>\n<h4>Comment inviter un ambassadeur ou une ambassadrice de l\u2019UFA ?<\/h4>\n<p>Pour inviter un ambassadeur ou une ambassadrice de l\u2019UFA dans votre \u00e9tablissement scolaire, votre universit\u00e9 ou votre institution, veuillez envoyer un message \u00e0 :<\/p>\n<p><a href=\"mailto:botschafter-ambassadeurs@dfh-ufa.org\">botschafter-ambassadeurs(at)dfh-ufa.org<\/a><\/p>\n<p><strong>Pensez \u00e0 nous transmettre les informations suivantes\u00a0:<\/strong><\/p>\n<ul>\n<li>Format de la manifestation\u00a0: pr\u00e9sentation et\/ou stand d'information\u00a0?<\/li>\n<li>Groupe cible de la manifestation (\u00e9l\u00e8ves du secondaire, parents, enseignant*es, \u00e9tudiant*es, etc.)<\/li>\n<li>Date, horaire et dur\u00e9e de l'intervention<\/li>\n<li>Nombre de participants attendus<\/li>\n<li>Adresse de votre \u00e9tablissement ou de votre institution<\/li>\n<li>Interlocuteur\/interlocutrice pour l'envoi de la documentation<\/li>\n<\/ul>\n<h4><\/h4>\n<h4>De quoi les ambassadeurs de l'UFA ont-t-ils besoin sur place ?<\/h4>\n<ul>\n<li>D'un vid\u00e9oprojecteur et d'un ordinateur portable pour les interventions en classe<\/li>\n<li>D'une connexion internet, dans l'id\u00e9al<\/li>\n<li>D'un stand ou bureau pour exposer la documentation envoy\u00e9e par l'UFA en amont de la manifestation<\/li>\n<\/ul>\n<p>&nbsp;<\/p>\n<p><strong>Pour plus d\u2019informations sur le contenu et le d\u00e9roulement de toute intervention des ambassadeurs et ambassadrices de l\u2019UFA, et pour des informations importantes \u00e0 leur destination<\/strong><strong>, veuillez <a href=\"https:\/\/www.dfh-ufa.org\/informationen-fuer\/studierende\/dfh-botschafter-2\/dfh-botschafter-werden\" target=\"_blank\" rel=\"noopener noreferrer\">cliquer ici<\/a><\/strong><\/p>\n<p>&nbsp;<\/p>\n<\/div>\n<\/div><\/div><div id=\"panel-478667-0-0-1\" class=\"so-panel widget widget_media_video\" data-index=\"1\" ><h2 class=\"widget-title\">D\u00e9couvrez la pr\u00e9sentation virtuelle des cursus de l&rsquo;UFA !<\/h2><div style=\"width:100%;\" class=\"wp-video\"><!--[if lt IE 9]><script>document.createElement('video');<\/script><![endif]-->\n<video class=\"wp-video-shortcode\" id=\"video-478667-1\" preload=\"metadata\" controls=\"controls\"><source type=\"video\/youtube\" src=\"https:\/\/youtu.be\/1Lok7L_ZSYg?_=1\" \/><a href=\"https:\/\/youtu.be\/1Lok7L_ZSYg\">https:\/\/youtu.be\/1Lok7L_ZSYg<\/a><\/video><\/div><\/div><div id=\"panel-478667-0-0-2\" class=\"widget_text so-panel widget widget_custom_html\" data-index=\"2\" ><div class=\"textwidget custom-html-widget\"><br><\/div><\/div><div id=\"panel-478667-0-0-3\" class=\"so-panel widget widget_sow-editor panel-last-child\" data-index=\"3\" ><div class=\"so-widget-sow-editor so-widget-sow-editor-base\"><h2 class=\"widget-title\">Informations et mat\u00e9riel pour le corps enseignant<\/h2>\n<div class=\"siteorigin-widget-tinymce textwidget\">\n\t<p>Nous vous invitons \u00e0 d\u00e9couvrir des vid\u00e9os, des podcasts et bien plus dans <a href=\"https:\/\/www.dfh-ufa.org\/app\/uploads\/2022\/10\/Infos_profs_F_UFA.pdf\">cette liste.<\/a><\/p>\n<p>Tous les bons arguments pour apprendre l'allemand sont r\u00e9unis dans la brochure <a href=\"https:\/\/www.dfh-ufa.org\/app\/uploads\/2024\/08\/240315-gi-brochure-allemand-planche-web.pdf\" target=\"_blank\" rel=\"noopener\">L'allemand t'attend.<\/a><\/p>\n<p>D\u00e9couvrez encore plus de<a href=\"https:\/\/www.goethe.de\/ins\/fr\/fr\/spr\/wdl\/wem.html\"> mat\u00e9riel promotionnel<\/a> concernant l'apprentissage de l'allemand.<\/p>\n<\/div>\n<\/div><\/div><\/div><\/div><\/div>","protected":false},"excerpt":{"rendered":"<p>Les ambassadeurs et ambassadrices de l&rsquo;UFA font part de leur exp\u00e9rience personnelle et r\u00e9pondent aux questions dans la perspective \u00e9tudiante qui est la leur. Vous pouvez inviter un ambassadeur ou une ambassadrice de l\u2019UFA pour des manifestations organis\u00e9es en pr\u00e9sentiel ou en ligne. Interventions en cours d&rsquo;allemand Journ\u00e9es d&rsquo;information et d&rsquo;orientation en milieu scolaire ou [&hellip;]<\/p>\n","protected":false},"author":21,"featured_media":0,"parent":328563,"menu_order":0,"comment_status":"closed","ping_status":"closed","template":"","meta":{"_bbp_topic_count":0,"_bbp_reply_count":0,"_bbp_total_topic_count":0,"_bbp_total_reply_count":0,"_bbp_voice_count":0,"_bbp_anonymous_reply_count":0,"_bbp_topic_count_hidden":0,"_bbp_reply_count_hidden":0,"_bbp_forum_subforum_count":0,"inline_featured_image":false},"acf":[],"_links":{"self":[{"href":"https:\/\/www.dfh-ufa.org\/fr\/wp-json\/wp\/v2\/pages\/478667"}],"collection":[{"href":"https:\/\/www.dfh-ufa.org\/fr\/wp-json\/wp\/v2\/pages"}],"about":[{"href":"https:\/\/www.dfh-ufa.org\/fr\/wp-json\/wp\/v2\/types\/page"}],"author":[{"embeddable":true,"href":"https:\/\/www.dfh-ufa.org\/fr\/wp-json\/wp\/v2\/users\/21"}],"replies":[{"embeddable":true,"href":"https:\/\/www.dfh-ufa.org\/fr\/wp-json\/wp\/v2\/comments?post=478667"}],"version-history":[{"count":25,"href":"https:\/\/www.dfh-ufa.org\/fr\/wp-json\/wp\/v2\/pages\/478667\/revisions"}],"predecessor-version":[{"id":1962434,"href":"https:\/\/www.dfh-ufa.org\/fr\/wp-json\/wp\/v2\/pages\/478667\/revisions\/1962434"}],"up":[{"embeddable":true,"href":"https:\/\/www.dfh-ufa.org\/fr\/wp-json\/wp\/v2\/pages\/328563"}],"wp:attachment":[{"href":"https:\/\/www.dfh-ufa.org\/fr\/wp-json\/wp\/v2\/media?parent=478667"}],"curies":[{"name":"wp","href":"https:\/\/api.w.org\/{rel}","templated":true}]}}