{"id":5562,"date":"2018-06-20T14:06:54","date_gmt":"2018-06-20T12:06:54","guid":{"rendered":"https:\/\/www.dfh-ufa.org\/fr\/philip-maximilian-bender"},"modified":"2022-07-05T12:06:49","modified_gmt":"2022-07-05T10:06:49","slug":"philip-maximilian-bender","status":"publish","type":"page","link":"https:\/\/www.dfh-ufa.org\/fr\/vous-etes\/entreprises\/prix-dexcellence\/laureats-depuis-2005\/philip-maximilian-bender","title":{"rendered":"PEX 2013 : Philip Maximilian Bender"},"content":{"rendered":"<blockquote><p>Faut-il instituer une Soci\u00e9t\u00e9 priv\u00e9e europ\u00e9enne (SPE) ?<\/p><\/blockquote>\n<p>&nbsp;<\/p>\n<p>Avons-nous encore r\u00e9ellement besoin d\u2019une Societas privat europaea (SPE), d\u2019une soci\u00e9t\u00e9 europ\u00e9enne pour les petites et moyennes entreprises, semblable \u00e0 la Gmbh (soci\u00e9t\u00e9 \u00e0 responsabilit\u00e9 limit\u00e9e)\u00a0 allemande, apr\u00e8s l\u2019\u00e9chec des n\u00e9gociations sur la proposition de r\u00e8glement de la commission europ\u00e9enne de Mars 2011? C\u2019est la question \u00e0 laquelle ce m\u00e9moire tend \u00e0 r\u00e9pondre. Il s\u2019agit d\u2019y r\u00e9pondre dans un premier temps et d\u2019une mani\u00e8re g\u00e9n\u00e9rale, par l\u2019affirmative, sans prendre en compte la proposition de r\u00e8glement qui a \u00e9t\u00e9 refus\u00e9e. L\u2019introduction d\u2019une Soci\u00e9t\u00e9 Priv\u00e9e Europ\u00e9enne semble en effet,\u00a0 \u00e0 la fois possible juridiquement, dans la comp\u00e9tence de l\u2019Union Europ\u00e9enne, et n\u00e9cessaire \u00e9conomiquement. Puis il faut se demander, \u00e0 partir des constatations pr\u00e9c\u00e9dentes, en se penchant sur les conditions de r\u00e9alisation de cette SPE, quelle forme elle devra prendre\u00a0 dans le d\u00e9tail. Reste \u00e0 analyser \u00e0 partir de l\u2019abandon de la proposition de r\u00e8glement de la commission europ\u00e9enne, deux sujets centraux particuli\u00e8rement controvers\u00e9s ayant pour arri\u00e8re-plan les diff\u00e9rentes traditions juridiques europ\u00e9ennes : l\u2019arrangement sur la protection des cr\u00e9anciers, et l\u2019ampleur du r\u00e9gime de participation des travailleurs.<\/p>\n<p><strong>Philip Maximilian Bender<\/strong>, n\u00e9 en 1989, est titulaire d\u2019un master en droit, obtenu \u00e0 l\u2019universit\u00e9 Panth\u00e9on-Assas et d\u2019un Staatsexamen obtenu \u00e0 la Ludwig-Maximilians-Universit\u00e4t M\u00fcnchen. Il a suivi en parall\u00e8le des cours de philosophie \u00e0 l\u2019Ecole normale sup\u00e9rieure de Paris(ENS).<\/p>\n","protected":false},"excerpt":{"rendered":"<p>Faut-il instituer une Soci\u00e9t\u00e9 priv\u00e9e europ\u00e9enne (SPE) ? &nbsp; Avons-nous encore r\u00e9ellement besoin d\u2019une Societas privat europaea (SPE), d\u2019une soci\u00e9t\u00e9 europ\u00e9enne pour les petites et moyennes entreprises, semblable \u00e0 la Gmbh (soci\u00e9t\u00e9 \u00e0 responsabilit\u00e9 limit\u00e9e)\u00a0 allemande, apr\u00e8s l\u2019\u00e9chec des n\u00e9gociations sur la proposition de r\u00e8glement de la commission europ\u00e9enne de Mars 2011? C\u2019est la question [&hellip;]<\/p>\n","protected":false},"author":6,"featured_media":0,"parent":87037,"menu_order":0,"comment_status":"closed","ping_status":"closed","template":"","meta":{"_bbp_topic_count":0,"_bbp_reply_count":0,"_bbp_total_topic_count":0,"_bbp_total_reply_count":0,"_bbp_voice_count":0,"_bbp_anonymous_reply_count":0,"_bbp_topic_count_hidden":0,"_bbp_reply_count_hidden":0,"_bbp_forum_subforum_count":0,"inline_featured_image":false},"acf":[],"_links":{"self":[{"href":"https:\/\/www.dfh-ufa.org\/fr\/wp-json\/wp\/v2\/pages\/5562"}],"collection":[{"href":"https:\/\/www.dfh-ufa.org\/fr\/wp-json\/wp\/v2\/pages"}],"about":[{"href":"https:\/\/www.dfh-ufa.org\/fr\/wp-json\/wp\/v2\/types\/page"}],"author":[{"embeddable":true,"href":"https:\/\/www.dfh-ufa.org\/fr\/wp-json\/wp\/v2\/users\/6"}],"replies":[{"embeddable":true,"href":"https:\/\/www.dfh-ufa.org\/fr\/wp-json\/wp\/v2\/comments?post=5562"}],"version-history":[{"count":2,"href":"https:\/\/www.dfh-ufa.org\/fr\/wp-json\/wp\/v2\/pages\/5562\/revisions"}],"predecessor-version":[{"id":1273521,"href":"https:\/\/www.dfh-ufa.org\/fr\/wp-json\/wp\/v2\/pages\/5562\/revisions\/1273521"}],"up":[{"embeddable":true,"href":"https:\/\/www.dfh-ufa.org\/fr\/wp-json\/wp\/v2\/pages\/87037"}],"wp:attachment":[{"href":"https:\/\/www.dfh-ufa.org\/fr\/wp-json\/wp\/v2\/media?parent=5562"}],"curies":[{"name":"wp","href":"https:\/\/api.w.org\/{rel}","templated":true}]}}