{"id":5583,"date":"2018-06-20T14:07:52","date_gmt":"2018-06-20T12:07:52","guid":{"rendered":"https:\/\/www.dfh-ufa.org\/fr\/ilja-tobias-feldstein"},"modified":"2022-07-05T12:03:52","modified_gmt":"2022-07-05T10:03:52","slug":"ilja-tobias-feldstein","status":"publish","type":"page","link":"https:\/\/www.dfh-ufa.org\/fr\/vous-etes\/entreprises\/prix-dexcellence\/laureats-depuis-2005\/ilja-tobias-feldstein","title":{"rendered":"PEX 2013 : Ilja Tobias Feldstein"},"content":{"rendered":"<div class=\"row content-row-main\">\n<section class=\"col-md-9\">\n<div class=\"main-content\">\n<div id=\"c24481\" class=\"csc-default\">\n<div class=\"csc-textpic csc-textpic-intext-right-nowrap\">\n<div class=\"row\">\n<div class=\"col-sm-9 col-sm-pull-3\">\n<blockquote><p>\u00ab Conception d&rsquo;une plateforme th\u00e9rapeutique dynamique pour la r\u00e9\u00e9ducation de patients atteints d&rsquo;une infirmit\u00e9 motrice \u00bb<\/p><\/blockquote>\n<p>&nbsp;<\/p>\n<p>La r\u00e9\u00e9ducation des membres inf\u00e9rieurs \u00e0 l\u2019aide d\u2019un automate robotis\u00e9 prend une importance croissante dans le domaine de la neuro-r\u00e9habilitation. Un tel syst\u00e8me permet aux patients \u00e0 mobilit\u00e9 r\u00e9duite de regagner une grande partie de leurs fonctions motrices gr\u00e2ce \u00e0 des exercices cibl\u00e9s. Le syst\u00e8me le plus largement \u00e9tabli est le robot de marche Lokomat d\u00e9velopp\u00e9 par le centre hospitalier universitaire de Balgrist \u00e0 Zurich. De r\u00e9centes \u00e9tudes ont cependant montr\u00e9 que la r\u00e9\u00e9ducation robotis\u00e9e peut \u00eatre davantage optimis\u00e9e. En effet, ce type de robots est g\u00e9n\u00e9ralement \u00e9quip\u00e9 d\u2019un tapis roulant qui ne dispose que d\u2019un degr\u00e9 de libert\u00e9 r\u00e9duit, ce qui limite la possibilit\u00e9 de simuler des sch\u00e9mas de marche individualis\u00e9s. L\u2019objectif du projet \u00e9tait donc de substituer l\u2019actuel tapis roulant du syst\u00e8me Lokomat par une surface multidirectionnelle afin de r\u00e9aliser des exercices de r\u00e9\u00e9ducation \u00e0 trajectoires multiples. Pour ce faire, les exigences techniques du nouveau syst\u00e8me ont \u00e9t\u00e9 d\u00e9finies \u00e0 partir d\u2019une analyse biom\u00e9canique des sch\u00e9mas de marche souhait\u00e9s. \u00c0 la suite d\u2019une recherche sur les technologies de surfaces multidirectionnelles, une liste de solutions techniques a \u00e9t\u00e9 constitu\u00e9e puis \u00e9valu\u00e9e. Un concept conforme aux exigences m\u00e9caniques et de production a ensuite \u00e9t\u00e9 d\u00e9velopp\u00e9, les \u00e9l\u00e9ments standards n\u00e9cessaires au montage ont \u00e9t\u00e9 d\u00e9finis, et des dessins techniques ont \u00e9t\u00e9 r\u00e9alis\u00e9s pour la fabrication. Enfin, un assemblage CAO est venu finaliser la conception du syst\u00e8me.<\/p>\n<p><strong>Ilja Tobias Feldstein<\/strong>, n\u00e9 en 1987, a effectu\u00e9 une formation en g\u00e9nie m\u00e9canique dans le cadre d\u2019un double dipl\u00f4me au Karlsruher Institut f\u00fcr Technologie (KIT) et aux Arts et M\u00e9tiers Paristech (ENSAM) Centre Metz. Il a r\u00e9dig\u00e9 son m\u00e9moire \u00e0 l\u2019ETH de Zurich. Il s\u2019engage aujourd\u2019hui vers un doctorat en cotutelle de th\u00e8se au niveau international.<\/p>\n<\/div>\n<\/div>\n<\/div>\n<\/div>\n<\/div>\n<\/section>\n<\/div>\n","protected":false},"excerpt":{"rendered":"<p>\u00ab Conception d&rsquo;une plateforme th\u00e9rapeutique dynamique pour la r\u00e9\u00e9ducation de patients atteints d&rsquo;une infirmit\u00e9 motrice \u00bb &nbsp; La r\u00e9\u00e9ducation des membres inf\u00e9rieurs \u00e0 l\u2019aide d\u2019un automate robotis\u00e9 prend une importance croissante dans le domaine de la neuro-r\u00e9habilitation. Un tel syst\u00e8me permet aux patients \u00e0 mobilit\u00e9 r\u00e9duite de regagner une grande partie de leurs fonctions motrices [&hellip;]<\/p>\n","protected":false},"author":6,"featured_media":0,"parent":87037,"menu_order":0,"comment_status":"closed","ping_status":"closed","template":"","meta":{"_bbp_topic_count":0,"_bbp_reply_count":0,"_bbp_total_topic_count":0,"_bbp_total_reply_count":0,"_bbp_voice_count":0,"_bbp_anonymous_reply_count":0,"_bbp_topic_count_hidden":0,"_bbp_reply_count_hidden":0,"_bbp_forum_subforum_count":0,"inline_featured_image":false},"acf":[],"_links":{"self":[{"href":"https:\/\/www.dfh-ufa.org\/fr\/wp-json\/wp\/v2\/pages\/5583"}],"collection":[{"href":"https:\/\/www.dfh-ufa.org\/fr\/wp-json\/wp\/v2\/pages"}],"about":[{"href":"https:\/\/www.dfh-ufa.org\/fr\/wp-json\/wp\/v2\/types\/page"}],"author":[{"embeddable":true,"href":"https:\/\/www.dfh-ufa.org\/fr\/wp-json\/wp\/v2\/users\/6"}],"replies":[{"embeddable":true,"href":"https:\/\/www.dfh-ufa.org\/fr\/wp-json\/wp\/v2\/comments?post=5583"}],"version-history":[{"count":3,"href":"https:\/\/www.dfh-ufa.org\/fr\/wp-json\/wp\/v2\/pages\/5583\/revisions"}],"predecessor-version":[{"id":1273067,"href":"https:\/\/www.dfh-ufa.org\/fr\/wp-json\/wp\/v2\/pages\/5583\/revisions\/1273067"}],"up":[{"embeddable":true,"href":"https:\/\/www.dfh-ufa.org\/fr\/wp-json\/wp\/v2\/pages\/87037"}],"wp:attachment":[{"href":"https:\/\/www.dfh-ufa.org\/fr\/wp-json\/wp\/v2\/media?parent=5583"}],"curies":[{"name":"wp","href":"https:\/\/api.w.org\/{rel}","templated":true}]}}