{"id":5584,"date":"2018-06-20T14:07:14","date_gmt":"2018-06-20T12:07:14","guid":{"rendered":"https:\/\/www.dfh-ufa.org\/fr\/marion-fischer"},"modified":"2022-07-05T12:05:52","modified_gmt":"2022-07-05T10:05:52","slug":"marion-fischer","status":"publish","type":"page","link":"https:\/\/www.dfh-ufa.org\/fr\/vous-etes\/entreprises\/prix-dexcellence\/laureats-depuis-2005\/marion-fischer","title":{"rendered":"PEX 2013 : Marion Fischer"},"content":{"rendered":"<section class=\"col-md-9\">\n<div class=\"main-content\">\n<div id=\"c24467\" class=\"csc-default\">\n<div class=\"csc-textpic csc-textpic-intext-right-nowrap\">\n<div class=\"row\">\n<div class=\"col-sm-9 col-sm-pull-3\">\n<blockquote><p>\u00ab Les projets cl\u00e9s-en-main en Allemagne et dans les pays francophones \u00bb<\/p><\/blockquote>\n<p>&nbsp;<\/p>\n<p>Les projets cl\u00e9s-en-main prennent de l\u2019ampleur tant en Allemagne qu\u2019en France. Ce projet de fin d\u2018\u00e9tudes a eu pour but de rechercher comment sont men\u00e9s les projets cl\u00e9s-en-main dans ces pays. Les projets de construction pr\u00e9sentant des d\u00e9lais de conception et de r\u00e9alisation toujours plus courts, une conception optimis\u00e9e et le calendrier en r\u00e9sultant gagnent sans cesse en importance. La mod\u00e9lisation d\u2019un projet et de toutes ses informations devient primordiale. C\u2019est pourquoi la notion de Building Information Modeling (BIM) a \u00e9t\u00e9 explicit\u00e9e dans ce rapport, ainsi que son application dans les pays cit\u00e9s ci-dessus. En outre une analyse des projets cl\u00e9s-en-main en Allemagne et dans les pays francophones a \u00e9t\u00e9 r\u00e9alis\u00e9e. La finalit\u00e9 \u00e9tant de permettre une optimisation et un d\u00e9veloppement des projets cl\u00e9s-en-main gr\u00e2ce aux connaissances acquises.<\/p>\n<p><strong>Marion Fischer<\/strong>, n\u00e9e en 1989, a obtenu un dipl\u00f4me franco-allemand en g\u00e9nie civil \u00e0 l\u2019INSA \u00e0 Strasbourg et \u00e0 la Technische Universit\u00e4t Dresden. Elle travaille d\u00e9sormais en tant que conductrice de travaux dans une soci\u00e9t\u00e9 multinationale de travaux publics.<\/p>\n<\/div>\n<\/div>\n<\/div>\n<\/div>\n<\/div>\n<\/section>\n","protected":false},"excerpt":{"rendered":"<p>\u00ab Les projets cl\u00e9s-en-main en Allemagne et dans les pays francophones \u00bb &nbsp; Les projets cl\u00e9s-en-main prennent de l\u2019ampleur tant en Allemagne qu\u2019en France. Ce projet de fin d\u2018\u00e9tudes a eu pour but de rechercher comment sont men\u00e9s les projets cl\u00e9s-en-main dans ces pays. Les projets de construction pr\u00e9sentant des d\u00e9lais de conception et de [&hellip;]<\/p>\n","protected":false},"author":6,"featured_media":0,"parent":87037,"menu_order":0,"comment_status":"closed","ping_status":"closed","template":"","meta":{"_bbp_topic_count":0,"_bbp_reply_count":0,"_bbp_total_topic_count":0,"_bbp_total_reply_count":0,"_bbp_voice_count":0,"_bbp_anonymous_reply_count":0,"_bbp_topic_count_hidden":0,"_bbp_reply_count_hidden":0,"_bbp_forum_subforum_count":0,"inline_featured_image":false},"acf":[],"_links":{"self":[{"href":"https:\/\/www.dfh-ufa.org\/fr\/wp-json\/wp\/v2\/pages\/5584"}],"collection":[{"href":"https:\/\/www.dfh-ufa.org\/fr\/wp-json\/wp\/v2\/pages"}],"about":[{"href":"https:\/\/www.dfh-ufa.org\/fr\/wp-json\/wp\/v2\/types\/page"}],"author":[{"embeddable":true,"href":"https:\/\/www.dfh-ufa.org\/fr\/wp-json\/wp\/v2\/users\/6"}],"replies":[{"embeddable":true,"href":"https:\/\/www.dfh-ufa.org\/fr\/wp-json\/wp\/v2\/comments?post=5584"}],"version-history":[{"count":2,"href":"https:\/\/www.dfh-ufa.org\/fr\/wp-json\/wp\/v2\/pages\/5584\/revisions"}],"predecessor-version":[{"id":1273346,"href":"https:\/\/www.dfh-ufa.org\/fr\/wp-json\/wp\/v2\/pages\/5584\/revisions\/1273346"}],"up":[{"embeddable":true,"href":"https:\/\/www.dfh-ufa.org\/fr\/wp-json\/wp\/v2\/pages\/87037"}],"wp:attachment":[{"href":"https:\/\/www.dfh-ufa.org\/fr\/wp-json\/wp\/v2\/media?parent=5584"}],"curies":[{"name":"wp","href":"https:\/\/api.w.org\/{rel}","templated":true}]}}