{"id":5586,"date":"2018-06-20T14:13:52","date_gmt":"2018-06-20T12:13:52","guid":{"rendered":"https:\/\/www.dfh-ufa.org\/fr\/pascal-kriesche"},"modified":"2022-07-05T12:06:21","modified_gmt":"2022-07-05T10:06:21","slug":"pascal-kriesche","status":"publish","type":"page","link":"https:\/\/www.dfh-ufa.org\/fr\/vous-etes\/entreprises\/prix-dexcellence\/laureats-depuis-2005\/pascal-kriesche","title":{"rendered":"PEX 2013 : Pascal Kriesche"},"content":{"rendered":"<blockquote><p>\u00ab L&rsquo;association de variabilit\u00e9s climatiques \u00e0 grande \u00e9chelle et de t\u00e9l\u00e9-connections avec la ressource du vent en Europe et son intermittence \u00bb<\/p><\/blockquote>\n<p>&nbsp;<\/p>\n<p>\u00c9tant donn\u00e9 la part croissante de l&rsquo;\u00e9olien dans la production \u00e9nerg\u00e9tique mondiale, ce travail vise \u00e0 mieux comprendre les influences de variabilit\u00e9s climatiques \u00e0 grande \u00e9chelle sur la ressource du vent en Europe. L&rsquo;impact de diff\u00e9rentes oscillations, entre autre l\u2019Oscillation Arctique et Nord-Atlantique (OA et ONA) sur la densit\u00e9 de l&rsquo;\u00e9nergie \u00e9olienne (DEE) \u00e0 la hauteur typique de 80m est \u00e9tudi\u00e9 en prenant en compte des mesures sur une p\u00e9riode de 31 ans. A la fois OA et ONA corr\u00e8lent bien avec les s\u00e9ries temporelles de DEE ce qui peut \u00eatre retrouv\u00e9 dans une analyse en composantes principales de la DEE. Puis, des analyses de corr\u00e9lation crois\u00e9e montrent que les variations associ\u00e9es les plus fortes sont obtenues avec OA\/ONA pr\u00e9c\u00e9dant DEE avec un maximum d\u2019un jour, d\u2019o\u00f9 la n\u00e9cessit\u00e9 de mesurer ces indices d\u2019oscillation quotidiennement. En outre, l&rsquo;impact de phases positives et n\u00e9gatives des oscillations correspondantes a \u00e9t\u00e9 \u00e9valu\u00e9 afin de fournir une illustration plus compl\u00e8te. La production d&rsquo;\u00e9nergie par trois \u00e9oliennes hypoth\u00e9tiques augmente pour des phases positives d\u2019OA\/ONA compar\u00e9 au cas de phases n\u00e9gatives jusqu\u2019\u00e0 250% pour l&rsquo;Europe du nord, tandis que l&rsquo;oppos\u00e9 est observ\u00e9 dans le sud. Par cons\u00e9quent, un fort potentiel d&rsquo;interconnexion entre parcs \u00e9oliens a pu \u00eatre identifi\u00e9 afin de r\u00e9duire consid\u00e9rablement l&rsquo;intermittence, qui repr\u00e9sente un des plus grands d\u00e9fis dans la production d&rsquo;\u00e9nergie \u00e9olienne.<\/p>\n<p><strong>Pascal Kriesche<\/strong>, n\u00e9 en 1989, a obtenu un double dipl\u00f4me franco-allemand : une licence en ing\u00e9nierie m\u00e9canique et en management \u00e0 la Technische Universit\u00e4t M\u00fcnchen et le dipl\u00f4me de l\u2019\u00c9cole Polytechnique de Paris. Il poursuit aujourd\u2019hui ses \u00e9tudes dans le m\u00eame domaine \u00e0 la Technische Universit\u00e4t M\u00fcnchen.<\/p>\n","protected":false},"excerpt":{"rendered":"<p>\u00ab L&rsquo;association de variabilit\u00e9s climatiques \u00e0 grande \u00e9chelle et de t\u00e9l\u00e9-connections avec la ressource du vent en Europe et son intermittence \u00bb &nbsp; \u00c9tant donn\u00e9 la part croissante de l&rsquo;\u00e9olien dans la production \u00e9nerg\u00e9tique mondiale, ce travail vise \u00e0 mieux comprendre les influences de variabilit\u00e9s climatiques \u00e0 grande \u00e9chelle sur la ressource du vent en [&hellip;]<\/p>\n","protected":false},"author":6,"featured_media":0,"parent":87037,"menu_order":0,"comment_status":"closed","ping_status":"closed","template":"","meta":{"_bbp_topic_count":0,"_bbp_reply_count":0,"_bbp_total_topic_count":0,"_bbp_total_reply_count":0,"_bbp_voice_count":0,"_bbp_anonymous_reply_count":0,"_bbp_topic_count_hidden":0,"_bbp_reply_count_hidden":0,"_bbp_forum_subforum_count":0,"inline_featured_image":false},"acf":[],"_links":{"self":[{"href":"https:\/\/www.dfh-ufa.org\/fr\/wp-json\/wp\/v2\/pages\/5586"}],"collection":[{"href":"https:\/\/www.dfh-ufa.org\/fr\/wp-json\/wp\/v2\/pages"}],"about":[{"href":"https:\/\/www.dfh-ufa.org\/fr\/wp-json\/wp\/v2\/types\/page"}],"author":[{"embeddable":true,"href":"https:\/\/www.dfh-ufa.org\/fr\/wp-json\/wp\/v2\/users\/6"}],"replies":[{"embeddable":true,"href":"https:\/\/www.dfh-ufa.org\/fr\/wp-json\/wp\/v2\/comments?post=5586"}],"version-history":[{"count":2,"href":"https:\/\/www.dfh-ufa.org\/fr\/wp-json\/wp\/v2\/pages\/5586\/revisions"}],"predecessor-version":[{"id":1273493,"href":"https:\/\/www.dfh-ufa.org\/fr\/wp-json\/wp\/v2\/pages\/5586\/revisions\/1273493"}],"up":[{"embeddable":true,"href":"https:\/\/www.dfh-ufa.org\/fr\/wp-json\/wp\/v2\/pages\/87037"}],"wp:attachment":[{"href":"https:\/\/www.dfh-ufa.org\/fr\/wp-json\/wp\/v2\/media?parent=5586"}],"curies":[{"name":"wp","href":"https:\/\/api.w.org\/{rel}","templated":true}]}}