{"id":5587,"date":"2018-06-20T14:07:42","date_gmt":"2018-06-20T12:07:42","guid":{"rendered":"https:\/\/www.dfh-ufa.org\/fr\/isabelle-salcher"},"modified":"2022-07-05T12:04:58","modified_gmt":"2022-07-05T10:04:58","slug":"isabelle-salcher","status":"publish","type":"page","link":"https:\/\/www.dfh-ufa.org\/fr\/vous-etes\/entreprises\/prix-dexcellence\/laureats-depuis-2005\/isabelle-salcher","title":{"rendered":"PEX 2013 : Isabelle Salcher"},"content":{"rendered":"<blockquote><p>\u00ab Comment l&rsquo;objectif de maximisation des profits, r\u00e9sultant d\u2019une privatisation de l\u2019eau potable, s\u2019accorde-t-il avec un besoin physiologique de l\u2019humanit\u00e9 ? \u00bb<\/p><\/blockquote>\n<p>&nbsp;<\/p>\n<p>L\u2019eau potable satisfait un besoin physiologique fondamental d\u2019une mani\u00e8re non substituable, de sorte qu\u2019elle est indispensable \u00e0 la survie de tous les \u00eatres humains. Pourtant, des acteurs priv\u00e9s sont de plus en plus pr\u00e9sents dans l\u2019industrie de l\u2019eau dans la mesure o\u00f9 la maximisation des profits est une rationalit\u00e9 inh\u00e9rente \u00e0 toute leur activit\u00e9 \u00e9conomique. Ainsi, la probl\u00e9matique d\u2019une compatibilit\u00e9 entre un besoin si fondamental et une maximisation des profits entre en jeu. Afin d\u2019\u00e9valuer cette tension, les th\u00e9ories \u00e9conomiques sont confront\u00e9es entre autres \u00e0 des donn\u00e9es empiriques refl\u00e9tant des r\u00e9alit\u00e9s locales. Les donn\u00e9es proviennent des statistiques publi\u00e9es par des institutions internationales, des rapports annuels d\u2019op\u00e9rateurs ou d\u2019autres bases de donn\u00e9es. Ce m\u00e9moire r\u00e9v\u00e8le quatre r\u00e9sultats principaux : la classification de l\u2019eau potable comme ressource naturelle constitue une condition requise pour sa qualification en tant que bien \u00e9conomique, la lib\u00e9ralisation du march\u00e9 de l\u2019eau potable ne conduit pas \u00e0 une allocation efficace de la ressource, une propri\u00e9tarisation peut aboutir \u00e0 une financiarisation lorsque certaines conditions sont remplies, et la privatisation de l\u2019eau potable donne naissance aux march\u00e9s oligopolistiques. En conclusion, la probl\u00e9matique du mode de gestion pour un bien si fondamental comme l\u2019eau potable est une affaire complexe sans solution \u00e9vidente.<\/p>\n<p><strong>Isabelle Salcher<\/strong>, n\u00e9e en 1990, a effectu\u00e9 des \u00e9tudes de management international \u00e0 l\u2019ESB Business School Reutlingen et \u00e0 la Reims Management School (RMS), o\u00f9 elle a obtenu une double licence franco-allemande en management international.<\/p>\n","protected":false},"excerpt":{"rendered":"<p>\u00ab Comment l&rsquo;objectif de maximisation des profits, r\u00e9sultant d\u2019une privatisation de l\u2019eau potable, s\u2019accorde-t-il avec un besoin physiologique de l\u2019humanit\u00e9 ? \u00bb &nbsp; L\u2019eau potable satisfait un besoin physiologique fondamental d\u2019une mani\u00e8re non substituable, de sorte qu\u2019elle est indispensable \u00e0 la survie de tous les \u00eatres humains. Pourtant, des acteurs priv\u00e9s sont de plus en [&hellip;]<\/p>\n","protected":false},"author":6,"featured_media":0,"parent":87037,"menu_order":0,"comment_status":"closed","ping_status":"closed","template":"","meta":{"_bbp_topic_count":0,"_bbp_reply_count":0,"_bbp_total_topic_count":0,"_bbp_total_reply_count":0,"_bbp_voice_count":0,"_bbp_anonymous_reply_count":0,"_bbp_topic_count_hidden":0,"_bbp_reply_count_hidden":0,"_bbp_forum_subforum_count":0,"inline_featured_image":false},"acf":[],"_links":{"self":[{"href":"https:\/\/www.dfh-ufa.org\/fr\/wp-json\/wp\/v2\/pages\/5587"}],"collection":[{"href":"https:\/\/www.dfh-ufa.org\/fr\/wp-json\/wp\/v2\/pages"}],"about":[{"href":"https:\/\/www.dfh-ufa.org\/fr\/wp-json\/wp\/v2\/types\/page"}],"author":[{"embeddable":true,"href":"https:\/\/www.dfh-ufa.org\/fr\/wp-json\/wp\/v2\/users\/6"}],"replies":[{"embeddable":true,"href":"https:\/\/www.dfh-ufa.org\/fr\/wp-json\/wp\/v2\/comments?post=5587"}],"version-history":[{"count":3,"href":"https:\/\/www.dfh-ufa.org\/fr\/wp-json\/wp\/v2\/pages\/5587\/revisions"}],"predecessor-version":[{"id":1273094,"href":"https:\/\/www.dfh-ufa.org\/fr\/wp-json\/wp\/v2\/pages\/5587\/revisions\/1273094"}],"up":[{"embeddable":true,"href":"https:\/\/www.dfh-ufa.org\/fr\/wp-json\/wp\/v2\/pages\/87037"}],"wp:attachment":[{"href":"https:\/\/www.dfh-ufa.org\/fr\/wp-json\/wp\/v2\/media?parent=5587"}],"curies":[{"name":"wp","href":"https:\/\/api.w.org\/{rel}","templated":true}]}}