{"id":5588,"date":"2018-06-20T14:26:48","date_gmt":"2018-06-20T12:26:48","guid":{"rendered":"https:\/\/www.dfh-ufa.org\/fr\/iris-vincent"},"modified":"2022-07-05T12:04:22","modified_gmt":"2022-07-05T10:04:22","slug":"iris-vincent","status":"publish","type":"page","link":"https:\/\/www.dfh-ufa.org\/fr\/vous-etes\/entreprises\/prix-dexcellence\/laureats-depuis-2005\/iris-vincent","title":{"rendered":"PEX 2013 : Iris Vincent"},"content":{"rendered":"<blockquote><p>\u00ab La mise en \u0153uvre de la politique europ\u00e9enne de protection de l&rsquo;environnement:<br \/>\nPourquoi l&rsquo;application de la Directive Habitats a-t-elle \u00e9t\u00e9 si tardive en France et en Allemagne ? \u00bb<\/p><\/blockquote>\n<p>&nbsp;<\/p>\n<p>L&rsquo;objectif de ce m\u00e9moire \u00e9tait d&rsquo;\u00e9valuer la capacit\u00e9 d&rsquo;un nouveau mod\u00e8le th\u00e9orique, d\u00e9velopp\u00e9 depuis quelques ann\u00e9es dans le champ des \u00e9tudes europ\u00e9ennes, \u00e0 mettre en \u00e9vidence les facteurs \u00e0 l&rsquo;origine du tr\u00e8s important retard de la France et de l&rsquo;Allemagne en mati\u00e8re d&rsquo;application de la Directive \u00ab\u00a0Habitats\u00a0\u00bb &#8211; pi\u00e8ce ma\u00eetresse de la politique de l&rsquo;UE pour la protection de la nature et de la biodiversit\u00e9. L&rsquo;int\u00e9r\u00eat de ce travail dans le contexte de son cursus franco-allemand r\u00e9side dans le fait que, selon le mod\u00e8le en question, la France et l&rsquo;Allemagne auraient deux fa\u00e7ons tr\u00e8s diff\u00e9rentes d&rsquo;appr\u00e9hender leurs obligations d\u00e9coulant du droit europ\u00e9en. Les deux pays disposeraient en effet de \u00ab cultures \u00bb distinctes qui conditionneraient leur appartenance \u00e0 deux \u00ab mondes \u00bb oppos\u00e9s: un monde au sein duquel les difficult\u00e9s de mise en \u0153uvre s&rsquo;expliqueraient essentiellement par des facteurs politiques (Allemagne), et un monde au sein duquel l&rsquo;inertie administrative serait le facteur d\u00e9terminant (France). Ce travail explore la validit\u00e9 de ces affirmations dans le cas de la Directive Habitats par un travail d&rsquo;analyse qualitative approfondie, retra\u00e7ant au moyen de sources primaires et secondaires,\u00a0 ainsi que d&rsquo;entretiens avec des experts fran\u00e7ais et allemands, le processus de mise en \u0153uvre de la directive en France et en Allemagne. On en vient enfin \u00e0 la conclusion que, si les deux pays disposent indiscutablement de cultures politiques et administratives diff\u00e9rentes, ce ne sont pas des caract\u00e9ristiques propres \u00e0 ces cultures qui ont fait obstacle \u00e0 la mise en \u0153uvre, mais une r\u00e9alit\u00e9 commune: l&rsquo;opposition farouche de groupes d&rsquo;int\u00e9r\u00eat particuli\u00e8rement influents.<\/p>\n<p><strong>Iris Vincent<\/strong>, n\u00e9e en 1986, a obtenu une licence en \u00c9tudes europ\u00e9ennes au King\u2019s College London. Elle a ensuite int\u00e9gr\u00e9 Sciences Po Paris dans le cadre d\u2019un programme d\u2019\u00e9change international, puis a d\u00e9croch\u00e9 un master franco-allemand en Sciences politiques et Affaires europ\u00e9ennes, \u00e0 Sciences Po Paris et \u00e0 l\u2019Universit\u00e9 libre de Berlin.<\/p>\n","protected":false},"excerpt":{"rendered":"<p>\u00ab La mise en \u0153uvre de la politique europ\u00e9enne de protection de l&rsquo;environnement: Pourquoi l&rsquo;application de la Directive Habitats a-t-elle \u00e9t\u00e9 si tardive en France et en Allemagne ? \u00bb &nbsp; L&rsquo;objectif de ce m\u00e9moire \u00e9tait d&rsquo;\u00e9valuer la capacit\u00e9 d&rsquo;un nouveau mod\u00e8le th\u00e9orique, d\u00e9velopp\u00e9 depuis quelques ann\u00e9es dans le champ des \u00e9tudes europ\u00e9ennes, \u00e0 mettre [&hellip;]<\/p>\n","protected":false},"author":6,"featured_media":0,"parent":87037,"menu_order":0,"comment_status":"closed","ping_status":"closed","template":"","meta":{"_bbp_topic_count":0,"_bbp_reply_count":0,"_bbp_total_topic_count":0,"_bbp_total_reply_count":0,"_bbp_voice_count":0,"_bbp_anonymous_reply_count":0,"_bbp_topic_count_hidden":0,"_bbp_reply_count_hidden":0,"_bbp_forum_subforum_count":0,"inline_featured_image":false},"acf":[],"_links":{"self":[{"href":"https:\/\/www.dfh-ufa.org\/fr\/wp-json\/wp\/v2\/pages\/5588"}],"collection":[{"href":"https:\/\/www.dfh-ufa.org\/fr\/wp-json\/wp\/v2\/pages"}],"about":[{"href":"https:\/\/www.dfh-ufa.org\/fr\/wp-json\/wp\/v2\/types\/page"}],"author":[{"embeddable":true,"href":"https:\/\/www.dfh-ufa.org\/fr\/wp-json\/wp\/v2\/users\/6"}],"replies":[{"embeddable":true,"href":"https:\/\/www.dfh-ufa.org\/fr\/wp-json\/wp\/v2\/comments?post=5588"}],"version-history":[{"count":2,"href":"https:\/\/www.dfh-ufa.org\/fr\/wp-json\/wp\/v2\/pages\/5588\/revisions"}],"predecessor-version":[{"id":1273068,"href":"https:\/\/www.dfh-ufa.org\/fr\/wp-json\/wp\/v2\/pages\/5588\/revisions\/1273068"}],"up":[{"embeddable":true,"href":"https:\/\/www.dfh-ufa.org\/fr\/wp-json\/wp\/v2\/pages\/87037"}],"wp:attachment":[{"href":"https:\/\/www.dfh-ufa.org\/fr\/wp-json\/wp\/v2\/media?parent=5588"}],"curies":[{"name":"wp","href":"https:\/\/api.w.org\/{rel}","templated":true}]}}