{"id":5591,"date":"2018-06-20T14:07:32","date_gmt":"2018-06-20T12:07:32","guid":{"rendered":"https:\/\/www.dfh-ufa.org\/fr\/luc-desaunettes"},"modified":"2022-07-05T12:00:54","modified_gmt":"2022-07-05T10:00:54","slug":"luc-desaunettes","status":"publish","type":"page","link":"https:\/\/www.dfh-ufa.org\/fr\/vous-etes\/entreprises\/prix-dexcellence\/laureats-depuis-2005\/luc-desaunettes","title":{"rendered":"PEX 2012 : Luc Desaunettes"},"content":{"rendered":"<div class=\"col-sm-9 col-sm-pull-3\">\n<blockquote><p>\u00ab La place et le r\u00f4le du Minist\u00e8re public dans la proc\u00e9dure d\u2019instruction \u00bb<\/p><\/blockquote>\n<p><strong>Une \u00e9tude comparative des proc\u00e9dures p\u00e9nales fran\u00e7aises et allemandes<\/strong><\/p>\n<p>&nbsp;<\/p>\n<p>La gen\u00e8se de l\u2019id\u00e9e de mener une \u00e9tude comparative sur la place et le r\u00f4le du procureur dans les deux pays provient de la r\u00e9sistance oppos\u00e9e en 2009 par le monde juridique fran\u00e7ais au projet de suppression du juge d\u2019instruction. La principale critique r\u00e9sidait dans le fait que les comp\u00e9tences du magistrat instructeur devaient \u00eatre transf\u00e9r\u00e9es au minist\u00e8re public, sans rendre ce dernier ind\u00e9pendant de l\u2019ex\u00e9cutif. L\u00b4argumentaire oppos\u00e9 par ses d\u00e9fenseurs \u00e9tait que ce syst\u00e8me correspondait \u00e0 la proc\u00e9dure allemande. L\u2019objectif du m\u00e9moire \u00e9tait alors d\u2019extraire ce d\u00e9bat du carcan des ordres juridiques nationaux et de l\u2019inscrire ainsi dans une perspective europ\u00e9enne incontournable. Une premi\u00e8re partie, historique, d\u00e9montre l\u00b4affiliation des minist\u00e8res publics allemands et essaye de d\u00e9lier la science historique des mythes fondateurs dont b\u00e9n\u00e9ficiait le minist\u00e8re public. La seconde se concentre sur l\u2019analyse des structures hi\u00e9rarchiques du minist\u00e8re public dans les deux pays. Dans la troisi\u00e8me partie, il est d\u00e9montr\u00e9 que si la proc\u00e9dure fran\u00e7aise permet gr\u00e2ce au juge d\u00b4instruction une meilleure ind\u00e9pendance que le syst\u00e8me allemand, c\u00b4est au co\u00fbt d\u00b4une proc\u00e9dure complexe et parfois incoh\u00e9rente. \u00c0 l\u00b4heure de la justice europ\u00e9enne, il para\u00eet clair que la question de l\u2019ind\u00e9pendance \/ d\u00e9pendance de la justice vis-\u00e0-vis du pouvoir ex\u00e9cutif aura \u00e0 l\u2019avenir une importance croissante.<\/p>\n<p>&nbsp;<\/p>\n<p>\u00c2g\u00e9 de 22 ans, Luc Desaunettes a orient\u00e9 l\u2019ensemble de son parcours universitaire vers des \u00e9tudes franco-allemandes. Il pr\u00e9pare aujourd\u2019hui un double dipl\u00f4me en droit europ\u00e9en et international des affaires : un Master 2 Droit europ\u00e9en des affaires option juriste franco-allemand \u00e0 Universit\u00e9 Panth\u00e9on-Assas\u00a0 ainsi qu\u2019un Magister Legum (LL.M.Eur.) \u00e0 la Ludwig-Maximilians-Universit\u00e4t M\u00fcnchen.<\/p>\n<\/div>\n","protected":false},"excerpt":{"rendered":"<p>\u00ab La place et le r\u00f4le du Minist\u00e8re public dans la proc\u00e9dure d\u2019instruction \u00bb Une \u00e9tude comparative des proc\u00e9dures p\u00e9nales fran\u00e7aises et allemandes &nbsp; La gen\u00e8se de l\u2019id\u00e9e de mener une \u00e9tude comparative sur la place et le r\u00f4le du procureur dans les deux pays provient de la r\u00e9sistance oppos\u00e9e en 2009 par le monde [&hellip;]<\/p>\n","protected":false},"author":6,"featured_media":0,"parent":87037,"menu_order":0,"comment_status":"closed","ping_status":"closed","template":"","meta":{"_bbp_topic_count":0,"_bbp_reply_count":0,"_bbp_total_topic_count":0,"_bbp_total_reply_count":0,"_bbp_voice_count":0,"_bbp_anonymous_reply_count":0,"_bbp_topic_count_hidden":0,"_bbp_reply_count_hidden":0,"_bbp_forum_subforum_count":0,"inline_featured_image":false},"acf":[],"_links":{"self":[{"href":"https:\/\/www.dfh-ufa.org\/fr\/wp-json\/wp\/v2\/pages\/5591"}],"collection":[{"href":"https:\/\/www.dfh-ufa.org\/fr\/wp-json\/wp\/v2\/pages"}],"about":[{"href":"https:\/\/www.dfh-ufa.org\/fr\/wp-json\/wp\/v2\/types\/page"}],"author":[{"embeddable":true,"href":"https:\/\/www.dfh-ufa.org\/fr\/wp-json\/wp\/v2\/users\/6"}],"replies":[{"embeddable":true,"href":"https:\/\/www.dfh-ufa.org\/fr\/wp-json\/wp\/v2\/comments?post=5591"}],"version-history":[{"count":2,"href":"https:\/\/www.dfh-ufa.org\/fr\/wp-json\/wp\/v2\/pages\/5591\/revisions"}],"predecessor-version":[{"id":1273060,"href":"https:\/\/www.dfh-ufa.org\/fr\/wp-json\/wp\/v2\/pages\/5591\/revisions\/1273060"}],"up":[{"embeddable":true,"href":"https:\/\/www.dfh-ufa.org\/fr\/wp-json\/wp\/v2\/pages\/87037"}],"wp:attachment":[{"href":"https:\/\/www.dfh-ufa.org\/fr\/wp-json\/wp\/v2\/media?parent=5591"}],"curies":[{"name":"wp","href":"https:\/\/api.w.org\/{rel}","templated":true}]}}