{"id":5593,"date":"2018-06-20T14:16:02","date_gmt":"2018-06-20T12:16:02","guid":{"rendered":"https:\/\/www.dfh-ufa.org\/fr\/mathieu-grochowski"},"modified":"2022-07-05T12:01:42","modified_gmt":"2022-07-05T10:01:42","slug":"mathieu-grochowski","status":"publish","type":"page","link":"https:\/\/www.dfh-ufa.org\/fr\/vous-etes\/entreprises\/prix-dexcellence\/laureats-depuis-2005\/mathieu-grochowski","title":{"rendered":"PEX 2012 : Mathieu Grochowski"},"content":{"rendered":"<blockquote><p>\u00ab Analyse \u00e9conomique d\u2019un r\u00e9seau de chaleur biomasse pour un quartier \u00e0 basse consommation d\u2019\u00e9nergie \u00bb<\/p><\/blockquote>\n<p><strong><i>Illustration et mod\u00e9lisation technico-\u00e9conomique d\u2019un conflit d\u2019objectifs sur le march\u00e9 de l\u2019\u00e9nergie<\/i><\/strong><\/p>\n<p>&nbsp;<\/p>\n<p>Les r\u00e9seaux de chaleur aliment\u00e9s en biomasse permettent, dans des zones urbaines denses, une distribution de chaleur efficiente et peu \u00e9mettrice de CO2. Cependant, les nouveaux standards de performance \u00e9nerg\u00e9tique des b\u00e2timents r\u00e9duisent les besoins en chaleur et entra\u00eenent une perte de comp\u00e9titivit\u00e9 des r\u00e9seaux face \u00e0 des syst\u00e8mes individuels de production de chaleur (chaudi\u00e8res individuelles, solaire, etc.). Il existe un conflit d\u2019int\u00e9r\u00eat entre efficacit\u00e9 \u00e9nerg\u00e9tique des b\u00e2timents et r\u00e9seaux de chaleur. Le m\u00e9moire \u00e9tudie les conditions technico-\u00e9conomiques pour lesquelles le r\u00e9seau est une solution pertinente pour un quartier \u00e0 faible consommation d\u2019\u00e9nergie. Un mod\u00e8le technico-\u00e9conomique est construit sur l\u2019exemple du projet d\u2019am\u00e9nagement urbain Bordeaux-Euratlantique. Les r\u00e9sultats montrent que, dans un quartier \u00e0 densit\u00e9 urbaine suffisamment forte, le r\u00e9seau de chaleur biomasse reste comp\u00e9titif face \u00e0 des solutions d\u00e9centralis\u00e9es, notamment des syst\u00e8mes coupl\u00e9s solaire thermique et gaz naturel. Compar\u00e9 \u00e0 des pompes \u00e0 chaleur \u00e9lectriques, le r\u00e9seau de chaleur est \u00e9galement comp\u00e9titif pour un prix de l\u2019\u00e9lectricit\u00e9 sup\u00e9rieur \u00e0 80 \u20ac\/MWh. Dans une seconde partie, une m\u00e9thode d\u2019optimisation de l\u2019extension du r\u00e9seau est propos\u00e9e pour r\u00e9duire les co\u00fbts de la chaleur distribu\u00e9e sur le r\u00e9seau.<\/p>\n<p>&nbsp;<\/p>\n<p>&nbsp;<\/p>\n<p>Ing\u00e9nieur dipl\u00f4m\u00e9 de l\u2019\u00c9cole Centrale Paris et de l\u2019Universit\u00e9 technique de Berlin en \u00c9nergie et climat, \u00c9nergies renouvelables et Environnement, <strong>Mathieu Grochowski<\/strong> a effectu\u00e9 un cursus franco-allemand de l\u2019UFA menant au double dipl\u00f4me intitul\u00e9 <i>M.Sc. Regenerative Energiesysteme<\/i> (\u00c9nergies renouvelables) de 2009 \u00e0 2011. Ce double dipl\u00f4me s\u2019inscrit dans le cadre du programme TIME, Top Industrial Managers for Europe. Mathieu Grochowski travaille depuis janvier 2012 au sein de l\u2019usine d\u2019assemblage d\u2019AREVA, situ\u00e9e \u00e0 Bremerhaven en Allemagne, en tant que <i>Project Manager Logistics Developments<\/i>.<\/p>\n","protected":false},"excerpt":{"rendered":"<p>\u00ab Analyse \u00e9conomique d\u2019un r\u00e9seau de chaleur biomasse pour un quartier \u00e0 basse consommation d\u2019\u00e9nergie \u00bb Illustration et mod\u00e9lisation technico-\u00e9conomique d\u2019un conflit d\u2019objectifs sur le march\u00e9 de l\u2019\u00e9nergie &nbsp; Les r\u00e9seaux de chaleur aliment\u00e9s en biomasse permettent, dans des zones urbaines denses, une distribution de chaleur efficiente et peu \u00e9mettrice de CO2. Cependant, les nouveaux [&hellip;]<\/p>\n","protected":false},"author":6,"featured_media":0,"parent":87037,"menu_order":0,"comment_status":"closed","ping_status":"closed","template":"","meta":{"_bbp_topic_count":0,"_bbp_reply_count":0,"_bbp_total_topic_count":0,"_bbp_total_reply_count":0,"_bbp_voice_count":0,"_bbp_anonymous_reply_count":0,"_bbp_topic_count_hidden":0,"_bbp_reply_count_hidden":0,"_bbp_forum_subforum_count":0,"inline_featured_image":false},"acf":[],"_links":{"self":[{"href":"https:\/\/www.dfh-ufa.org\/fr\/wp-json\/wp\/v2\/pages\/5593"}],"collection":[{"href":"https:\/\/www.dfh-ufa.org\/fr\/wp-json\/wp\/v2\/pages"}],"about":[{"href":"https:\/\/www.dfh-ufa.org\/fr\/wp-json\/wp\/v2\/types\/page"}],"author":[{"embeddable":true,"href":"https:\/\/www.dfh-ufa.org\/fr\/wp-json\/wp\/v2\/users\/6"}],"replies":[{"embeddable":true,"href":"https:\/\/www.dfh-ufa.org\/fr\/wp-json\/wp\/v2\/comments?post=5593"}],"version-history":[{"count":2,"href":"https:\/\/www.dfh-ufa.org\/fr\/wp-json\/wp\/v2\/pages\/5593\/revisions"}],"predecessor-version":[{"id":1273061,"href":"https:\/\/www.dfh-ufa.org\/fr\/wp-json\/wp\/v2\/pages\/5593\/revisions\/1273061"}],"up":[{"embeddable":true,"href":"https:\/\/www.dfh-ufa.org\/fr\/wp-json\/wp\/v2\/pages\/87037"}],"wp:attachment":[{"href":"https:\/\/www.dfh-ufa.org\/fr\/wp-json\/wp\/v2\/media?parent=5593"}],"curies":[{"name":"wp","href":"https:\/\/api.w.org\/{rel}","templated":true}]}}