{"id":5594,"date":"2018-06-20T14:15:27","date_gmt":"2018-06-20T12:15:27","guid":{"rendered":"https:\/\/www.dfh-ufa.org\/fr\/matthias-el-nemer"},"modified":"2022-07-05T12:02:10","modified_gmt":"2022-07-05T10:02:10","slug":"matthias-el-nemer","status":"publish","type":"page","link":"https:\/\/www.dfh-ufa.org\/fr\/vous-etes\/entreprises\/prix-dexcellence\/laureats-depuis-2005\/matthias-el-nemer","title":{"rendered":"PEX 2012 : Matthias El Nemer"},"content":{"rendered":"<div class=\"row content-row-main\">\n<section class=\"col-md-9\">\n<div class=\"main-content\">\n<div id=\"c22099\" class=\"csc-default\">\n<div class=\"csc-textpicHeader csc-textpicHeader-25\">\n<blockquote>\n<div class=\"csc-header csc-header-n1\">\u00ab Lobbyisme \u00e0 Bruxelles \u00e0 l&rsquo;exemple du \u2018Verband der Automobilindustrie\u2019 au regard de l&rsquo;accord de libre-\u00e9change \u00bb<\/div>\n<\/blockquote>\n<\/div>\n<div class=\"csc-textpic csc-textpic-intext-right-nowrap\">\n<div class=\"row\">\n<div class=\"col-sm-9 col-sm-pull-3\">\n<p>&nbsp;<\/p>\n<p>Ce m\u00e9moire analyse les possibilit\u00e9s et les influences que peut avoir le lobbyisme sur la politique commerciale europ\u00e9enne, avec une attention particuli\u00e8re port\u00e9e \u00e0 l\u2019accord de libre-\u00e9change avec l\u2019Inde, en cours de n\u00e9gociation depuis 2006. L\u2019objectif est de d\u00e9terminer l\u2019ampleur de l\u2019influence des efforts de lobbyisme du \u00ab Verband der Automobilindustrie \u00bb (VDA) sur l\u2019abaissement des droits de douane \u00e0 l\u2019importation et aux barri\u00e8res non-tarifaires pour les automobiles europ\u00e9ennes. Les efforts de lobbyisme du VDA ont une influence \u00e0 ne pas sous-estimer sur l\u2019abaissement des restrictions commerciales. Cela est d\u00fb \u00e0 une forte mise en r\u00e9seau entre les producteurs, les fournisseurs et les associations d\u2019automobiles mais aussi \u00e0 une utilisation effective des instruments de lobbying et \u00e0 une grande demande en expertise technique et scientifique parmi les d\u00e9cideurs politiques.<\/p>\n<p>N\u00e9 en 1985, Matthias El Nemer est titulaire d\u2019un double dipl\u00f4me franco-allemand en Management International. De 2010 \u00e0 2012, Matthias El Nemer a \u00e9tudi\u00e9 \u00e0 l\u2019ESB Business School de l\u2019universit\u00e9 de Reutlingen en Allemagne, o\u00f9 il a obtenu un \u00ab Bachelor of Science in International Management \u00bb. \u00c9tudiant \u00e0 la Reims Management School de 2008 \u00e0 2012,\u00a0 il s\u2019est sp\u00e9cialis\u00e9 en Sales Management, N\u00e9gociations interculturelles et Marketing.<\/p>\n<\/div>\n<\/div>\n<\/div>\n<\/div>\n<\/div>\n<\/section>\n<\/div>\n<div class=\"row hidden-print\">\n<div class=\"col-xs-12 col-md-9 col-md-push-3\">\n<div class=\"shariff-outer\">\n<div id=\"c30921\" class=\"csc-default\">\n<div class=\"shariff\" data-lang=\"fr\" data-mail-url=\"mailto:\" data-orientation=\"horizontal\" data-theme=\"standard\" data-services=\"[&quot;facebook&quot;,&quot;xing&quot;,&quot;linkedin&quot;,&quot;googleplus&quot;,&quot;twitter&quot;]\">\n<ul class=\"theme-standard orientation-horizontal col-5\">\n<li class=\"shariff-button facebook\"><\/li>\n<\/ul>\n<\/div>\n<\/div>\n<\/div>\n<\/div>\n<\/div>\n","protected":false},"excerpt":{"rendered":"<p>\u00ab Lobbyisme \u00e0 Bruxelles \u00e0 l&rsquo;exemple du \u2018Verband der Automobilindustrie\u2019 au regard de l&rsquo;accord de libre-\u00e9change \u00bb &nbsp; Ce m\u00e9moire analyse les possibilit\u00e9s et les influences que peut avoir le lobbyisme sur la politique commerciale europ\u00e9enne, avec une attention particuli\u00e8re port\u00e9e \u00e0 l\u2019accord de libre-\u00e9change avec l\u2019Inde, en cours de n\u00e9gociation depuis 2006. L\u2019objectif est [&hellip;]<\/p>\n","protected":false},"author":6,"featured_media":0,"parent":87037,"menu_order":0,"comment_status":"closed","ping_status":"closed","template":"","meta":{"_bbp_topic_count":0,"_bbp_reply_count":0,"_bbp_total_topic_count":0,"_bbp_total_reply_count":0,"_bbp_voice_count":0,"_bbp_anonymous_reply_count":0,"_bbp_topic_count_hidden":0,"_bbp_reply_count_hidden":0,"_bbp_forum_subforum_count":0,"inline_featured_image":false},"acf":[],"_links":{"self":[{"href":"https:\/\/www.dfh-ufa.org\/fr\/wp-json\/wp\/v2\/pages\/5594"}],"collection":[{"href":"https:\/\/www.dfh-ufa.org\/fr\/wp-json\/wp\/v2\/pages"}],"about":[{"href":"https:\/\/www.dfh-ufa.org\/fr\/wp-json\/wp\/v2\/types\/page"}],"author":[{"embeddable":true,"href":"https:\/\/www.dfh-ufa.org\/fr\/wp-json\/wp\/v2\/users\/6"}],"replies":[{"embeddable":true,"href":"https:\/\/www.dfh-ufa.org\/fr\/wp-json\/wp\/v2\/comments?post=5594"}],"version-history":[{"count":2,"href":"https:\/\/www.dfh-ufa.org\/fr\/wp-json\/wp\/v2\/pages\/5594\/revisions"}],"predecessor-version":[{"id":1273062,"href":"https:\/\/www.dfh-ufa.org\/fr\/wp-json\/wp\/v2\/pages\/5594\/revisions\/1273062"}],"up":[{"embeddable":true,"href":"https:\/\/www.dfh-ufa.org\/fr\/wp-json\/wp\/v2\/pages\/87037"}],"wp:attachment":[{"href":"https:\/\/www.dfh-ufa.org\/fr\/wp-json\/wp\/v2\/media?parent=5594"}],"curies":[{"name":"wp","href":"https:\/\/api.w.org\/{rel}","templated":true}]}}