{"id":5595,"date":"2018-06-20T14:14:19","date_gmt":"2018-06-20T12:14:19","guid":{"rendered":"https:\/\/www.dfh-ufa.org\/fr\/melanie-rolles"},"modified":"2022-07-05T12:02:40","modified_gmt":"2022-07-05T10:02:40","slug":"melanie-rolles","status":"publish","type":"page","link":"https:\/\/www.dfh-ufa.org\/fr\/vous-etes\/entreprises\/prix-dexcellence\/laureats-depuis-2005\/melanie-rolles","title":{"rendered":"PEX 2012 : M\u00e9lanie Rolles"},"content":{"rendered":"<p><strong><i>\u00ab\u00a0\u00c9tats non-classiques du champ \u00e9lectromagn\u00e9tique\u00a0\u00bb<\/i><\/strong><\/p>\n<p><strong><i>G\u00e9n\u00e9ration et caract\u00e9risation des Trapping states dans un Micromaser<\/i><\/strong><\/p>\n<p>&nbsp;<\/p>\n<p>La r\u00e9alisation exp\u00e9rimentale de microcavit\u00e9s \u00e0 haut facteur de qualit\u00e9 a ouvert la voie \u00e0 l\u2019\u00e9tude des interactions entre un atome et un champ \u00e9lectromagn\u00e9tique et a rendu possible le d\u00e9veloppement de masers monoatomiques ou Micromasers d\u00e9crits par le mod\u00e8le de Jaynes-Cummings. Ces Micromasers permettent la pr\u00e9diction et l\u2019observation exp\u00e9rimentale de ph\u00e9nom\u00e8nes purement quantiques du champ comme celle d\u2019\u00e9tats sub-poissoniens, particuli\u00e8rement int\u00e9ressants puisqu\u2019ils ne poss\u00e8dent aucun \u00e9quivalent classique. Nous avons observ\u00e9 de quelle mani\u00e8re, en modifiant la structure des atomes entrants, il \u00e9tait possible d\u2019agir sur l\u2019\u00e9tat du champ dans la cavit\u00e9. Sous certaines conditions, le champ peut \u00e9voluer vers un \u00e9tat stationnaire pur. Dans des cas limites, ces \u00e9tats exhibent des statistiques sub-poissoniennes ou, au contraire, acqui\u00e8rent les caract\u00e9ristiques des \u00e9tats coh\u00e9rents, superpositions \u00ab\u00a0macroscopiques\u00a0\u00bb d\u2019\u00e9tats quantiques.<\/p>\n<p>&nbsp;<\/p>\n<p><strong>M\u00e9lanie Rolles<\/strong>, n\u00e9e en 1988, poss\u00e8de un <i>Bachelor in Science<\/i> ainsi qu\u2019un Master 1 en physique de l\u2019Universit\u00e9 de Lorraine et un Master 2 en physique de l\u2019Universit\u00e9 de la Sarre.<\/p>\n","protected":false},"excerpt":{"rendered":"<p>\u00ab\u00a0\u00c9tats non-classiques du champ \u00e9lectromagn\u00e9tique\u00a0\u00bb G\u00e9n\u00e9ration et caract\u00e9risation des Trapping states dans un Micromaser &nbsp; La r\u00e9alisation exp\u00e9rimentale de microcavit\u00e9s \u00e0 haut facteur de qualit\u00e9 a ouvert la voie \u00e0 l\u2019\u00e9tude des interactions entre un atome et un champ \u00e9lectromagn\u00e9tique et a rendu possible le d\u00e9veloppement de masers monoatomiques ou Micromasers d\u00e9crits par le mod\u00e8le [&hellip;]<\/p>\n","protected":false},"author":6,"featured_media":0,"parent":87037,"menu_order":0,"comment_status":"closed","ping_status":"closed","template":"","meta":{"_bbp_topic_count":0,"_bbp_reply_count":0,"_bbp_total_topic_count":0,"_bbp_total_reply_count":0,"_bbp_voice_count":0,"_bbp_anonymous_reply_count":0,"_bbp_topic_count_hidden":0,"_bbp_reply_count_hidden":0,"_bbp_forum_subforum_count":0,"inline_featured_image":false},"acf":[],"_links":{"self":[{"href":"https:\/\/www.dfh-ufa.org\/fr\/wp-json\/wp\/v2\/pages\/5595"}],"collection":[{"href":"https:\/\/www.dfh-ufa.org\/fr\/wp-json\/wp\/v2\/pages"}],"about":[{"href":"https:\/\/www.dfh-ufa.org\/fr\/wp-json\/wp\/v2\/types\/page"}],"author":[{"embeddable":true,"href":"https:\/\/www.dfh-ufa.org\/fr\/wp-json\/wp\/v2\/users\/6"}],"replies":[{"embeddable":true,"href":"https:\/\/www.dfh-ufa.org\/fr\/wp-json\/wp\/v2\/comments?post=5595"}],"version-history":[{"count":2,"href":"https:\/\/www.dfh-ufa.org\/fr\/wp-json\/wp\/v2\/pages\/5595\/revisions"}],"predecessor-version":[{"id":1273063,"href":"https:\/\/www.dfh-ufa.org\/fr\/wp-json\/wp\/v2\/pages\/5595\/revisions\/1273063"}],"up":[{"embeddable":true,"href":"https:\/\/www.dfh-ufa.org\/fr\/wp-json\/wp\/v2\/pages\/87037"}],"wp:attachment":[{"href":"https:\/\/www.dfh-ufa.org\/fr\/wp-json\/wp\/v2\/media?parent=5595"}],"curies":[{"name":"wp","href":"https:\/\/api.w.org\/{rel}","templated":true}]}}