{"id":5596,"date":"2018-06-20T14:06:06","date_gmt":"2018-06-20T12:06:06","guid":{"rendered":"https:\/\/www.dfh-ufa.org\/fr\/sophie-schram"},"modified":"2022-07-05T12:03:12","modified_gmt":"2022-07-05T10:03:12","slug":"sophie-schram","status":"publish","type":"page","link":"https:\/\/www.dfh-ufa.org\/fr\/vous-etes\/entreprises\/prix-dexcellence\/laureats-depuis-2005\/sophie-schram","title":{"rendered":"PEX 2012 : Sophie Schram"},"content":{"rendered":"<blockquote><p>La coop\u00e9ration territoriale dans un projet complexe \u00e0 multi-niveaux : le projet d&rsquo;am\u00e9nagement du territoire Belval.\u00a0\u00bb<\/p><\/blockquote>\n<p><strong><i>De nouvelles marges de man\u0153uvre pour les niveaux local et communal\u00a0? <\/i><\/strong><\/p>\n<p>&nbsp;<\/p>\n<p>&nbsp;<\/p>\n<p>Peut-on r\u00e9duire les disparit\u00e9s socio-\u00e9conomiques de part et d\u2019autre d\u2019une fronti\u00e8re en \u00e9tablissant un projet de coop\u00e9ration transfrontali\u00e8re\u00a0? \u00c0 l\u2019exemple du projet d\u2019am\u00e9nagement du territoire franco-luxembourgeois Belval, Sophie Schram examine le r\u00f4le que les acteurs locaux et communaux peuvent prendre dans ce processus. L\u2019importance de Belval s\u2019\u00e9l\u00e8ve bien au-del\u00e0 du seul projet. En effet, il d\u00e9montre le potentiel et la d\u00e9termination de deux membres fondateurs de l\u2019Union europ\u00e9enne de diminuer les effets n\u00e9gatifs de leur fronti\u00e8re nationale afin d\u2019\u00e9tablir une coop\u00e9ration proche du citoyen et en accord avec l\u2019objectif de coh\u00e9sion territoriale du trait\u00e9 de Lisbonne. L\u2019objectif de Belval est de r\u00e9duire les effets de fronti\u00e8re administratifs, culturels, politiques et \u00e9conomiques et de r\u00e9unir une population s\u00e9par\u00e9e par une fronti\u00e8re politique.<\/p>\n<p>&nbsp;<\/p>\n<p>\u00c2g\u00e9e de 24 ans, <strong>Sophie Schram<\/strong> est dipl\u00f4m\u00e9e d\u2019un \u00ab\u00a0Master of European Studies\u00a0\u00bb de l\u2019Universit\u00e9 Libre de Berlin et pr\u00e9pare actuellement un \u00ab\u00a0Master of Science European Studies (Research)\u00a0\u00bb \u00e0 la London School of Economics and Political Science. De 2008 \u00e0 2011, elle effectue des \u00e9tudes franco-allemandes en communication et coop\u00e9ration transfrontali\u00e8res \u00e0 l\u2019Universit\u00e9 de la Sarre et \u00e0 l\u2019Universit\u00e9 de Lorraine.<\/p>\n","protected":false},"excerpt":{"rendered":"<p>La coop\u00e9ration territoriale dans un projet complexe \u00e0 multi-niveaux : le projet d&rsquo;am\u00e9nagement du territoire Belval.\u00a0\u00bb De nouvelles marges de man\u0153uvre pour les niveaux local et communal\u00a0? &nbsp; &nbsp; Peut-on r\u00e9duire les disparit\u00e9s socio-\u00e9conomiques de part et d\u2019autre d\u2019une fronti\u00e8re en \u00e9tablissant un projet de coop\u00e9ration transfrontali\u00e8re\u00a0? \u00c0 l\u2019exemple du projet d\u2019am\u00e9nagement du territoire franco-luxembourgeois [&hellip;]<\/p>\n","protected":false},"author":6,"featured_media":0,"parent":87037,"menu_order":0,"comment_status":"closed","ping_status":"closed","template":"","meta":{"_bbp_topic_count":0,"_bbp_reply_count":0,"_bbp_total_topic_count":0,"_bbp_total_reply_count":0,"_bbp_voice_count":0,"_bbp_anonymous_reply_count":0,"_bbp_topic_count_hidden":0,"_bbp_reply_count_hidden":0,"_bbp_forum_subforum_count":0,"inline_featured_image":false},"acf":[],"_links":{"self":[{"href":"https:\/\/www.dfh-ufa.org\/fr\/wp-json\/wp\/v2\/pages\/5596"}],"collection":[{"href":"https:\/\/www.dfh-ufa.org\/fr\/wp-json\/wp\/v2\/pages"}],"about":[{"href":"https:\/\/www.dfh-ufa.org\/fr\/wp-json\/wp\/v2\/types\/page"}],"author":[{"embeddable":true,"href":"https:\/\/www.dfh-ufa.org\/fr\/wp-json\/wp\/v2\/users\/6"}],"replies":[{"embeddable":true,"href":"https:\/\/www.dfh-ufa.org\/fr\/wp-json\/wp\/v2\/comments?post=5596"}],"version-history":[{"count":2,"href":"https:\/\/www.dfh-ufa.org\/fr\/wp-json\/wp\/v2\/pages\/5596\/revisions"}],"predecessor-version":[{"id":1273065,"href":"https:\/\/www.dfh-ufa.org\/fr\/wp-json\/wp\/v2\/pages\/5596\/revisions\/1273065"}],"up":[{"embeddable":true,"href":"https:\/\/www.dfh-ufa.org\/fr\/wp-json\/wp\/v2\/pages\/87037"}],"wp:attachment":[{"href":"https:\/\/www.dfh-ufa.org\/fr\/wp-json\/wp\/v2\/media?parent=5596"}],"curies":[{"name":"wp","href":"https:\/\/api.w.org\/{rel}","templated":true}]}}