{"id":5598,"date":"2018-06-20T14:08:03","date_gmt":"2018-06-20T12:08:03","guid":{"rendered":"https:\/\/www.dfh-ufa.org\/fr\/charlene-cabot"},"modified":"2022-07-05T09:57:35","modified_gmt":"2022-07-05T07:57:35","slug":"charlene-cabot","status":"publish","type":"page","link":"https:\/\/www.dfh-ufa.org\/fr\/vous-etes\/entreprises\/prix-dexcellence\/laureats-depuis-2005\/charlene-cabot","title":{"rendered":"PEX 2011 : Charl\u00e8ne Cabot"},"content":{"rendered":"<p><strong>Un double cursus en capitales<\/strong><\/p>\n<p>&nbsp;<\/p>\n<p>Entre Paris et Berlin, Charl\u00e8ne Cabot a orient\u00e9 son cursus franco-allemand vers les politiques environnementales et de d\u00e9veloppement durable. Lors de son Bachelor \u00e0 la prestigieuse grande \u00e9cole de Sciences Po Paris, c\u2019est d\u2019abord vers l\u2019Australie qu\u2019elle se dirige. C\u2019est en effet \u00e0 Sydney qu\u2019elle effectue sa troisi\u00e8me ann\u00e9e d\u2019\u00e9tudes. \u00ab J\u2019ai beaucoup aim\u00e9 cette ann\u00e9e, se souvient-elle. Apr\u00e8s avoir perfectionn\u00e9 mon anglais, je pensais que ce serait bien de pouvoir faire de m\u00eame avec l\u2019allemand. J\u2019avais d\u00e9j\u00e0 connu Berlin en tant que touriste et j\u2019en avais beaucoup entendu parler \u00bb.<\/p>\n<p>Originaire de S\u00e8te, elle avait \u00e9galement d\u00e9j\u00e0 effectu\u00e9 plusieurs \u00e9changes avec la ville d\u2019Erfurt dans le cadre de projets culturels. Charl\u00e8ne s\u2019engage donc pour le double Master avec la Freie Universit\u00e4t de Berlin consacr\u00e9 aux relations internationales. \u00ab Pour mon Master 1, j\u2019avais l\u2019option d\u00e9veloppement durable. En arrivant en Master 2 \u00e0 Berlin, j\u2019ai voulu chercher les cours qui traitait des politiques environnementales et climatiques \u00bb. C\u2019est ainsi qu\u2019elle r\u00e9dige son m\u00e9moire de fin d\u2019\u00e9tudes \u2013 en anglais \u2013 sur les cons\u00e9quences du changement climatique sur la s\u00e9curit\u00e9 des populations, notamment en Afrique de l\u2019Ouest. Un travail et un cursus qui lui permettront d\u2019obtenir le Prix d\u2019excellence 2011 remis par l\u2019Universit\u00e9 franco-allemande.<\/p>\n<p>\u00ab J\u2019ai trouv\u00e9 tr\u00e8s int\u00e9ressant d\u2019\u00e9crire ce m\u00e9moire, raconte Charl\u00e8ne. Cela demande un travail tr\u00e8s pouss\u00e9 en peu de temps et il faut apprendre une nouvelle m\u00e9thodologie compliqu\u00e9e \u00bb. Son int\u00e9gration r\u00e9ussie dans la capitale allemande, Charl\u00e8ne l\u2019attribue entre autres \u00e0 sa partenaire de tandem. \u00ab Je me suis inscrite \u00e0 ce programme de Tandem. Ce n\u2019est pas un \u00e9change linguistique, mais cela permet d\u2019avoir quelqu\u2019un qui aide pour les d\u00e9marches administratives, etc. Elle m\u2019a beaucoup aid\u00e9e et tr\u00e8s bien int\u00e9gr\u00e9e \u00bb.\u00a0 Charl\u00e8ne se sent tellement bien \u00e0 Berlin qu\u2019elle a d\u00e9cid\u00e9 de prolonger quelque peu l\u2019aventure. \u00ab Je me suis dit que j\u2019\u00e9tais sur place, donc si je voulais avoir une exp\u00e9rience professionnelle en Allemagne, c\u2019\u00e9tait maintenant. Si je retourne entre-deux en France, ce sera plus dur de revenir ensuite en Allemagne \u00bb. Apr\u00e8s avoir effectu\u00e9 un stage \u00e0 \u00ab Agoodforgood \u00bb \u00e0 Paris pendant ses \u00e9tudes, elle va donc d\u00e9buter avant la fin de cette ann\u00e9e un stage au bureau de liaison berlinois du World Food Programme. Cela correspond donc \u00e0 sa volont\u00e9 d\u2019entamer une carri\u00e8re dans le d\u00e9veloppement. \u00ab A terme, cela pourrait \u00eatre int\u00e9ressant de travailler pour la GIZ, explique Charl\u00e8ne. Ils cherchent s\u00fbrement des francophones pour certains programmes en Afrique francophone \u00bb.<\/p>\n<p>&nbsp;<\/p>\n<p>&nbsp;<\/p>\n<p><a href=\"http:\/\/www.facebook.com\/media\/set\/?set=a.10150382185207513.348275.207332462512&amp;type=3\" target=\"_blank\" rel=\"noopener noreferrer\">\u00bb Voir les photos<\/a><\/p>\n<p><a href=\"http:\/\/de.calameo.com\/read\/0007059373dcd059b7b1d\" target=\"_blank\" rel=\"noopener noreferrer\">\u00bb Consulter le dossier de presse<\/a><\/p>\n","protected":false},"excerpt":{"rendered":"<p>Un double cursus en capitales &nbsp; Entre Paris et Berlin, Charl\u00e8ne Cabot a orient\u00e9 son cursus franco-allemand vers les politiques environnementales et de d\u00e9veloppement durable. Lors de son Bachelor \u00e0 la prestigieuse grande \u00e9cole de Sciences Po Paris, c\u2019est d\u2019abord vers l\u2019Australie qu\u2019elle se dirige. C\u2019est en effet \u00e0 Sydney qu\u2019elle effectue sa troisi\u00e8me ann\u00e9e [&hellip;]<\/p>\n","protected":false},"author":6,"featured_media":0,"parent":87037,"menu_order":0,"comment_status":"closed","ping_status":"closed","template":"","meta":{"_bbp_topic_count":0,"_bbp_reply_count":0,"_bbp_total_topic_count":0,"_bbp_total_reply_count":0,"_bbp_voice_count":0,"_bbp_anonymous_reply_count":0,"_bbp_topic_count_hidden":0,"_bbp_reply_count_hidden":0,"_bbp_forum_subforum_count":0,"inline_featured_image":false},"acf":[],"_links":{"self":[{"href":"https:\/\/www.dfh-ufa.org\/fr\/wp-json\/wp\/v2\/pages\/5598"}],"collection":[{"href":"https:\/\/www.dfh-ufa.org\/fr\/wp-json\/wp\/v2\/pages"}],"about":[{"href":"https:\/\/www.dfh-ufa.org\/fr\/wp-json\/wp\/v2\/types\/page"}],"author":[{"embeddable":true,"href":"https:\/\/www.dfh-ufa.org\/fr\/wp-json\/wp\/v2\/users\/6"}],"replies":[{"embeddable":true,"href":"https:\/\/www.dfh-ufa.org\/fr\/wp-json\/wp\/v2\/comments?post=5598"}],"version-history":[{"count":3,"href":"https:\/\/www.dfh-ufa.org\/fr\/wp-json\/wp\/v2\/pages\/5598\/revisions"}],"predecessor-version":[{"id":1273035,"href":"https:\/\/www.dfh-ufa.org\/fr\/wp-json\/wp\/v2\/pages\/5598\/revisions\/1273035"}],"up":[{"embeddable":true,"href":"https:\/\/www.dfh-ufa.org\/fr\/wp-json\/wp\/v2\/pages\/87037"}],"wp:attachment":[{"href":"https:\/\/www.dfh-ufa.org\/fr\/wp-json\/wp\/v2\/media?parent=5598"}],"curies":[{"name":"wp","href":"https:\/\/api.w.org\/{rel}","templated":true}]}}