{"id":5600,"date":"2018-06-20T14:08:14","date_gmt":"2018-06-20T12:08:14","guid":{"rendered":"https:\/\/www.dfh-ufa.org\/fr\/alexander-haussmann"},"modified":"2022-07-05T09:56:11","modified_gmt":"2022-07-05T07:56:11","slug":"alexander-haussmann","status":"publish","type":"page","link":"https:\/\/www.dfh-ufa.org\/fr\/vous-etes\/entreprises\/prix-dexcellence\/laureats-depuis-2005\/alexander-haussmann","title":{"rendered":"PEX 2011 : Alexander Haussmann"},"content":{"rendered":"<p><strong>Champagne avant le Shuttle<\/strong><\/p>\n<p>&nbsp;<\/p>\n<p>Apr\u00e8s Stuttgart, Reutlingen et Reims, c\u2019est d\u00e9sormais \u00e0 Coventry en Angleterre qu\u2019Alexander Haussmann a pos\u00e9 ses valises. Et il ne compte pas s\u2019arr\u00eater en si bon chemin. Son objectif est de pouvoir travailler rapidement dans une grande entreprise internationale.<\/p>\n<p>Originaire de la capitale du Bade-Wurtemberg, Alexander opte apr\u00e8s son bac pour la ESB Business School de Reutlingen et son cursus int\u00e9gr\u00e9 avec la Reims Management School. \u00ab Il y a \u00e9videmment des raisons person-nelles pour ce choix car mes deux parents sont professeurs de fran\u00e7ais et donc j\u2019avais d\u00e9j\u00e0 pass\u00e9 plusieurs va-cances en France. Mais surtout je voulais un cursus avec une bonne combinaison : du management et des langues \u00bb.<\/p>\n<p>Apr\u00e8s deux ans pass\u00e9s \u00e0 Reutlingen, il se dirige donc vers la Champagne. \u00ab Ce qui m\u2019a impressionn\u00e9, c\u2019est no-tamment la mani\u00e8re de travailler des Fran\u00e7ais. En travaillant \u00e0 la derni\u00e8re minute, ils arrivent finalement \u00e0 obtenir aussi un tr\u00e8s bon r\u00e9sultat \u00bb. Mais c\u2019est surtout le c\u00f4t\u00e9 international de sa promotion, avec les Fran\u00e7ais, les Alle-mands et une dizaine d\u2019autres nationalit\u00e9s, qui le marque : \u00ab C\u2019est une tr\u00e8s grande richesse, plus qu\u2019\u00e0 Reutlingen. J\u2019ai ador\u00e9 cette int\u00e9gration dans un milieu tr\u00e8s international. C\u2019est aussi l\u00e0 que j\u2019ai rencontr\u00e9 ma copine qui est Anglaise \u00bb.<\/p>\n<p>Pour son m\u00e9moire de fin d\u2019\u00e9tudes, il se consacre \u00e0 la \u00ab mal\u00e9diction des ressources \u00bb, la situation paradoxale, dans laquelle un pays qui a bas\u00e9 son d\u00e9veloppement sur ses abondantes ressources naturelles, montre des performances pi\u00e8tres quant \u00e0 son d\u00e9veloppement \u00e9conomique, politique et social. \u00ab J\u2019ai analys\u00e9 quatre pays en particulier \u00e0 c\u00f4t\u00e9 d\u2019une \u00e9tude plus quantitative et statistique d\u2019une trentaine d\u2019autres pays. La plus grande partie de la litt\u00e9rature \u00e9tait en anglais, mais c\u2019\u00e9tait un bon exercice d\u2019\u00e9crire ce m\u00e9moire en fran\u00e7ais \u00bb.<\/p>\n<p>Apr\u00e8s avoir obtenu brillamment son double dipl\u00f4me en Management International cet \u00e9t\u00e9, il se dirige tout naturel-lement vers l\u2019Angleterre et le Master en Business Analytics et Consulting de la Warwick Business School. \u00ab Outre les connaissances en anglais, le double cursus a s\u00fbrement \u00e9t\u00e9 important pour la candidature. Dans le consulting, il est important de pouvoir montrer qu\u2019on se d\u00e9brouille bien \u00e0 l\u2019\u00e9tranger \u00bb.<\/p>\n<p>Le consulting donc, voici l\u2019objectif qu\u2019Alexander s\u2019est donn\u00e9. Il a d\u00e9j\u00e0 effectu\u00e9 un premier stage de conseil d\u2019entreprises \u00e0 Munich, puis un second aupr\u00e8s de la fameuse marque Hugo Boss \u00e0 Stuttgart. Apr\u00e8s un nouveau stage comme analyste dans un bureau parisien, il se sent pr\u00eat pour le march\u00e9 mondial : \u00ab\u00a0 A court terme, j\u2019aimerais travailler dans un des grands cabinets de conseil \u00e0 Londres, apr\u00e8s probablement aux Etats-Unis. Et \u00e9ventuellement, pourquoi pas revenir en France ou en Allemagne \u00bb.<\/p>\n<p>&nbsp;<\/p>\n<p><a href=\"http:\/\/www.facebook.com\/media\/set\/?set=a.10150382185207513.348275.207332462512&amp;type=3\" target=\"_blank\" rel=\"noopener noreferrer\">\u00bb Voir les photos<\/a><\/p>\n<p><a href=\"http:\/\/de.calameo.com\/read\/0007059373dcd059b7b1d\" target=\"_blank\" rel=\"noopener noreferrer\">\u00bb Consulter le dossier de presse<\/a><\/p>\n","protected":false},"excerpt":{"rendered":"<p>Champagne avant le Shuttle &nbsp; Apr\u00e8s Stuttgart, Reutlingen et Reims, c\u2019est d\u00e9sormais \u00e0 Coventry en Angleterre qu\u2019Alexander Haussmann a pos\u00e9 ses valises. Et il ne compte pas s\u2019arr\u00eater en si bon chemin. Son objectif est de pouvoir travailler rapidement dans une grande entreprise internationale. Originaire de la capitale du Bade-Wurtemberg, Alexander opte apr\u00e8s son bac [&hellip;]<\/p>\n","protected":false},"author":6,"featured_media":0,"parent":87037,"menu_order":0,"comment_status":"closed","ping_status":"closed","template":"","meta":{"_bbp_topic_count":0,"_bbp_reply_count":0,"_bbp_total_topic_count":0,"_bbp_total_reply_count":0,"_bbp_voice_count":0,"_bbp_anonymous_reply_count":0,"_bbp_topic_count_hidden":0,"_bbp_reply_count_hidden":0,"_bbp_forum_subforum_count":0,"inline_featured_image":false},"acf":[],"_links":{"self":[{"href":"https:\/\/www.dfh-ufa.org\/fr\/wp-json\/wp\/v2\/pages\/5600"}],"collection":[{"href":"https:\/\/www.dfh-ufa.org\/fr\/wp-json\/wp\/v2\/pages"}],"about":[{"href":"https:\/\/www.dfh-ufa.org\/fr\/wp-json\/wp\/v2\/types\/page"}],"author":[{"embeddable":true,"href":"https:\/\/www.dfh-ufa.org\/fr\/wp-json\/wp\/v2\/users\/6"}],"replies":[{"embeddable":true,"href":"https:\/\/www.dfh-ufa.org\/fr\/wp-json\/wp\/v2\/comments?post=5600"}],"version-history":[{"count":4,"href":"https:\/\/www.dfh-ufa.org\/fr\/wp-json\/wp\/v2\/pages\/5600\/revisions"}],"predecessor-version":[{"id":1273032,"href":"https:\/\/www.dfh-ufa.org\/fr\/wp-json\/wp\/v2\/pages\/5600\/revisions\/1273032"}],"up":[{"embeddable":true,"href":"https:\/\/www.dfh-ufa.org\/fr\/wp-json\/wp\/v2\/pages\/87037"}],"wp:attachment":[{"href":"https:\/\/www.dfh-ufa.org\/fr\/wp-json\/wp\/v2\/media?parent=5600"}],"curies":[{"name":"wp","href":"https:\/\/api.w.org\/{rel}","templated":true}]}}