{"id":5601,"date":"2018-06-20T14:17:49","date_gmt":"2018-06-20T12:17:49","guid":{"rendered":"https:\/\/www.dfh-ufa.org\/fr\/mark-mudrak"},"modified":"2022-07-05T10:00:49","modified_gmt":"2022-07-05T08:00:49","slug":"mark-mudrak","status":"publish","type":"page","link":"https:\/\/www.dfh-ufa.org\/fr\/vous-etes\/entreprises\/prix-dexcellence\/laureats-depuis-2005\/mark-mudrak","title":{"rendered":"PEX 2011 : Mark Mudrak"},"content":{"rendered":"<p><strong>1,2,3 fois franco-allemand<br \/>\n<\/strong><\/p>\n<p>&nbsp;<\/p>\n<p>Marc Mudrak suit la voie toute trac\u00e9e du franco-allemand : Licence, Master, Doctorat et \u00e0 chaque fois dans une optique binationale. Originaire de la r\u00e9gion de Neu-Ulm, il passe la fronti\u00e8re du Bade-Wurtemberg pour d\u00e9buter ses \u00e9tudes \u00e0 l\u2019universit\u00e9 de T\u00fcbingen dans le cadre du fameux cursus franco-allemand en Histoire \u00ab T\u00fcbaix \u00bb avec l\u2019universit\u00e9 fran\u00e7aise d\u2019Aix-en-Provence.\u00a0 \u00ab A la fin de mon Bachelor, je voulais voir autre chose. Voir d\u2019autres villes, d\u2019autres environnements. Mais je voulais continuer \u00e0 \u00e9tudier en France, non seulement parce que je connais-sais la langue, mais parce que je suis un fan de la recherche fran\u00e7aise en Histoire \u00bb.<\/p>\n<p>Il int\u00e8gre donc un cursus de Master int\u00e9gr\u00e9 franco-allemand entre l\u2019universit\u00e9 de Heidelberg et l\u2019EHESS (Ecole des hautes \u00e9tudes en sciences sociales) \u00e0 Paris. \u00ab\u00a0 Pendant la premi\u00e8re ann\u00e9e, \u00e0 Heidelberg, nous avons pu nous sp\u00e9cialiser. Pour l\u2019ann\u00e9e suivante \u00e0 Paris, nous avons eu \u00e9galement beaucoup de libert\u00e9. Il y avait certes des s\u00e9minaires de recherche mais nous n\u2019\u00e9tions pas bombard\u00e9 de cours et nous avons pu nous consacrer \u00e0 notre propre recherche \u00bb. Marc appr\u00e9cie d\u2019ailleurs les conditions de travail dans l\u2019\u00e9tablissement parisien \u00ab A l\u2019EHESS, il y avait un professeur pour chaque sp\u00e9cialit\u00e9. Comme il y a moins d\u2019\u00e9tudiants qu\u2019\u00e0 Heidelberg, cela permet d\u2019\u00eatre tr\u00e8s bien encadr\u00e9 pour les travaux de recherche \u00bb. Marc r\u00e9dige donc en 2011 son m\u00e9moire en sciences sociales, mention histoire sur le th\u00e8me de \u00ab Des antiluth\u00e9riens aux \u00ab vieux croyants \u00bb. Construction et construits du camp catholique durant les premi\u00e8res ann\u00e9es de la R\u00e9forme en Allemagne \u00bb. Un travail qui lui permet d\u2019obtenir la note maximale en Allemagne (1,0) et une mention tr\u00e8s bien en France avec un 18,4\/20.<\/p>\n<p>Le parcours franco-allemand de Marc ne s\u2019arr\u00eate pas en si bon chemin puisqu\u2019il a d\u00e9but\u00e9 en juin une co-tutelle de th\u00e8se franco-allemande en Histoire toujours entre l\u2019universit\u00e9 de Heidelberg et l\u2019EHESS. \u00ab Le sujet reste la religion et les divisions de la soci\u00e9t\u00e9 mais la p\u00e9riode \u00e9tudi\u00e9e (1517-1540) a \u00e9t\u00e9 quelque peu modifi\u00e9e et j\u2019y ai ajout\u00e9 une comparaison avec la France\u00bb. Pour r\u00e9diger sa th\u00e8se, il a obtenu dans un premier temps une bourse d\u2019un an de l\u2019universit\u00e9 d\u2019Heidelberg dans le cadre de l\u2019Exzellenzinitiative des universit\u00e9s allemandes. Passionn\u00e9 par l\u2019Histoire, Marc est aussi int\u00e9ress\u00e9 par la politique. \u00ab Au tout d\u00e9but, quand je suis arriv\u00e9 \u00e0 Aix, c\u2019\u00e9tait pendant une des p\u00e9riodes de gr\u00e8ves \u00e9tudiantes. C\u2019est forc\u00e9ment impressionnant en tant qu\u2019Allemand. J\u2019ai l\u2019impression que les \u00e9tudiants fran\u00e7ais sont plus politis\u00e9s que nous \u00bb. Pour continuer \u00e0 suivre l\u2019actualit\u00e9, Marc a ainsi \u00e9galement effec-tu\u00e9 plusieurs stages dans des r\u00e9dactions comme le Stuttgarter Zeitung ou Der Tagesspiegel. \u00ab J\u2019aime bien pou-voir faire les deux, d\u2019abord de la recherche et un peu de journalisme \u00e0 c\u00f4t\u00e9 \u00bb.<\/p>\n<p>&nbsp;<\/p>\n<p>&nbsp;<\/p>\n<p><a href=\"http:\/\/www.facebook.com\/media\/set\/?set=a.10150382185207513.348275.207332462512&amp;type=3\" target=\"_blank\" rel=\"noopener noreferrer\">\u00bb Voir les photos<\/a><\/p>\n<p><a href=\"http:\/\/de.calameo.com\/read\/0007059373dcd059b7b1d\" target=\"_blank\" rel=\"noopener noreferrer\">\u00bb Consulter le dossier de presse<\/a><\/p>\n","protected":false},"excerpt":{"rendered":"<p>1,2,3 fois franco-allemand &nbsp; Marc Mudrak suit la voie toute trac\u00e9e du franco-allemand : Licence, Master, Doctorat et \u00e0 chaque fois dans une optique binationale. Originaire de la r\u00e9gion de Neu-Ulm, il passe la fronti\u00e8re du Bade-Wurtemberg pour d\u00e9buter ses \u00e9tudes \u00e0 l\u2019universit\u00e9 de T\u00fcbingen dans le cadre du fameux cursus franco-allemand en Histoire \u00ab [&hellip;]<\/p>\n","protected":false},"author":6,"featured_media":0,"parent":87037,"menu_order":0,"comment_status":"closed","ping_status":"closed","template":"","meta":{"_bbp_topic_count":0,"_bbp_reply_count":0,"_bbp_total_topic_count":0,"_bbp_total_reply_count":0,"_bbp_voice_count":0,"_bbp_anonymous_reply_count":0,"_bbp_topic_count_hidden":0,"_bbp_reply_count_hidden":0,"_bbp_forum_subforum_count":0,"inline_featured_image":false},"acf":[],"_links":{"self":[{"href":"https:\/\/www.dfh-ufa.org\/fr\/wp-json\/wp\/v2\/pages\/5601"}],"collection":[{"href":"https:\/\/www.dfh-ufa.org\/fr\/wp-json\/wp\/v2\/pages"}],"about":[{"href":"https:\/\/www.dfh-ufa.org\/fr\/wp-json\/wp\/v2\/types\/page"}],"author":[{"embeddable":true,"href":"https:\/\/www.dfh-ufa.org\/fr\/wp-json\/wp\/v2\/users\/6"}],"replies":[{"embeddable":true,"href":"https:\/\/www.dfh-ufa.org\/fr\/wp-json\/wp\/v2\/comments?post=5601"}],"version-history":[{"count":3,"href":"https:\/\/www.dfh-ufa.org\/fr\/wp-json\/wp\/v2\/pages\/5601\/revisions"}],"predecessor-version":[{"id":1273044,"href":"https:\/\/www.dfh-ufa.org\/fr\/wp-json\/wp\/v2\/pages\/5601\/revisions\/1273044"}],"up":[{"embeddable":true,"href":"https:\/\/www.dfh-ufa.org\/fr\/wp-json\/wp\/v2\/pages\/87037"}],"wp:attachment":[{"href":"https:\/\/www.dfh-ufa.org\/fr\/wp-json\/wp\/v2\/media?parent=5601"}],"curies":[{"name":"wp","href":"https:\/\/api.w.org\/{rel}","templated":true}]}}