{"id":5602,"date":"2018-06-20T14:08:11","date_gmt":"2018-06-20T12:08:11","guid":{"rendered":"https:\/\/www.dfh-ufa.org\/fr\/benedikt-philipp"},"modified":"2022-07-05T09:56:55","modified_gmt":"2022-07-05T07:56:55","slug":"benedikt-philipp","status":"publish","type":"page","link":"https:\/\/www.dfh-ufa.org\/fr\/vous-etes\/entreprises\/prix-dexcellence\/laureats-depuis-2005\/benedikt-philipp","title":{"rendered":"PEX 2011 : Benedikt Philipp"},"content":{"rendered":"<p><strong>Des Ponts entre deux rives<\/strong><\/p>\n<p>&nbsp;<\/p>\n<p>Benedikt Philipp, jeune ing\u00e9nieur allemand, a eu l\u2019occasion d\u2019arpenter les couloirs d\u2019une des plus prestigieuses \u00e9coles fran\u00e7aises, les fameux \u00ab Ponts et Chauss\u00e9es \u00bb, au cours de son cursus franco-allemand. \u00ab Avant de partir en France, il y avait une certaine incertitude, car \u00e9videmment, j\u2019avais beaucoup entendu parler des Grandes Ecoles \u00bb. Finalement, c\u2019est surtout la diff\u00e9rence entre les deux syst\u00e8mes d\u2019apprentissage qui restera un point marquant pour Benedikt Philipp. \u00ab En arrivant en France, les \u00e9tudiants allemands avaient d\u00e9j\u00e0 effectu\u00e9 quatre ans de sp\u00e9cialisation d\u2019ing\u00e9nieur. Les Fran\u00e7ais avaient eu auparavant une formation beaucoup plus interdisciplinaire. C\u2019\u00e9tait int\u00e9ressant de voir comment, avec des syst\u00e8mes compl\u00e8tement diff\u00e9rents, on arrive, au final, \u00e0 la m\u00eame formation \u00bb.<\/p>\n<p>Benedikt, qui vient en effet du Sud de la Bavi\u00e8re, a effectu\u00e9 la premi\u00e8re partie de ses \u00e9tudes \u00e0 la Technische Universit\u00e4t de Munich. Attir\u00e9 par la France, il a donc d\u00e9cid\u00e9 de participer \u00e0 ce double-cursus entre son universit\u00e9 et les Ponts et Chauss\u00e9es. \u00ab Il y avait beaucoup de choses diff\u00e9rentes, les cours, les examens, le syst\u00e8me de notation et les stages \u00e9galement \u00bb. Benedikt a ainsi effectu\u00e9 son dipl\u00f4me de fin d\u2019\u00e9tudes dans l\u2019entreprise Arcora \u00e0 Paris portant sur \u00ab L\u2019utilisation des composites dans les ouvrages de b\u00e2timent \u00bb. Une exp\u00e9rience internationale couronn\u00e9e de succ\u00e8s puisqu\u2019il obtient l\u2019excellente note de 18\/20 pour ce travail et rien de moins qu\u2019un 1,0 pour la soutenance en Allemagne. Des notes qui font de lui un des laur\u00e9ats du Prix d\u2019excellence 2011 de l\u2019Universit\u00e9 Franco-Allemande. \u00ab \u00c7a me fait plaisir car cela r\u00e9compense tout le travail effectu\u00e9 et cela pourrait me servir si je d\u00e9cide d\u2019aller travailler en France \u00bb.<\/p>\n<p>En attendant, Benedikt a repris le chemin de l\u2019universit\u00e9 puisqu\u2019il est d\u00e9sormais Wissenschaftlicher Assistent \u00e0 la TU de Munich. Sa formation binationale influence d\u2019ailleurs la pr\u00e9paration de ses cours. \u00ab J\u2019ai pu voir en France que les professeurs, notamment dans les cours de statique, commen\u00e7aient par donner des exemples concrets plus parlants que ce que l\u2019on fait en Allemagne. J\u2019essaye d\u2019int\u00e9grer ces \u00e9l\u00e9ments dans mes cours \u00bb. Le travail international continue \u00e9galement \u00e0 l\u2019int\u00e9resser puisqu\u2019il est \u00e9galement d\u00e9l\u00e9gu\u00e9 aux relations vers l\u2019\u00e9tranger de la chaire de son universit\u00e9.<\/p>\n<p>&nbsp;<\/p>\n<p><a href=\"http:\/\/www.facebook.com\/media\/set\/?set=a.10150382185207513.348275.207332462512&amp;type=3\" target=\"_blank\" rel=\"noopener noreferrer\">\u00bb Voir les photos<\/a><\/p>\n<p><a href=\"http:\/\/de.calameo.com\/read\/0007059373dcd059b7b1d\" target=\"_blank\" rel=\"noopener noreferrer\">\u00bb Consulter le dossier de presse<\/a><\/p>\n","protected":false},"excerpt":{"rendered":"<p>Des Ponts entre deux rives &nbsp; Benedikt Philipp, jeune ing\u00e9nieur allemand, a eu l\u2019occasion d\u2019arpenter les couloirs d\u2019une des plus prestigieuses \u00e9coles fran\u00e7aises, les fameux \u00ab Ponts et Chauss\u00e9es \u00bb, au cours de son cursus franco-allemand. \u00ab Avant de partir en France, il y avait une certaine incertitude, car \u00e9videmment, j\u2019avais beaucoup entendu parler des [&hellip;]<\/p>\n","protected":false},"author":6,"featured_media":0,"parent":87037,"menu_order":0,"comment_status":"closed","ping_status":"closed","template":"","meta":{"_bbp_topic_count":0,"_bbp_reply_count":0,"_bbp_total_topic_count":0,"_bbp_total_reply_count":0,"_bbp_voice_count":0,"_bbp_anonymous_reply_count":0,"_bbp_topic_count_hidden":0,"_bbp_reply_count_hidden":0,"_bbp_forum_subforum_count":0,"inline_featured_image":false},"acf":[],"_links":{"self":[{"href":"https:\/\/www.dfh-ufa.org\/fr\/wp-json\/wp\/v2\/pages\/5602"}],"collection":[{"href":"https:\/\/www.dfh-ufa.org\/fr\/wp-json\/wp\/v2\/pages"}],"about":[{"href":"https:\/\/www.dfh-ufa.org\/fr\/wp-json\/wp\/v2\/types\/page"}],"author":[{"embeddable":true,"href":"https:\/\/www.dfh-ufa.org\/fr\/wp-json\/wp\/v2\/users\/6"}],"replies":[{"embeddable":true,"href":"https:\/\/www.dfh-ufa.org\/fr\/wp-json\/wp\/v2\/comments?post=5602"}],"version-history":[{"count":4,"href":"https:\/\/www.dfh-ufa.org\/fr\/wp-json\/wp\/v2\/pages\/5602\/revisions"}],"predecessor-version":[{"id":1273033,"href":"https:\/\/www.dfh-ufa.org\/fr\/wp-json\/wp\/v2\/pages\/5602\/revisions\/1273033"}],"up":[{"embeddable":true,"href":"https:\/\/www.dfh-ufa.org\/fr\/wp-json\/wp\/v2\/pages\/87037"}],"wp:attachment":[{"href":"https:\/\/www.dfh-ufa.org\/fr\/wp-json\/wp\/v2\/media?parent=5602"}],"curies":[{"name":"wp","href":"https:\/\/api.w.org\/{rel}","templated":true}]}}