{"id":5604,"date":"2018-06-20T14:24:22","date_gmt":"2018-06-20T12:24:22","guid":{"rendered":"https:\/\/www.dfh-ufa.org\/fr\/julia-schell"},"modified":"2022-07-05T09:59:28","modified_gmt":"2022-07-05T07:59:28","slug":"julia-schell","status":"publish","type":"page","link":"https:\/\/www.dfh-ufa.org\/fr\/vous-etes\/entreprises\/prix-dexcellence\/laureats-depuis-2005\/julia-schell","title":{"rendered":"PEX 2011 : Julia Schell"},"content":{"rendered":"<div class=\"row content-row-main\">\n<section class=\"col-md-9\">\n<div class=\"main-content\">\n<div id=\"c20090\" class=\"csc-default\">\n<div class=\"csc-textpic csc-textpic-intext-right-nowrap\">\n<div class=\"row\">\n<div class=\"col-sm-9 col-sm-pull-3\">\n<p><strong>Les lumi\u00e8res auvergnates<\/strong><\/p>\n<p>&nbsp;<\/p>\n<p>Du haut de ses 22 ans, Julia Schell est la plus jeune des laur\u00e9ates du Prix d\u2019excellence 2011 de l\u2019universit\u00e9 franco-allemande. Une r\u00e9compense pour elle et pour le double cursus intitul\u00e9 \u00ab Etudes franco-allemandes \u00bb entre l\u2019universit\u00e9 bavaroise de Regensburg et l\u2019\u00e9tablissement Blaise Pascal de Clermont-Ferrand. Pour Julia, elle-m\u00eame d\u2019origine bavaroise, le franco-allemand est une longue histoire. \u00ab Depuis que j\u2019ai 13 ans, j\u2019ai une correspondante en France avec qui j\u2019ai nou\u00e9 une grande amiti\u00e9. Je suis tr\u00e8s souvent all\u00e9e la voir pr\u00e8s de Paris et pour passer mes vacances \u00e0 Barfleur \u00bb.<\/p>\n<p>Pour Julia, un cursus franco-allemand appara\u00eet donc comme une \u00e9vidence. Elle-m\u00eame originaire d\u2019Erlangen, elle se dirige vers la ville voisine de Regensburg. \u00ab Le cursus de Regensburg-Clermont semblait la meilleure solution pour moi, notamment parce qu\u2019il \u00e9tait interdisciplinaire \u00bb. M\u00eame si elle conna\u00eet tr\u00e8s bien la France, Julia est sur-prise par le syst\u00e8me universitaire fran\u00e7ais en arrivant en Auvergne : \u00ab Cela change beaucoup et il faut s\u2019y habituer, mais c\u2019est \u00e7a qui est int\u00e9ressant. Il y a beaucoup plus de mati\u00e8res en France et cela permet d\u2019apprendre de nouvelles m\u00e9thodes \u00bb. De son s\u00e9jour en terre auvergnate, elle est marqu\u00e9e par l\u2019accueil de ses camarades fran-\u00e7ais, par les sp\u00e9cialit\u00e9s culinaires et par le march\u00e9 de Noel ! \u00ab Je me souviens de toutes ces lumi\u00e8res tr\u00e8s colo-r\u00e9es. En Bavi\u00e8re, on conna\u00eet bien les march\u00e9s de Noel, mais c\u2019\u00e9tait une autre ambiance \u00bb.<\/p>\n<p>Lors de sa troisi\u00e8me ann\u00e9e, de retour en Bavi\u00e8re, elle \u00e9crit son m\u00e9moire de Licence sur un sujet tr\u00e8s actuel dans le monde de la publicit\u00e9 : l\u2019effet du pays d\u2019origine dans le marketing international. Une m\u00e9thode que les marques automobiles fran\u00e7aises et allemandes, par exemple, se plaisent \u00e0 utiliser. \u00ab Cela me permettait de faire un lien entre le marketing et la culture \u00bb. Ce lien continue pour la jeune \u00e9tudiante puisqu\u2019elle vient d\u00e9sormais d\u2019entamer un Master \u00e0 Hambourg intitul\u00e9 International Business Administration. \u00ab C\u2019est un programme d\u2019\u00e9tudes anglophones qui me permet donc de d\u00e9couvrir d\u2019autres cultures, d\u2019autres horizons. \u00bb Avec une quarantaine d\u2019\u00e9tudiants venus d\u2019une dizaine de pays, ce programme lui permet de tester ses qualit\u00e9s interculturelles apprises \u00e0 Clermont. \u00ab Cela aide lorsque nous faisons par exemples des projets d\u2019entreprises avec des Russes \u00bb.\u00a0 Ce programme de Master pr\u00e9voit un nouveau semestre \u00e0 l\u2019\u00e9tranger : \u00ab J\u2019aimerais en profiter pour d\u00e9couvrir d\u2019autres pays. Mais le franco-allemand fait partie de moi-m\u00eame, je vais y revenir \u00bb.<\/p>\n<p>&nbsp;<\/p>\n<p><a href=\"http:\/\/www.facebook.com\/media\/set\/?set=a.10150382185207513.348275.207332462512&amp;type=3\" target=\"_blank\" rel=\"noopener noreferrer\">\u00bb Voir les photos<\/a><\/p>\n<p><a href=\"http:\/\/de.calameo.com\/read\/0007059373dcd059b7b1d\" target=\"_blank\" rel=\"noopener noreferrer\">\u00bb Consulter le dossier de presse<\/a><\/p>\n<\/div>\n<\/div>\n<\/div>\n<\/div>\n<\/div>\n<\/section>\n<\/div>\n<div class=\"row hidden-print\">\n<div class=\"col-xs-12 col-md-9 col-md-push-3\">\n<div class=\"shariff-outer\">\n<div id=\"c30921\" class=\"csc-default\">\n<div class=\"shariff\" data-lang=\"fr\" data-mail-url=\"mailto:\" data-orientation=\"horizontal\" data-theme=\"standard\" data-services=\"[&quot;facebook&quot;,&quot;xing&quot;,&quot;linkedin&quot;,&quot;googleplus&quot;,&quot;twitter&quot;]\">\n<ul class=\"theme-standard orientation-horizontal col-5\">\n<li class=\"shariff-button facebook\"><\/li>\n<\/ul>\n<\/div>\n<\/div>\n<\/div>\n<\/div>\n<\/div>\n","protected":false},"excerpt":{"rendered":"<p>Les lumi\u00e8res auvergnates &nbsp; Du haut de ses 22 ans, Julia Schell est la plus jeune des laur\u00e9ates du Prix d\u2019excellence 2011 de l\u2019universit\u00e9 franco-allemande. Une r\u00e9compense pour elle et pour le double cursus intitul\u00e9 \u00ab Etudes franco-allemandes \u00bb entre l\u2019universit\u00e9 bavaroise de Regensburg et l\u2019\u00e9tablissement Blaise Pascal de Clermont-Ferrand. Pour Julia, elle-m\u00eame d\u2019origine bavaroise, [&hellip;]<\/p>\n","protected":false},"author":6,"featured_media":0,"parent":87037,"menu_order":0,"comment_status":"closed","ping_status":"closed","template":"","meta":{"_bbp_topic_count":0,"_bbp_reply_count":0,"_bbp_total_topic_count":0,"_bbp_total_reply_count":0,"_bbp_voice_count":0,"_bbp_anonymous_reply_count":0,"_bbp_topic_count_hidden":0,"_bbp_reply_count_hidden":0,"_bbp_forum_subforum_count":0,"inline_featured_image":false},"acf":[],"_links":{"self":[{"href":"https:\/\/www.dfh-ufa.org\/fr\/wp-json\/wp\/v2\/pages\/5604"}],"collection":[{"href":"https:\/\/www.dfh-ufa.org\/fr\/wp-json\/wp\/v2\/pages"}],"about":[{"href":"https:\/\/www.dfh-ufa.org\/fr\/wp-json\/wp\/v2\/types\/page"}],"author":[{"embeddable":true,"href":"https:\/\/www.dfh-ufa.org\/fr\/wp-json\/wp\/v2\/users\/6"}],"replies":[{"embeddable":true,"href":"https:\/\/www.dfh-ufa.org\/fr\/wp-json\/wp\/v2\/comments?post=5604"}],"version-history":[{"count":3,"href":"https:\/\/www.dfh-ufa.org\/fr\/wp-json\/wp\/v2\/pages\/5604\/revisions"}],"predecessor-version":[{"id":1273040,"href":"https:\/\/www.dfh-ufa.org\/fr\/wp-json\/wp\/v2\/pages\/5604\/revisions\/1273040"}],"up":[{"embeddable":true,"href":"https:\/\/www.dfh-ufa.org\/fr\/wp-json\/wp\/v2\/pages\/87037"}],"wp:attachment":[{"href":"https:\/\/www.dfh-ufa.org\/fr\/wp-json\/wp\/v2\/media?parent=5604"}],"curies":[{"name":"wp","href":"https:\/\/api.w.org\/{rel}","templated":true}]}}