{"id":5605,"date":"2018-06-20T14:19:43","date_gmt":"2018-06-20T12:19:43","guid":{"rendered":"https:\/\/www.dfh-ufa.org\/fr\/lea-schulte"},"modified":"2022-07-05T10:00:21","modified_gmt":"2022-07-05T08:00:21","slug":"lea-schulte","status":"publish","type":"page","link":"https:\/\/www.dfh-ufa.org\/fr\/vous-etes\/entreprises\/prix-dexcellence\/laureats-depuis-2005\/lea-schulte","title":{"rendered":"PEX 2011 : Lea Schulte"},"content":{"rendered":"<div class=\"row content-row-main\">\n<section class=\"col-md-9\">\n<div class=\"main-content\">\n<div id=\"c16573\" class=\"csc-default\">\n<div class=\"csc-textpic csc-textpic-intext-right-nowrap\">\n<div class=\"row\">\n<div class=\"col-sm-9 col-sm-pull-3\">\n<div class=\"csc-textpicHeader csc-textpicHeader-25\">\n<div class=\"csc-header csc-header-n1\">\n<h2 class=\"csc-firstHeader\">Lea Schulte<\/h2>\n<\/div>\n<\/div>\n<p>&nbsp;<\/p>\n<p><strong>Le d\u00e9veloppement, c&rsquo;est l&rsquo;avenir<\/strong><\/p>\n<p>&nbsp;<\/p>\n<p>Lea Schulte vient de terminer avec brio un Master franco-allemand de relations \u00e9conomiques internationales. Elle souhaite d\u00e9sormais mettre ses comp\u00e9tences au service de l\u2019aide au d\u00e9veloppement. Originaire de la r\u00e9gion de Dortmund, Lea s\u2019est tr\u00e8s vite orient\u00e9e vers la France en effectuant une ann\u00e9e comme jeune fille au pair \u00e0 Paris. \u00ab C\u2019est \u00e0 ce moment-l\u00e0 que je suis tomb\u00e9e amoureuse du pays \u00bb explique-t-elle.<br \/>\nAu cours de son Bachelor, consacr\u00e9 \u00e0 la culture et \u00e0 l\u2019\u00e9conomie, elle inclue une ann\u00e9e Erasmus \u00e0 Perpignan \u00e0 ses \u00e9tudes. \u00ab\u00a0 Pour le Master, j\u2019ai souhait\u00e9 choisir une combinaison avec l\u2019\u00e9conomie et o\u00f9 je pourrais \u00e9tudier de nouveau en France \u00bb.\u00a0 Elle s\u2019engage donc pour un double-cursus entre l\u2019universit\u00e9 de Freiburg et celle de Paris-Est Cr\u00e9teil. Apr\u00e8s sa premi\u00e8re ann\u00e9e en Bade-Wurtemberg, elle effectue un stage \u00e0 la Chambre de Commerce belgo-luxembourgeoise-allemande \u00e0 Bruxelles \u00e0 la direction des projets internationaux.<\/p>\n<p>Elle arrive donc \u00e0 Cr\u00e9teil en 2010 pour effectuer la deuxi\u00e8me ann\u00e9e de son Master orient\u00e9e vers le commerce international. \u00ab Au d\u00e9but, cela n\u2019a pas \u00e9t\u00e9 facile. Les emplois du temps \u00e9taient tr\u00e8s charg\u00e9s et nous avions m\u00eame cours le samedi. Par rapport \u00e0 ce que je connaissais en Allemagne, il y avait beaucoup de pr\u00e9sence \u00e0 l\u2019universit\u00e9, de pr\u00e9sentations et de travail en groupe \u00bb. Mais, c\u2019est surtout l\u2019ambiance internationale qui pla\u00eet \u00e0 Lea : \u00ab Quand j\u2019\u00e9tais en Erasmus, nous \u00e9tions un peu \u00e0 part. Cette fois, \u00e0 Cr\u00e9teil, les cinq Allemands de la promotion ont \u00e9t\u00e9 tr\u00e8s bien int\u00e9gr\u00e9s dans la classe. Les \u00e9tudiants avaient des origines tr\u00e8s diverses. Cela rendait l\u2019ambiance tr\u00e8s vivante, tr\u00e8s ouverte et tr\u00e8s tol\u00e9rante \u00bb. Pour elle, cette ann\u00e9e \u00e0 Cr\u00e9teil a \u00e9t\u00e9 \u00ab un enrichissement autant personnel qu\u2019universitaire \u00bb. Pour rester sur cette vis\u00e9e internationale, elle cl\u00f4t son Master par un m\u00e9moire de fin d\u2019\u00e9tudes consacr\u00e9 aux partenariats public-priv\u00e9 de l\u2019aide au d\u00e9veloppement allemande. Une prestation pour le moins convaincante puisqu\u2019elle obtient alors la note maximale allemande.<\/p>\n<p>C\u2019est d\u2019ailleurs ce domaine de l\u2019aide au d\u00e9veloppement qui l\u2019int\u00e9resserait aujourd\u2019hui pour son premier emploi. \u00ab Pour l\u2019instant, je cherche plut\u00f4t en Allemagne, mais revenir en France est \u00e9videmment une option \u00bb. Le prix d\u2019excellence 2011 de l\u2019Universit\u00e9 franco-allemande devrait apporter encore un peu plus de poids \u00e0 sa candidature.<\/p>\n<p>&nbsp;<\/p>\n<p><a href=\"http:\/\/www.facebook.com\/media\/set\/?set=a.10150382185207513.348275.207332462512&amp;type=3\" target=\"_blank\" rel=\"noopener noreferrer\">\u00bb Voir les photos<\/a><\/p>\n<p><a href=\"http:\/\/de.calameo.com\/read\/0007059373dcd059b7b1d\" target=\"_blank\" rel=\"noopener noreferrer\">\u00bb Consulter le dossier de presse<\/a><\/p>\n<\/div>\n<\/div>\n<\/div>\n<\/div>\n<\/div>\n<\/section>\n<\/div>\n","protected":false},"excerpt":{"rendered":"<p>Lea Schulte &nbsp; Le d\u00e9veloppement, c&rsquo;est l&rsquo;avenir &nbsp; Lea Schulte vient de terminer avec brio un Master franco-allemand de relations \u00e9conomiques internationales. Elle souhaite d\u00e9sormais mettre ses comp\u00e9tences au service de l\u2019aide au d\u00e9veloppement. Originaire de la r\u00e9gion de Dortmund, Lea s\u2019est tr\u00e8s vite orient\u00e9e vers la France en effectuant une ann\u00e9e comme jeune fille [&hellip;]<\/p>\n","protected":false},"author":6,"featured_media":0,"parent":87037,"menu_order":0,"comment_status":"closed","ping_status":"closed","template":"","meta":{"_bbp_topic_count":0,"_bbp_reply_count":0,"_bbp_total_topic_count":0,"_bbp_total_reply_count":0,"_bbp_voice_count":0,"_bbp_anonymous_reply_count":0,"_bbp_topic_count_hidden":0,"_bbp_reply_count_hidden":0,"_bbp_forum_subforum_count":0,"inline_featured_image":false},"acf":[],"_links":{"self":[{"href":"https:\/\/www.dfh-ufa.org\/fr\/wp-json\/wp\/v2\/pages\/5605"}],"collection":[{"href":"https:\/\/www.dfh-ufa.org\/fr\/wp-json\/wp\/v2\/pages"}],"about":[{"href":"https:\/\/www.dfh-ufa.org\/fr\/wp-json\/wp\/v2\/types\/page"}],"author":[{"embeddable":true,"href":"https:\/\/www.dfh-ufa.org\/fr\/wp-json\/wp\/v2\/users\/6"}],"replies":[{"embeddable":true,"href":"https:\/\/www.dfh-ufa.org\/fr\/wp-json\/wp\/v2\/comments?post=5605"}],"version-history":[{"count":3,"href":"https:\/\/www.dfh-ufa.org\/fr\/wp-json\/wp\/v2\/pages\/5605\/revisions"}],"predecessor-version":[{"id":1273043,"href":"https:\/\/www.dfh-ufa.org\/fr\/wp-json\/wp\/v2\/pages\/5605\/revisions\/1273043"}],"up":[{"embeddable":true,"href":"https:\/\/www.dfh-ufa.org\/fr\/wp-json\/wp\/v2\/pages\/87037"}],"wp:attachment":[{"href":"https:\/\/www.dfh-ufa.org\/fr\/wp-json\/wp\/v2\/media?parent=5605"}],"curies":[{"name":"wp","href":"https:\/\/api.w.org\/{rel}","templated":true}]}}