{"id":5606,"date":"2018-06-20T14:28:15","date_gmt":"2018-06-20T12:28:15","guid":{"rendered":"https:\/\/www.dfh-ufa.org\/fr\/florian-schulz"},"modified":"2022-07-05T09:58:12","modified_gmt":"2022-07-05T07:58:12","slug":"florian-schulz","status":"publish","type":"page","link":"https:\/\/www.dfh-ufa.org\/fr\/vous-etes\/entreprises\/prix-dexcellence\/laureats-depuis-2005\/florian-schulz","title":{"rendered":"PEX 2011 : Florian Schulz"},"content":{"rendered":"<p><strong>Droit devant<\/strong><\/p>\n<p>&nbsp;<\/p>\n<p>Florian Schulz, \u00e9tudiant \u00e0 l\u2019Universit\u00e9 Gutenberg de Mayence, est actuellement plong\u00e9 dans la pr\u00e9paration de son premier examen d\u2019Etat de droit. Lors de cette premi\u00e8re partie de son cursus, il a eu l\u2019occasion de c\u00f4toyer les futurs juristes fran\u00e7ais, lors d\u2019un Master 1 en droit \u00e9conomique international et communautaire \u00e0 l\u2019universit\u00e9 de Nantes.<\/p>\n<p>\u00ab J\u2019ai choisi ce cursus int\u00e9gr\u00e9 d\u00e8s le d\u00e9but de mes \u00e9tudes car j\u2019aimais bien la France. J\u2019\u00e9tais dans le comit\u00e9 de jumelage de ma ville, Dieburg, et nous avions d\u00e9j\u00e0 organis\u00e9 plusieurs \u00e9v\u00e8nements\u00a0 &#8211; carnaval, march\u00e9 de Noel &#8211; avec les Fran\u00e7ais. \u00bb A son arriv\u00e9e \u00e0 Nantes en 2009, Florian doit d\u2019abord faire face \u00e0 un nouvel appareil administratif : \u00ab Au d\u00e9but, c\u2019\u00e9tait compliqu\u00e9 avec toutes les d\u00e9marches administratives. Mais je me suis dit que cela devait \u00eatre la m\u00eame chose dans l\u2019autre sens aussi. Ce qui m\u2019a le plus \u00e9tonn\u00e9, c\u2019est le c\u00f4t\u00e9 tr\u00e8s scolaris\u00e9 de l\u2019emploi du temps et de l\u2019apprentissage. Le fait que le professeur dicte le cours, j\u2019ai trouv\u00e9 \u00e7a bizarre, mais finalement, c\u2019\u00e9tait un tr\u00e8s bon exercice pour moi pour apprendre \u00e0 prendre les notes en fran\u00e7ais. \u00bb<\/p>\n<p>Au niveau du contenu \u00e9galement, Florian sent la diff\u00e9rence entre les cours de droit en France et en Allemagne : \u00ab A Mayence, il s\u2019agit plut\u00f4t d\u2019\u00e9tudier des cas pratiques et de savoir comment interpr\u00e9ter les textes pour ces cas. En France, j\u2019ai appris plus de th\u00e9ories g\u00e9n\u00e9rales avec les grandes structures l\u00e9gislatives \u00bb. L\u2019ambiance \u00e0 l\u2019int\u00e9rieur de la promotion m\u2019a \u00e9galement marqu\u00e9 lors de son s\u00e9jour d\u2019un an pr\u00e8s de la c\u00f4te Atlantique : \u00ab L\u2019ambiance est plus sympa aupr\u00e8s des juristes fran\u00e7ais. Avec des cours o\u00f9 l\u2019on est parfois 20 ou 25, cela change des amphith\u00e9\u00e2tres remplis \u00bb.<\/p>\n<p>Si Florian a profit\u00e9 de son s\u00e9jour nantais pour effectuer un stage aupr\u00e8s d\u2019un cabinet d\u2019avocats, il a \u00e9galement profit\u00e9 de l\u2019offre extra-universitaire : \u00ab J\u2019adore Nantes et je pourrais passer ma vie l\u00e0-bas. J\u2019en ai profit\u00e9 sur place pour pouvoir faire beaucoup de sport aussi. J\u2019ai fait du triathlon en club et surtout j\u2019ai d\u00e9couvert la voile avec le sport universitaire. C\u2019\u00e9tait une tr\u00e8s bonne occasion de d\u00e9couvrir autre chose et cela m\u2019a tellement plus que j\u2019ai pass\u00e9 mon permis voile en revenant en Allemagne \u00bb. Des souvenirs marquants qui, entre autres, le motivent pour penser \u00e0 revenir en France : \u00ab J\u2019aimerais bien, mais cela d\u00e9pend un peu des notes de l\u2019examen. Il faut que je vois si je peux ensuite faire une partie de mes stages dans une entreprise franco-allemande \u00bb.<\/p>\n<p>En attendant, Florian est tout \u00e0 ses r\u00e9visions avec en point de mire une longue s\u00e9rie d\u2019examens en f\u00e9vrier 2012.<\/p>\n<p>&nbsp;<\/p>\n<p><a href=\"http:\/\/www.facebook.com\/media\/set\/?set=a.10150382185207513.348275.207332462512&amp;type=3\" target=\"_blank\" rel=\"noopener noreferrer\">\u00bb Voir les photos<\/a><\/p>\n<p><a href=\"http:\/\/de.calameo.com\/read\/0007059373dcd059b7b1d\" target=\"_blank\" rel=\"noopener noreferrer\">\u00bb Consulter le dossier de presse<\/a><\/p>\n","protected":false},"excerpt":{"rendered":"<p>Droit devant &nbsp; Florian Schulz, \u00e9tudiant \u00e0 l\u2019Universit\u00e9 Gutenberg de Mayence, est actuellement plong\u00e9 dans la pr\u00e9paration de son premier examen d\u2019Etat de droit. Lors de cette premi\u00e8re partie de son cursus, il a eu l\u2019occasion de c\u00f4toyer les futurs juristes fran\u00e7ais, lors d\u2019un Master 1 en droit \u00e9conomique international et communautaire \u00e0 l\u2019universit\u00e9 de [&hellip;]<\/p>\n","protected":false},"author":6,"featured_media":0,"parent":87037,"menu_order":0,"comment_status":"closed","ping_status":"closed","template":"","meta":{"_bbp_topic_count":0,"_bbp_reply_count":0,"_bbp_total_topic_count":0,"_bbp_total_reply_count":0,"_bbp_voice_count":0,"_bbp_anonymous_reply_count":0,"_bbp_topic_count_hidden":0,"_bbp_reply_count_hidden":0,"_bbp_forum_subforum_count":0,"inline_featured_image":false},"acf":[],"_links":{"self":[{"href":"https:\/\/www.dfh-ufa.org\/fr\/wp-json\/wp\/v2\/pages\/5606"}],"collection":[{"href":"https:\/\/www.dfh-ufa.org\/fr\/wp-json\/wp\/v2\/pages"}],"about":[{"href":"https:\/\/www.dfh-ufa.org\/fr\/wp-json\/wp\/v2\/types\/page"}],"author":[{"embeddable":true,"href":"https:\/\/www.dfh-ufa.org\/fr\/wp-json\/wp\/v2\/users\/6"}],"replies":[{"embeddable":true,"href":"https:\/\/www.dfh-ufa.org\/fr\/wp-json\/wp\/v2\/comments?post=5606"}],"version-history":[{"count":4,"href":"https:\/\/www.dfh-ufa.org\/fr\/wp-json\/wp\/v2\/pages\/5606\/revisions"}],"predecessor-version":[{"id":1273037,"href":"https:\/\/www.dfh-ufa.org\/fr\/wp-json\/wp\/v2\/pages\/5606\/revisions\/1273037"}],"up":[{"embeddable":true,"href":"https:\/\/www.dfh-ufa.org\/fr\/wp-json\/wp\/v2\/pages\/87037"}],"wp:attachment":[{"href":"https:\/\/www.dfh-ufa.org\/fr\/wp-json\/wp\/v2\/media?parent=5606"}],"curies":[{"name":"wp","href":"https:\/\/api.w.org\/{rel}","templated":true}]}}