{"id":5607,"date":"2018-06-20T14:27:51","date_gmt":"2018-06-20T12:27:51","guid":{"rendered":"https:\/\/www.dfh-ufa.org\/fr\/florian-wisser"},"modified":"2022-07-05T09:58:49","modified_gmt":"2022-07-05T07:58:49","slug":"florian-wisser","status":"publish","type":"page","link":"https:\/\/www.dfh-ufa.org\/fr\/vous-etes\/entreprises\/prix-dexcellence\/laureats-depuis-2005\/florian-wisser","title":{"rendered":"PEX 2011 : Florian Wisser"},"content":{"rendered":"<p><strong>Des atomes crochus avec la France<\/strong><\/p>\n<p>&nbsp;<\/p>\n<p>Florian Wisser a obtenu le prix d\u2019excellence 2011 de l\u2019Universit\u00e9 franco-allemande \u00e0 la suite de son double cursus de chimie entre l\u2019Universit\u00e4t des Saarlandes \u00e0 Sarrebruck et l\u2019ECPM (Ecole de Chimie, Polym\u00e8res et Mat\u00e9riaux) de Strasbourg. \u00ab J\u2019avais pris ma d\u00e9cision, avant de commencer les \u00e9tudes, de faire une partie de mon cursus universitaire en France, raconte-t-il. J\u2019aime bien la France et comme je viens de la Sarre, le fran\u00e7ais est incon-tournable l\u00e0-bas. Je pensais que c\u2019\u00e9tait une chance de pouvoir obtenir une formation dans les deux pays et d\u00e9couvrir d\u2019autres m\u00e9thodes. \u00bb Apr\u00e8s deux ann\u00e9es \u00e0 l\u2019universit\u00e9 de la Sarre au bout desquelles il a obtenu son Vordiplom, il a travers\u00e9 donc la fronti\u00e8re pour deux ans et suit les cours de l\u2019ECPM. Il a finalement effectu\u00e9 sa cinqui\u00e8me ann\u00e9e en Allemagne.<\/p>\n<p>De cette exp\u00e9rience binationale, il tire plusieurs le\u00e7ons : \u00ab\u00a0 Il existe des buts diff\u00e9rents dans les cursus des deux pays. En France, l\u2019objectif, c\u2019est de rentrer dans l\u2019industrie. En Allemagne, c\u2019est plus orient\u00e9 dans la recherche. Par cons\u00e9quent, les cours allemands sont plus th\u00e9oriques. En France, ce sont les fameux Travaux Pratiques, beaucoup plus appliqu\u00e9s. De plus, \u00e0 Strasbourg, on nous a appris entre autres \u00e0 r\u00e9diger un projet personnel, \u00e0 faire des pr\u00e9sentations, on a eu des cours de propri\u00e9t\u00e9 intellectuelle \/ brevets, etc.\u00bb La vie en entreprise est d\u2019ailleurs devenue tr\u00e8s concr\u00e8te avec deux stages effectu\u00e9s pendant ces deux ann\u00e9es pass\u00e9es dans la capitale alsacienne. \u00ab Le calendrier universitaire fran\u00e7ais laisse du temps pour faire des stages plus longs, c\u2019est un grand avantage dans le cursus \u00bb. Son premier stage s\u2019est d\u00e9roul\u00e9 au sein de l\u2019industrie Bayer, \u00e0 Krefeld. Le deuxi\u00e8me dans un laboratoire universitaire de l\u2019ETH (Eidgen\u00f6ssische Technische Hoschschule) \u00e0 Z\u00fcrich.<\/p>\n<p>Au d\u00e9but de son s\u00e9jour strasbourgeois, Florian a \u00e9t\u00e9 surpris par la vitesse \u00e0 laquelle s\u2019est form\u00e9 l\u2019esprit de groupe de sa promotion. \u00ab On a d\u00e9but\u00e9 par deux semaines d\u2019int\u00e9gration o\u00f9 on a pu passer du temps ensemble. Apr\u00e8s ces deux semaines, je connaissais presque tout le monde ! \u00bb. Il a m\u00eame particip\u00e9 \u00e0 l\u2019organisation de la rencontre \u00ab Forum Horizon Chimie \u00bb en 2009 qui fait le lien entre \u00e9coles ing\u00e9nieurs et entreprises. Apr\u00e8s voir rendu son m\u00e9moire de fin d\u2019\u00e9tudes consacr\u00e9 aux mat\u00e9riaux mixtes et obtenu brillamment son dipl\u00f4me de fin d\u2019\u00e9tudes, Florian continue sur la voie de la recherche. Il est d\u00e9sormais doctorant \u00e0 la Technische Universit\u00e4t de Dresde et s\u2019int\u00e9resse cette fois aux polym\u00e8res poreux.<\/p>\n<p>&nbsp;<\/p>\n<p><a href=\"http:\/\/www.facebook.com\/media\/set\/?set=a.10150382185207513.348275.207332462512&amp;type=3\" target=\"_blank\" rel=\"noopener noreferrer\">\u00bb Voir les photos<\/a><\/p>\n<p><a href=\"http:\/\/de.calameo.com\/read\/0007059373dcd059b7b1d\" target=\"_blank\" rel=\"noopener noreferrer\">\u00bb Consulter le dossier de presse<\/a><\/p>\n","protected":false},"excerpt":{"rendered":"<p>Des atomes crochus avec la France &nbsp; Florian Wisser a obtenu le prix d\u2019excellence 2011 de l\u2019Universit\u00e9 franco-allemande \u00e0 la suite de son double cursus de chimie entre l\u2019Universit\u00e4t des Saarlandes \u00e0 Sarrebruck et l\u2019ECPM (Ecole de Chimie, Polym\u00e8res et Mat\u00e9riaux) de Strasbourg. \u00ab J\u2019avais pris ma d\u00e9cision, avant de commencer les \u00e9tudes, de faire [&hellip;]<\/p>\n","protected":false},"author":6,"featured_media":0,"parent":87037,"menu_order":0,"comment_status":"closed","ping_status":"closed","template":"","meta":{"_bbp_topic_count":0,"_bbp_reply_count":0,"_bbp_total_topic_count":0,"_bbp_total_reply_count":0,"_bbp_voice_count":0,"_bbp_anonymous_reply_count":0,"_bbp_topic_count_hidden":0,"_bbp_reply_count_hidden":0,"_bbp_forum_subforum_count":0,"inline_featured_image":false},"acf":[],"_links":{"self":[{"href":"https:\/\/www.dfh-ufa.org\/fr\/wp-json\/wp\/v2\/pages\/5607"}],"collection":[{"href":"https:\/\/www.dfh-ufa.org\/fr\/wp-json\/wp\/v2\/pages"}],"about":[{"href":"https:\/\/www.dfh-ufa.org\/fr\/wp-json\/wp\/v2\/types\/page"}],"author":[{"embeddable":true,"href":"https:\/\/www.dfh-ufa.org\/fr\/wp-json\/wp\/v2\/users\/6"}],"replies":[{"embeddable":true,"href":"https:\/\/www.dfh-ufa.org\/fr\/wp-json\/wp\/v2\/comments?post=5607"}],"version-history":[{"count":4,"href":"https:\/\/www.dfh-ufa.org\/fr\/wp-json\/wp\/v2\/pages\/5607\/revisions"}],"predecessor-version":[{"id":1273039,"href":"https:\/\/www.dfh-ufa.org\/fr\/wp-json\/wp\/v2\/pages\/5607\/revisions\/1273039"}],"up":[{"embeddable":true,"href":"https:\/\/www.dfh-ufa.org\/fr\/wp-json\/wp\/v2\/pages\/87037"}],"wp:attachment":[{"href":"https:\/\/www.dfh-ufa.org\/fr\/wp-json\/wp\/v2\/media?parent=5607"}],"curies":[{"name":"wp","href":"https:\/\/api.w.org\/{rel}","templated":true}]}}