{"id":5608,"date":"2018-06-20T14:23:52","date_gmt":"2018-06-20T12:23:52","guid":{"rendered":"https:\/\/www.dfh-ufa.org\/fr\/katharina-wullner"},"modified":"2022-07-05T09:59:54","modified_gmt":"2022-07-05T07:59:54","slug":"katharina-wullner","status":"publish","type":"page","link":"https:\/\/www.dfh-ufa.org\/fr\/vous-etes\/entreprises\/prix-dexcellence\/laureats-depuis-2005\/katharina-wullner","title":{"rendered":"PEX 2011 : Katharina W\u00fcllner"},"content":{"rendered":"<div class=\"row content-row-main\">\n<section class=\"col-md-9\">\n<div class=\"main-content\">\n<div id=\"c16565\" class=\"csc-default\">\n<div class=\"csc-textpic csc-textpic-intext-right-nowrap\">\n<div class=\"row\">\n<div class=\"col-sm-9 col-sm-pull-3\">\n<p><strong>Franchir les fronti\u00e8res<\/strong><\/p>\n<p>&nbsp;<\/p>\n<p>Katharina W\u00fcllner conna\u00eet d\u00e9j\u00e0 bien la ville de Strasbourg puisque c\u2019est l\u00e0 qu\u2019elle a effectu\u00e9 la deuxi\u00e8me ann\u00e9e de son Master franco-allemand en marketing. La premi\u00e8re partie s\u2019est d\u00e9roul\u00e9e \u00e9galement non loin de la fronti\u00e8re puisque son cursus a d\u00e9but\u00e9 \u00e0 l\u2019universit\u00e9 de T\u00fcbingen. Apr\u00e8s un Bachelor en Business Administration and Economics obtenu dans une autre ville-fronti\u00e8re, Passau, Katharina s\u2019engage en effet dans cette voie binationale \u00ab pour rafra\u00eechir son fran\u00e7ais \u00bb. Et aussi pour conna\u00eetre le c\u00f4t\u00e9 plus pratique du management : \u00ab En Allemagne, on apprend beaucoup de mod\u00e8les, de th\u00e9ories et c\u2019est tr\u00e8s bas\u00e9 sur des calculs. En France, il y a ce c\u00f4t\u00e9 plus pratique avec par exemple des cours des n\u00e9gociations. Ce n\u2019est pas facile de n\u00e9gocier dans une langue \u00e9trang\u00e8re, mais j\u2019ai beaucoup appris pendant ces exercices. \u00bb<\/p>\n<p>Originaire de la r\u00e9gion de Dortmund, Katharina n\u2019a pas seulement eu l\u2019occasion de visiter l\u2019Argentine pendant son Bachelor mais aussi la France. \u00ab J\u2019avais effectu\u00e9 un premier stage pr\u00e8s de Bordeaux dans une entreprise de vente de cr\u00e8mes glac\u00e9es. J\u2019avais travaill\u00e9 dans le service de management industriel \u00bb. Arriv\u00e9e en 2009 \u00e0 l\u2019Ecole de Management de Strasbourg, elle s\u2019int\u00e8gre tr\u00e8s vite \u00e0\u00a0 la vie de sa promotion : \u00ab Il y a souvent le pr\u00e9jug\u00e9 que les Fran\u00e7ais ne veulent pas parler d\u2019autres langues. Mais l\u00e0, tout le monde a essay\u00e9 de parler quelques mots d\u2019allemand avec moi \u00bb. Elle peut \u00e9galement b\u00e9n\u00e9ficier des avantages de la vie pr\u00e8s de la fronti\u00e8re : \u00ab C\u2019est bien connu, quand on est \u00e0 Strasbourg, on peut faire une partie de ses courses de l\u2019autre c\u00f4t\u00e9 de la fronti\u00e8re et profiter des avantages des deux pays ! \u00bb.<\/p>\n<p>Elle r\u00e9dige dans la capitale alsacienne son m\u00e9moire de fin d\u2019\u00e9tudes sur \u00ab L\u2019influence de l\u2019\u00e9thique des entreprises sur les intentions et d\u00e9cisions d\u2019achat des consommateurs \u00bb. Quelques boissons ou marques de v\u00eatements sont donc pass\u00e9es au crible. Un cursus et un travail couronn\u00e9s de succ\u00e8s puisque Katharina termine major de sa promotion. \u00ab Cela m\u2019a tellement fait plaisir d\u2019\u00e9crire ce m\u00e9moire que je me suis dit que j\u2019allais continuer dans la recherche \u00bb.<\/p>\n<p>C\u2019est ainsi que Katharina est actuellement en train de r\u00e9diger sa th\u00e8se sur un autre aspect du comportement des consommateurs : la perception des prix. Elle est en effet depuis 2010 assistante scientifique \u00e0 la chaire de marketing intelligence de l\u2019universit\u00e9 d\u2019Erlangen-Nuremberg. Elle garde toujours quelques contacts avec la France \u00ab et le fran\u00e7ais peut beaucoup servir pour travailler dans le marketing international \u00bb.<\/p>\n<p><a href=\"http:\/\/www.facebook.com\/media\/set\/?set=a.10150382185207513.348275.207332462512&amp;type=3\" target=\"_blank\" rel=\"noopener noreferrer\">\u00bb Voir les photos<\/a><\/p>\n<p><a href=\"http:\/\/de.calameo.com\/read\/0007059373dcd059b7b1d\" target=\"_blank\" rel=\"noopener noreferrer\">\u00bb Consulter le dossier de presse<\/a><\/p>\n<\/div>\n<\/div>\n<\/div>\n<\/div>\n<\/div>\n<\/section>\n<\/div>\n","protected":false},"excerpt":{"rendered":"<p>Franchir les fronti\u00e8res &nbsp; Katharina W\u00fcllner conna\u00eet d\u00e9j\u00e0 bien la ville de Strasbourg puisque c\u2019est l\u00e0 qu\u2019elle a effectu\u00e9 la deuxi\u00e8me ann\u00e9e de son Master franco-allemand en marketing. La premi\u00e8re partie s\u2019est d\u00e9roul\u00e9e \u00e9galement non loin de la fronti\u00e8re puisque son cursus a d\u00e9but\u00e9 \u00e0 l\u2019universit\u00e9 de T\u00fcbingen. Apr\u00e8s un Bachelor en Business Administration and [&hellip;]<\/p>\n","protected":false},"author":6,"featured_media":0,"parent":87037,"menu_order":0,"comment_status":"closed","ping_status":"closed","template":"","meta":{"_bbp_topic_count":0,"_bbp_reply_count":0,"_bbp_total_topic_count":0,"_bbp_total_reply_count":0,"_bbp_voice_count":0,"_bbp_anonymous_reply_count":0,"_bbp_topic_count_hidden":0,"_bbp_reply_count_hidden":0,"_bbp_forum_subforum_count":0,"inline_featured_image":false},"acf":[],"_links":{"self":[{"href":"https:\/\/www.dfh-ufa.org\/fr\/wp-json\/wp\/v2\/pages\/5608"}],"collection":[{"href":"https:\/\/www.dfh-ufa.org\/fr\/wp-json\/wp\/v2\/pages"}],"about":[{"href":"https:\/\/www.dfh-ufa.org\/fr\/wp-json\/wp\/v2\/types\/page"}],"author":[{"embeddable":true,"href":"https:\/\/www.dfh-ufa.org\/fr\/wp-json\/wp\/v2\/users\/6"}],"replies":[{"embeddable":true,"href":"https:\/\/www.dfh-ufa.org\/fr\/wp-json\/wp\/v2\/comments?post=5608"}],"version-history":[{"count":4,"href":"https:\/\/www.dfh-ufa.org\/fr\/wp-json\/wp\/v2\/pages\/5608\/revisions"}],"predecessor-version":[{"id":1273042,"href":"https:\/\/www.dfh-ufa.org\/fr\/wp-json\/wp\/v2\/pages\/5608\/revisions\/1273042"}],"up":[{"embeddable":true,"href":"https:\/\/www.dfh-ufa.org\/fr\/wp-json\/wp\/v2\/pages\/87037"}],"wp:attachment":[{"href":"https:\/\/www.dfh-ufa.org\/fr\/wp-json\/wp\/v2\/media?parent=5608"}],"curies":[{"name":"wp","href":"https:\/\/api.w.org\/{rel}","templated":true}]}}