{"id":5609,"date":"2018-06-20T14:07:05","date_gmt":"2018-06-20T12:07:05","guid":{"rendered":"https:\/\/www.dfh-ufa.org\/fr\/nadege-adoneth"},"modified":"2022-07-05T09:52:30","modified_gmt":"2022-07-05T07:52:30","slug":"nadege-adoneth","status":"publish","type":"page","link":"https:\/\/www.dfh-ufa.org\/fr\/vous-etes\/entreprises\/prix-dexcellence\/laureats-depuis-2005\/nadege-adoneth","title":{"rendered":"PEX 2010 : Nad\u00e8ge Adoneth"},"content":{"rendered":"<div class=\"col-sm-9 col-sm-pull-3\">\n<div class=\"csc-textpicHeader csc-textpicHeader-25\">\n<div class=\"csc-header csc-header-n1\">\n<p class=\"csc-firstHeader\"><strong>Apprendre sur les autres, c\u2019est apprendre sur soi-m\u00eame<\/strong><\/p>\n<\/div>\n<\/div>\n<p>&nbsp;<\/p>\n<p>Si on lui avait dit, quand elle \u00e9tait encore \u00e9tudiante en double dipl\u00f4me \u00e0 l\u2019\u00e9cole de commerce ESSEC (Paris) et \u00e0 l\u2019Universit\u00e9 de Mannheim, qu\u2019elle recevrait le Prix d\u2019excellence pour son m\u00e9moire de fin d\u2019\u00e9tude, Nad\u00e8ge Adoneth n\u2019y aurait pas cru. Pendant les vingt mois qu\u2019elle a pass\u00e9s au Bade-Wurtemberg, cette jeune fille de 25 ans n\u2019a pourtant pas m\u00e9nag\u00e9 sa peine pour comprendre les enjeux des diff\u00e9rences interculturelles.<\/p>\n<p>&nbsp;<\/p>\n<p>Int\u00e9ress\u00e9e depuis longtemps par les collectivit\u00e9s territoriales et le management du secteur public, elle trouve un sujet\u00a0qui lui correspond parfaitement\u00a0: \u2018la responsabilit\u00e9 \u00e9thique, sociale et environnementale dans l\u2019administration communale\u2019. \u00ab\u00a0<i>Avec ce m\u00e9moire, je voulais faire quelque chose de pratique, aller sur le terrain<\/i>, explique la jeune laur\u00e9ate. <i>Mais faire une comparaison France-Allemagne sur les communes n\u2019est pas facile. Le mot \u2018commune\u2019 ne recouvre pas la m\u00eame r\u00e9alit\u00e9 ici et l\u00e0-bas. Comment comparer deux syst\u00e8mes administratifs si diff\u00e9rents\u00a0?<\/i>\u00a0\u00bb Un sujet vaste et compliqu\u00e9, mais joliment r\u00e9compens\u00e9, lors du Forum Franco-Allemand 2010, par le Prix d\u2019excellence sponsoris\u00e9 par la soci\u00e9t\u00e9 SAP France.<\/p>\n<p>&nbsp;<\/p>\n<p>Au fil de ses rencontres avec les \u00e9lus des deux c\u00f4t\u00e9s du Rhin, Nad\u00e8ge a su en effet entrer dans le d\u00e9tail de deux cultures politiques fondamentalement diff\u00e9rentes. \u00ab\u00a0<i>Sur le sujet de la responsabilit\u00e9, les communes allemandes sont clairement en avance et s\u2019appuient beaucoup sur la participation des citoyens. C\u2019est bien moins vrai en France<\/i> \u00bb, r\u00e9sume-t-elle.<\/p>\n<p>&nbsp;<\/p>\n<p>Alsacienne d\u2019origine, Nad\u00e8ge Adoneth vit d\u00e9sormais \u00e0 Lyon mais n\u2019exclut pas de retourner en Allemagne. \u00ab\u00a0<i>Ce qui me manque, ce sont mes amis de l\u00e0-bas, la qualit\u00e9 de l\u2019accueil<\/i> \u00bb, dit-elle. Elle se souvient de son arriv\u00e9e \u00e0 Mannheim. De l\u2019association Visum, qui lui avait fait rencontrer de nombreux \u00e9tudiants allemands. De son job d\u2019\u00e9tudiante \u00e0 l\u2019universit\u00e9, qui lui a permis de voir de l&rsquo;int\u00e9rieur comment fonctionne un autre syst\u00e8me universitaire. \u00ab\u00a0<i>Et puis<\/i>, glisse-t-elle, <i>en apprenant une autre culture, on apprend aussi beaucoup sur soi-m\u00eame.<\/i>\u00a0\u00bb\u00a0 Autant d\u2019arguments pour encourager les futures promotions de l\u2019ESSEC \u00e0 suivre cette voie.<\/p>\n<p>&nbsp;<\/p>\n<p>&nbsp;<\/p>\n<p><a href=\"https:\/\/www.dfh-ufa.org\/aktuelles\/pressemitteilungen\/pressemeldung\/news\/verleihung-der-exzellenzpreise-2010-der-deutsch-franzoesischen-hochschule\/\" target=\"_blank\" rel=\"noopener noreferrer\">\u00bb Lire le communiqu\u00e9 de presse<\/a><\/p>\n<p><a href=\"http:\/\/www.facebook.com\/album.php?aid=253250&amp;id=207332462512&amp;fbid=477416547512&amp;ref=mf\" target=\"_blank\" rel=\"noopener noreferrer\">\u00bb Voir les photos<\/a><\/p>\n<p><a href=\"https:\/\/www.dfh-ufa.org\/uploads\/media\/ufa_2010-12-06_dossier_de_presse_prix_d__excellence_2010_01.pdf\">\u00bb Consulter le dossier de presse<\/a><\/p>\n<\/div>\n","protected":false},"excerpt":{"rendered":"<p>Apprendre sur les autres, c\u2019est apprendre sur soi-m\u00eame &nbsp; Si on lui avait dit, quand elle \u00e9tait encore \u00e9tudiante en double dipl\u00f4me \u00e0 l\u2019\u00e9cole de commerce ESSEC (Paris) et \u00e0 l\u2019Universit\u00e9 de Mannheim, qu\u2019elle recevrait le Prix d\u2019excellence pour son m\u00e9moire de fin d\u2019\u00e9tude, Nad\u00e8ge Adoneth n\u2019y aurait pas cru. Pendant les vingt mois qu\u2019elle [&hellip;]<\/p>\n","protected":false},"author":6,"featured_media":0,"parent":87037,"menu_order":0,"comment_status":"closed","ping_status":"closed","template":"","meta":{"_bbp_topic_count":0,"_bbp_reply_count":0,"_bbp_total_topic_count":0,"_bbp_total_reply_count":0,"_bbp_voice_count":0,"_bbp_anonymous_reply_count":0,"_bbp_topic_count_hidden":0,"_bbp_reply_count_hidden":0,"_bbp_forum_subforum_count":0,"inline_featured_image":false},"acf":[],"_links":{"self":[{"href":"https:\/\/www.dfh-ufa.org\/fr\/wp-json\/wp\/v2\/pages\/5609"}],"collection":[{"href":"https:\/\/www.dfh-ufa.org\/fr\/wp-json\/wp\/v2\/pages"}],"about":[{"href":"https:\/\/www.dfh-ufa.org\/fr\/wp-json\/wp\/v2\/types\/page"}],"author":[{"embeddable":true,"href":"https:\/\/www.dfh-ufa.org\/fr\/wp-json\/wp\/v2\/users\/6"}],"replies":[{"embeddable":true,"href":"https:\/\/www.dfh-ufa.org\/fr\/wp-json\/wp\/v2\/comments?post=5609"}],"version-history":[{"count":3,"href":"https:\/\/www.dfh-ufa.org\/fr\/wp-json\/wp\/v2\/pages\/5609\/revisions"}],"predecessor-version":[{"id":1273029,"href":"https:\/\/www.dfh-ufa.org\/fr\/wp-json\/wp\/v2\/pages\/5609\/revisions\/1273029"}],"up":[{"embeddable":true,"href":"https:\/\/www.dfh-ufa.org\/fr\/wp-json\/wp\/v2\/pages\/87037"}],"wp:attachment":[{"href":"https:\/\/www.dfh-ufa.org\/fr\/wp-json\/wp\/v2\/media?parent=5609"}],"curies":[{"name":"wp","href":"https:\/\/api.w.org\/{rel}","templated":true}]}}